{"id":17679,"date":"2025-03-01T11:00:44","date_gmt":"2025-03-01T03:00:44","guid":{"rendered":"https:\/\/www.luleey.com\/?post_type=product&#038;p=17679"},"modified":"2025-03-20T14:14:33","modified_gmt":"2025-03-20T06:14:33","slug":"sc-apc-rack-mount-splitter-1x8-1x16-1x32-1x64-fiber-optic-splitter","status":"publish","type":"product","link":"https:\/\/www.luleey.com\/de\/produkt-2\/sc-apc-rack-mount-splitter-1x8-1x16-1x32-1x64-fiber-optic-splitter\/","title":{"rendered":"SC APC Rack Mount Splitter, 1\u00d78 1\u00d716 1\u00d732 1\u00d764 Glasfasersplitter"},"content":{"rendered":"<h3>Eigenschaften<\/h3>\n<ol>\n<li>High-Density SC APC Rack Mount Splitter - 1U \/2U Rack Design unterst\u00fctzt bis zu 2-64 Ports f\u00fcr platzsparende Glasfaserverteilung.<\/li>\n<li>Breite Wellenl\u00e4ngenkompatibilit\u00e4t - Funktioniert mit 1260nm~1650nm f\u00fcr GPON, XGS-PON, Sicherheits\u00fcberwachung, Fiber to the Home und CATV-Anwendungen.<\/li>\n<li><strong>Ultra-niedrige Einf\u00fcgungsd\u00e4mpfung<\/strong> - gew\u00e4hrleistet maximale Signalintegrit\u00e4t f\u00fcr Langstreckennetze.<\/li>\n<li>Plug-and-Play-Installation - Vorinstallierte SC APC-Stecker f\u00fcr eine schnelle Bereitstellung in Rechenzentren oder FTTH-Netzwerken.<\/li>\n<\/ol>\n<h3>Spezifikation<\/h3>\n<table style=\"width: 40.3273%; height: 192px;\">\n<tbody>\n<tr style=\"height: 24px;\">\n<td style=\"height: 24px; width: 51.0471%;\"><strong>Produktname<\/strong><\/td>\n<td style=\"height: 24px; width: 85.7094%;\">SC APC Rack Mount Splitter<\/td>\n<\/tr>\n<tr style=\"height: 24px;\">\n<td style=\"height: 24px; width: 51.0471%;\"><strong>Marke<\/strong><\/td>\n<td style=\"height: 24px; width: 85.7094%;\">LuLeey<\/td>\n<\/tr>\n<tr style=\"height: 24px;\">\n<td style=\"height: 24px; width: 51.0471%;\"><strong>Teilungsverh\u00e4ltnis<\/strong><\/td>\n<td style=\"height: 24px; width: 85.7094%;\">1\u00d72 1\u00d74 1\u00d78 1\u00d716 1\u00d732 1\u00d764<\/td>\n<\/tr>\n<tr style=\"height: 24px;\">\n<td style=\"height: 24px; width: 51.0471%;\"><strong>Einf\u00fcged\u00e4mpfung<\/strong><\/td>\n<td style=\"height: 24px; width: 85.7094%;\">\u22640,9dB (typisch)<\/td>\n<\/tr>\n<tr style=\"height: 24px;\">\n<td style=\"height: 24px; width: 51.0471%;\"><strong>Wellenl\u00e4ngenbereich<\/strong><\/td>\n<td style=\"height: 24px; width: 85.7094%;\">1260nm~1650nm<\/td>\n<\/tr>\n<tr>\n<td style=\"width: 51.0471%;\"><strong>Verlust einf\u00fcgen<\/strong><\/td>\n<td style=\"width: 85.7094%;\">\u22640,3dB<\/td>\n<\/tr>\n<tr>\n<td style=\"width: 51.0471%;\"><strong>R\u00fcckflussd\u00e4mpfung<\/strong><\/td>\n<td style=\"width: 85.7094%;\">\u226550dB<\/td>\n<\/tr>\n<tr style=\"height: 24px;\">\n<td style=\"height: 24px; width: 51.0471%;\"><strong>Stecker Typ<\/strong><\/td>\n<td style=\"height: 24px; width: 85.7094%;\">SC APC (gewinkeltes Polnisch)<\/td>\n<\/tr>\n<tr>\n<td style=\"width: 51.0471%;\">Betriebstemperatur<strong><br \/>\n<\/strong><\/td>\n<td style=\"width: 85.7094%;\">-40 ~ 80\u2103<\/td>\n<\/tr>\n<tr>\n<td style=\"width: 51.0471%;\"><strong>Gr\u00f6\u00dfe<\/strong><\/td>\n<td style=\"width: 85.7094%;\">430*200*43mm<\/p>\n<p>430*200*85mm(1 x 64)<\/td>\n<\/tr>\n<tr>\n<td style=\"width: 51.0471%;\">Materialien<strong><br \/>\n<\/strong><\/td>\n<td style=\"width: 85.7094%;\">1,0 mm kaltgewalztes Stahlblech<\/td>\n<\/tr>\n<tr style=\"height: 24px;\">\n<td style=\"height: 24px; width: 51.0471%;\"><strong>H\u00f6he des Gestells<\/strong><\/td>\n<td style=\"height: 24px; width: 85.7094%;\">1U \/ 2U(1 x 64)<\/td>\n<\/tr>\n<tr style=\"height: 24px;\">\n<td style=\"height: 24px; width: 51.0471%;\"><strong>Herkunft<\/strong><\/td>\n<td style=\"height: 24px; width: 85.7094%;\">Festland China<\/td>\n<\/tr>\n<\/tbody>\n<\/table>","protected":false},"excerpt":{"rendered":"<ul>\n<li><strong>Platzsparendes Design<\/strong>\u00a0- SC APC Rack Mount Splitter 1U\/2U Rack-Montage f\u00fcr High-Density-Glasfaserverteilung.<\/li>\n<li class=\"a-spacing-mini\"><span class=\"a-list-item\"><strong>Dicke der Platte 1,0 mm<\/strong>- verdicktes und verst\u00e4rktes kaltgewalztes Blech, robust und stabilKorrosionsbest\u00e4ndige Beschichtung, lange Lebensdauer.<\/span><\/li>\n<\/ul>","protected":false},"featured_media":17672,"comment_status":"open","ping_status":"closed","template":"","meta":[],"product_brand":[],"product_cat":[366],"product_tag":[1001,1002,1000],"class_list":{"0":"post-17679","1":"product","2":"type-product","3":"status-publish","4":"has-post-thumbnail","6":"product_cat-optical-splitters-and-splitter-box","7":"product_tag-fiber-optic-splitter-1x8","8":"product_tag-high-density-fiber-splitter","9":"product_tag-sc-apc-rack-mount-splitter","11":"first","12":"instock","13":"shipping-taxable","14":"purchasable","15":"product-type-variable","16":"has-default-attributes"},"_links":{"self":[{"href":"https:\/\/www.luleey.com\/de\/wp-json\/wp\/v2\/product\/17679","targetHints":{"allow":["GET"]}}],"collection":[{"href":"https:\/\/www.luleey.com\/de\/wp-json\/wp\/v2\/product"}],"about":[{"href":"https:\/\/www.luleey.com\/de\/wp-json\/wp\/v2\/types\/product"}],"replies":[{"embeddable":true,"href":"https:\/\/www.luleey.com\/de\/wp-json\/wp\/v2\/comments?post=17679"}],"wp:featuredmedia":[{"embeddable":true,"href":"https:\/\/www.luleey.com\/de\/wp-json\/wp\/v2\/media\/17672"}],"wp:attachment":[{"href":"https:\/\/www.luleey.com\/de\/wp-json\/wp\/v2\/media?parent=17679"}],"wp:term":[{"taxonomy":"product_brand","embeddable":true,"href":"https:\/\/www.luleey.com\/de\/wp-json\/wp\/v2\/product_brand?post=17679"},{"taxonomy":"product_cat","embeddable":true,"href":"https:\/\/www.luleey.com\/de\/wp-json\/wp\/v2\/product_cat?post=17679"},{"taxonomy":"product_tag","embeddable":true,"href":"https:\/\/www.luleey.com\/de\/wp-json\/wp\/v2\/product_tag?post=17679"}],"curies":[{"name":"wp","href":"https:\/\/api.w.org\/{rel}","templated":true}]}}