{"id":17722,"date":"2025-03-09T18:30:51","date_gmt":"2025-03-09T10:30:51","guid":{"rendered":"https:\/\/www.luleey.com\/?post_type=product&#038;p=17722"},"modified":"2025-03-20T14:14:27","modified_gmt":"2025-03-20T06:14:27","slug":"cfs-3-stainless-steel-fiber-optic-stripper","status":"publish","type":"product","link":"https:\/\/www.luleey.com\/de\/produkt-2\/cfs-3-stainless-steel-fiber-optic-stripper\/","title":{"rendered":"CFS-3 Edelstahl-Lichtwellenleiter-Abisolierer"},"content":{"rendered":"<h3>Eigenschaften<\/h3>\n<p>Pr\u00e4zisionsklingen aus rostfreiem Stahl gew\u00e4hrleisten eine saubere, besch\u00e4digungsfreie Abisolierung von Glasfaserkabeln<br \/>\nErgonomisches, rutschfestes Griffdesign reduziert die Erm\u00fcdung der H\u00e4nde bei l\u00e4ngerem Gebrauch<br \/>\nKorrosionsbest\u00e4ndige Edelstahlkonstruktion f\u00fcr langfristige Zuverl\u00e4ssigkeit in rauen Umgebungen<\/p>\n<h3>Spezifikation<\/h3>\n<table style=\"width: 41.1725%; height: 206px;\">\n<tbody>\n<tr style=\"height: 23px;\">\n<td style=\"height: 23px;\"><strong>Produktname<\/strong><\/td>\n<td style=\"height: 23px;\">CFS-3 Edelstahl-Lichtwellenleiter-Abisolierer<\/td>\n<\/tr>\n<tr style=\"height: 23px;\">\n<td style=\"height: 23px;\"><strong>Produkt Marke<\/strong><\/td>\n<td style=\"height: 23px;\">LuLeey<\/td>\n<\/tr>\n<tr style=\"height: 22px;\">\n<td style=\"height: 22px;\"><strong>Herkunft<\/strong><\/td>\n<td style=\"height: 22px;\">China Festland<\/td>\n<\/tr>\n<tr style=\"height: 23px;\">\n<td style=\"height: 23px;\"><strong>Abisolierbereich<\/strong><\/td>\n<td style=\"height: 23px;\">2~3mm, 250~900\u03bcm, 125~250\u03bcm<\/td>\n<\/tr>\n<tr style=\"height: 23px;\">\n<td style=\"height: 23px;\"><strong>Material<\/strong><\/td>\n<td style=\"height: 23px;\">Rostfreier Stahl<\/td>\n<\/tr>\n<tr style=\"height: 23px;\">\n<td style=\"height: 23px;\"><strong>Abmessungen<\/strong><\/td>\n<td style=\"height: 23px;\">16,25 cm<\/td>\n<\/tr>\n<tr style=\"height: 23px;\">\n<td style=\"height: 23px;\"><strong>Gewicht<\/strong><\/td>\n<td style=\"height: 23px;\">120g (4,23 Unzen)<\/td>\n<\/tr>\n<tr style=\"height: 23px;\">\n<td style=\"height: 23px;\"><strong>Sicherheitsmerkmale<\/strong><\/td>\n<td style=\"height: 23px;\">Sperrmechanismus<\/td>\n<\/tr>\n<\/tbody>\n<\/table>","protected":false},"excerpt":{"rendered":"<p>Fiber Optic Stripper aus rostfreiem Stahl sind korrosionsbest\u00e4ndig und gew\u00e4hrleisten langfristige Sch\u00e4rfe<br \/>\nVielseitiges Design arbeitet mit Faserdurchmessern von 2~3mm, 250~900\u03bcm und 125~250\u03bcm f\u00fcr maximale Flexibilit\u00e4t bei der Installation<\/p>","protected":false},"featured_media":17724,"comment_status":"open","ping_status":"closed","template":"","meta":[],"product_brand":[],"product_cat":[357],"product_tag":[1008,1007],"class_list":{"0":"post-17722","1":"product","2":"type-product","3":"status-publish","4":"has-post-thumbnail","6":"product_cat-fiber-cleavers-and-fiber-strippers","7":"product_tag-cfs-3","8":"product_tag-fiber-optic-stripper","10":"first","11":"instock","12":"shipping-taxable","13":"purchasable","14":"product-type-simple"},"_links":{"self":[{"href":"https:\/\/www.luleey.com\/de\/wp-json\/wp\/v2\/product\/17722","targetHints":{"allow":["GET"]}}],"collection":[{"href":"https:\/\/www.luleey.com\/de\/wp-json\/wp\/v2\/product"}],"about":[{"href":"https:\/\/www.luleey.com\/de\/wp-json\/wp\/v2\/types\/product"}],"replies":[{"embeddable":true,"href":"https:\/\/www.luleey.com\/de\/wp-json\/wp\/v2\/comments?post=17722"}],"wp:featuredmedia":[{"embeddable":true,"href":"https:\/\/www.luleey.com\/de\/wp-json\/wp\/v2\/media\/17724"}],"wp:attachment":[{"href":"https:\/\/www.luleey.com\/de\/wp-json\/wp\/v2\/media?parent=17722"}],"wp:term":[{"taxonomy":"product_brand","embeddable":true,"href":"https:\/\/www.luleey.com\/de\/wp-json\/wp\/v2\/product_brand?post=17722"},{"taxonomy":"product_cat","embeddable":true,"href":"https:\/\/www.luleey.com\/de\/wp-json\/wp\/v2\/product_cat?post=17722"},{"taxonomy":"product_tag","embeddable":true,"href":"https:\/\/www.luleey.com\/de\/wp-json\/wp\/v2\/product_tag?post=17722"}],"curies":[{"name":"wp","href":"https:\/\/api.w.org\/{rel}","templated":true}]}}