{"id":17840,"date":"2025-04-02T10:28:19","date_gmt":"2025-04-02T02:28:19","guid":{"rendered":"https:\/\/www.luleey.com\/?post_type=product&#038;p=17840"},"modified":"2025-04-02T14:36:38","modified_gmt":"2025-04-02T06:36:38","slug":"ll-xg3gw3000f-2-5g-rj45-3ge-xgpon-onu-wifi6-ax3000-quadband","status":"publish","type":"product","link":"https:\/\/www.luleey.com\/de\/produkt-2\/ll-xg3gw3000f-2-5g-rj45-3ge-xgpon-onu-wifi6-ax3000-quadband\/","title":{"rendered":"LL-XG3GW3000D, 2.5G RJ45, 3GE XGPON ONU, WIFI6 AX3000, Dual Band"},"content":{"rendered":"<h3>Eigenschaften<\/h3>\n<ol>\n<li>Arbeit f\u00fcr XGPON, asymmetrische \u00dcbertragungsraten. Die maximale Downstream-Leitungsrate betr\u00e4gt 9,953 Gbit\/s, die maximale Upstream-Leitungsrate 2,488 Gbit\/s.<\/li>\n<li>Unterst\u00fctzt 2.4G und 5G Dual-Band.<\/li>\n<li>Unterst\u00fctzt ONU-Auto-Discovery<\/li>\n<li>Unterst\u00fctzung von IGMP<\/li>\n<li>Unterst\u00fctzung des Routen- oder Bridge-Modus<\/li>\n<li>Unterst\u00fctzung von PPPoE\/DHCP<\/li>\n<li>OLT-Marke freischalten<\/li>\n<\/ol>\n<h3>Spezifikation<\/h3>\n<table style=\"width: 58.5196%; height: 578px;\">\n<tbody>\n<tr style=\"height: 24px;\">\n<td style=\"height: 24px; width: 28.7532%;\" width=\"229\">Modell<\/td>\n<td style=\"height: 24px; width: 70.229%;\" width=\"561\">LL-XG3GW3000D<\/td>\n<\/tr>\n<tr style=\"height: 25px;\">\n<td style=\"width: 28.7532%; height: 25px;\">Marke<\/td>\n<td style=\"width: 70.229%; height: 25px;\">LuLeey<\/td>\n<\/tr>\n<tr style=\"height: 24px;\">\n<td style=\"height: 24px; width: 28.7532%;\" width=\"229\">H\u00e4fen<\/td>\n<td style=\"height: 24px; width: 70.229%;\" width=\"561\">1 x 2.5GE+3 x GE+2.4G\/5.8G WIFI6 AX3000<\/td>\n<\/tr>\n<tr style=\"height: 24px;\">\n<td style=\"height: 24px; width: 28.7532%;\" width=\"229\">Stromversorgung<\/td>\n<td style=\"height: 24px; width: 70.229%;\" width=\"561\">12V DC, 1,5 A<\/td>\n<\/tr>\n<tr style=\"height: 24px;\">\n<td style=\"height: 24px; width: 28.7532%;\" width=\"229\">Netzadapter-Eingang<\/td>\n<td style=\"height: 24px; width: 70.229%;\" width=\"561\">100 - 240 V AC, 50\/60 Hz<\/td>\n<\/tr>\n<tr style=\"height: 24px;\">\n<td style=\"height: 24px; width: 28.7532%;\" width=\"229\">Feuchtigkeit im Betrieb<\/td>\n<td style=\"height: 24px; width: 70.229%;\" width=\"561\">5% RH bis 95% RH (nicht kondensierend)<\/td>\n<\/tr>\n<tr style=\"height: 24px;\">\n<td style=\"height: 24px; width: 28.7532%;\" width=\"229\">Statische Leistungsaufnahme<\/td>\n<td style=\"height: 24px; width: 70.229%;\" width=\"561\">5 W<\/td>\n<\/tr>\n<tr style=\"height: 24px;\">\n<td style=\"height: 24px; width: 28.7532%;\" width=\"229\">Maximale Leistungsaufnahme<\/td>\n<td style=\"height: 24px; width: 70.229%;\" width=\"561\">10W<\/td>\n<\/tr>\n<tr style=\"height: 24px;\">\n<td style=\"height: 24px; width: 28.7532%;\" width=\"229\">Indikatoren<\/td>\n<td style=\"height: 24px; width: 70.229%;\" width=\"561\">POWER\/PON\/LOS\/LAN\/USB\/2.4G\/5G\/WPS<\/td>\n<\/tr>\n<tr style=\"height: 25px;\">\n<td style=\"width: 28.7532%; height: 25px;\">Gr\u00f6\u00dfe<\/td>\n<td style=\"width: 70.229%; height: 25px;\">264*170*55mm<\/td>\n<\/tr>\n<tr style=\"height: 24px;\">\n<td style=\"width: 98.9822%; height: 24px;\" colspan=\"2\"><strong>AUF INFORMATIONEN<\/strong><\/td>\n<\/tr>\n<tr class=\"row-16 even\" style=\"height: 24px;\">\n<td class=\"column-1\" style=\"width: 28.7532%; height: 24px;\">Arbeits-Wellenl\u00e4nge<\/td>\n<td class=\"column-2\" style=\"width: 70.229%; height: 24px;\">PON: oben 1270nm, unten 1577nm<\/td>\n<\/tr>\n<tr class=\"row-17 odd\" style=\"height: 24px;\">\n<td class=\"column-1\" style=\"width: 28.7532%; height: 24px;\">TX Wert der optischen Leistung<\/td>\n<td class=\"column-2\" style=\"width: 70.229%; height: 24px;\">2\uff5e7dbm<\/td>\n<\/tr>\n<tr class=\"row-18 even\" style=\"height: 24px;\">\n<td class=\"column-1\" style=\"width: 28.7532%; height: 24px;\">RX Empfindlichkeit der optischen Leistung<\/td>\n<td class=\"column-2\" style=\"width: 70.229%; height: 24px;\">-30dBm<\/td>\n<\/tr>\n<tr class=\"row-19 odd\" style=\"height: 24px;\">\n<td class=\"column-1\" style=\"width: 28.7532%; height: 24px;\">\u00dcbertragungsentfernung<\/td>\n<td class=\"column-2\" style=\"width: 70.229%; height: 24px;\">0\uff5e20km<\/td>\n<\/tr>\n<tr class=\"row-20 even\" style=\"height: 24px;\">\n<td class=\"column-1\" style=\"width: 28.7532%; height: 24px;\">\u00dcbertragungsrate<\/td>\n<td class=\"column-2\" style=\"width: 70.229%; height: 24px;\">GPON:Up 2.5Gbps\uff1bdown 10Gbps<\/td>\n<\/tr>\n<tr style=\"height: 24px;\">\n<td style=\"width: 98.9822%; height: 24px;\" colspan=\"2\"><strong>WIFI-INFORMATIONEN<\/strong><\/td>\n<\/tr>\n<tr class=\"row-25 odd\" style=\"height: 24px;\">\n<td class=\"column-1\" style=\"width: 28.7532%; height: 24px;\">Arbeitsmodus<\/td>\n<td class=\"column-2\" style=\"width: 70.229%; height: 24px;\">IEEE 802.11 b\/g\/n\/AC\/AX<\/td>\n<\/tr>\n<tr class=\"row-26 even\" style=\"height: 24px;\">\n<td class=\"column-1\" style=\"width: 28.7532%; height: 24px;\">Antennenmuster<\/td>\n<td class=\"column-2\" style=\"width: 70.229%; height: 24px;\">Externe 2*2T2R Externe Antenne<\/td>\n<\/tr>\n<tr class=\"row-27 odd\" style=\"height: 24px;\">\n<td class=\"column-1\" style=\"width: 28.7532%; height: 24px;\">Antennengewinn<\/td>\n<td class=\"column-2\" style=\"width: 70.229%; height: 24px;\">5dBi<\/td>\n<\/tr>\n<tr class=\"row-28 even\" style=\"height: 24px;\">\n<td class=\"column-1\" style=\"width: 28.7532%; height: 24px;\">Drahtlose Bandbreite<\/td>\n<td class=\"column-2\" style=\"width: 70.229%; height: 24px;\">Support 20MHz\/40MHz\/80MHz\/160MHz<\/td>\n<\/tr>\n<tr class=\"row-29 odd\" style=\"height: 48px;\">\n<td class=\"column-1\" style=\"width: 28.7532%; height: 48px;\">Schnittstellenrate<\/td>\n<td class=\"column-2\" style=\"width: 70.229%; height: 48px;\">2.4G 574Mbps<br \/>\n5.8G 2402Mbps<\/td>\n<\/tr>\n<tr class=\"row-30 even\" style=\"height: 24px;\">\n<td class=\"column-1\" style=\"width: 28.7532%; height: 24px;\">SSID<\/td>\n<td class=\"column-2\" style=\"width: 70.229%; height: 24px;\">Es werden bis zu 4 SSID-Broadcasts unterst\u00fctzt<\/td>\n<\/tr>\n<\/tbody>\n<\/table>","protected":false},"excerpt":{"rendered":"<p>1 x 2.5GE+3 x GE+2.4G\/5.8G WIFI6 AX3000+ XGPON ONU-Technologie<\/p>\n<p>LL-XG3GW3000D unterst\u00fctzt Route PPPoE\/DHCP\/Static IP und den Bridge-Modus.<\/p>\n<p>Automatische ONU-Erkennung im XGPON-Netz.<\/p>\n<p>&nbsp;<\/p>","protected":false},"featured_media":17831,"comment_status":"open","ping_status":"closed","template":"","meta":[],"product_brand":[],"product_cat":[341,349],"product_tag":[1015,1011,565],"class_list":{"0":"post-17840","1":"product","2":"type-product","3":"status-publish","4":"has-post-thumbnail","6":"product_cat-wireless-gpon-epon-ont","7":"product_cat-10g-epon-onu-xg-pon-xgs-pon","8":"product_tag-ll-xg3gw3000d","9":"product_tag-wifi6-ax3000","10":"product_tag-xgpon-onu","12":"first","13":"instock","14":"shipping-taxable","15":"purchasable","16":"product-type-variable"},"_links":{"self":[{"href":"https:\/\/www.luleey.com\/de\/wp-json\/wp\/v2\/product\/17840","targetHints":{"allow":["GET"]}}],"collection":[{"href":"https:\/\/www.luleey.com\/de\/wp-json\/wp\/v2\/product"}],"about":[{"href":"https:\/\/www.luleey.com\/de\/wp-json\/wp\/v2\/types\/product"}],"replies":[{"embeddable":true,"href":"https:\/\/www.luleey.com\/de\/wp-json\/wp\/v2\/comments?post=17840"}],"wp:featuredmedia":[{"embeddable":true,"href":"https:\/\/www.luleey.com\/de\/wp-json\/wp\/v2\/media\/17831"}],"wp:attachment":[{"href":"https:\/\/www.luleey.com\/de\/wp-json\/wp\/v2\/media?parent=17840"}],"wp:term":[{"taxonomy":"product_brand","embeddable":true,"href":"https:\/\/www.luleey.com\/de\/wp-json\/wp\/v2\/product_brand?post=17840"},{"taxonomy":"product_cat","embeddable":true,"href":"https:\/\/www.luleey.com\/de\/wp-json\/wp\/v2\/product_cat?post=17840"},{"taxonomy":"product_tag","embeddable":true,"href":"https:\/\/www.luleey.com\/de\/wp-json\/wp\/v2\/product_tag?post=17840"}],"curies":[{"name":"wp","href":"https:\/\/api.w.org\/{rel}","templated":true}]}}