{"id":17866,"date":"2025-04-03T23:46:18","date_gmt":"2025-04-03T15:46:18","guid":{"rendered":"https:\/\/www.luleey.com\/?post_type=product&#038;p=17866"},"modified":"2025-04-09T15:37:09","modified_gmt":"2025-04-09T07:37:09","slug":"mini-sfpmc10g10g-sfp-to-rj45-media-converter-10gbase-t-r-multi-rate-support-compatible-xgs-pon-xgpon-stick","status":"publish","type":"product","link":"https:\/\/www.luleey.com\/de\/produkt-2\/mini-sfpmc10g10g-sfp-to-rj45-media-converter-10gbase-t-r-multi-rate-support-compatible-xgs-pon-xgpon-stick\/","title":{"rendered":"MINI-SFPMC10G10G SFP+ auf RJ45 Medienkonverter, 10GBase-T\/R Multi-Rate Unterst\u00fctzung, kompatibler XGS-PON\/XGPON Stick"},"content":{"rendered":"<h3>Eigenschaften<\/h3>\n<ol>\n<li>Eingebauter hocheffizienter Kernel, Marwell 88X3310 Chip, unterdr\u00fcckt Broadcast Storms, implementiert Flusskontrolle und CRC-Fehlerpr\u00fcfung;<\/li>\n<li>1X 10Gb optischer Anschluss, 1X RJ45 Anschluss<\/li>\n<li>RJ45 Adaptiv 100M\/1000M\/10G<\/li>\n<li>Unterst\u00fctzung von Halbduplex und Vollduplex<\/li>\n<li>Unterst\u00fctzt IEEE802.3x, IEEE802.3U, EEE802.3ab, IEEE802.3ae, IEEE802.3ak<\/li>\n<li>Unterst\u00fctzung von Wellenl\u00e4ngen von 850nm, 1310nm, 1550nm, je nach Modul<\/li>\n<li>Unterst\u00fctzt modulabh\u00e4ngig Dual-Faser-Multimode-, Dual-Faser-Singlemode- und Single-Faser-Singlemode-Faser\u00fcbertragungsmodi<\/li>\n<li>Unterst\u00fctzung der DIP-Schalter-Einstellung<\/li>\n<li>Zielwahlcode LFP-Link-Erkennungsfunktion<\/li>\n<li>One-Touch-Wahlcode ALS-Funktion (automatische Laserabschaltung)<\/li>\n<li>Ein Tasten-Toggle-Code zum Umschalten zwischen Durchreichemodus und Store-and-Forward-Modus.<\/li>\n<li>Kompatibel mit XGS-PON\/XGPON-Stick, z. B. WAS-110<em>LTF7225<\/em>-BH+<\/li>\n<\/ol>\n<h3>Spezifikation<\/h3>\n<table style=\"width: 85.6301%; height: 480px;\" width=\"834\">\n<tbody>\n<tr style=\"height: 24px;\">\n<td style=\"height: 24px;\">Produktname<\/td>\n<td style=\"height: 24px;\">MINI 10G SFP+ auf RJ45 Medienkonverter<\/td>\n<\/tr>\n<tr style=\"height: 24px;\">\n<td style=\"height: 24px;\">Marke<\/td>\n<td style=\"height: 24px;\">LuLeey<\/td>\n<\/tr>\n<tr style=\"height: 24px;\">\n<td style=\"height: 24px;\" width=\"273\">Modell<\/td>\n<td style=\"height: 24px;\" width=\"561\">MINI-SFPMC10G<\/td>\n<\/tr>\n<tr style=\"height: 24px;\">\n<td style=\"height: 24px;\">Standard<\/td>\n<td style=\"height: 24px;\">1000Base-T, 2,5GBase-T, 5Gbase-T, 10Gbase-T, 10GBase-R<\/td>\n<\/tr>\n<tr style=\"height: 24px;\">\n<td style=\"height: 24px;\">RJ45 Tarif<\/td>\n<td style=\"height: 24px;\">1000Base-T,2.5\/5\/10GBase-T Auto<\/td>\n<\/tr>\n<tr style=\"height: 24px;\">\n<td style=\"height: 24px;\">RJ45 Kabeltyp<\/td>\n<td style=\"height: 24px;\">UTP-6e oder h\u00f6her<\/td>\n<\/tr>\n<tr style=\"height: 24px;\">\n<td style=\"height: 24px;\">RJ45 \u00dcbertragungsentfernung<\/td>\n<td style=\"height: 24px;\">0-~100m<\/td>\n<\/tr>\n<tr style=\"height: 24px;\">\n<td style=\"height: 24px;\">Typ des optischen Anschlusses<\/td>\n<td style=\"height: 24px;\">SFP+<\/td>\n<\/tr>\n<tr style=\"height: 24px;\">\n<td style=\"height: 24px;\">Optischer Anschluss Rate<\/td>\n<td style=\"height: 24px;\">10Gbps<\/td>\n<\/tr>\n<tr style=\"height: 24px;\">\n<td style=\"height: 24px;\">Optischer Anschluss Multimode<\/td>\n<td style=\"height: 24px;\">50\/125um<\/td>\n<\/tr>\n<tr style=\"height: 24px;\">\n<td style=\"height: 24px;\">Optischer Anschluss Singlemode<\/td>\n<td style=\"height: 24px;\">9\/125um<\/td>\n<\/tr>\n<tr style=\"height: 24px;\">\n<td style=\"height: 24px;\">\u00dcbertragungsentfernung des optischen Anschlusses<\/td>\n<td style=\"height: 24px;\">300m~80km<\/td>\n<\/tr>\n<tr style=\"height: 24px;\">\n<td style=\"height: 24px;\">LED<\/td>\n<td style=\"height: 24px;\">PWR, Link\/TP, SPD, FX\/Link<\/td>\n<\/tr>\n<tr style=\"height: 24px;\">\n<td style=\"height: 24px;\">Eingangsspannung<\/td>\n<td style=\"height: 24px;\">DC12V<\/td>\n<\/tr>\n<tr style=\"height: 24px;\">\n<td style=\"height: 24px;\">Shell<\/td>\n<td style=\"height: 24px;\">Eisenmantel<\/td>\n<\/tr>\n<tr style=\"height: 24px;\">\n<td style=\"height: 24px;\">Gr\u00f6\u00dfe<\/td>\n<td style=\"height: 24px;\">94mm*70mm*26mm<\/td>\n<\/tr>\n<tr style=\"height: 24px;\">\n<td style=\"height: 24px;\">Gewicht<\/td>\n<td style=\"height: 24px;\">0.32KG<\/td>\n<\/tr>\n<tr style=\"height: 24px;\">\n<td style=\"height: 24px;\">Einbauverfahren<\/td>\n<td style=\"height: 24px;\">Desktop<\/td>\n<\/tr>\n<tr style=\"height: 24px;\">\n<td style=\"height: 24px;\">Betriebstemperatur<\/td>\n<td style=\"height: 24px;\">-20~ 60\u00b0C (32 ~ 140\u00b0F)<\/td>\n<\/tr>\n<tr style=\"height: 24px;\">\n<td style=\"height: 24px;\">Relative Luftfeuchtigkeit der Umgebung<\/td>\n<td style=\"height: 24px;\">\u00a05 ~ 90% (nicht kondensierend)<\/td>\n<\/tr>\n<tr>\n<td>Gr\u00f6\u00dfe<\/td>\n<td>91*59*20.5mm<\/td>\n<\/tr>\n<\/tbody>\n<\/table>\n<p>DIP-Schalter-Anweisungen<\/p>\n<table style=\"border-collapse: collapse; width: 48.3395%; height: 216px;\">\n<tbody>\n<tr style=\"height: 24px;\">\n<td style=\"width: 8.17343%; height: 24px; text-align: center;\">Nein<\/td>\n<td style=\"width: 16.6605%; height: 24px; text-align: center;\">Funktion<\/td>\n<td style=\"width: 7.87828%; height: 24px; text-align: center;\">Status<\/td>\n<td style=\"width: 15.6273%; height: 24px; text-align: center;\">Beschreibung<\/td>\n<\/tr>\n<tr style=\"height: 24px;\">\n<td style=\"width: 8.17343%; height: 48px; text-align: center;\" rowspan=\"2\">1<\/td>\n<td style=\"width: 16.6605%; height: 48px; text-align: center;\" rowspan=\"2\">LFP Funktion<\/td>\n<td style=\"width: 7.87828%; height: 24px; text-align: center;\">ON<\/td>\n<td style=\"width: 15.6273%; height: 24px; text-align: center;\">Aktivieren Sie<\/td>\n<\/tr>\n<tr style=\"height: 24px;\">\n<td style=\"width: 7.87828%; height: 24px; text-align: center;\">AUS<\/td>\n<td style=\"width: 15.6273%; height: 24px; text-align: center;\">Deaktivieren Sie<\/td>\n<\/tr>\n<tr style=\"height: 24px;\">\n<td style=\"width: 8.17343%; height: 48px; text-align: center;\" rowspan=\"2\">2<\/td>\n<td style=\"width: 16.6605%; height: 48px; text-align: center;\" rowspan=\"2\">ALS-Funktion<\/td>\n<td style=\"width: 7.87828%; height: 24px; text-align: center;\">ON<\/td>\n<td style=\"width: 15.6273%; height: 24px; text-align: center;\">Aktivieren Sie<\/td>\n<\/tr>\n<tr style=\"height: 24px;\">\n<td style=\"width: 7.87828%; height: 24px; text-align: center;\">AUS<\/td>\n<td style=\"width: 15.6273%; height: 24px; text-align: center;\">Deaktivieren Sie<\/td>\n<\/tr>\n<tr style=\"height: 24px;\">\n<td style=\"width: 8.17343%; height: 48px; text-align: center;\" rowspan=\"2\">3<\/td>\n<td style=\"width: 16.6605%; height: 96px; text-align: center;\" rowspan=\"4\">Medienkonverter Modell<\/td>\n<td style=\"width: 7.87828%; height: 24px; text-align: center;\">3:ON<\/td>\n<td style=\"width: 15.6273%; height: 48px; text-align: center;\" rowspan=\"2\">Durchgangsmodus<\/td>\n<\/tr>\n<tr style=\"height: 24px;\">\n<td style=\"width: 7.87828%; height: 24px; text-align: center;\">4:AUS<\/td>\n<\/tr>\n<tr style=\"height: 24px;\">\n<td style=\"width: 8.17343%; height: 48px; text-align: center;\" rowspan=\"2\">4<\/td>\n<td style=\"width: 7.87828%; height: 24px; text-align: center;\">4:EIN<\/td>\n<td style=\"width: 15.6273%; height: 48px; text-align: center;\" rowspan=\"2\">Ratenanpassungsmodus<\/td>\n<\/tr>\n<tr style=\"height: 24px;\">\n<td style=\"width: 7.87828%; height: 24px; text-align: center;\">3:AUS<\/td>\n<\/tr>\n<\/tbody>\n<\/table>","protected":false},"excerpt":{"rendered":"<ol>\n<li class=\"serp-title\">Automatische Anpassung der Kupfer-\/Glasfaserraten (100M bis 10G) durch einfaches Plug-and-Play.<\/li>\n<li class=\"serp-title\">MINI-SFPMC10G sfp zu rj45 10gb, 10G Media Converter Bietet einen optischen 10 Gigabit Port, einen adaptiven elektrischen 10 Gigabit Port<\/li>\n<li class=\"serp-title\"><span style=\"font-size: 16px;\">Kupferanschluss unterst\u00fctzt 1000Base-T, 2.5\/5\/10GBase-T Auto-Negotiation<\/span><\/li>\n<li class=\"serp-title\">IEEE802.3x Flusskontrolle mit Unterst\u00fctzung f\u00fcr Vollduplex<\/li>\n<li>Unterst\u00fctzt Halbduplex-Gegendruckflusskontrolle<\/li>\n<li>Arbeitswellenl\u00e4nge 850nm, 1310nm, 1550nm optional<\/li>\n<li>Bietet mehrere Faser\u00fcbertragungsmodi wie Dual-Multimode-Faser, Dual-Single-Mode-Faser und Single-Mode-Faser<\/li>\n<li>Geringer Stromverbrauch, geringe W\u00e4rmeentwicklung, stabiler Betrieb \u00fcber lange Zeit<\/li>\n<li>Mini-Gr\u00f6\u00dfe<\/li>\n<li>Plug and Play<\/li>\n<\/ol>","protected":false},"featured_media":17868,"comment_status":"open","ping_status":"closed","template":"","meta":[],"product_brand":[],"product_cat":[310],"product_tag":[97,993,994,1023,224,1017,840],"class_list":{"0":"post-17866","1":"product","2":"type-product","3":"status-publish","4":"has-post-thumbnail","6":"product_cat-copper-to-fiber-media-converters","7":"product_tag-10g","8":"product_tag-10g-sfp-to-rj45-converter","9":"product_tag-10gbase-t-media-converter","10":"product_tag-88x3310","11":"product_tag-fiber-converter","12":"product_tag-mini-sfpmc10g","13":"product_tag-sfp-media-converter","15":"first","16":"instock","17":"featured","18":"shipping-taxable","19":"purchasable","20":"product-type-variable","21":"has-default-attributes"},"_links":{"self":[{"href":"https:\/\/www.luleey.com\/de\/wp-json\/wp\/v2\/product\/17866","targetHints":{"allow":["GET"]}}],"collection":[{"href":"https:\/\/www.luleey.com\/de\/wp-json\/wp\/v2\/product"}],"about":[{"href":"https:\/\/www.luleey.com\/de\/wp-json\/wp\/v2\/types\/product"}],"replies":[{"embeddable":true,"href":"https:\/\/www.luleey.com\/de\/wp-json\/wp\/v2\/comments?post=17866"}],"wp:featuredmedia":[{"embeddable":true,"href":"https:\/\/www.luleey.com\/de\/wp-json\/wp\/v2\/media\/17868"}],"wp:attachment":[{"href":"https:\/\/www.luleey.com\/de\/wp-json\/wp\/v2\/media?parent=17866"}],"wp:term":[{"taxonomy":"product_brand","embeddable":true,"href":"https:\/\/www.luleey.com\/de\/wp-json\/wp\/v2\/product_brand?post=17866"},{"taxonomy":"product_cat","embeddable":true,"href":"https:\/\/www.luleey.com\/de\/wp-json\/wp\/v2\/product_cat?post=17866"},{"taxonomy":"product_tag","embeddable":true,"href":"https:\/\/www.luleey.com\/de\/wp-json\/wp\/v2\/product_tag?post=17866"}],"curies":[{"name":"wp","href":"https:\/\/api.w.org\/{rel}","templated":true}]}}