{"id":17957,"date":"2025-04-12T14:58:38","date_gmt":"2025-04-12T06:58:38","guid":{"rendered":"https:\/\/www.luleey.com\/?post_type=product&#038;p=17957"},"modified":"2025-08-02T22:26:40","modified_gmt":"2025-08-02T14:26:40","slug":"4-pon-gpon-olt-ll-gpolt304","status":"publish","type":"product","link":"https:\/\/www.luleey.com\/de\/produkt-2\/4-pon-gpon-olt-ll-gpolt304\/","title":{"rendered":"4 PON GPON OLT, LL-GPOLT-XE-G04"},"content":{"rendered":"<h3><span class=\"fontstyle3\">Produktmerkmale<\/span><\/h3>\n<ul>\n<li><span class=\"fontstyle0\">19-Zoll-Rack mit einer H\u00f6he von 1U, das sich durch geringe Gr\u00f6\u00dfe, Komfort und Flexibilit\u00e4t, einfache Bereitstellung und hohe Leistung auszeichnet. Einfache Installation und Wartung, spart<br \/>\nRaum.<\/span><\/li>\n<li><span class=\"fontstyle0\">GPON OLT bietet 4 GPON SFP-Ports\u00a0<\/span><\/li>\n<li><span class=\"fontstyle0\">4 Uplink 1000M RJ45 Ports und 4*10GE SFP+ Uplink Port.<\/span><\/li>\n<li><span class=\"fontstyle0\">Unterst\u00fctzt 1:128 Split-Verh\u00e4ltnis, kann 512 ONU-Benutzer zur gleichen Zeit zugreifen, Marke freigeschaltet, Unterst\u00fctzung HUAWEI, ZTE und mehr ONU Marke. <\/span><\/li>\n<li>Unterst\u00fctzung von ONU-Auto-Discovery und Registrierung<\/li>\n<li><span class=\"fontstyle0\">S<\/span><span class=\"fontstyle0\">\u00fcnterst\u00fctzt verschiedene Arten von ONU-Hybridnetzwerken, geeignet f\u00fcr Triple Play, Videonetzwerke, Unternehmens-LAN und Internet der Dinge-Szenarien. <\/span><\/li>\n<li><span class=\"fontstyle0\">Wir bieten perfekte, intelligente, leistungsstarke, fortschrittliche und professionelle L\u00f6sungen f\u00fcr FTTH\/FTTB\/FTTO-Projekte.<\/span><\/li>\n<\/ul>\n<h3><span class=\"fontstyle3\">Spezifikationen<\/span><\/h3>\n<table width=\"630\">\n<tbody>\n<tr>\n<td width=\"408\">Marke<\/td>\n<td width=\"222\">LuLeey<\/td>\n<\/tr>\n<tr>\n<td>Produktname<\/td>\n<td>4 PON GPON OLT, LL-GPOLT-XE-G04<\/td>\n<\/tr>\n<tr>\n<td width=\"408\">10GE-Ethernet<\/td>\n<td width=\"222\">4 x 10GE\/GE SFP+<\/td>\n<\/tr>\n<tr>\n<td width=\"408\">GPON<\/td>\n<td width=\"222\">ITU-TG.984.x Norm<\/td>\n<\/tr>\n<tr>\n<td width=\"408\">RJ45-UPLINK-ANSCHLUSS<\/td>\n<td width=\"222\">4 x RJ-45 1000M<\/td>\n<\/tr>\n<tr>\n<td width=\"408\">GPON PORT<\/td>\n<td width=\"222\">4 x GPON (2,5\/1,25 Gbit\/s)<\/td>\n<\/tr>\n<tr>\n<td width=\"408\">Konsole PORT<\/td>\n<td width=\"222\">1x Konsolenanschluss<\/td>\n<\/tr>\n<tr>\n<td width=\"408\">MGMT PORT<\/td>\n<td width=\"222\">1x 1000M Management-Anschluss<\/td>\n<\/tr>\n<tr>\n<td width=\"408\">Aufteilungsverh\u00e4ltnis<\/td>\n<td width=\"222\">1:128<\/td>\n<\/tr>\n<tr>\n<td width=\"408\">Netzadapter<\/td>\n<td width=\"222\">AC-Eingang: 100 bis 240 V AC, 50\/60 Hz; DC-Eingang: 36V-75V<\/td>\n<\/tr>\n<tr>\n<td width=\"408\">Maximum ONU<\/td>\n<td width=\"222\">512<\/td>\n<\/tr>\n<tr>\n<td width=\"408\">Schaltleistung<\/td>\n<td width=\"222\">103Gbps<\/td>\n<\/tr>\n<tr>\n<td width=\"408\">Verbrauch<\/td>\n<td width=\"222\">\uff1c50 W<\/td>\n<\/tr>\n<tr>\n<td width=\"408\">Redundanz-Design<\/td>\n<td width=\"222\">Steckbare Doppelstromversorgung, Doppel-AC, Doppel-DC und AC+DC<\/td>\n<\/tr>\n<tr>\n<td width=\"408\">Operation<\/td>\n<td width=\"222\">Temperatur -10 bis 70\u00b0C, rel. Luftfeuchtigkeit 10-90% (nicht kondensierend)<\/td>\n<\/tr>\n<tr>\n<td width=\"408\">Lagerung<\/td>\n<td width=\"222\">Temperatur 0 bis 45\u00b0C, rel. Luftfeuchtigkeit 10-90% (nicht kondensierend)<\/td>\n<\/tr>\n<tr>\n<td width=\"408\">Abmessungen<\/td>\n<td width=\"222\">440mm\u00d7400mm\u00d7 44mm(B * T * H)<\/td>\n<\/tr>\n<tr>\n<td width=\"408\">Spannender Baum<\/td>\n<td width=\"222\">IEEE 802.1x STP\/RSTP\/MSTP<br \/>\nONU-Fernschleifenerkennung<\/td>\n<\/tr>\n<tr>\n<td width=\"408\">MAC<\/td>\n<td width=\"222\">MAC Schwarzes Loch<br \/>\nPort MAC-Limit<br \/>\n16K MAC-Adresse<\/td>\n<\/tr>\n<tr>\n<td width=\"408\">Weiterleitung<\/td>\n<td width=\"222\">RIP<br \/>\nOSPF<br \/>\nBGP<\/td>\n<\/tr>\n<tr>\n<td width=\"408\">VLAN<br \/>\nMerkmale der Ethernet-Vermittlung (L2)<\/td>\n<td width=\"222\">4K VLAN-Eintr\u00e4ge<br \/>\nPort-basiertes QinQ und selektives QinQ<br \/>\n(StackVLAN)<br \/>\nPort-basierte\/MAC-basierte\/IP-Subnetz-basierte VLA<\/td>\n<\/tr>\n<tr>\n<td width=\"408\">Hafen<\/td>\n<td width=\"222\">Bidirektionale Bandbreitenkontrolle<br \/>\nPort-Spiegelung und Verkehrsspiegelung<\/td>\n<\/tr>\n<tr>\n<td width=\"408\">Multicast<\/td>\n<td width=\"222\">IGMPv1\/v2\/v3<br \/>\nIGMP-Snooping\/Proxy<br \/>\nIGMP-Filterung<\/td>\n<\/tr>\n<tr>\n<td width=\"408\">Sicherheit der Benutzer<br \/>\nSicherheitsmerkmale<\/td>\n<td width=\"222\">Anti-ARP-Spoofing abwehren<br \/>\nAnti-ARP-\u00dcberschwemmungsangriff mit automatischer Kontrolle<br \/>\nIP\uff0cMAC\uff0cPort und VLAN-Bindung<br \/>\nHafenisolierung<\/td>\n<\/tr>\n<tr>\n<td width=\"408\">QoS<\/td>\n<td width=\"222\">Basierend auf Port oder benutzerdefinierter Ratenbegrenzung<br \/>\nBasierend auf Port oder benutzerdefiniertem Priorit\u00e4ts-Tag, bietet 802.1P, DSCP-Tag F\u00e4higkeit der Priorit\u00e4t<br \/>\nBasierend auf Port oder benutzerdefinierter hochwertiger Warteschlangenplanung<br \/>\nPriorit\u00e4tswarteschlangen und Scheduler von SP, WRR und SP+WRR.<br \/>\nSystem zur Stauvermeidung<\/td>\n<\/tr>\n<tr>\n<td width=\"408\">Sicherheit der Ger\u00e4te<\/td>\n<td width=\"222\">DOS-Angriff abwehren<br \/>\nSicherheit IP-Anmeldung \u00fcber Telnet<br \/>\nHierarchische Verwaltung und Passwortschutz von Benutzern<\/td>\n<\/tr>\n<tr>\n<td width=\"408\">Sicherheit im Netz<\/td>\n<td width=\"222\">IP-Adresse\u3001VLAN-ID\u3001MAC-Adresse und manuelle Anschlussbindung<br \/>\nPort-Broadcast\/Multi-Broadcast-Einschr\u00e4nkung<br \/>\nBasierend auf Quell-\/Ziel-MAC-Adresse, VLAN, 802.1p, ToS, DiffServ, Quelle\/Ziel<br \/>\nIP(IPv4\/IPv6)-Adresse, TCP\/UDP-Portnummer Protokolltyp des IP-Pakets Flussklassifizierung und Fluss<br \/>\ndefiniertes Regelungsmanagement, Unterst\u00fctzung des Paketkopfes, 80 Byte Tiefe, L2-L7 ACLflow Filtrat<br \/>\nDynamische ARP-Tabellen-basierte Bindung<br \/>\nDHCP Option82 und PPPoE+ laden den physischen Standort des Benutzers hoch<\/td>\n<\/tr>\n<tr>\n<td width=\"408\">Verwaltung des Netzes<\/td>\n<td width=\"222\">Befehlszeilen-Schnittstelle\uff08CLI\uff09, Konsole, Telnet und WEB-Konfiguration<br \/>\nRMON (Fern\u00fcberwachung)1\/2\/3\/9 Gruppen von MIB<br \/>\nSystemkonfiguration mit SNMPv1\/v2\/v3<br \/>\nNTP (Netzwerk-Zeitprotokoll)<br \/>\nNMS2000 Netzverwaltung<\/td>\n<\/tr>\n<\/tbody>\n<\/table>\n<div class=\"structure-row\">\n<div class=\"col-left\" data-spm-anchor-id=\"a2700.details.0.i25.78ff2908MBBelt\">\n<div class=\"structure-row\"><\/div>\n<\/div>\n<\/div>","protected":false},"excerpt":{"rendered":"<ul>\n<li><span class=\"fontstyle0\">GPON OLT bietet 4 GPON SFP-Ports\u00a0<\/span><\/li>\n<li><span class=\"fontstyle0\">4 Uplink 1000M RJ45 Ports und 4*10GE SFP+ Uplink Port.<\/span><\/li>\n<li><span class=\"fontstyle0\">Unterst\u00fctzt 1:128 Split-Verh\u00e4ltnis, kann 512 ONU-Benutzer zur gleichen Zeit zugreifen, Marke freigeschaltet, Unterst\u00fctzung HUAWEI, ZTE und mehr ONU Marke. <\/span><\/li>\n<li>Unterst\u00fctzung von ONU-Auto-Discovery und Registrierung<\/li>\n<\/ul>","protected":false},"featured_media":17960,"comment_status":"open","ping_status":"closed","template":"","meta":[],"product_brand":[],"product_cat":[360],"product_tag":[1025,1024,229,1088,269],"class_list":{"0":"post-17957","1":"product","2":"type-product","3":"status-publish","4":"has-post-thumbnail","6":"product_cat-gpon-olt","7":"product_tag-4-pon","8":"product_tag-gpon-512","9":"product_tag-gpon-olt","10":"product_tag-ll-gpolt-xe-g04","11":"product_tag-olt","13":"first","14":"instock","15":"shipping-taxable","16":"purchasable","17":"product-type-variable","18":"has-default-attributes"},"_links":{"self":[{"href":"https:\/\/www.luleey.com\/de\/wp-json\/wp\/v2\/product\/17957","targetHints":{"allow":["GET"]}}],"collection":[{"href":"https:\/\/www.luleey.com\/de\/wp-json\/wp\/v2\/product"}],"about":[{"href":"https:\/\/www.luleey.com\/de\/wp-json\/wp\/v2\/types\/product"}],"replies":[{"embeddable":true,"href":"https:\/\/www.luleey.com\/de\/wp-json\/wp\/v2\/comments?post=17957"}],"wp:featuredmedia":[{"embeddable":true,"href":"https:\/\/www.luleey.com\/de\/wp-json\/wp\/v2\/media\/17960"}],"wp:attachment":[{"href":"https:\/\/www.luleey.com\/de\/wp-json\/wp\/v2\/media?parent=17957"}],"wp:term":[{"taxonomy":"product_brand","embeddable":true,"href":"https:\/\/www.luleey.com\/de\/wp-json\/wp\/v2\/product_brand?post=17957"},{"taxonomy":"product_cat","embeddable":true,"href":"https:\/\/www.luleey.com\/de\/wp-json\/wp\/v2\/product_cat?post=17957"},{"taxonomy":"product_tag","embeddable":true,"href":"https:\/\/www.luleey.com\/de\/wp-json\/wp\/v2\/product_tag?post=17957"}],"curies":[{"name":"wp","href":"https:\/\/api.w.org\/{rel}","templated":true}]}}