{"id":17970,"date":"2025-04-15T22:11:20","date_gmt":"2025-04-15T14:11:20","guid":{"rendered":"https:\/\/www.luleey.com\/?post_type=product&#038;p=17970"},"modified":"2025-08-02T22:29:34","modified_gmt":"2025-08-02T14:29:34","slug":"2-pon-gpon-olt","status":"publish","type":"product","link":"https:\/\/www.luleey.com\/de\/produkt-2\/2-pon-gpon-olt\/","title":{"rendered":"2 PON GPON OLT,LL-GPOLT-G02"},"content":{"rendered":"<div class=\"title--wrap--Ms9Zv4A\">\n<h3>Eigenschaften<\/h3>\n<ol>\n<li>2 PON GPON OLT max. 256 Kunden<\/li>\n<li>Unterst\u00fctzt flexible DBA und vor- und nachgelagerte Verkehrssteuerung<\/li>\n<li>Unterst\u00fctzung der automatischen Erkennung von ONUs, automatische Erkennung und Autorisierung<\/li>\n<li>Unterst\u00fctzt VLAN<\/li>\n<li>Unterst\u00fctzt Multicast und IGMP-Snooping<\/li>\n<li>Flash-Speicher: 128MB<\/li>\n<li>DDR: 512MB<\/li>\n<li>Unterst\u00fctzung flexibler DBA, Steuerung der Verkehrsgeschwindigkeit nach oben und unten.<\/li>\n<li>Verwaltungssoftware: CLI\/WEB\/SNMP\/NMS<\/li>\n<li data-spm-anchor-id=\"a2g0o.detail.1000023.i2.745aNgYHNgYHlS\">\u00a0Unterst\u00fctzung von IGMP Snooping\/Proxy und Port-Isolierung<\/li>\n<\/ol>\n<div class=\"structure-row\">\n<div class=\"col-left\" data-spm-anchor-id=\"a2700.details.0.i25.78ff2908MBBelt\">\n<div class=\"structure-row\">\n<h3>Spezifikation<\/h3>\n<table style=\"width: 56.3563%; height: 719px;\" width=\"754\">\n<tbody>\n<tr style=\"height: 24px;\">\n<td style=\"height: 24px; width: 31.1518%;\" width=\"236\">Modell<\/td>\n<td style=\"height: 24px; width: 67.801%;\" width=\"518\">LL-GPOLT-G02<\/td>\n<\/tr>\n<tr style=\"height: 24px;\">\n<td style=\"height: 24px; width: 31.1518%;\">Ger\u00e4tetyp<\/td>\n<td style=\"height: 24px; width: 67.801%;\">GPON OLT<\/td>\n<\/tr>\n<tr style=\"height: 24px;\">\n<td style=\"height: 24px; width: 31.1518%;\">GPON-Anschluss<\/td>\n<td style=\"height: 24px; width: 67.801%;\">2x GPON<\/td>\n<\/tr>\n<tr style=\"height: 23px;\">\n<td style=\"height: 23px; width: 31.1518%;\">SFP-Anschluss<\/td>\n<td style=\"height: 23px; width: 67.801%;\">1x SFP+<\/td>\n<\/tr>\n<tr style=\"height: 24px;\">\n<td style=\"height: 24px; width: 31.1518%;\">Ethernet-Anschluss<\/td>\n<td style=\"height: 24px; width: 67.801%;\">4x 10\/100\/1000M<\/td>\n<\/tr>\n<tr style=\"height: 24px;\">\n<td style=\"height: 24px; width: 31.1518%;\">Management-Anschluss<\/td>\n<td style=\"height: 24px; width: 67.801%;\">1x Konsolenanschluss<\/td>\n<\/tr>\n<tr style=\"height: 24px;\">\n<td style=\"height: 24px; width: 31.1518%;\">Aufteilungsverh\u00e4ltnis<\/td>\n<td style=\"height: 24px; width: 67.801%;\">1:128<\/td>\n<\/tr>\n<tr style=\"height: 24px;\">\n<td style=\"height: 24px; width: 31.1518%;\">Blitzlicht<\/td>\n<td style=\"height: 24px; width: 67.801%;\">128MB<\/td>\n<\/tr>\n<tr style=\"height: 24px;\">\n<td style=\"height: 24px; width: 31.1518%;\">DDR<\/td>\n<td style=\"height: 24px; width: 67.801%;\">512MB<\/td>\n<\/tr>\n<tr style=\"height: 24px;\">\n<td style=\"height: 24px; width: 31.1518%;\">Gr\u00f6\u00dfe<\/td>\n<td class=\"\" style=\"width: 67.801%; height: 24px;\" width=\"521\">250mm x 180mm x 44mm<\/td>\n<\/tr>\n<tr style=\"height: 120px;\">\n<td style=\"height: 120px; width: 31.1518%;\">Normen<\/td>\n<td style=\"height: 120px; width: 67.801%;\" width=\"518\">IEEE802.3\uff0810Base-T\uff09<br \/>\nIEEE802.3u\uff08100Base-TX\uff09<br \/>\nIEEE802.3z\uff081000BASE-X\uff09<br \/>\nIEEE802.3ab\uff081000Base-T\uff09<br \/>\nIEEE802.1Q\uff08VLAN\uff09<\/td>\n<\/tr>\n<tr style=\"height: 72px;\">\n<td style=\"height: 72px; width: 31.1518%;\">Umwelt<\/td>\n<td style=\"height: 72px; width: 67.801%;\" width=\"518\">Arbeitsumgebung: -10C~55 \u2103<br \/>\nLagerumgebung: -40 \u2103~70 \u2103<br \/>\nLuftfeuchtigkeit bei Lagerung: 5%~95% (keine Kondensation)<\/td>\n<\/tr>\n<tr style=\"height: 24px;\">\n<td style=\"height: 24px; width: 31.1518%;\">Strom<\/td>\n<td style=\"height: 24px; width: 67.801%;\">12V GLEICHSTROM<\/td>\n<\/tr>\n<tr style=\"height: 72px;\">\n<td style=\"height: 72px; width: 31.1518%;\">PON-Funktion<\/td>\n<td style=\"height: 72px; width: 67.801%;\" width=\"518\">Unterst\u00fctzung der automatischen Registrierung<br \/>\nONU Whitelist und Blacklist<br \/>\nDBA-Konfiguration<\/td>\n<\/tr>\n<tr style=\"height: 120px;\">\n<td style=\"height: 120px; width: 31.1518%;\">Konfiguration und Verwaltung<\/td>\n<td style=\"height: 120px; width: 67.801%;\" width=\"518\">CLI, WEB, SNMP\/NMS<br \/>\nKomponenten und Firmware<br \/>\nEingabeaufforderung<br \/>\nUnterst\u00fctzung der Ping- und Disconnect-Funktion<br \/>\nUnterst\u00fctzung der Protokoll- und Polizeiverwaltung<\/td>\n<\/tr>\n<tr style=\"height: 72px;\">\n<td style=\"height: 72px; width: 31.1518%;\">L2-Funktion<\/td>\n<td style=\"height: 72px; width: 67.801%;\" width=\"518\">Unterst\u00fctzt VLAN<br \/>\nUnterst\u00fctzt IGMP Snooping\/Proxy<br \/>\nUnterst\u00fctzung der Portisolierung<\/td>\n<\/tr>\n<\/tbody>\n<\/table>\n<\/div>\n<\/div>\n<\/div>\n<\/div>","protected":false},"excerpt":{"rendered":"<p>G02 ist eine GPON-OLT-Serie mit Geh\u00e4use. Das System zeichnet sich durch gute Stabilit\u00e4t und hohe Zuverl\u00e4ssigkeit aus. Unterst\u00fctzt mehrere Verwaltungsmethoden wie CLI, WEB und SNMP. Das Produkt bietet 2 Downlink-GPON-Schnittstellen, 4 * 1000base-T Uplink-Ethernet-Schnittstellen und 1 Uplink-SFP+-Schnittstelle. Es eignet sich f\u00fcr d\u00fcnn besiedelte, abgelegene und kostensensible Gebiete, intelligente Industrieparks, Gesch\u00e4ftsgeb\u00e4ude, FTTRs, etc. Jeder GPON-Port unterst\u00fctzt ein maximales Segmentierungsverh\u00e4ltnis von 1:128, unterst\u00fctzt maximal 256 GPON-Benutzer und unterst\u00fctzt verschiedene Arten von ONUs in verschiedenen Netzwerken.<\/p>","protected":false},"featured_media":17972,"comment_status":"open","ping_status":"closed","template":"","meta":[],"product_brand":[],"product_cat":[360],"product_tag":[1026,136,227,229],"class_list":{"0":"post-17970","1":"product","2":"type-product","3":"status-publish","4":"has-post-thumbnail","6":"product_cat-gpon-olt","7":"product_tag-2-gpon","8":"product_tag-256-onu","9":"product_tag-g01","10":"product_tag-gpon-olt","12":"first","13":"instock","14":"shipping-taxable","15":"purchasable","16":"product-type-variable","17":"has-default-attributes"},"_links":{"self":[{"href":"https:\/\/www.luleey.com\/de\/wp-json\/wp\/v2\/product\/17970","targetHints":{"allow":["GET"]}}],"collection":[{"href":"https:\/\/www.luleey.com\/de\/wp-json\/wp\/v2\/product"}],"about":[{"href":"https:\/\/www.luleey.com\/de\/wp-json\/wp\/v2\/types\/product"}],"replies":[{"embeddable":true,"href":"https:\/\/www.luleey.com\/de\/wp-json\/wp\/v2\/comments?post=17970"}],"wp:featuredmedia":[{"embeddable":true,"href":"https:\/\/www.luleey.com\/de\/wp-json\/wp\/v2\/media\/17972"}],"wp:attachment":[{"href":"https:\/\/www.luleey.com\/de\/wp-json\/wp\/v2\/media?parent=17970"}],"wp:term":[{"taxonomy":"product_brand","embeddable":true,"href":"https:\/\/www.luleey.com\/de\/wp-json\/wp\/v2\/product_brand?post=17970"},{"taxonomy":"product_cat","embeddable":true,"href":"https:\/\/www.luleey.com\/de\/wp-json\/wp\/v2\/product_cat?post=17970"},{"taxonomy":"product_tag","embeddable":true,"href":"https:\/\/www.luleey.com\/de\/wp-json\/wp\/v2\/product_tag?post=17970"}],"curies":[{"name":"wp","href":"https:\/\/api.w.org\/{rel}","templated":true}]}}