{"id":18072,"date":"2025-05-10T18:17:59","date_gmt":"2025-05-10T10:17:59","guid":{"rendered":"https:\/\/www.luleey.com\/?post_type=product&#038;p=18072"},"modified":"2025-08-10T20:11:39","modified_gmt":"2025-08-10T12:11:39","slug":"ll-xp2gwdcatv-4ge-xpon-onu-wifi-dual-band-fttr-2-4g-5g","status":"publish","type":"product","link":"https:\/\/www.luleey.com\/de\/produkt-2\/ll-xp2gwdcatv-4ge-xpon-onu-wifi-dual-band-fttr-2-4g-5g\/","title":{"rendered":"LL-XP2GWDCATV, 2GE XPON ONU, WIFI Dual Band, FTTR, 2.4G + 5G, CATV ONU"},"content":{"rendered":"<h3>Eigenschaften<\/h3>\n<ol>\n<li>Arbeitet f\u00fcr GPON OLT oder EPON OLT.<\/li>\n<li>Entwickelt f\u00fcr die nahtlose Zusammenarbeit mit 95% OLTs von Drittanbietern, einschlie\u00dflich gro\u00dfer Marken wie Huawei, ZTE, Fiberhome und Luleey\/VSOL\/HIOSO...<\/li>\n<li>Unterst\u00fctzt IEEE802.3\/802.3ah-Protokolle<\/li>\n<li>Unterst\u00fctzt automatische Erkennung und Registrierung, Link-Erkennung und Software-Upgrades aus der Ferne, damit Ihr Netzwerk ohne manuelle Eingriffe auf dem neuesten Stand bleibt.<\/li>\n<li>Unterst\u00fctzung von Route PPPoE\/DHCP\/Static IP und Bridge-Modus<\/li>\n<li>Unterst\u00fctzt DBA und mehrere SLAs<\/li>\n<li>Unterst\u00fctzt IEEE802.1D RSTP<\/li>\n<li>Unterst\u00fctzt IGMP SNOOPING V2 Multicast<\/li>\n<li>Unterst\u00fctzt VLAN-Funktion<\/li>\n<li>Unterst\u00fctzung der automatischen Zeitsynchronisation durch SNTP-Client<\/li>\n<li>Unterst\u00fctzung OMCI \/ OAM<\/li>\n<li>Unterst\u00fctzt die WEB-Konfigurationsfunktion<\/li>\n<li>Unterst\u00fctzt funktionierendes MDI\/ MDIX auto<\/li>\n<li>Unterst\u00fctzung von IGMP-Snooping<\/li>\n<li>Unterst\u00fctzung von IPv4\/IPv6-Dualmodus, Mit Unterst\u00fctzung f\u00fcr IPv4 und IPv6 ist der LL-XP2GWDCATV so konzipiert, dass er sich an die sich entwickelnden Anforderungen der Netzwerktechnologie anpassen kann.<\/li>\n<li>Mit 2 GE-Ports und einer CATV-Schnittstelle unterst\u00fctzt der LL-XP2GWDCATV eine breite Palette von Diensten, vom Hochgeschwindigkeits-Internetzugang bis zu fortschrittlichen Wi-Fi- und Videodiensten.<\/li>\n<li>Nutzen Sie die Leistung von IEEE 802.11 b\/g\/n\/AC mit Dualband-Unterst\u00fctzung und einer externen 2T2R-Antenne f\u00fcr \u00fcberragende Wireless-Leistung, die bis zu 300 Mbit\/s auf 2,4 GHz und 866 Mbit\/s auf 5,8 GHz liefert.<\/li>\n<\/ol>\n<h3>Spezifikation<\/h3>\n<table style=\"width: 58.5196%; height: 600px;\">\n<tbody>\n<tr style=\"height: 24px;\">\n<td style=\"height: 24px; width: 28.7532%;\" width=\"229\">Modell<\/td>\n<td style=\"height: 24px; width: 70.229%;\" width=\"561\">LL-XP2GWDCATV<\/td>\n<\/tr>\n<tr style=\"height: 24px;\">\n<td style=\"width: 28.7532%; height: 24px;\">Marke<\/td>\n<td style=\"width: 70.229%; height: 24px;\">LuLeey<\/td>\n<\/tr>\n<tr style=\"height: 24px;\">\n<td style=\"height: 24px; width: 28.7532%;\" width=\"229\">H\u00e4fen<\/td>\n<td class=\"column-2\" style=\"width: 70.229%; height: 24px;\">1*SC\/APC GPON\/EPON, 2GE+CATV<\/td>\n<\/tr>\n<tr style=\"height: 24px;\">\n<td style=\"height: 24px; width: 28.7532%;\" width=\"229\">Stromversorgung<\/td>\n<td style=\"height: 24px; width: 70.229%;\" width=\"561\">12V DC, 1,5 A<\/td>\n<\/tr>\n<tr style=\"height: 24px;\">\n<td style=\"height: 24px; width: 28.7532%;\" width=\"229\">Netzadapter-Eingang<\/td>\n<td style=\"height: 24px; width: 70.229%;\" width=\"561\">100 - 240 V AC, 50\/60 Hz<\/td>\n<\/tr>\n<tr style=\"height: 24px;\">\n<td style=\"height: 24px; width: 28.7532%;\" width=\"229\">Feuchtigkeit im Betrieb<\/td>\n<td style=\"height: 24px; width: 70.229%;\" width=\"561\">5% RH bis 95% RH (nicht kondensierend)<\/td>\n<\/tr>\n<tr style=\"height: 24px;\">\n<td style=\"height: 24px; width: 28.7532%;\" width=\"229\">Statische Leistungsaufnahme<\/td>\n<td style=\"height: 24px; width: 70.229%;\" width=\"561\">5 W<\/td>\n<\/tr>\n<tr style=\"height: 24px;\">\n<td style=\"height: 24px; width: 28.7532%;\" width=\"229\">Maximale Leistungsaufnahme<\/td>\n<td style=\"height: 24px; width: 70.229%;\" width=\"561\">10W<\/td>\n<\/tr>\n<tr style=\"height: 24px;\">\n<td style=\"height: 24px; width: 28.7532%;\" width=\"229\">Indikatoren<\/td>\n<td class=\"column-2\" style=\"width: 70.229%; height: 24px;\">STROM\/PON\/LOS\/LAN1\/LAN2\/2.4G\/5G\/WPS\/CATV<\/td>\n<\/tr>\n<tr style=\"height: 24px;\">\n<td style=\"width: 28.7532%; height: 24px;\">Gr\u00f6\u00dfe<\/td>\n<td class=\"column-2\" style=\"width: 70.229%; height: 24px;\">160*115 *28mm<\/td>\n<\/tr>\n<tr style=\"height: 24px;\">\n<td style=\"width: 98.9822%; height: 24px;\" colspan=\"2\"><strong>AUF INFORMATIONEN<\/strong><\/td>\n<\/tr>\n<tr class=\"row-16 even\" style=\"height: 24px;\">\n<td class=\"column-1\" style=\"width: 28.7532%; height: 24px;\">Arbeits-Wellenl\u00e4nge<\/td>\n<td class=\"column-2\" style=\"width: 70.229%; height: 24px;\">PON\uff1aup 1310nm\uff0cdown 1490nm, CATV: 1550nm<\/td>\n<\/tr>\n<tr class=\"row-17 odd\" style=\"height: 24px;\">\n<td class=\"column-1\" style=\"width: 28.7532%; height: 24px;\">TX Wert der optischen Leistung<\/td>\n<td class=\"column-2\" style=\"width: 70.229%; height: 24px;\">0,5\uff5e4dbm<\/td>\n<\/tr>\n<tr class=\"row-18 even\" style=\"height: 24px;\">\n<td class=\"column-1\" style=\"width: 28.7532%; height: 24px;\">RX Empfindlichkeit der optischen Leistung<\/td>\n<td class=\"column-2\" style=\"width: 70.229%; height: 24px;\">-27dBm<\/td>\n<\/tr>\n<tr class=\"row-19 odd\" style=\"height: 24px;\">\n<td class=\"column-1\" style=\"width: 28.7532%; height: 24px;\">\u00dcbertragungsentfernung<\/td>\n<td class=\"column-2\" style=\"width: 70.229%; height: 24px;\">0\uff5e20km<\/td>\n<\/tr>\n<tr class=\"row-20 even\" style=\"height: 24px;\">\n<td class=\"column-1\" style=\"width: 28.7532%; height: 24px;\">\u00dcbertragungsrate<\/td>\n<td class=\"column-2\" style=\"width: 70.229%; height: 24px;\">GPON:Up 1.244Gbps\uff1bdown 2.488Gbps<\/p>\n<p>EPON:Up 1.244Gbps\uff1bdown 1.244Gbps<\/td>\n<\/tr>\n<tr style=\"height: 24px;\">\n<td style=\"width: 98.9822%; height: 24px;\" colspan=\"2\"><strong>WIFI-INFORMATIONEN<\/strong><\/td>\n<\/tr>\n<tr class=\"row-25 odd\" style=\"height: 24px;\">\n<td class=\"column-1\" style=\"width: 28.7532%; height: 24px;\">Arbeitsmodus<\/td>\n<td class=\"column-2\" style=\"width: 70.229%; height: 24px;\">IEEE 802.11 b\/g\/n\/AC<\/td>\n<\/tr>\n<tr class=\"row-26 even\" style=\"height: 24px;\">\n<td class=\"column-1\" style=\"width: 28.7532%; height: 24px;\">Antennenmuster<\/td>\n<td class=\"column-2\" style=\"width: 70.229%; height: 24px;\">Externe 2T2R Externe Antenne<\/td>\n<\/tr>\n<tr class=\"row-27 odd\" style=\"height: 24px;\">\n<td class=\"column-1\" style=\"width: 28.7532%; height: 24px;\">Antennengewinn<\/td>\n<td class=\"column-2\" style=\"width: 70.229%; height: 24px;\">5dBi<\/td>\n<\/tr>\n<tr class=\"row-28 even\" style=\"height: 24px;\">\n<td class=\"column-1\" style=\"width: 28.7532%; height: 24px;\">Drahtlose Bandbreite<\/td>\n<td class=\"column-2\" style=\"width: 70.229%;\">Unterst\u00fctzung 20MHz\/40MHz\/80MHz<\/td>\n<\/tr>\n<tr class=\"row-29 odd\" style=\"height: 48px;\">\n<td class=\"column-1\" style=\"width: 28.7532%; height: 48px;\">Schnittstellenrate<\/td>\n<td class=\"column-2\" style=\"width: 70.229%;\">2.4G WLAN\uff1aMaximalgeschwindigkeit 300Mbps<\/p>\n<p>5.8G WLAN\uff1aMaximale Rate 866Mbps<\/td>\n<\/tr>\n<tr class=\"row-30 even\" style=\"height: 24px;\">\n<td class=\"column-1\" style=\"width: 28.7532%; height: 24px;\">SSID<\/td>\n<td class=\"column-2\" style=\"width: 70.229%; height: 24px;\">Es werden bis zu 4 SSID-Broadcasts unterst\u00fctzt<\/td>\n<\/tr>\n<\/tbody>\n<\/table>","protected":false},"excerpt":{"rendered":"<p>2GE+CATV+2.4G+5G WIFI5 AX1200 + xPON ONT Technologie<\/p>\n<p>LL-XP2GWDCATV unterst\u00fctzt Route PPPoE\/DHCP\/Static IP und den Bridge-Modus.<\/p>\n<p>Unterst\u00fctzung der automatischen ONU-Erkennung im GPON- oder EPON-Netz.<\/p>\n<p>&nbsp;<\/p>","protected":false},"featured_media":18074,"comment_status":"open","ping_status":"closed","template":"","meta":[],"product_brand":[],"product_cat":[348,197,341],"product_tag":[230,1037,1039,343,1038],"class_list":{"0":"post-18072","1":"product","2":"type-product","3":"status-publish","4":"has-post-thumbnail","6":"product_cat-1000m-gpon-epon-onu","7":"product_cat-catv-receiver","8":"product_cat-wireless-gpon-epon-ont","9":"product_tag-gpon-onu","10":"product_tag-ll-xp2gwdcatv","11":"product_tag-wifi-onu","12":"product_tag-xpon","13":"product_tag-xpon-ont","15":"first","16":"instock","17":"featured","18":"shipping-taxable","19":"purchasable","20":"product-type-variable","21":"has-default-attributes"},"_links":{"self":[{"href":"https:\/\/www.luleey.com\/de\/wp-json\/wp\/v2\/product\/18072","targetHints":{"allow":["GET"]}}],"collection":[{"href":"https:\/\/www.luleey.com\/de\/wp-json\/wp\/v2\/product"}],"about":[{"href":"https:\/\/www.luleey.com\/de\/wp-json\/wp\/v2\/types\/product"}],"replies":[{"embeddable":true,"href":"https:\/\/www.luleey.com\/de\/wp-json\/wp\/v2\/comments?post=18072"}],"wp:featuredmedia":[{"embeddable":true,"href":"https:\/\/www.luleey.com\/de\/wp-json\/wp\/v2\/media\/18074"}],"wp:attachment":[{"href":"https:\/\/www.luleey.com\/de\/wp-json\/wp\/v2\/media?parent=18072"}],"wp:term":[{"taxonomy":"product_brand","embeddable":true,"href":"https:\/\/www.luleey.com\/de\/wp-json\/wp\/v2\/product_brand?post=18072"},{"taxonomy":"product_cat","embeddable":true,"href":"https:\/\/www.luleey.com\/de\/wp-json\/wp\/v2\/product_cat?post=18072"},{"taxonomy":"product_tag","embeddable":true,"href":"https:\/\/www.luleey.com\/de\/wp-json\/wp\/v2\/product_tag?post=18072"}],"curies":[{"name":"wp","href":"https:\/\/api.w.org\/{rel}","templated":true}]}}