{"id":18754,"date":"2025-08-02T22:17:48","date_gmt":"2025-08-02T14:17:48","guid":{"rendered":"https:\/\/www.luleey.com\/?post_type=product&#038;p=18754"},"modified":"2025-08-02T22:20:44","modified_gmt":"2025-08-02T14:20:44","slug":"2-pon-gpon-oltll-gpolt-xe-g02","status":"publish","type":"product","link":"https:\/\/www.luleey.com\/de\/produkt-2\/2-pon-gpon-oltll-gpolt-xe-g02\/","title":{"rendered":"2 PON GPON OLT,LL-GPOLT-XE-G02"},"content":{"rendered":"<h3>Eigenschaften<\/h3>\n<ol>\n<li>2 PON GPON OLT max. 256 Kunden<\/li>\n<li>2 * GPON-Anschluss; 2 * 10\/100\/1000M Base-T<\/li>\n<li>2*1000M Base-X SFP\/2*10GE SFP+<\/li>\n<li>Unterst\u00fctzung der automatischen Erkennung von ONUs, automatische Erkennung und Autorisierung<\/li>\n<li>Unterst\u00fctzt VLAN<\/li>\n<li>Entspricht den technischen Standards ITU-T G.984\/G.988 und gew\u00e4hrleistet somit eine hohe Interoperabilit\u00e4t.<\/li>\n<li>Bietet umfangreiche Layer-2\/3-Switching-Funktionen und flexible Verwaltungsoptionen.<\/li>\n<li>Unterst\u00fctzt verschiedene Link-Redundanzprotokolle wie FlexLink, STP, RSTP, MSTP, ERPS und LACP.<\/li>\n<li>Unterst\u00fctzt Routing-Protokolle wie RIP, OSPF, BGP, ISIS und IPv6.<\/li>\n<li>Bietet eine redundante Stromversorgung.<\/li>\n<li>Unterst\u00fctzt Multicast und IGMP-Snooping<\/li>\n<li>Unterst\u00fctzung flexibler DBA, Steuerung der Verkehrsgeschwindigkeit nach oben und unten.<\/li>\n<li>Verwaltungssoftware: CLI\/WEB\/SNMP\/NMS<\/li>\n<li data-spm-anchor-id=\"a2g0o.detail.1000023.i2.745aNgYHNgYHlS\">\u00a0Unterst\u00fctzung von IGMP Snooping\/Proxy und Port-Isolierung<\/li>\n<\/ol>\n<div class=\"structure-row\">\n<div class=\"col-left\" data-spm-anchor-id=\"a2700.details.0.i25.78ff2908MBBelt\">\n<div class=\"structure-row\">\n<h3>Spezifikation<\/h3>\n<\/div>\n<\/div>\n<div>\n<table width=\"788\">\n<tbody>\n<tr>\n<td width=\"197\">Modell<\/td>\n<td width=\"591\">LL-GPOLT-XE-G02<\/td>\n<\/tr>\n<tr>\n<td>Ort der Herstellung<\/td>\n<td>GEFERTIGT IN CHINA<\/td>\n<\/tr>\n<tr>\n<td rowspan=\"2\" width=\"197\">Hafen<\/td>\n<td width=\"591\">2 * GPON-Anschluss; 2 * 10\/100\/1000M Base-T;<\/td>\n<\/tr>\n<tr>\n<td width=\"591\">2*1000M Base-X SFP\/2*10GE SFP+; Duale Stromversorgung optional<\/td>\n<\/tr>\n<tr>\n<td width=\"197\">Austauschkapazit\u00e4t<\/td>\n<td width=\"591\">51.5Gbps<\/td>\n<\/tr>\n<tr>\n<td width=\"197\">Paketweiterleitungsrate<\/td>\n<td width=\"591\">59,7Mpps<\/td>\n<\/tr>\n<tr>\n<td width=\"197\">Speicher und Speicherung<\/td>\n<td width=\"591\">Speicher: 32MB; Speicher: 512MB<\/td>\n<\/tr>\n<tr>\n<td width=\"197\">Management-Anschluss<\/td>\n<td width=\"591\">1*Konsolenanschluss; 1*Verwaltungsanschluss<\/td>\n<\/tr>\n<tr>\n<td rowspan=\"6\" width=\"197\">PON<\/td>\n<td width=\"591\">Entspricht den Normen ITU-T G.984\/G.988<\/td>\n<\/tr>\n<tr>\n<td width=\"591\">20 km physische Differenzialdistanz, 60 km logische Distanz<\/td>\n<\/tr>\n<tr>\n<td width=\"591\">1:128 maximales Spaltungsverh\u00e4ltnis<\/td>\n<\/tr>\n<tr>\n<td width=\"591\">Standard-OMCI-Verwaltungsfunktionen<\/td>\n<\/tr>\n<tr>\n<td width=\"591\">Flexibel kompatibel mit jeder ONT-Marke<\/td>\n<\/tr>\n<tr>\n<td width=\"591\">Unterst\u00fctzt Batch-Software-Upgrades f\u00fcr ONUs<\/td>\n<\/tr>\n<tr>\n<td width=\"197\">Fan<\/td>\n<td width=\"591\">2*Feste Ventilatoren<\/td>\n<\/tr>\n<tr>\n<td rowspan=\"2\" width=\"197\">Strom<\/td>\n<td width=\"591\">AC: 100\uff5e240V, 47\/63Hz\uff1b<\/td>\n<\/tr>\n<tr>\n<td width=\"591\">GLEICHSTROM: 12V<\/td>\n<\/tr>\n<tr>\n<td width=\"197\">Stromverbrauch<\/td>\n<td width=\"591\">\u226430W<\/td>\n<\/tr>\n<tr>\n<td width=\"197\">Abmessungen<\/td>\n<td rowspan=\"2\" width=\"591\">265mm*180mm*40mm<\/td>\n<\/tr>\n<tr>\n<td width=\"197\">(B *T *H)<\/td>\n<\/tr>\n<tr>\n<td rowspan=\"2\" width=\"197\">Umgebungstemperatur<\/td>\n<td width=\"591\">Arbeitstemperatur\uff1a-10\u2103\uff5e55\u2103<\/td>\n<\/tr>\n<tr>\n<td width=\"591\">Storge Temperatur\uff1a-40\u2103\uff5e70\u2103<\/td>\n<\/tr>\n<tr>\n<td rowspan=\"2\" width=\"197\">Umgebung Luftfeuchtigkeit<\/td>\n<td width=\"591\">Luftfeuchtigkeit bei Betrieb: 10%\uff5e95% (nicht kondensierend)<\/td>\n<\/tr>\n<tr>\n<td width=\"591\">Luftfeuchtigkeit bei Lagerung: 10%\uff5e95% (nicht kondensierend)<\/td>\n<\/tr>\n<tr>\n<td rowspan=\"2\" width=\"197\">VLAN<\/td>\n<td width=\"591\">Unterst\u00fctzt 4K VLAN 802.1Q<\/td>\n<\/tr>\n<tr>\n<td width=\"591\">Unterst\u00fctzt Dual-Tag-VLAN-Funktionalit\u00e4t, einschlie\u00dflich statischem QinQ auf Basis von Ports und flexiblem QinQ<\/td>\n<\/tr>\n<tr>\n<td rowspan=\"4\" width=\"197\">MAC<\/td>\n<td width=\"591\">Unterst\u00fctzt 16K MAC-Adresstabelleneintr\u00e4ge<\/td>\n<\/tr>\n<tr>\n<td width=\"591\">Unterst\u00fctzt die Konfiguration statischer MAC-Adressen<\/td>\n<\/tr>\n<tr>\n<td width=\"591\">Unterst\u00fctzt Black-Hole-MAC-Adressfilterung<\/td>\n<\/tr>\n<tr>\n<td width=\"591\">Unterst\u00fctzt Port-basierte MAC-Adressgrenzen<\/td>\n<\/tr>\n<tr>\n<td rowspan=\"3\" width=\"197\">Ringnetzwerk-Protokoll<\/td>\n<td width=\"591\">Unterst\u00fctzt STP\/RSTP\/MSTP<\/td>\n<\/tr>\n<tr>\n<td width=\"591\">Unterst\u00fctzt ERPS Ethernet Ring Protection Switching<\/td>\n<\/tr>\n<tr>\n<td width=\"591\">Unterst\u00fctzt Loopback-Erkennung Port Loopback-Erkennung<\/td>\n<\/tr>\n<tr>\n<td rowspan=\"3\" width=\"197\">Hafenkontrolle<\/td>\n<td width=\"591\">Unterst\u00fctzung der Zwei-Wege-Bandbreitenkontrolle<\/td>\n<\/tr>\n<tr>\n<td width=\"591\">Unterst\u00fctzung der Port-Storm-Unterdr\u00fcckung<\/td>\n<\/tr>\n<tr>\n<td width=\"591\">Unterst\u00fctzung von 9K Jumbo Ultra-Long Frame Weiterleitung<\/td>\n<\/tr>\n<tr>\n<td rowspan=\"3\" width=\"197\">Port-Aggregation<\/td>\n<td width=\"591\">Unterst\u00fctzung statischer Link-Aggregation<\/td>\n<\/tr>\n<tr>\n<td width=\"591\">Unterst\u00fctzung von dynamischem LACP<\/td>\n<\/tr>\n<tr>\n<td width=\"591\">Jede Aggregationsgruppe unterst\u00fctzt maximal 8 Ports<\/td>\n<\/tr>\n<tr>\n<td rowspan=\"3\" width=\"197\">ACL<\/td>\n<td width=\"591\">Unterst\u00fctzt Standard- und erweiterte ACLs<\/td>\n<\/tr>\n<tr>\n<td width=\"591\">Unterst\u00fctzt zeitbasierte (Time Range) ACL-Richtlinien<\/td>\n<\/tr>\n<tr>\n<td width=\"591\">Bietet Flussklassifizierung und -definition auf der Grundlage von IP-Paketkopfdaten wie MAC-Quell-\/Zieladresse, VLAN, 802.1p, ToS, DSCP, Quell-\/Ziel-IP-Adresse, L4-Portnummer und Protokolltyp<\/td>\n<\/tr>\n<tr>\n<td rowspan=\"5\" width=\"197\">Qos<\/td>\n<td width=\"591\">Unterst\u00fctzung der Funktion zur Begrenzung der Durchflussmenge auf der Grundlage eines benutzerdefinierten Gesch\u00e4ftsablaufs<\/td>\n<\/tr>\n<tr>\n<td width=\"591\">Unterst\u00fctzt Spiegelungs- und Umleitungsfunktionen basierend auf benutzerdefinierten Gesch\u00e4ftsabl\u00e4ufen<\/td>\n<\/tr>\n<tr>\n<td width=\"591\">Unterst\u00fctzung von Priorit\u00e4tskennzeichnung basierend auf benutzerdefiniertem Dienstfluss, Unterst\u00fctzung von 802.1P, DSCP-Priorit\u00e4t<\/td>\n<\/tr>\n<tr>\n<td width=\"591\">Bemerkungsf\u00e4higkeit Unterst\u00fctzung der portbasierten Priorit\u00e4tsplanungsfunktion<\/td>\n<\/tr>\n<tr>\n<td width=\"591\">Unterst\u00fctzung von Warteschlangenplanungsalgorithmen wie SP\/WRR\/SP+WRR<\/td>\n<\/tr>\n<tr>\n<td rowspan=\"12\" width=\"197\">Sicherheit<\/td>\n<td width=\"591\">Unterst\u00fctzung der hierarchischen Benutzerverwaltung und des Passwortschutzes<\/td>\n<\/tr>\n<tr>\n<td width=\"591\">Unterst\u00fctzt IEEE 802.1X-Authentifizierung\/zentralisierte MAC-Adressen-Authentifizierung<\/td>\n<\/tr>\n<tr>\n<td width=\"591\">Unterst\u00fctzung von Radius- und TACACS+-Authentifizierung<\/td>\n<\/tr>\n<tr>\n<td width=\"591\">Unterst\u00fctzung der MAC-Adresslerngrenze<\/td>\n<\/tr>\n<tr>\n<td width=\"591\">Unterst\u00fctzung der Blackhole-MAC-Funktionalit\u00e4t<\/td>\n<\/tr>\n<tr>\n<td width=\"591\">Unterst\u00fctzt SSH 2.0 und bietet einen sicheren, verschl\u00fcsselten Kanal f\u00fcr die Benutzeranmeldung<\/td>\n<\/tr>\n<tr>\n<td width=\"591\">Unterst\u00fctzt verschl\u00fcsseltes SNMP v3-Management<\/td>\n<\/tr>\n<tr>\n<td width=\"591\">Unterst\u00fctzt Port-Isolierung, mit Hardware-Isolierung von Nachrichten zwischen Ports<\/td>\n<\/tr>\n<tr>\n<td width=\"591\">Unterst\u00fctzt die Ratenbegrenzung f\u00fcr Broadcast-Nachrichten<\/td>\n<\/tr>\n<tr>\n<td width=\"591\">Unterst\u00fctzt IP Source Guard, automatische Erstellung einer IP+MAC+Port+VLAN-Bindungstabelle und manuelle Bindung von Tabelleneintr\u00e4gen<\/td>\n<\/tr>\n<tr>\n<td width=\"591\">Unterst\u00fctzt die automatische Unterdr\u00fcckung von ARP-Flooding-Angriffen und ARP-Spoofing-Schutz<\/td>\n<\/tr>\n<tr>\n<td width=\"591\">Unterst\u00fctzt den Schutz gegen verschiedene auf die CPU abzielende DoS-Angriffe und Virenangriffe auf der Steuerungsebene<\/td>\n<\/tr>\n<tr>\n<td rowspan=\"5\" width=\"197\">Layer-3-Routing<\/td>\n<td width=\"591\">Unterst\u00fctzt ARP-Lernen und -Altern<\/td>\n<\/tr>\n<tr>\n<td width=\"591\">Unterst\u00fctzt die Erstellung von Layer-3-VLAN-Schnittstellen und die Konfiguration von statischen IPv4\/IPv6-Adressen<\/td>\n<\/tr>\n<tr>\n<td width=\"591\">Unterst\u00fctzt die Konfiguration statischer Routen<\/td>\n<\/tr>\n<tr>\n<td width=\"591\">Unterst\u00fctzt RIP\/OSPF-Protokollfunktionen<\/td>\n<\/tr>\n<tr>\n<td width=\"591\">Unterst\u00fctzt VRRP-Protokollfunktionen<\/td>\n<\/tr>\n<tr>\n<td rowspan=\"11\" width=\"197\">Systemverwaltung<\/td>\n<td width=\"591\">Unterst\u00fctzt Konsole\/Telnet\/SSH 2.0-Befehlszeilenkonfiguration<\/td>\n<\/tr>\n<tr>\n<td width=\"591\">Unterst\u00fctzt die Konfigurationsverwaltung \u00fcber einen Webbrowser<\/td>\n<\/tr>\n<tr>\n<td width=\"591\">Unterst\u00fctzt FTP- und TFTP-Datei-Upload\/Download-Management<\/td>\n<\/tr>\n<tr>\n<td width=\"591\">Unterst\u00fctzt SNMP v1\/v2\/v3<\/td>\n<\/tr>\n<tr>\n<td width=\"591\">Unterst\u00fctzt RMON<\/td>\n<\/tr>\n<tr>\n<td width=\"591\">Unterst\u00fctzt SNTP-Uhrensynchronisation<\/td>\n<\/tr>\n<tr>\n<td width=\"591\">Unterst\u00fctzt Systembetriebsprotokolle<\/td>\n<\/tr>\n<tr>\n<td width=\"591\">Unterst\u00fctzt LLDP (Link Layer Discovery Protocol) zur Erkennung von Nachbarger\u00e4ten<\/td>\n<\/tr>\n<tr>\n<td width=\"591\">Unterst\u00fctzt 802.3ah Ethernet OAM (Betrieb, Verwaltung und Wartung)<\/td>\n<\/tr>\n<tr>\n<td width=\"591\">Unterst\u00fctzt RFC 3164 Syslog-Funktionalit\u00e4t<\/td>\n<\/tr>\n<tr>\n<td width=\"591\">Unterst\u00fctzt Ping und Traceroute<\/td>\n<\/tr>\n<\/tbody>\n<\/table>\n<\/div>\n<\/div>","protected":false},"excerpt":{"rendered":"<ul>\n<li>LL-GPOLT-XE-G02, 2 PON GPON OLT max 256 Clients<\/li>\n<li>2 * GPON-Anschluss; 2 * 10\/100\/1000M Base-T<\/li>\n<li>2*1000M Base-X SFP\/2*10GE SFP+<\/li>\n<li>Unterst\u00fctzung der automatischen Erkennung von ONUs, automatische Erkennung und Autorisierung<\/li>\n<li>Unterst\u00fctzt VLAN<\/li>\n<\/ul>","protected":false},"featured_media":18761,"comment_status":"open","ping_status":"closed","template":"","meta":[],"product_brand":[],"product_cat":[360],"product_tag":[1087,229,1086],"class_list":{"0":"post-18754","1":"product","2":"type-product","3":"status-publish","4":"has-post-thumbnail","6":"product_cat-gpon-olt","7":"product_tag-2-pon-gpon-olt","8":"product_tag-gpon-olt","9":"product_tag-ll-gpolt-xe-g02","11":"first","12":"instock","13":"shipping-taxable","14":"purchasable","15":"product-type-variable","16":"has-default-attributes"},"_links":{"self":[{"href":"https:\/\/www.luleey.com\/de\/wp-json\/wp\/v2\/product\/18754","targetHints":{"allow":["GET"]}}],"collection":[{"href":"https:\/\/www.luleey.com\/de\/wp-json\/wp\/v2\/product"}],"about":[{"href":"https:\/\/www.luleey.com\/de\/wp-json\/wp\/v2\/types\/product"}],"replies":[{"embeddable":true,"href":"https:\/\/www.luleey.com\/de\/wp-json\/wp\/v2\/comments?post=18754"}],"wp:featuredmedia":[{"embeddable":true,"href":"https:\/\/www.luleey.com\/de\/wp-json\/wp\/v2\/media\/18761"}],"wp:attachment":[{"href":"https:\/\/www.luleey.com\/de\/wp-json\/wp\/v2\/media?parent=18754"}],"wp:term":[{"taxonomy":"product_brand","embeddable":true,"href":"https:\/\/www.luleey.com\/de\/wp-json\/wp\/v2\/product_brand?post=18754"},{"taxonomy":"product_cat","embeddable":true,"href":"https:\/\/www.luleey.com\/de\/wp-json\/wp\/v2\/product_cat?post=18754"},{"taxonomy":"product_tag","embeddable":true,"href":"https:\/\/www.luleey.com\/de\/wp-json\/wp\/v2\/product_tag?post=18754"}],"curies":[{"name":"wp","href":"https:\/\/api.w.org\/{rel}","templated":true}]}}