{"id":18779,"date":"2025-08-03T10:38:42","date_gmt":"2025-08-03T02:38:42","guid":{"rendered":"https:\/\/www.luleey.com\/?post_type=product&#038;p=18779"},"modified":"2026-03-26T10:24:10","modified_gmt":"2026-03-26T02:24:10","slug":"xgspon-stick-onu-sfp-transceiverxgpon-onu-ll-xs1010","status":"publish","type":"product","link":"https:\/\/www.luleey.com\/de\/produkt-2\/xgspon-stick-onu-sfp-transceiverxgpon-onu-ll-xs1010\/","title":{"rendered":"XGSPON STICK ONU SFP+ Sendeempf\u00e4nger,XGPON ONU, LL-XS1010"},"content":{"rendered":"<p id=\"wd-d2e83ba1\" class=\"wp-block-wd-paragraph\"><\/p>\n\n\n\n<figure class=\"wp-block-table\"><table class=\"has-fixed-layout\"><tbody><tr><td>Produktname<\/td><td>XGSPON STICK ONU SFP+ Transceiver<\/td><\/tr><tr><td>Marke<\/td><td>LuLeey<\/td><\/tr><tr><td>Modell<\/td><td>LL-xs1010<\/td><\/tr><tr><td>Chips<\/td><td>MaxLinear PRX126<\/td><\/tr><tr><td>RAM<\/td><td>1G<\/td><\/tr><\/tbody><\/table><\/figure>\n\n\n\n<ul class=\"wp-block-list\">\n<li>Kundenspezifisches XGS-PON SFP+ Stick-Modul, unterst\u00fctzt 8311 Community-Firmware.<\/li>\n\n\n\n<li>Hohe Leistung mit 1 GB RAM<\/li>\n\n\n\n<li>Weit verbreitet bei US\/CA\/UK-Telekommunikationsanbietern, wie AT&amp;T, Orange Business, Telus<\/li>\n\n\n\n<li>Unterst\u00fctzt modifizierte PON-Seriennummer (ONT-ID)\/Hersteller-ID\/Ger\u00e4te-ID\/Logische ONU-ID\/Logisches Passwort\/MAC.....<\/li>\n\n\n\n<li>Unterst\u00fctzung von XGS-PON\/XGPON-Netzwerkl\u00f6sungen<\/li>\n<\/ul>\n\n\n\n<p id=\"wd-b1a542b0\" class=\"wp-block-wd-paragraph\"><a href=\"https:\/\/www.luleey.com\/de\/amazing-10g-xgs-pon-stick-xgpon-sfp-onu-ll-xs1025\/\">wie zu verwenden<\/a><\/p>\n\n\n\n<p id=\"wd-2f2af276\" class=\"wp-block-wd-paragraph\"><strong>Produktmerkmale<\/strong><\/p>\n\n\n\n<ul class=\"wp-block-list\">\n<li>Einfaseriger XGS-PON ONU-Transceiver<\/li>\n\n\n\n<li>1270-nm-Sender im Burst-Modus mit 9,953 Gbit\/s und DFB-Laser<\/li>\n\n\n\n<li>APD-TIA-Empf\u00e4nger im 1577nm-Dauerbetrieb mit 9,953 Gb\/s<\/li>\n\n\n\n<li>SFP+-Geh\u00e4use mit SC UPC-Buchsenstecker<\/li>\n\n\n\n<li>Digitale Diagnose\u00fcberwachung (DDM) mit interner Kalibrierung<\/li>\n\n\n\n<li>Betriebstemperatur des Geh\u00e4uses 0 bis 70\u00b0C<\/li>\n\n\n\n<li>Getrennte +3,3-V-Stromversorgung, geringe Verlustleistung<\/li>\n\n\n\n<li>Konform mit SFF-8431\/SFF-8472\/ GR-468<\/li>\n\n\n\n<li>Konform mit MIL-STD-883<\/li>\n\n\n\n<li>FCC Teil 15 Klasse B\/EN55022 Klasse B (CISPR 22B)\/ VCCI Klasse B-konform<\/li>\n\n\n\n<li>Lasersicherheitsstandard der Klasse I gem\u00e4\u00df IEC-60825<\/li>\n\n\n\n<li>RoHS-6-Konformit\u00e4t<\/li>\n<\/ul>\n\n\n\n<p id=\"wd-13bb8fb7\" class=\"wp-block-wd-paragraph\"><strong>Software-Merkmale<\/strong><\/p>\n\n\n\n<ul class=\"wp-block-list\">\n<li>Konform mit ITU-T G.988 OMCI Management<\/li>\n\n\n\n<li>Unterst\u00fctzung von 4K MAC-Eintr\u00e4gen<\/li>\n\n\n\n<li>Unterst\u00fctzung von IGMPv3\/MLDv2 und 512 IP-Multicast-Adresseintr\u00e4gen<\/li>\n\n\n\n<li>Unterst\u00fctzung erweiterter Datenfunktionen wie VLAN-Tag-Manipulation, Klassifizierung und Filterung<\/li>\n\n\n\n<li>Unterst\u00fctzung von \u201cPlug-and-play\u201d durch automatische Erkennung und Konfiguration<\/li>\n\n\n\n<li>Unterst\u00fctzung der Erkennung von Rogue ONUs<\/li>\n\n\n\n<li>Daten\u00fcbertragung mit Leitungsgeschwindigkeit f\u00fcr alle Paketgr\u00f6\u00dfen<\/li>\n\n\n\n<li>Unterst\u00fctzt Jumbo Frames bis zu 9840 Bytes<\/li>\n<\/ul>\n\n\n\n<p id=\"wd-0dceb00b\" class=\"wp-block-wd-paragraph\"><strong>Allgemeine Beschreibung<\/strong><\/p>\n\n\n\n<p id=\"wd-8981c4cb\" class=\"wp-block-wd-paragraph\">Der XGS-PON ONU Stick Transceiver ist ein optisches Netzwerkterminal (ONT) mit Small Form-factor Pluggable (SFP+) Geh\u00e4use. Der XGS-PON ONU-Stick integriert eine bidirektionale (max. 10Gbit\/s) optische Transceiver-Funktion und eine 2nd-Layer-Funktion. Der XGS-PON ONU-Stick wird \u00fcber einen Standard-SFP-Port direkt in das Kundenger\u00e4t (CPE) eingesteckt und bietet eine Multiprotokoll-Verbindung zum CPE, ohne dass eine separate Stromversorgung erforderlich ist.<\/p>\n\n\n\n<p id=\"wd-78130583\" class=\"wp-block-wd-paragraph\">Der Sender ist f\u00fcr Singlemode-Fasern ausgelegt und arbeitet mit einer Wellenl\u00e4nge von 1270 nm. Der Sender verwendet eine DFB-Laserdiode und ist vollst\u00e4ndig konform mit IEC-60825 und CDRH Klasse 1 Augensicherheit. Er enth\u00e4lt APC-Funktionen, eine Temperaturkompensationsschaltung, um die Einhaltung der ITU-T G.9807-Anforderungen bei Betriebstemperatur zu gew\u00e4hrleisten.<\/p>\n\n\n\n<p id=\"wd-dbedb9f9\" class=\"wp-block-wd-paragraph\">Der Empf\u00e4ngerteil verwendet eine hermetisch verpackte APD-TIA (APD mit Transimpedanzverst\u00e4rker) und einen Begrenzungsverst\u00e4rker. Die APD wandelt die optische Leistung in elektrischen Strom um, und der Strom wird durch den Transimpedanzverst\u00e4rker in Spannung umgewandelt. Die Differenzsignale werden durch den Begrenzungsverst\u00e4rker erzeugt. Die APD-TIA ist \u00fcber einen Tiefpassfilter mit dem Begrenzungsverst\u00e4rker wechselstromgekoppelt.<\/p>\n\n\n\n<p id=\"wd-a3a6a909\" class=\"wp-block-wd-paragraph\">Der XGS-PON ONU-Stick unterst\u00fctzt ein hochentwickeltes ONT-Managementsystem, einschlie\u00dflich Alarmen, Provisioning, DHCP- und IGMP-Funktionen f\u00fcr eine eigenst\u00e4ndige IPTV-L\u00f6sung am ONT. Er kann vom OLT \u00fcber G.988 OMCI verwaltet werden.<\/p>\n\n\n\n<p id=\"wd-27842e82\" class=\"wp-block-wd-paragraph\"><a><strong>Blockdiagramm<\/strong><\/a><\/p>\n\n\n\n<figure class=\"wp-block-image size-full\"><img loading=\"lazy\" decoding=\"async\" width=\"969\" height=\"348\" src=\"https:\/\/www.luleey.com\/wp-content\/uploads\/2025\/08\/image.png\" alt=\"\" class=\"wp-image-18790\" title=\"\" srcset=\"https:\/\/www.luleey.com\/wp-content\/uploads\/2025\/08\/image.png 969w, https:\/\/www.luleey.com\/wp-content\/uploads\/2025\/08\/image-800x287.png 800w, https:\/\/www.luleey.com\/wp-content\/uploads\/2025\/08\/image-768x276.png 768w, https:\/\/www.luleey.com\/wp-content\/uploads\/2025\/08\/image-18x6.png 18w, https:\/\/www.luleey.com\/wp-content\/uploads\/2025\/08\/image-150x54.png 150w\" sizes=\"auto, (max-width: 969px) 100vw, 969px\" \/><\/figure>\n\n\n\n<p id=\"wd-a3d6a69f\" class=\"wp-block-wd-paragraph\"><strong>Abbildung 1 Blockdiagramm<\/strong><\/p>\n\n\n\n<p id=\"wd-9d94d40e\" class=\"wp-block-wd-paragraph\"><strong>Absolute Maximalwerte<\/strong><\/p>\n\n\n\n<figure class=\"wp-block-table\"><table class=\"has-fixed-layout\"><tbody><tr><td><strong>Parameter<\/strong><\/td><td><strong>Symbol<\/strong><\/td><td><strong>Min<\/strong><\/td><td><strong>Max<\/strong><\/td><td><strong>Einheit<\/strong><\/td><td><strong>Hinweis<\/strong><\/td><\/tr><tr><td>Lagerung Umgebungstemperatur<\/td><td>T<sub>STG<\/sub><\/td><td>-40<\/td><td>85<\/td><td>\u00b0C<\/td><td>&nbsp;<\/td><\/tr><tr><td>Betriebstemperatur des Geh\u00e4uses<\/td><td>T<sub>c<\/sub><\/td><td>0<\/td><td>70<\/td><td>\u00b0C<\/td><td>C-Temp<\/td><\/tr><tr><td>Relative Luftfeuchtigkeit<\/td><td>RH<\/td><td>5<\/td><td>85<\/td><td>%<\/td><td>&nbsp;<\/td><\/tr><tr><td>Stromversorgungsspannung<\/td><td>V<sub>CC<\/sub><\/td><td>0<\/td><td>3.63<\/td><td>V<\/td><td>&nbsp;<\/td><\/tr><\/tbody><\/table><\/figure>\n\n\n\n<p id=\"wd-d9e57dee\" class=\"wp-block-wd-paragraph\"><strong>Empfohlene Betriebsbedingungen<\/strong><\/p>\n\n\n\n<figure class=\"wp-block-table\"><table class=\"has-fixed-layout\"><thead><tr><td><strong>Parameter<\/strong><\/td><td><strong>Symbol<\/strong><\/td><td><strong>Min<\/strong><\/td><td><strong>Typisch<\/strong><\/td><td><strong>Max<\/strong><\/td><td><strong>Einheit<\/strong><\/td><td><strong>Hinweis<\/strong><\/td><\/tr><\/thead><tbody><tr><td>Betriebsspannung<\/td><td>V<sub>CC<\/sub><\/td><td>3.14<\/td><td>3.3<\/td><td>3.46<\/td><td>V<\/td><td>&nbsp;<\/td><\/tr><tr><td>Verlustleistung<\/td><td>PD<\/td><td>&nbsp;<\/td><td>&nbsp;<\/td><td>3<\/td><td>W<\/td><td>&nbsp;<\/td><\/tr><tr><td>Betriebstemperatur des Geh\u00e4uses<\/td><td>T<sub>c<\/sub><\/td><td>0<\/td><td>&nbsp;<\/td><td>70<\/td><td>\u00b0C<\/td><td>C-Temp<\/td><\/tr><tr><td>Luftfeuchtigkeitsbereich bei Betrieb<\/td><td>OH<\/td><td>5<\/td><td>&nbsp;<\/td><td>85<\/td><td>%<\/td><td>&nbsp;<\/td><\/tr><tr><td>Bitrate (TX)<\/td><td>&nbsp;<\/td><td>&nbsp;<\/td><td>9.953<\/td><td>&nbsp;<\/td><td>Gbit\/s<\/td><td>&nbsp;<\/td><\/tr><tr><td>Bitrate (TX)<\/td><td>&nbsp;<\/td><td>&nbsp;<\/td><td>9.953<\/td><td>&nbsp;<\/td><td>Gbit\/s<\/td><td>&nbsp;<\/td><\/tr><tr><td>\u00dcbertragungsentfernung<\/td><td>&nbsp;<\/td><td>-<\/td><td>-<\/td><td>20<\/td><td>KM<\/td><td>&nbsp;<\/td><\/tr><\/tbody><\/table><\/figure>\n\n\n\n<p id=\"wd-c2b7b11b\" class=\"wp-block-wd-paragraph\"><strong>Optische Merkmale<\/strong><\/p>\n\n\n\n<figure class=\"wp-block-table\"><table class=\"has-fixed-layout\"><thead><tr><td colspan=\"7\"><strong>Sender 10G<\/strong><strong><\/strong><\/td><\/tr><tr><td><strong>Parameter<\/strong><\/td><td><strong>Symbol<\/strong><\/td><td><strong>Min<\/strong><\/td><td><strong>Typisch<\/strong><\/td><td><strong>Max<\/strong><\/td><td><strong>Einheit<\/strong><\/td><td><strong>Hinweis<\/strong><\/td><\/tr><tr><td>Zentraler Wellenl\u00e4ngenbereich<\/td><td>\u03bb<sub>C<\/sub><\/td><td>1260<\/td><td>1270<\/td><td>1280<\/td><td>nm<\/td><td>&nbsp;<\/td><\/tr><tr><td>Verh\u00e4ltnis der Seitenmodusunterdr\u00fcckung<\/td><td>SMSR<\/td><td>30<\/td><td>&nbsp;<\/td><td>&nbsp;<\/td><td>dB<\/td><td>&nbsp;<\/td><\/tr><tr><td>Spektrale Breite (-20dB)<\/td><td>\u2206\u03bb<\/td><td>&nbsp;<\/td><td>&nbsp;<\/td><td>1<\/td><td>nm<\/td><td>&nbsp;<\/td><\/tr><tr><td>Durchschnittliche optische Startleistung<\/td><td>P<sub>OUT<\/sub><\/td><td>+5<\/td><td>&nbsp;<\/td><td>+9<\/td><td>dBm<\/td><td rowspan=\"2\">1<\/td><\/tr><tr><td>Power-OFF Optische Leistung des Senders<\/td><td>P<sub>AUS<\/sub><\/td><td>&nbsp;<\/td><td>&nbsp;<\/td><td>-45<\/td><td>dBm<\/td><\/tr><tr><td>Extinktionskoeffizient<\/td><td>ER<\/td><td>6<\/td><td>&nbsp;<\/td><td>&nbsp;<\/td><td>dB<\/td><td>&nbsp;<\/td><\/tr><tr><td>Diagramm der optischen Wellenform<\/td><td colspan=\"5\">Konform mit ITU-T G.9807.1<\/td><td>&nbsp;<\/td><\/tr><tr><td colspan=\"7\"><strong>Empf\u00e4nger 10G<\/strong><strong><\/strong><\/td><\/tr><tr><td>Zentraler Wellenl\u00e4ngenbereich<\/td><td>&nbsp;<\/td><td>1570<\/td><td>1577<\/td><td>1580<\/td><td>nm &nbsp;<\/td><td>&nbsp;<\/td><\/tr><tr><td>\u00dcberlastung<\/td><td>PSAT<\/td><td>-8<\/td><td>-<\/td><td>-<\/td><td>dBm<\/td><td>&nbsp;<\/td><\/tr><tr><td>Empfindlichkeit (BOL Volltemp.)<\/td><td>Sen<\/td><td>-<\/td><td>-<\/td><td>-28.5<\/td><td>dBm<\/td><td>2<\/td><\/tr><tr><td>Bitfehler-Ratio<\/td><td>&nbsp;<\/td><td colspan=\"3\">10E-3<\/td><td>&nbsp;<\/td><td>&nbsp;<\/td><\/tr><tr><td>Signalverlust Best\u00e4tigungspegel<\/td><td>P<sub>LOSA<\/sub><\/td><td>-45<\/td><td>-<\/td><td>-<\/td><td>dBm<\/td><td>&nbsp;<\/td><\/tr><tr><td>Signalverlust Deassert Level<\/td><td>P<sub>LOSD<\/sub><\/td><td>-<\/td><td>-<\/td><td>-30<\/td><td>dBm<\/td><td>&nbsp;<\/td><\/tr><tr><td>LOS-Hysterese<\/td><td>&nbsp;<\/td><td>1<\/td><td>-<\/td><td>5<\/td><td>dBm<\/td><td>&nbsp;<\/td><\/tr><tr><td>Empf\u00e4nger Reflexionsgrad<\/td><td>&nbsp;<\/td><td>-<\/td><td>-<\/td><td>-20<\/td><td>dB<\/td><td>&nbsp;<\/td><\/tr><tr><td>Isolierung (1400~1560nm)<\/td><td>&nbsp;<\/td><td>35<\/td><td>&nbsp;<\/td><td>&nbsp;<\/td><td>dB<\/td><td>&nbsp;<\/td><\/tr><tr><td>Isolation(1600~1675nm)<\/td><td>&nbsp;<\/td><td>35<\/td><td>&nbsp;<\/td><td>&nbsp;<\/td><td>dB<\/td><td>&nbsp;<\/td><\/tr><tr><td>Isolation(1575~1580nm)<\/td><td>&nbsp;<\/td><td>34.5<\/td><td>&nbsp;<\/td><td>&nbsp;<\/td><td>dB<\/td><td>&nbsp;<\/td><\/tr><\/thead><\/table><\/figure>\n\n\n\n<p id=\"wd-a106e64e\" class=\"wp-block-wd-paragraph\">Anmerkung 1: Eingespeist in 9\/125um Single Mode Fiber.<\/p>\n\n\n\n<p id=\"wd-c28eb775\" class=\"wp-block-wd-paragraph\">Anmerkung 2: Gemessen mit einem PRBS 2^31-1 Testmuster @9.9532Gbps und ER=6dB, BER \u226410-3.<\/p>\n\n\n\n<p id=\"wd-ea574766\" class=\"wp-block-wd-paragraph\"><strong>Elektrische Eigenschaften<\/strong><\/p>\n\n\n\n<figure class=\"wp-block-table\"><table class=\"has-fixed-layout\"><thead><tr><td colspan=\"7\"><strong>Sender<\/strong><strong><\/strong><\/td><\/tr><tr><td><strong>Parameter<\/strong><\/td><td><strong>Symbol<\/strong><\/td><td><strong>Min<\/strong><\/td><td><strong>Typisch<\/strong><\/td><td><strong>Max<\/strong><\/td><td><strong>Einheit<\/strong><\/td><td><strong>Anmerkungen<\/strong><\/td><\/tr><tr><td>Dateneingang Differentialschwingung<\/td><td>V<sub>IN<\/sub><\/td><td>100<\/td><td>&nbsp;<\/td><td>1000<\/td><td>mV<sub>p-p<\/sub><\/td><td>&nbsp;<\/td><\/tr><tr><td>Differentiale Eingangsimpedanz<\/td><td>Z<sub>IN<\/sub><\/td><td>90<\/td><td>100<\/td><td>110<\/td><td>\u03a9<\/td><td>&nbsp;<\/td><\/tr><tr><td>Deaktivierungsspannung des Senders - niedrig<\/td><td>V<sub>L<\/sub><\/td><td>0<\/td><td>-<\/td><td>0.8<\/td><td>V<\/td><td>&nbsp;<\/td><\/tr><tr><td>Deaktivierungsspannung des Senders - Hoch<\/td><td>V<sub>H<\/sub><\/td><td>2.0<\/td><td>-<\/td><td>V<sub>CC<\/sub><\/td><td>V<\/td><td>&nbsp;<\/td><\/tr><tr><td>Burst Einschaltzeit<\/td><td>T<sub>BURST_ON<\/sub><\/td><td>-<\/td><td>-<\/td><td>512<\/td><td>ns<\/td><td>&nbsp;<\/td><\/tr><tr><td>Burst-Ausschaltzeit<\/td><td>T<sub>BURST_OFF<\/sub><\/td><td>-<\/td><td>-<\/td><td>512<\/td><td>ns<\/td><td>&nbsp;<\/td><\/tr><tr><td>TX-Fehlerbest\u00e4tigungszeit<\/td><td>T<sub>FAULT_ON<\/sub><\/td><td>-<\/td><td>-<\/td><td>50<\/td><td>ms<\/td><td>&nbsp;<\/td><\/tr><tr><td>TX-Fehlerr\u00fcckstellzeit<\/td><td>T<sub>FAULT_RESET<\/sub><\/td><td>10<\/td><td>-<\/td><td>-<\/td><td>us<\/td><td>&nbsp;<\/td><\/tr><tr><td colspan=\"7\"><strong>Empf\u00e4nger<\/strong><strong><\/strong><\/td><\/tr><tr><td>Datenausgang Differentialschwingung<\/td><td>&nbsp;<\/td><td>900<\/td><td>1000<\/td><td>1100<\/td><td>mV<\/td><td>&nbsp;<\/td><\/tr><tr><td>Ausgangs-Differenzialimpedanz<\/td><td>R<sub>OUT<\/sub><\/td><td>90<\/td><td>100<\/td><td>110<\/td><td>\u03a9<\/td><td>&nbsp;<\/td><\/tr><tr><td>Signalverlust (LOS) Best\u00e4tigungszeit<\/td><td>T<sub>LOSA<\/sub><\/td><td>&nbsp;<\/td><td>&nbsp;<\/td><td>100<\/td><td>us<\/td><td>&nbsp;<\/td><\/tr><tr><td>Signalverlust (LOS) Deassert-Zeit<\/td><td>T<sub>LOSD<\/sub><\/td><td>&nbsp;<\/td><td>&nbsp;<\/td><td>100<\/td><td>us<\/td><td>&nbsp;<\/td><\/tr><tr><td>LOS Niederspannung<\/td><td>V<sub>OL<\/sub><\/td><td>0<\/td><td>&nbsp;<\/td><td>0.4<\/td><td>V<\/td><td>&nbsp;<\/td><\/tr><tr><td>LOS Hochspannung<\/td><td>V<sub>OH<\/sub><\/td><td>2.4<\/td><td>&nbsp;<\/td><td>V<sub>CC<\/sub><\/td><td>V<\/td><td>&nbsp;<\/td><\/tr><\/thead><\/table><\/figure>\n\n\n\n<p id=\"wd-f57ce95e\" class=\"wp-block-wd-paragraph\">Anmerkung 1: Gemessen mit einem PRBS 2<sup>23<\/sup>-1 Testmuster bei 2,488Gbit\/s und ER=9dB, BER =10<sup>-12<\/sup>.<\/p>\n\n\n\n<p id=\"wd-d3de5b48\" class=\"wp-block-wd-paragraph\">Anmerkung 2: Eine Verringerung der optischen Leistung \u00fcber den angegebenen Wert hinaus f\u00fchrt dazu, dass der Los-Ausgang von einem niedrigen Zustand in einen hohen Zustand \u00fcbergeht;<\/p>\n\n\n\n<p id=\"wd-b37dbe3f\" class=\"wp-block-wd-paragraph\">Eine Erh\u00f6hung der optischen Leistung unter den angegebenen Wert f\u00fchrt dazu, dass der Ausgang von Los von einem hohen in einen niedrigen Zustand \u00fcbergeht.<\/p>\n\n\n\n<p id=\"wd-3b81b342\" class=\"wp-block-wd-paragraph\">Anmerkung 3: CML-Ausgang, intern AC-gekoppelt, garantiert im gesamten Bereich der optischen Eingangsleistung (-8dBm bis -28dBm).<\/p>\n\n\n\n<p id=\"wd-697007f3\" class=\"wp-block-wd-paragraph\"><strong>Empfohlener Stromversorgungsschaltkreis der Hostkarte<\/strong><\/p>\n\n\n\n<figure class=\"wp-block-image size-full\"><img loading=\"lazy\" decoding=\"async\" width=\"969\" height=\"390\" src=\"https:\/\/www.luleey.com\/wp-content\/uploads\/2025\/08\/image-1.png\" alt=\"\" class=\"wp-image-18791\" title=\"\" srcset=\"https:\/\/www.luleey.com\/wp-content\/uploads\/2025\/08\/image-1.png 969w, https:\/\/www.luleey.com\/wp-content\/uploads\/2025\/08\/image-1-800x322.png 800w, https:\/\/www.luleey.com\/wp-content\/uploads\/2025\/08\/image-1-768x309.png 768w, https:\/\/www.luleey.com\/wp-content\/uploads\/2025\/08\/image-1-18x7.png 18w, https:\/\/www.luleey.com\/wp-content\/uploads\/2025\/08\/image-1-150x60.png 150w\" sizes=\"auto, (max-width: 969px) 100vw, 969px\" \/><\/figure>\n\n\n\n<p id=\"wd-1507215d\" class=\"wp-block-wd-paragraph\"><strong>Abbildung 2 Empfohlener Stromversorgungsschaltkreis der Host-Karte<\/strong><\/p>\n\n\n\n<p id=\"wd-646395ba\" class=\"wp-block-wd-paragraph\"><strong>EEPROM-Informationen<\/strong><\/p>\n\n\n\n<figure class=\"wp-block-image size-full\"><img loading=\"lazy\" decoding=\"async\" width=\"633\" height=\"554\" src=\"https:\/\/www.luleey.com\/wp-content\/uploads\/2025\/08\/image-2.png\" alt=\"\" class=\"wp-image-18792\" title=\"\" srcset=\"https:\/\/www.luleey.com\/wp-content\/uploads\/2025\/08\/image-2.png 633w, https:\/\/www.luleey.com\/wp-content\/uploads\/2025\/08\/image-2-14x12.png 14w, https:\/\/www.luleey.com\/wp-content\/uploads\/2025\/08\/image-2-150x131.png 150w\" sizes=\"auto, (max-width: 633px) 100vw, 633px\" \/><\/figure>\n\n\n\n<p id=\"wd-053261ba\" class=\"wp-block-wd-paragraph\"><strong>Abbildung 3 EEPROM-Informationen<\/strong><\/p>\n\n\n\n<p id=\"wd-c0ffe8da\" class=\"wp-block-wd-paragraph\"><strong>Mechanische Abmessungen<\/strong><\/p>\n\n\n\n<figure class=\"wp-block-image size-full\"><img loading=\"lazy\" decoding=\"async\" width=\"969\" height=\"582\" src=\"https:\/\/www.luleey.com\/wp-content\/uploads\/2025\/08\/image-3.png\" alt=\"\" class=\"wp-image-18793\" title=\"\" srcset=\"https:\/\/www.luleey.com\/wp-content\/uploads\/2025\/08\/image-3.png 969w, https:\/\/www.luleey.com\/wp-content\/uploads\/2025\/08\/image-3-800x480.png 800w, https:\/\/www.luleey.com\/wp-content\/uploads\/2025\/08\/image-3-768x461.png 768w, https:\/\/www.luleey.com\/wp-content\/uploads\/2025\/08\/image-3-18x12.png 18w, https:\/\/www.luleey.com\/wp-content\/uploads\/2025\/08\/image-3-150x90.png 150w\" sizes=\"auto, (max-width: 969px) 100vw, 969px\" \/><\/figure>\n\n\n\n<p id=\"wd-d328771d\" class=\"wp-block-wd-paragraph\"><strong>Abbildung 4 Geh\u00e4useumriss (Einheit: mm)<\/strong><\/p>\n\n\n\n<p id=\"wd-20c93c6b\" class=\"wp-block-wd-paragraph\"><strong>Pin Out Zeichnung<\/strong><\/p>\n\n\n\n<figure class=\"wp-block-image size-full\"><img loading=\"lazy\" decoding=\"async\" width=\"699\" height=\"483\" src=\"https:\/\/www.luleey.com\/wp-content\/uploads\/2025\/08\/image-4.png\" alt=\"\" class=\"wp-image-18794\" title=\"\" srcset=\"https:\/\/www.luleey.com\/wp-content\/uploads\/2025\/08\/image-4.png 699w, https:\/\/www.luleey.com\/wp-content\/uploads\/2025\/08\/image-4-18x12.png 18w, https:\/\/www.luleey.com\/wp-content\/uploads\/2025\/08\/image-4-150x104.png 150w\" sizes=\"auto, (max-width: 699px) 100vw, 699px\" \/><\/figure>\n\n\n\n<p id=\"wd-7e068c32\" class=\"wp-block-wd-paragraph\"><strong>Abbildung 5 Pin Out Drawing<\/strong><\/p>\n\n\n\n<p id=\"wd-a64af055\" class=\"wp-block-wd-paragraph\"><strong>Pin Beschreibung<\/strong><\/p>\n\n\n\n<figure class=\"wp-block-table\"><table class=\"has-fixed-layout\"><thead><tr><td><strong>PIN<\/strong><\/td><td><strong>Name<\/strong><\/td><td><strong>Beschreibung<\/strong><\/td><td><strong>Anmerkungen<\/strong><\/td><\/tr><\/thead><tbody><tr><td>1<\/td><td>VeeT<\/td><td>Modul Sendererde<\/td><td>&nbsp;<\/td><\/tr><tr><td>2<\/td><td>Tx-St\u00f6rung\/ToD<\/td><td>Tx-St\u00f6rung\/Tageszeit<\/td><td>1<\/td><\/tr><tr><td>3<\/td><td>Tx-Sperre<\/td><td>Transmitter Disable; schaltet den Laserausgang des Senders aus<\/td><td>&nbsp;<\/td><\/tr><tr><td>4<\/td><td>SDA<\/td><td>SDA I2C-Datenleitung (MOD-DEF2)<\/td><td>2<\/td><\/tr><tr><td>5<\/td><td>SCL<\/td><td>SCL I2C-Taktleitung (MOD-DEF1)<\/td><td>2<\/td><\/tr><tr><td>6<\/td><td>MOD_ABS<\/td><td>Modul Abwesend, angeschlossen an VeeR oder VeeT im Modul<\/td><td>&nbsp;<\/td><\/tr><tr><td>7<\/td><td>STERBENDES AUFATMEN<\/td><td>Indikator f\u00fcr die Meldung \"Sterbender Atem<\/td><td>3<\/td><\/tr><tr><td>8<\/td><td>LOS<\/td><td>Verlust des Signals<\/td><td>&nbsp;<\/td><\/tr><tr><td>9<\/td><td>VeeR\/1PPS<\/td><td>Modul-Empf\u00e4nger-Masse\/1 Impuls pro Sekunde<\/td><td>4 1<\/td><\/tr><tr><td>10<\/td><td>VeeR<\/td><td>Modul-Empf\u00e4nger-Masse<\/td><td>&nbsp;<\/td><\/tr><tr><td>11<\/td><td>VeeR<\/td><td>Modul-Empf\u00e4nger-Masse<\/td><td>&nbsp;<\/td><\/tr><tr><td>12<\/td><td>RD-<\/td><td>Empfangene invertierte Datenausgabe<\/td><td>&nbsp;<\/td><\/tr><tr><td>13<\/td><td>RD+<\/td><td>Ausgabe der empfangenen Daten<\/td><td>&nbsp;<\/td><\/tr><tr><td>14<\/td><td>VeeR<\/td><td>Modul-Empf\u00e4nger-Masse<\/td><td>&nbsp; &nbsp;<\/td><\/tr><tr><td>15<\/td><td>VccR<\/td><td>Modul-Empf\u00e4nger 3,3V Versorgung<\/td><td>&nbsp;<\/td><\/tr><tr><td>16<\/td><td>VccT<\/td><td>Modul Sender 3,3V Versorgung<\/td><td>&nbsp;<\/td><\/tr><tr><td>17<\/td><td>VeeT<\/td><td>Modul Sendererde<\/td><td>&nbsp; &nbsp;<\/td><\/tr><tr><td>18<\/td><td>TD+<\/td><td>Dateneingang des Senders<\/td><td>&nbsp;<\/td><\/tr><tr><td>19<\/td><td>TD-<\/td><td>Invertierter Dateneingang des Senders<\/td><td>&nbsp;<\/td><\/tr><tr><td>20<\/td><td>VeeT<\/td><td>Modul Sendererde<\/td><td>&nbsp;<\/td><\/tr><\/tbody><\/table><\/figure>\n\n\n\n<p id=\"wd-a9d80588\" class=\"wp-block-wd-paragraph\">Anmerkungen:<\/p>\n\n\n\n<p id=\"wd-c1886324\" class=\"wp-block-wd-paragraph\">1. Der Standard-Werksmodus ist Tx Fault. Bei Anwendungen des Typs Small Cell wird w\u00e4hrend der Aktivierung\/Bereitstellung<\/p>\n\n\n\n<p id=\"wd-24d04260\" class=\"wp-block-wd-paragraph\">auf ToD konfigurierte Software.<\/p>\n\n\n\n<p id=\"wd-dc990095\" class=\"wp-block-wd-paragraph\">2. Dieser PIN ist ein Open-Collector\/Drain-Ausgangspin und muss mit 4,7K-10K Ohm an einen Host_Vcc auf dem<\/p>\n\n\n\n<p id=\"wd-39a46827\" class=\"wp-block-wd-paragraph\">Wirtstafel.<\/p>\n\n\n\n<p id=\"wd-26117c1e\" class=\"wp-block-wd-paragraph\">3. PIN7 kann die Funktion Dying Gasp unterst\u00fctzen. Die Dying Gasp Funktion wird von der Software verwaltet. Wenn die Software die Sterbegasfunktion ausschaltet<\/p>\n\n\n\n<p id=\"wd-ab8f936a\" class=\"wp-block-wd-paragraph\">Gasp-Funktion, kein Einfluss auf das Modul, wenn logisch \u201c0\u201d oder \u201c1\u201d. Wenn die Software die Funktion einschaltet, hat das keinen Einfluss auf das<\/p>\n\n\n\n<p id=\"wd-7e8206e1\" class=\"wp-block-wd-paragraph\">Modul, wenn logisch \u201c1\u201d; wenn logisch \u201c0\u201d, meldet das Modul dem OLT, dass es stirbt, und das Modul wiederholt den Neustart.<\/p>\n\n\n\n<p id=\"wd-7f9b7048\" class=\"wp-block-wd-paragraph\">4. Der Standard-Werksmodus ist Veer. Bei Anwendungen des Typs Small Cell wird w\u00e4hrend der Aktivierung\/Bereitstellung die Software<\/p>\n\n\n\n<p id=\"wd-72b48888\" class=\"wp-block-wd-paragraph\">auf 1PPS konfiguriert.<\/p>","protected":false},"excerpt":{"rendered":"<ul>\n<li>XGSPON STICK ONU SFP+ Transceiver unterst\u00fctzen 20 km \u00dcbertragungsstrecke mit SMF<\/li>\n<li>SFP-Geh\u00e4use mit SC APC\/UPC-Buchse<\/li>\n<li>Unterst\u00fctzung von XGPON\/XGS-PON<\/li>\n<li>XGSPON STICK Unterst\u00fctzt symmetrische und asymmetrische Protokolle<\/li>\n<\/ul>","protected":false},"featured_media":18795,"comment_status":"open","ping_status":"closed","template":"","meta":[],"product_brand":[],"product_cat":[349],"product_tag":[513,1092,568,1006,564,342,1005],"class_list":{"0":"post-18779","1":"product","2":"type-product","3":"status-publish","4":"has-post-thumbnail","6":"product_cat-10g-epon-onu-xg-pon-xgs-pon","7":"product_tag-10g-onu","8":"product_tag-ll-xs1010","9":"product_tag-was-110","10":"product_tag-x-onu-sfpp","11":"product_tag-xgpon","12":"product_tag-xgspon-stick","13":"product_tag-xgsponst2000","15":"first","16":"instock","17":"sale","18":"featured","19":"shipping-taxable","20":"purchasable","21":"product-type-variable","22":"has-default-attributes"},"_links":{"self":[{"href":"https:\/\/www.luleey.com\/de\/wp-json\/wp\/v2\/product\/18779","targetHints":{"allow":["GET"]}}],"collection":[{"href":"https:\/\/www.luleey.com\/de\/wp-json\/wp\/v2\/product"}],"about":[{"href":"https:\/\/www.luleey.com\/de\/wp-json\/wp\/v2\/types\/product"}],"replies":[{"embeddable":true,"href":"https:\/\/www.luleey.com\/de\/wp-json\/wp\/v2\/comments?post=18779"}],"wp:featuredmedia":[{"embeddable":true,"href":"https:\/\/www.luleey.com\/de\/wp-json\/wp\/v2\/media\/18795"}],"wp:attachment":[{"href":"https:\/\/www.luleey.com\/de\/wp-json\/wp\/v2\/media?parent=18779"}],"wp:term":[{"taxonomy":"product_brand","embeddable":true,"href":"https:\/\/www.luleey.com\/de\/wp-json\/wp\/v2\/product_brand?post=18779"},{"taxonomy":"product_cat","embeddable":true,"href":"https:\/\/www.luleey.com\/de\/wp-json\/wp\/v2\/product_cat?post=18779"},{"taxonomy":"product_tag","embeddable":true,"href":"https:\/\/www.luleey.com\/de\/wp-json\/wp\/v2\/product_tag?post=18779"}],"curies":[{"name":"wp","href":"https:\/\/api.w.org\/{rel}","templated":true}]}}