{"id":18828,"date":"2025-08-10T23:06:21","date_gmt":"2025-08-10T15:06:21","guid":{"rendered":"https:\/\/www.luleey.com\/?post_type=product&#038;p=18828"},"modified":"2025-08-10T23:06:22","modified_gmt":"2025-08-10T15:06:22","slug":"ll-xp4gw1800c-4ge-xpon-onu-wifi-dual-catv-ont-wifi-6-ax1800","status":"publish","type":"product","link":"https:\/\/www.luleey.com\/de\/produkt-2\/ll-xp4gw1800c-4ge-xpon-onu-wifi-dual-catv-ont-wifi-6-ax1800\/","title":{"rendered":"LL-XP4GW1800C, 4GE XPON ONU, WIFI Dual, CATV ONT, WIFI 6, AX1800"},"content":{"rendered":"<h3>Eigenschaften<\/h3>\n<ul>\n<li>Dualband-Wi-Fi, \u00fcberlegene Leistung der drahtlosen 11n- und 11ac-\u00dcbertragung<\/li>\n<li>Kompatibel mit 95% OLTs von Drittanbietern (einschlie\u00dflich Huawei\/ZTE\/Fiberhome\/BT-PON und so weiter)<\/li>\n<li>Unterst\u00fctzt EPON\/GPON-Modus und wechselt automatisch den Modus<\/li>\n<li>Unterst\u00fctzung von Route PPPoE\/DHCP\/Static IP und Bridge-Modus<\/li>\n<li>Unterst\u00fctzt CATV-Schnittstelle f\u00fcr Videodienst, unterst\u00fctzt Fernsteuerung durch OLT.<\/li>\n<li>Unterst\u00fctzung von ONU-Auto-Discovery\/Link-Erkennung\/Remote-Upgrade der Software<\/li>\n<li>Unterst\u00fctzt IPv4\/IPv6-Dualmodus<\/li>\n<li>Unterst\u00fctzung der Firewall-Funktion und der IGMP-Multicast-Funktion<\/li>\n<li>Unterst\u00fctzt LAN IP und DHCP Server Konfiguration<\/li>\n<li>Unterst\u00fctzung von Port Forwarding und Loop-Detect<\/li>\n<li>Unterst\u00fctzung des EPON\/GPON-Modus und automatischer Wechsel des Modus<\/li>\n<li>GPON: \u00dcbereinstimmung mit IEEE 802.3ah &amp; itu-t g.984.x Standard<\/li>\n<li>GPON: 8 T-CONTs, 32 GEM-Anschl\u00fcsse<\/li>\n<li>Integration von OMCI(GPON)\/OAM(EPON) und TR-069 Fernkonfiguration und -wartung<\/li>\n<li>Layer 3 Home Gateway\/CPE-Funktionen mit Hardware-NAT, Unterst\u00fctzung f\u00fcr mehrere WANs, Route\/Bridge-Modus usw.<\/li>\n<li>Layer 2 Switching, Unterst\u00fctzung von 802.1Q VLAN, 802.1P QOS, Bandbreitenkontrolle, Spanning Tree, etc.<\/li>\n<li>Bi-direktionaler FEC<\/li>\n<li>Unterst\u00fctzt Einstellungen auf Firewall-Ebene, unterst\u00fctzt die Filterung von URL\/MAC\/IP\/Adressrahmen<\/li>\n<li>Unterst\u00fctzung von Multicast IGMP v2 Proxy\/ Snooping, Unterst\u00fctzung von MLD Proxy\/ Snooping<\/li>\n<li>Qos unterst\u00fctzt PQ-, WRR- und CAR-Warteschlangenplanung<\/li>\n<li>Maximale Rate 1775Mbps Wireless-Schnittstelle, 2T2R externe Antenne, unterst\u00fctzt mehrere<\/li>\n<li>SSID-Einstellungen<\/li>\n<li>Unterst\u00fctzung von DDSN, ALG, DMZ und UPNP<\/li>\n<li>Unterst\u00fctzung der CATV-Schnittstelle f\u00fcr den Videodienst, Unterst\u00fctzung zum Ausschalten der CATV-Funktionalit\u00e4t<\/li>\n<\/ul>\n<h3>Spezifikation<\/h3>\n<table style=\"width: 53.1585%; height: 648px;\" width=\"716\">\n<tbody>\n<tr style=\"height: 24px;\">\n<td style=\"height: 24px; width: 24.5833%;\" width=\"359\">Marke<\/td>\n<td style=\"height: 24px; width: 74.4444%;\" width=\"357\">Luleey<\/td>\n<\/tr>\n<tr style=\"height: 24px;\">\n<td style=\"height: 24px; width: 24.5833%;\">Modell<\/td>\n<td style=\"height: 24px; width: 74.4444%;\">LL-XP4GW1800C<\/td>\n<\/tr>\n<tr style=\"height: 24px;\">\n<td style=\"height: 24px; width: 24.5833%;\">Ort der Herkunft<\/td>\n<td style=\"height: 24px; width: 74.4444%;\">Hergestellt in China<\/td>\n<\/tr>\n<tr style=\"height: 24px;\">\n<td style=\"height: 24px; width: 24.5833%;\">Gr\u00f6\u00dfe<\/td>\n<td style=\"height: 24px; width: 74.4444%;\">260*160*50mm<\/td>\n<\/tr>\n<tr>\n<td style=\"width: 24.5833%;\">ONU-Anschluss<\/td>\n<td style=\"width: 74.4444%;\">4GE LAN + 1CATV+2.4G &amp;5.8G WIFI6<\/td>\n<\/tr>\n<tr style=\"height: 24px;\">\n<td style=\"height: 24px; width: 24.5833%;\">PON-Anschluss<\/td>\n<td style=\"height: 24px; width: 74.4444%;\">1* XPON (unterst\u00fctzt GPON\/EPON)<\/td>\n<\/tr>\n<tr style=\"height: 24px;\">\n<td style=\"height: 24px; width: 24.5833%;\">Anzeigelampe<\/td>\n<td style=\"height: 24px; width: 74.4444%;\">POWER\/PON\/LOS\/LAN1\/LAN2\/LAN3\/LAN4\/USB\/2.4G\/5G\/WPS\/CATV<\/td>\n<\/tr>\n<tr style=\"height: 24px;\">\n<td style=\"height: 24px; width: 24.5833%;\">Schaltfl\u00e4che<\/td>\n<td style=\"height: 24px; width: 74.4444%;\">Einschalten , Zur\u00fccksetzen , WLAN , WPS<\/td>\n<\/tr>\n<tr style=\"height: 24px;\">\n<td style=\"height: 24px; width: 24.5833%;\">Netzadapter-Eingang<\/td>\n<td style=\"height: 24px; width: 74.4444%;\">100V~240VAC,50Hz~60Hz<\/td>\n<\/tr>\n<tr style=\"height: 48px;\">\n<td style=\"height: 48px; width: 24.5833%;\">Stromversorgungsanforderung<\/td>\n<td style=\"height: 48px; width: 74.4444%;\">12V DC, 1,5A<\/td>\n<\/tr>\n<tr style=\"height: 24px;\">\n<td style=\"height: 24px; width: 24.5833%;\">Stromverbrauch<\/td>\n<td style=\"height: 24px; width: 74.4444%;\">&lt;10w<\/td>\n<\/tr>\n<tr style=\"height: 24px;\">\n<td style=\"height: 24px; width: 24.5833%;\">Arbeitstemperatur<\/td>\n<td style=\"height: 24px; width: 74.4444%;\">-10\u00b0C~ +45\u00b0C<\/td>\n<\/tr>\n<tr style=\"height: 24px;\">\n<td style=\"height: 24px; width: 24.5833%;\">Feuchtigkeit der Umgebung<\/td>\n<td style=\"height: 24px; width: 74.4444%;\">5%~95% (nicht kondensierend)<\/td>\n<\/tr>\n<tr style=\"height: 24px;\">\n<td style=\"height: 24px; width: 24.5833%;\">PON-Anschluss-Typ<\/td>\n<td style=\"height: 24px; width: 74.4444%;\">SC\/APC<\/td>\n<\/tr>\n<tr style=\"height: 24px;\">\n<td style=\"height: 24px; width: 24.5833%;\">Arbeits-Wellenl\u00e4nge<\/td>\n<td style=\"height: 24px; width: 74.4444%;\">PON: aufw\u00e4rts 1310nm, abw\u00e4rts 1490nm, CATV:1550nm<\/td>\n<\/tr>\n<tr style=\"height: 24px;\">\n<td style=\"height: 24px; width: 24.5833%;\">TX Wert der optischen Leistung<\/td>\n<td style=\"height: 24px; width: 74.4444%;\">0,5~4dbm<\/td>\n<\/tr>\n<tr style=\"height: 48px;\">\n<td style=\"height: 48px; width: 24.5833%;\">RX Empfindlichkeit der optischen Leistung<\/td>\n<td style=\"height: 48px; width: 74.4444%;\">-28dBm<\/td>\n<\/tr>\n<tr style=\"height: 24px;\">\n<td style=\"height: 24px; width: 24.5833%;\">\u00dcbertragungsentfernung<\/td>\n<td style=\"height: 24px; width: 74.4444%;\">0~20km<\/td>\n<\/tr>\n<tr style=\"height: 48px;\">\n<td style=\"height: 48px; width: 24.5833%;\">\u00dcbertragungsrate<\/td>\n<td style=\"height: 48px; width: 74.4444%;\" width=\"357\">GPON:Aufw\u00e4rts 1,244Gbps;abw\u00e4rts 2,488Gbps<br \/>\nEPON:Up 1.244Gbps;down 1.244Gbps<\/td>\n<\/tr>\n<tr style=\"height: 24px;\">\n<td style=\"height: 24px; width: 24.5833%;\">RJ45-Anschluss<\/td>\n<td style=\"height: 24px; width: 74.4444%;\">4*RJ45<\/td>\n<\/tr>\n<tr style=\"height: 24px;\">\n<td style=\"height: 24px; width: 24.5833%;\">RJ45-Parameter<\/td>\n<td style=\"height: 24px; width: 74.4444%;\">4*10\/100\/1000Mbps autoadaptiv<\/td>\n<\/tr>\n<\/tbody>\n<\/table>","protected":false},"excerpt":{"rendered":"<p>LL-XP4GW1800C hat Gigabit RJ45 x 4<br \/>\nWiFi 6 Dual-Band 2.4G\/5G<br \/>\nCATV ONT<br \/>\nXPON ONU, automatische Umschaltung GPON \/EPON<\/p>","protected":false},"featured_media":18831,"comment_status":"open","ping_status":"closed","template":"","meta":[],"product_brand":[],"product_cat":[348,197,341],"product_tag":[1095,1093,1094,344],"class_list":{"0":"post-18828","1":"product","2":"type-product","3":"status-publish","4":"has-post-thumbnail","6":"product_cat-1000m-gpon-epon-onu","7":"product_cat-catv-receiver","8":"product_cat-wireless-gpon-epon-ont","9":"product_tag-catv-ont","10":"product_tag-ll-xp4gw1800c","11":"product_tag-wifi-6","12":"product_tag-xpon-onu","14":"first","15":"instock","16":"shipping-taxable","17":"purchasable","18":"product-type-variable","19":"has-default-attributes"},"_links":{"self":[{"href":"https:\/\/www.luleey.com\/de\/wp-json\/wp\/v2\/product\/18828","targetHints":{"allow":["GET"]}}],"collection":[{"href":"https:\/\/www.luleey.com\/de\/wp-json\/wp\/v2\/product"}],"about":[{"href":"https:\/\/www.luleey.com\/de\/wp-json\/wp\/v2\/types\/product"}],"replies":[{"embeddable":true,"href":"https:\/\/www.luleey.com\/de\/wp-json\/wp\/v2\/comments?post=18828"}],"wp:featuredmedia":[{"embeddable":true,"href":"https:\/\/www.luleey.com\/de\/wp-json\/wp\/v2\/media\/18831"}],"wp:attachment":[{"href":"https:\/\/www.luleey.com\/de\/wp-json\/wp\/v2\/media?parent=18828"}],"wp:term":[{"taxonomy":"product_brand","embeddable":true,"href":"https:\/\/www.luleey.com\/de\/wp-json\/wp\/v2\/product_brand?post=18828"},{"taxonomy":"product_cat","embeddable":true,"href":"https:\/\/www.luleey.com\/de\/wp-json\/wp\/v2\/product_cat?post=18828"},{"taxonomy":"product_tag","embeddable":true,"href":"https:\/\/www.luleey.com\/de\/wp-json\/wp\/v2\/product_tag?post=18828"}],"curies":[{"name":"wp","href":"https:\/\/api.w.org\/{rel}","templated":true}]}}