{"id":19318,"date":"2025-10-06T11:31:14","date_gmt":"2025-10-06T03:31:14","guid":{"rendered":"https:\/\/www.luleey.com\/?post_type=product&#038;p=19318"},"modified":"2026-03-07T23:10:26","modified_gmt":"2026-03-07T15:10:26","slug":"g657b3-bare-fiber-optic-cables-for-uav-for-fttr-indoor","status":"publish","type":"product","link":"https:\/\/www.luleey.com\/de\/produkt-2\/g657b3-bare-fiber-optic-cables-for-uav-for-fttr-indoor\/","title":{"rendered":"G657B3 Blanke Glasfaserkabel, f\u00fcr UAV, Glasfaser-OTDR-Startkabelbox, blanker Kern"},"content":{"rendered":"<h3>Eigenschaften<\/h3>\n<ol class=\"a-unordered-list a-vertical\">\n<li>Biegeunempfindlichkeit: G657B3 ist biegeunempfindlicher als G.657.A2 und kann auch unter extremeren Biegebedingungen (Radius 5 mm) eine gute Signal\u00fcbertragungsleistung beibehalten.<\/li>\n<li>Streuung: \u00c4hnlich wie G.657.A2 hat es gute Dispersionseigenschaften sowohl im 1310nm- als auch im 1550nm-Bereich.<\/li>\n<li>Abschw\u00e4chung: Die D\u00e4mpfung im 1550-nm-Band ist ebenfalls \u00e4hnlich wie die von G.652.D.<\/li>\n<li>Aufbau: G657B3 verwendet in der Regel eine spezielle Kern- und Mantelkonstruktion, um seine Biegeunempfindlichkeit zu verbessern.<\/li>\n<li>Anwendungen<\/li>\n<\/ol>\n<ul>\n<li>1) Geeignet f\u00fcr anspruchsvollere Installationsumgebungen, wie enge R\u00e4ume oder Situationen, die h\u00e4ufiges Biegen erfordern. Es ist anwendbar in Szenarien wie Drohnenfl\u00fcgen, interna<\/li>\n<li>2) Geb\u00e4udeverkabelung, Heimnetzwerke, kleine B\u00fcros und vor allem an Orten, die eine hochflexible Verkabelung erfordern.<\/li>\n<\/ul>\n<h3>Spezifikation<\/h3>\n<table style=\"width: 45.274%; height: 268px;\" width=\"598\">\n<tbody>\n<tr style=\"height: 24px;\">\n<td style=\"height: 24px;\" width=\"211\">Markenname<\/td>\n<td style=\"height: 24px;\" width=\"387\">LuLeey<\/td>\n<\/tr>\n<tr style=\"height: 24px;\">\n<td style=\"height: 24px;\" width=\"211\">Herkunft<\/td>\n<td style=\"height: 24px;\" width=\"387\">Festland China<\/td>\n<\/tr>\n<tr style=\"height: 24px;\">\n<td style=\"height: 24px;\">Produktname<\/td>\n<td style=\"height: 24px;\" width=\"387\">G657B3 Blanke Glasfaserkabel<\/td>\n<\/tr>\n<tr style=\"height: 24px;\">\n<td style=\"height: 24px;\">Material<\/td>\n<td style=\"height: 24px;\">G657.B3<\/td>\n<\/tr>\n<tr style=\"height: 24px;\">\n<td style=\"height: 24px;\">Farbe<\/td>\n<td style=\"height: 24px;\">farblos<\/td>\n<\/tr>\n<tr style=\"height: 24px;\">\n<td style=\"height: 24px;\">Produkt Abmessungen<\/td>\n<td style=\"height: 24px;\">0,25 mm<\/td>\n<\/tr>\n<tr style=\"height: 24px;\">\n<td style=\"height: 24px;\">Anschluss<\/td>\n<td style=\"height: 24px;\">SC\/APC SC\/UPC FC\/APC LC\/UPC LC\/APC kopflos...<\/td>\n<\/tr>\n<tr style=\"height: 24px;\">\n<td style=\"height: 24px;\">L\u00e4nge des Kabels<\/td>\n<td style=\"height: 24px;\">50km<\/td>\n<\/tr>\n<tr style=\"height: 28px;\">\n<td style=\"height: 28px;\">Einf\u00fcgungsd\u00e4mpfung<\/td>\n<td style=\"height: 28px;\">\u2264 0,3dB<\/td>\n<\/tr>\n<tr style=\"height: 24px;\">\n<td style=\"height: 24px;\">Arbeitstemperatur<\/td>\n<td style=\"height: 24px;\">-40~70\u2103<\/td>\n<\/tr>\n<tr style=\"height: 24px;\">\n<td style=\"height: 24px;\">Minimaler Biegeradius<\/td>\n<td style=\"height: 24px;\">15<\/td>\n<\/tr>\n<\/tbody>\n<\/table>\n<h3><\/h3>","protected":false},"excerpt":{"rendered":"<ul>\n<li>G657B3-Faser, gute Flexibilit\u00e4t.<\/li>\n<li>Blanke Glasfaserkabel, Verwendung f\u00fcr UAV<\/li>\n<li>Glasfaserkabel f\u00fcr den Innenbereich sind schneller als Netzwerkkabel, verlustarm und unterst\u00fctzen ultralange Distanzen.<\/li>\n<\/ul>","protected":false},"featured_media":15837,"comment_status":"open","ping_status":"closed","template":"","meta":[],"product_brand":[],"product_cat":[364],"product_tag":[186,1110,655,1098],"class_list":{"0":"post-19318","1":"product","2":"type-product","3":"status-publish","4":"has-post-thumbnail","6":"product_cat-optic-cables-and-fiber-pigtails","7":"product_tag-bare-fiber","8":"product_tag-g657b3","9":"product_tag-otdr-launch-cable-box","10":"product_tag-uav","12":"first","13":"instock","14":"shipping-taxable","15":"purchasable","16":"product-type-variable","17":"has-default-attributes"},"_links":{"self":[{"href":"https:\/\/www.luleey.com\/de\/wp-json\/wp\/v2\/product\/19318","targetHints":{"allow":["GET"]}}],"collection":[{"href":"https:\/\/www.luleey.com\/de\/wp-json\/wp\/v2\/product"}],"about":[{"href":"https:\/\/www.luleey.com\/de\/wp-json\/wp\/v2\/types\/product"}],"replies":[{"embeddable":true,"href":"https:\/\/www.luleey.com\/de\/wp-json\/wp\/v2\/comments?post=19318"}],"wp:featuredmedia":[{"embeddable":true,"href":"https:\/\/www.luleey.com\/de\/wp-json\/wp\/v2\/media\/15837"}],"wp:attachment":[{"href":"https:\/\/www.luleey.com\/de\/wp-json\/wp\/v2\/media?parent=19318"}],"wp:term":[{"taxonomy":"product_brand","embeddable":true,"href":"https:\/\/www.luleey.com\/de\/wp-json\/wp\/v2\/product_brand?post=19318"},{"taxonomy":"product_cat","embeddable":true,"href":"https:\/\/www.luleey.com\/de\/wp-json\/wp\/v2\/product_cat?post=19318"},{"taxonomy":"product_tag","embeddable":true,"href":"https:\/\/www.luleey.com\/de\/wp-json\/wp\/v2\/product_tag?post=19318"}],"curies":[{"name":"wp","href":"https:\/\/api.w.org\/{rel}","templated":true}]}}