{"id":19942,"date":"2026-01-26T11:40:02","date_gmt":"2026-01-26T03:40:02","guid":{"rendered":"https:\/\/www.luleey.com\/?post_type=product&#038;p=19942"},"modified":"2026-01-30T14:06:46","modified_gmt":"2026-01-30T06:06:46","slug":"lcs250-cleansticks-for-cleaning-2-5mm-apertures-ideal-for-fibre-optic-connectors-sc-fc-st","status":"publish","type":"product","link":"https:\/\/www.luleey.com\/de\/produkt-2\/lcs250-cleansticks-for-cleaning-2-5mm-apertures-ideal-for-fibre-optic-connectors-sc-fc-st\/","title":{"rendered":"LCS250 CLEANSTICKS Zur Reinigung von 2,5 mm \u00d6ffnungen Ideal f\u00fcr Glasfaserstecker SC\/FC\/ST"},"content":{"rendered":"<h4 data-spm-anchor-id=\"a2g0o.detail.1000023.i0.525da32aC35IUk\">Eigenschaften<\/h4>\n<ol>\n<li class=\"a-spacing-mini\">Fiber Cleaning Tools verwendet ultra-saubere Mikrofaser-Reinigungst\u00fccher mit staubfreier Behandlung, ideal f\u00fcr die Trockenreinigung mit ausgezeichneter Wischleistung<\/li>\n<li class=\"a-spacing-mini\">Geeignet f\u00fcr die Reinigung der Innenseite von verschiedenen Glasfaseradaptern und der Endfl\u00e4chen von Adapterh\u00fclsen<\/li>\n<li class=\"a-spacing-mini\">Der Stoff gibt beim Tragen keine Fasern ab<\/li>\n<li class=\"a-spacing-mini\">Umweltfreundlich, leicht, sicher und kompakt<\/li>\n<li class=\"a-spacing-mini\">Ein verl\u00e4ngerter Griff ist besser f\u00fcr enge Arbeitsumgebungen geeignet<\/li>\n<li>f\u00fcr Adapter wie VFL,Fiber Optic Power Meter,OTDR,Optical Light Source 2.5mm Ports<\/li>\n<\/ol>\n<div class=\"a-column a-span6\">\n<h3>Spezifikation<\/h3>\n<table style=\"width: 57.3067%; height: 143px;\">\n<tbody>\n<tr style=\"height: 24px;\">\n<td style=\"height: 24px; width: 28.7791%;\">Marke<\/td>\n<td style=\"height: 24px; width: 156.977%;\">LuLeey<\/td>\n<\/tr>\n<tr style=\"height: 24px;\">\n<td style=\"height: 24px; width: 28.7791%;\">Produktname<\/td>\n<td style=\"height: 24px; width: 156.977%;\">LCS250 REINIGUNGSST\u00c4BCHEN<\/td>\n<\/tr>\n<tr style=\"height: 24px;\">\n<td style=\"height: 24px; width: 28.7791%;\">Gr\u00f6\u00dfe<\/td>\n<td style=\"height: 24px; width: 156.977%;\">2,50 mm<\/td>\n<\/tr>\n<tr style=\"height: 24px;\">\n<td style=\"height: 24px; width: 28.7791%;\">Hafen<\/td>\n<td style=\"height: 24px; width: 156.977%;\">Lichtwellenleiter-Steckverbinder SC\/ST\/FC<\/td>\n<\/tr>\n<tr style=\"height: 23px;\">\n<td style=\"height: 23px; width: 28.7791%;\">Umgebung Betriebstemperatur<\/td>\n<td style=\"height: 23px; width: 156.977%;\">\u00a0-20\u00b0C bis 60\u00b0C<\/td>\n<\/tr>\n<tr style=\"height: 24px;\">\n<td style=\"width: 28.7791%; height: 24px;\">Luftfeuchtigkeit<\/td>\n<td style=\"width: 156.977%; height: 24px;\">20% bis 80%R.H.<\/td>\n<\/tr>\n<tr>\n<td style=\"width: 28.7791%;\">Verwendung<\/td>\n<td style=\"width: 156.977%;\">Eine Verwendung pro Tube<\/td>\n<\/tr>\n<\/tbody>\n<\/table>\n<\/div>","protected":false},"excerpt":{"rendered":"<ul>\n<li>CLEANSTICKS f\u00fcr SC\/ST\/FC<\/li>\n<li>Leicht und sicher in der Anwendung. Kompakt und einwegf\u00e4hig.<\/li>\n<li>Kein Leim, kein Klebstoff, keine Faserr\u00fcckst\u00e4nde.<\/li>\n<li>Ultraweiche Mikrofaser sorgt f\u00fcr hohe Reinigungsleistung und hervorragende Schmutzentfernung.<\/li>\n<li>Reinigt m\u00fchelos die Ferrule-Endfl\u00e4chen im Inneren von steckbaren Fasersteckern und verschiedenen Adaptern.<\/li>\n<\/ul>","protected":false},"featured_media":19967,"comment_status":"open","ping_status":"closed","template":"","meta":[],"product_brand":[],"product_cat":[354],"product_tag":[1138,1135,222,1139],"class_list":{"0":"post-19942","1":"product","2":"type-product","3":"status-publish","4":"has-post-thumbnail","6":"product_cat-fiber-optic-cleaners","7":"product_tag-2-5mm","8":"product_tag-cleansticks","9":"product_tag-fiber-cleaning","10":"product_tag-lcs250","12":"first","13":"instock","14":"shipping-taxable","15":"purchasable","16":"product-type-variable","17":"has-default-attributes"},"_links":{"self":[{"href":"https:\/\/www.luleey.com\/de\/wp-json\/wp\/v2\/product\/19942","targetHints":{"allow":["GET"]}}],"collection":[{"href":"https:\/\/www.luleey.com\/de\/wp-json\/wp\/v2\/product"}],"about":[{"href":"https:\/\/www.luleey.com\/de\/wp-json\/wp\/v2\/types\/product"}],"replies":[{"embeddable":true,"href":"https:\/\/www.luleey.com\/de\/wp-json\/wp\/v2\/comments?post=19942"}],"wp:featuredmedia":[{"embeddable":true,"href":"https:\/\/www.luleey.com\/de\/wp-json\/wp\/v2\/media\/19967"}],"wp:attachment":[{"href":"https:\/\/www.luleey.com\/de\/wp-json\/wp\/v2\/media?parent=19942"}],"wp:term":[{"taxonomy":"product_brand","embeddable":true,"href":"https:\/\/www.luleey.com\/de\/wp-json\/wp\/v2\/product_brand?post=19942"},{"taxonomy":"product_cat","embeddable":true,"href":"https:\/\/www.luleey.com\/de\/wp-json\/wp\/v2\/product_cat?post=19942"},{"taxonomy":"product_tag","embeddable":true,"href":"https:\/\/www.luleey.com\/de\/wp-json\/wp\/v2\/product_tag?post=19942"}],"curies":[{"name":"wp","href":"https:\/\/api.w.org\/{rel}","templated":true}]}}