{"id":170,"date":"2024-07-12T11:22:51","date_gmt":"2024-07-12T11:22:51","guid":{"rendered":"https:\/\/dummy.xtemos.com\/woodmart2\/accessories-gutenberg\/?page_id=170"},"modified":"2026-03-16T10:52:41","modified_gmt":"2026-03-16T02:52:41","slug":"shopping-services","status":"publish","type":"page","link":"https:\/\/www.luleey.com\/es\/shopping-services\/","title":{"rendered":"Servicios de compras"},"content":{"rendered":"<div class=\"wp-block-wd-section wd-bff5dbb9\">\n<h2 class=\"wp-block-wd-title title wd-align wd-52c7110b\">Servicios de compras<\/h2>\n\n\n\n<p class=\"wp-block-wd-paragraph wd-align wd-d17e44f9\">El \u00e9xito del cliente es nuestro objetivo<\/p>\n\n\n\n<div class=\"wp-block-wd-popup wd-c02b854e wd-align-s-center\">\n<a class=\"wp-block-wd-button btn btn-style-link btn-color-primary btn-size-extra-large wd-fa0e2b9a\" href=\"https:\/\/www.luleey.com\/es\/contact-us\/\"><span>Contacto<\/span><\/a>\n\n\n\n<div class=\"wp-block-wd-popup-content wd-popup wd-popup-element wd-scroll-content wd-ad75b7ce\"><div class=\"wd-popup-inner\">\n<div class=\"wp-block-wd-row wd-5dd6df80\">\n<div class=\"wp-block-wd-column wd-85ef227a\">\n<h2 class=\"wp-block-wd-title title wd-2d97e8f8\">ENV\u00cdANOS UN MENSAJE<\/h2>\n\n\n<div id=\"\" class=\"wd-notice wd-info wd-dc5babca\"><span>Necesita crear un formulario usando el plugin Contact form 7 para poder mostrarlo usando este elemento.<\/span><\/div><\/div>\n\n\n\n<div class=\"wp-block-wd-column color-scheme-light wd-59fe1ff8\">\n<h2 class=\"wp-block-wd-title title wd-3ffc0058\">INFORMACI\u00d3N DE CONTACTO<\/h2>\n\n\n\n<div class=\"wp-block-wd-infobox wd-hover-parent wd-icon-start wd-9f4b0ce2\">\n<div class=\"wp-block-wd-icon wd-0005316b\"><img decoding=\"async\" class=\"wp-image-11508\" src=\"https:\/\/www.luleey.com\/wp-content\/uploads\/2024\/05\/wd-pointer-light.svg\" alt=\"\" title=\"\"><\/div>\n\n\n\n<div class=\"wp-block-wd-container wd-dir-col wd-5c729d56\">\n<p class=\"wp-block-wd-paragraph wd-b9309848\">50 East 52nd Street<br>Brooklyn, NY 10022<br>Estados Unidos<\/p>\n<\/div>\n<\/div>\n\n\n\n<div class=\"wp-block-wd-infobox wd-hover-parent wd-icon-start wd-7950a2dd\">\n<div class=\"wp-block-wd-icon wd-e3187bc8\"><img decoding=\"async\" class=\"wp-image-11506\" src=\"https:\/\/www.luleey.com\/wp-content\/uploads\/2024\/05\/wd-mobile-light.svg\" alt=\"\" title=\"\"><\/div>\n\n\n\n<div class=\"wp-block-wd-container wd-dir-col wd-772a9e6b\">\n<p class=\"wp-block-wd-paragraph wd-aa918205\">+1322224332<br>+154623278<\/p>\n<\/div>\n<\/div>\n\n\n\n<div class=\"wp-block-wd-infobox wd-hover-parent wd-icon-start wd-b549d62f\">\n<div class=\"wp-block-wd-icon wd-d444826c\"><img decoding=\"async\" class=\"wp-image-11507\" src=\"https:\/\/www.luleey.com\/wp-content\/uploads\/2024\/05\/wd-paper-plane-light.svg\" alt=\"\" title=\"\"><\/div>\n\n\n\n<div class=\"wp-block-wd-container wd-dir-col wd-2290b57b\">\n<p class=\"wp-block-wd-paragraph wd-1ebee10a\">info@google.com<br>support@google.com<\/p>\n<\/div>\n<\/div>\n\n\n\n<div class=\"wp-block-wd-divider wd-style-line wd-3897da20\"><\/div>\n\n\n\n<p class=\"wp-block-wd-paragraph wd-3bfd80bc\">\u00bfTiene alguna pregunta sobre c\u00f3mo podemos ayudar a su empresa? Env\u00edenos un correo electr\u00f3nico y nos pondremos en contacto con usted en breve.<\/p>\n\n\n\t\t\t<div\n\t\t\t\t\t\tclass=\"wd-social-icons wd-style-colored wd-size-small social-share wd-shape-circle  wd-03a0c39d\">\n\t\t\t\t\n\t\t\t\t\n\t\t\t\t\t\t\t\t\t<a rel=\"noopener noreferrer nofollow\" href=\"https:\/\/www.facebook.com\/sharer\/sharer.php?u=https:\/\/www.luleey.com\/es\/shopping-services\/\" target=\"_blank\" class=\"wd-social-icon social-facebook\" aria-label=\"Enlace social en Facebook\">\n\t\t\t\t\t\t<span class=\"wd-icon\"><\/span>\n\t\t\t\t\t\t\t\t\t\t\t<\/a>\n\t\t\t\t\n\t\t\t\t\t\t\t\t\t<a rel=\"noopener noreferrer nofollow\" href=\"https:\/\/x.com\/share?url=https:\/\/www.luleey.com\/es\/shopping-services\/\" target=\"_blank\" class=\"wd-social-icon social-twitter\" aria-label=\"X enlace social\">\n\t\t\t\t\t\t<span class=\"wd-icon\"><\/span>\n\t\t\t\t\t\t\t\t\t\t\t<\/a>\n\t\t\t\t\n\t\t\t\t\n\t\t\t\t\t\t\t\t\t<a rel=\"noopener noreferrer nofollow\" href=\"mailto:?subject=Check%20this%20https:\/\/www.luleey.com\/es\/shopping-services\/\" target=\"_blank\" class=\"wd-social-icon social-email\" aria-label=\"Enlace social por correo electr\u00f3nico\">\n\t\t\t\t\t\t<span class=\"wd-icon\"><\/span>\n\t\t\t\t\t\t\t\t\t\t\t<\/a>\n\t\t\t\t\n\t\t\t\t\n\t\t\t\t\n\t\t\t\t\n\t\t\t\t\t\t\t\t\t<a rel=\"noopener noreferrer nofollow\" href=\"https:\/\/pinterest.com\/pin\/create\/button\/?url=https:\/\/www.luleey.com\/es\/shopping-services\/&#038;media=https:\/\/www.luleey.com\/wp-includes\/images\/media\/default.svg&#038;description=Shopping%20Services\" target=\"_blank\" class=\"wd-social-icon social-pinterest\" aria-label=\"Enlace social Pinterest\">\n\t\t\t\t\t\t<span class=\"wd-icon\"><\/span>\n\t\t\t\t\t\t\t\t\t\t\t<\/a>\n\t\t\t\t\n\t\t\t\t\n\t\t\t\t\t\t\t\t\t<a rel=\"noopener noreferrer nofollow\" href=\"https:\/\/www.linkedin.com\/shareArticle?mini=true&#038;url=https:\/\/www.luleey.com\/es\/shopping-services\/\" target=\"_blank\" class=\"wd-social-icon social-linkedin\" aria-label=\"Enlace social Linkedin\">\n\t\t\t\t\t\t<span class=\"wd-icon\"><\/span>\n\t\t\t\t\t\t\t\t\t\t\t<\/a>\n\t\t\t\t\n\t\t\t\t\n\t\t\t\t\n\t\t\t\t\n\t\t\t\t\n\t\t\t\t\n\t\t\t\t\n\t\t\t\t\n\t\t\t\t\n\t\t\t\t\t\t\t\t\t<a rel=\"noopener noreferrer nofollow\" href=\"https:\/\/api.whatsapp.com\/send?text=https%3A%2F%2Fwww.luleey.com%2Fes%2Fshopping-services%2F\" target=\"_blank\" class=\"wd-hide-md wd-social-icon social-whatsapp\" aria-label=\"Enlace social de WhatsApp\">\n\t\t\t\t\t\t<span class=\"wd-icon\"><\/span>\n\t\t\t\t\t\t\t\t\t\t\t<\/a>\n\n\t\t\t\t\t<a rel=\"noopener noreferrer nofollow\" href=\"whatsapp:\/\/send?text=http:\/\/https%3A%2F%2Fwww.luleey.com%2Fes%2Fshopping-services%2F\" target=\"_blank\" class=\"wd-hide-lg wd-social-icon social-whatsapp\" aria-label=\"Enlace social de WhatsApp\">\n\t\t\t\t\t\t<span class=\"wd-icon\"><\/span>\n\t\t\t\t\t\t\t\t\t\t\t<\/a>\n\t\t\t\t\n\t\t\t\t\t\t\t\t\t<a rel=\"noopener noreferrer nofollow\" href=\"https:\/\/vk.com\/share.php?url=https:\/\/www.luleey.com\/es\/shopping-services\/&#038;image=https:\/\/www.luleey.com\/wp-includes\/images\/media\/default.svg&#038;title=Shopping%20Services\" target=\"_blank\" class=\"wd-social-icon social-vk\" aria-label=\"Enlace social VK\">\n\t\t\t\t\t\t<span class=\"wd-icon\"><\/span>\n\t\t\t\t\t\t\t\t\t\t\t<\/a>\n\t\t\t\t\n\t\t\t\t\n\t\t\t\t\n\t\t\t\t\n\t\t\t\t\n\t\t\t\t\t\t\t\t\t<a rel=\"noopener noreferrer nofollow\" href=\"https:\/\/telegram.me\/share\/url?url=https:\/\/www.luleey.com\/es\/shopping-services\/\" target=\"_blank\" class=\"wd-social-icon social-tg\" aria-label=\"Enlace social de Telegram\">\n\t\t\t\t\t\t<span class=\"wd-icon\"><\/span>\n\t\t\t\t\t\t\t\t\t\t\t<\/a>\n\t\t\t\t\n\t\t\t\t\n\t\t\t<\/div>\n\n\t\t<\/div>\n<\/div>\n<\/div><\/div>\n<\/div>\n<\/div>\n\n\n\n<h2 class=\"wp-block-wd-title title wd-design-underlined wd-a708d13c\"><span>Formas de pago<\/span><\/h2>\n\n\n\n<div class=\"wp-block-wd-menu-anchor wd-menu-anchor wd-a9dc1322\" data-id=\"payment\" data-offset=\"0\"><div id=\"payment\"><\/div><\/div>\n\n\n\n<p class=\"wp-block-wd-paragraph wd-249d278b\">Cuando est\u00e9 listo para pagar, s\u00f3lo tiene que ir a Caja. Podr\u00e1 seleccionar el m\u00e9todo de pago y revisar los detalles del pedido, incluida la direcci\u00f3n de env\u00edo, antes de pagar. Si tiene alg\u00fan problema para pagar sus art\u00edculos, podemos ayudarle a resolverlo.<\/p>\n\n\n\n<div class=\"wp-block-wd-row wd-b620550b\">\n<div class=\"wp-block-wd-column wd-3e7b62d8\">\n<div class=\"wp-block-wd-toggle wd-toggle wd-state-static-lg wd-state-static-md-sm wd-state-closed-sm wd-active-lg wd-active-md-sm wd-icon-rotate wd-833648c6\">\n<div class=\"wp-block-wd-container wd-dir-row wd-toggle-head wd-f7856858\">\n<h2 class=\"wp-block-wd-title title wd-29583745\">PayPal<\/h2>\n\n\n\n<div class=\"wp-block-wd-icon wd-toggle-icon wd-4f3ce0b8\"><svg xmlns=\"http:\/\/www.w3.org\/2000\/svg \" width=\"64\" height=\"64\" viewbox=\"0 0 64 64\" aria-hidden=\"true\"><path d=\"M59.7678 20.7678C60.2551 20.2804 60.4992 19.6419 60.5 19.0031C60.5008 18.3623 60.2567 17.7212 59.7678 17.2322C59.2796 16.7441 58.6398 16.5 58 16.5C57.3602 16.5 56.7204 16.7441 56.2322 17.2322L32 41.4645L7.76777 17.2322C7.27961 16.7441 6.63981 16.5 6 16.5C5.36019 16.5 4.72039 16.7441 4.23223 17.2322C3.74408 17.7204 3.5 18.3602 3.5 19C3.5 19.6398 3.74408 20.2796 4.23223 20.7678L30.2322 46.7678C30.7204 47.2559 31.3602 47.5 32 47.5C32.6398 47.5 33.2796 47.2559 33.7678 46.7678L59.7678 20.7678Z\"><\/path><\/svg><\/div>\n<\/div>\n\n\n\n<div class=\"wp-block-wd-toggle-content wd-toggle-content wd-db0d9c49\"><div class=\"wd-toggle-content-inner\">\n<p class=\"wp-block-wd-paragraph wd-1250cc83\">PayPal es una de las herramientas de pago en l\u00ednea m\u00e1s populares del mundo,Redir\u00edjase a PayPal a trav\u00e9s de una conexi\u00f3n en l\u00ednea segura, y pague con el saldo de su cuenta Paypal o con tarjeta de cr\u00e9dito\/d\u00e9bito.<\/p>\n<\/div><\/div>\n<\/div>\n<\/div>\n\n\n\n<div class=\"wp-block-wd-column wd-b6b5fc7e\">\n<div class=\"wp-block-wd-toggle wd-toggle wd-state-static-lg wd-state-static-md-sm wd-state-closed-sm wd-active-lg wd-active-md-sm wd-icon-rotate wd-035486ea\">\n<div class=\"wp-block-wd-container wd-dir-row wd-toggle-head wd-f3a9fa69\">\n<h2 class=\"wp-block-wd-title title wd-dd79003a\">Tarjeta de cr\u00e9dito\/d\u00e9bito<\/h2>\n\n\n\n<div class=\"wp-block-wd-icon wd-toggle-icon wd-9f4507ed\"><svg xmlns=\"http:\/\/www.w3.org\/2000\/svg \" width=\"64\" height=\"64\" viewbox=\"0 0 64 64\" aria-hidden=\"true\"><path d=\"M59.7678 20.7678C60.2551 20.2804 60.4992 19.6419 60.5 19.0031C60.5008 18.3623 60.2567 17.7212 59.7678 17.2322C59.2796 16.7441 58.6398 16.5 58 16.5C57.3602 16.5 56.7204 16.7441 56.2322 17.2322L32 41.4645L7.76777 17.2322C7.27961 16.7441 6.63981 16.5 6 16.5C5.36019 16.5 4.72039 16.7441 4.23223 17.2322C3.74408 17.7204 3.5 18.3602 3.5 19C3.5 19.6398 3.74408 20.2796 4.23223 20.7678L30.2322 46.7678C30.7204 47.2559 31.3602 47.5 32 47.5C32.6398 47.5 33.2796 47.2559 33.7678 46.7678L59.7678 20.7678Z\"><\/path><\/svg><\/div>\n<\/div>\n\n\n\n<div class=\"wp-block-wd-toggle-content wd-toggle-content wd-77ebeafa\"><div class=\"wd-toggle-content-inner\">\n<p class=\"wp-block-wd-paragraph wd-76a62e4d\">Stripe es una potente plataforma de procesamiento de pagos que permite a las empresas aceptar pagos en l\u00ednea f\u00e1cilmente. Ofrece una amplia gama de funciones. Las tarjetas bancarias est\u00e1n asociadas a las cuentas de d\u00e9bito o cr\u00e9dito de un banco. Para completar el pago en l\u00ednea, los clientes tienen que introducir la informaci\u00f3n de su tarjeta bancaria en la caja.<\/p>\n<\/div><\/div>\n<\/div>\n<\/div>\n\n\n\n<div class=\"wp-block-wd-column wd-ff32a051\">\n<div class=\"wp-block-wd-toggle wd-toggle wd-state-static-lg wd-state-opened-md-sm wd-state-closed-sm wd-active-lg wd-active-md-sm wd-icon-rotate wd-6dc98cb0\">\n<div class=\"wp-block-wd-container wd-dir-row wd-toggle-head wd-2f44c091\">\n<h2 class=\"wp-block-wd-title title wd-53aea3d2\">Transferencia bancaria<br><\/h2>\n\n\n\n<div class=\"wp-block-wd-icon wd-toggle-icon wd-5300e624\"><svg xmlns=\"http:\/\/www.w3.org\/2000\/svg \" width=\"64\" height=\"64\" viewbox=\"0 0 64 64\" aria-hidden=\"true\"><path d=\"M59.7678 20.7678C60.2551 20.2804 60.4992 19.6419 60.5 19.0031C60.5008 18.3623 60.2567 17.7212 59.7678 17.2322C59.2796 16.7441 58.6398 16.5 58 16.5C57.3602 16.5 56.7204 16.7441 56.2322 17.2322L32 41.4645L7.76777 17.2322C7.27961 16.7441 6.63981 16.5 6 16.5C5.36019 16.5 4.72039 16.7441 4.23223 17.2322C3.74408 17.7204 3.5 18.3602 3.5 19C3.5 19.6398 3.74408 20.2796 4.23223 20.7678L30.2322 46.7678C30.7204 47.2559 31.3602 47.5 32 47.5C32.6398 47.5 33.2796 47.2559 33.7678 46.7678L59.7678 20.7678Z\"><\/path><\/svg><\/div>\n<\/div>\n\n\n\n<div class=\"wp-block-wd-toggle-content wd-toggle-content wd-17468a3d\"><div class=\"wd-toggle-content-inner\">\n<p class=\"wp-block-wd-paragraph wd-31b06843\">Para las transferencias B2Bomer Las transferencias bancarias permiten a los clientes transferir fondos de su cuenta bancaria a su cuenta bancaria.<\/p>\n<\/div><\/div>\n<\/div>\n<\/div>\n<\/div>\n\n\n\n<p class=\"wp-block-wd-paragraph wd-426a9719\">LuLeey garantiza que sus productos se someten a estrictos controles de calidad desde la adquisici\u00f3n de las materias primas hasta el proceso de fabricaci\u00f3n. Adem\u00e1s, garantizamos la reparaci\u00f3n de los defectos de material y fabricaci\u00f3n al comprador original. Si tiene alg\u00fan problema con su producto, LuLeey ofrece servicios de reparaci\u00f3n para productos que no hayan superado su periodo de garant\u00eda posventa.<\/p>\n\n\n\n<h2 class=\"wp-block-wd-title title wd-design-underlined wd-018192bd\"><span>Garant\u00eda del producto<\/span><\/h2>\n\n\n\n<div class=\"wp-block-wd-menu-anchor wd-menu-anchor wd-7b381d1f\" data-id=\"warranty\" data-offset=\"0\"><div id=\"warranty\"><\/div><\/div>\n\n\n\n<p class=\"wp-block-wd-paragraph wd-f36e83bf\">El periodo de garant\u00eda para todas las categor\u00edas se indica en la tabla siguiente, a partir de la fecha de entrega del pedido original.<\/p>\n\n\n\n<figure class=\"wp-block-table\"><table class=\"has-fixed-layout\"><thead><tr><th>SUBCATEGOR\u00cdASUBCATEGOR\u00cdA<\/th><th>VENTANA DE RETORNO<\/th><th>VENTANA DE CAMBIO<\/th><th>PLAZO DE GARANT\u00cdA<\/th><th>NOTAS<\/th><\/tr><\/thead><tbody><tr><td>ONU Y ONT<\/td><td>15 d\u00edas<\/td><td>30 d\u00edas<\/td><td>2 a\u00f1os<\/td><td><\/td><\/tr><tr><td>Conmutador Ethernet<\/td><td>15 d\u00edas<\/td><td>30 d\u00edas<\/td><td>2 a\u00f1os<\/td><td><\/td><\/tr><tr><td>Equipos CATV<\/td><td>15 d\u00edas<\/td><td>30 d\u00edas<\/td><td>2 a\u00f1os<\/td><td><\/td><\/tr><tr><td>OLT Terminal de l\u00ednea \u00f3ptica<\/td><td>15 d\u00edas<\/td><td>30 d\u00edas<\/td><td>2 a\u00f1os<\/td><td><\/td><\/tr><tr><td>Transceptores de m\u00f3dulos \u00f3pticos<\/td><td>15 d\u00edas<\/td><td>30 d\u00edas<\/td><td>2 a\u00f1os<\/td><td><\/td><\/tr><tr><td>Convertidor de medios<\/td><td>15 d\u00edas<\/td><td>30 d\u00edas<\/td><td>2 a\u00f1os<\/td><td><\/td><\/tr><tr><td>Latiguillos y cables de fibra \u00f3ptica<\/td><td>No disponible<\/td><td>No disponible<\/td><td>Consumibles<\/td><td><\/td><\/tr><tr><td>OTDR<br>Inspecci\u00f3n de fibra<br>Medidores de potencia \u00f3ptica<br>Localizadores visuales de aver\u00edas<br>Fuentes de luz<br>Mult\u00edmetros \u00f3pticos<br>Identificadores de fibra<\/td><td>15 d\u00edas<\/td><td>30 d\u00edas<\/td><td>1 a\u00f1o<\/td><td><\/td><\/tr><tr><td>Trituradoras de fibra y accesorios<br>Pulido de fibras<br>Pelacables<br>Cortadoras de fibra<br>Cortadores de fibra<\/td><td>No disponible<\/td><td>No disponible<\/td><td>Consumibles<\/td><td><\/td><\/tr><tr><td>Herramientas de limpieza de fibra<\/td><td>No disponible<\/td><td>No disponible<\/td><td>Consumibles<\/td><td><\/td><\/tr><tr><td>Empalmadora por fusi\u00f3n y accesorios<\/td><td>15 d\u00edas<\/td><td>30 d\u00edas<\/td><td>1 a\u00f1o<\/td><td><\/td><\/tr><\/tbody><\/table><\/figure>\n\n\n\n<h5 class=\"wp-block-wd-title title wd-7f5f34eb\">Art\u00edculos de garant\u00eda gratuitos:<\/h5>\n\n\n\n<p class=\"wp-block-wd-paragraph wd-49bd4332\">Durante el per\u00edodo de garant\u00eda, la garant\u00eda de LuLeey s\u00f3lo cubre los defectos causados por el uso normal y los da\u00f1os log\u00edsticos, problemas de calidad, etc. Pagaremos los gastos de env\u00edo de devoluci\u00f3n de los art\u00edculos en garant\u00eda.<\/p>\n\n\n\n<h5 class=\"wp-block-wd-title title wd-c9d1d98c\">Exclusiones de la garant\u00eda gratuita\uff1a<\/h5>\n\n\n\n<p class=\"wp-block-wd-paragraph wd-ad55962e\">1. El producto ha superado el periodo de garant\u00eda.<br>2. Desmontaje no autorizado, modificaci\u00f3n y otros da\u00f1os causados por el hombre.<br>3. Da\u00f1os causados por cat\u00e1strofes naturales como impactos, incendios, rayos, inundaciones o negligencias humanas.<br>4. Da\u00f1os causados por un funcionamiento incorrecto de la carcasa del equipo, la fuente de alimentaci\u00f3n, etc. durante el uso.<br>5. Tenga en cuenta que los productos hechos a medida s\u00f3lo se pueden cambiar o cancelar antes de que empecemos a fabricar el pedido del producto, a menos que se apruebe.<\/p>\n\n\n\n<p class=\"wp-block-wd-paragraph wd-e24d9544\"><strong>Si tiene alguna pregunta sobre nuestros productos, por favor&nbsp;<a href=\"https:\/\/www.luleey.com\/es\/contact-us\/\"><mark>Contacto<\/mark><\/a><em>.<\/em><\/strong><\/p>\n\n\n\n<h2 class=\"wp-block-wd-title title wd-design-underlined wd-9d7b6b49\"><span>Pol\u00edtica de devoluciones<\/span><\/h2>\n\n\n\n<div class=\"wp-block-wd-menu-anchor wd-menu-anchor wd-e1edc04c\" data-id=\"return\" data-offset=\"0\"><div id=\"return\"><\/div><\/div>\n\n\n\n<p class=\"wp-block-wd-paragraph wd-e58762aa\">Servicio de Compra Completa, Todas las devoluciones deben tener un&nbsp;<a href=\"https:\/\/www.luleey.com\/es\/contact-us\/#rma\"><mark>Solicitud de RMA<\/mark><\/a>&nbsp;y siga los pasos que se indican a continuaci\u00f3n para tramitar una devoluci\u00f3n, un cambio o una reparaci\u00f3n.<\/p>\n\n\n\n<h5 class=\"wp-block-wd-title title wd-a91b44a1\">Acerca de las devoluciones<\/h5>\n\n\n\n<p class=\"wp-block-wd-paragraph wd-90511f56\">Los reembolsos se procesar\u00e1n despu\u00e9s de que LuLeey haya recibido e inspeccionado los art\u00edculos devueltos. Se tardar\u00e1 aproximadamente 7 d\u00edas en recibir el reembolso.<\/p>\n\n\n\n<h5 class=\"wp-block-wd-title title wd-b59ba583\">Acerca de los intercambios<\/h5>\n\n\n\n<p class=\"wp-block-wd-paragraph wd-f766414c\">Si los art\u00edculos de sustituci\u00f3n est\u00e1n en stock, se pueden enviar en un plazo de 2 d\u00edas laborables. Si el art\u00edculo de reemplazo no est\u00e1 en stock, negociaremos una fecha de env\u00edo con usted.<\/p>\n\n\n\n<h5 class=\"wp-block-wd-title title wd-cd618960\">Reparaciones (dentro del periodo de garant\u00eda)<\/h5>\n\n\n\n<p>El servicio de reparaci\u00f3n est\u00e1 disponible para la mayor\u00eda de los art\u00edculos (excepto los consumibles) durante el per\u00edodo de garant\u00eda.<br><br>Para solicitar un reembolso o cambio, debe presentarse una solicitud de devoluci\u00f3n dentro de los d\u00edas de garant\u00eda a partir de la fecha de entrega. Para los productos que cumplan las condiciones de reparaci\u00f3n, env\u00ede una solicitud de reparaci\u00f3n dentro del periodo de garant\u00eda. Si el periodo de garant\u00eda ha expirado, los servicios de reparaci\u00f3n siguen estando disponibles, pero se cobrar\u00e1n en funci\u00f3n de cada caso.<br><br>El servicio posventa correspondiente debe estar dentro del periodo de garant\u00eda. Para comprobar el periodo de garant\u00eda de un art\u00edculo, consulte Garant\u00eda del producto.<\/p>\n\n\n\n<h2 class=\"wp-block-wd-title title wd-design-underlined wd-a14f9c3a\"><span><a href=\"https:\/\/www.luleey.com\/es\/shopping-services\/#uagb-tabs__tab3\">Pol\u00edtica de env\u00edos<\/a><\/span><\/h2>\n\n\n\n<div class=\"wp-block-wd-menu-anchor wd-menu-anchor wd-24b91f75\" data-id=\"shopping\" data-offset=\"0\"><div id=\"shopping\"><\/div><\/div>\n\n\n\n<h3 class=\"wp-block-wd-title title wd-f54a6854\">Env\u00edo en 48 horas<\/h3>\n\n\n\n<p class=\"wp-block-wd-paragraph wd-606337b2\">LuLeey utiliza los mejores transportistas del sector para garantizar que tu pedido llegue a tiempo. Los productos que est\u00e1n en stock en nuestro almac\u00e9n se enviar\u00e1n en un plazo de 2 d\u00edas laborables.<\/p>\n\n\n\n<h3 class=\"wp-block-wd-title title wd-12621d88\">Expreso Est\u00e1ndar<\/h3>\n\n\n\n<p class=\"wp-block-wd-paragraph wd-a7c762f3\">Standard Express es el m\u00e9todo de env\u00edo predeterminado en LuLeey. Proporciona servicios de entrega con env\u00edo gratuito a m\u00e1s de US$39 en todo el mundo. Los paquetes se consolidan y se entregan a trav\u00e9s de los principales transportistas como Singapore Post, USPS Post, Canada Post, Korea Post, Poczta Polska, PostNL etc. Fecha de entrega 7-45 d\u00edas. pero Europa, Am\u00e9rica del Norte, Asia, Alta probabilidad de entrega completa en 4-15 d\u00edas .<\/p>\n\n\n\n<p class=\"wp-block-wd-paragraph wd-249dec5a\">Los derechos de aduana corren a cargo de los clientes, pero la log\u00edstica est\u00e1ndar admite DDP a la mayor\u00eda de los pa\u00edses, libres de impuestos, como EE.UU., DE, UK, CA, FR, IT, PL, AT, JP...<\/p>\n\n\n\n<h3 class=\"wp-block-wd-title title wd-9f2f25b8\">Premium Express(opci\u00f3n)<\/h3>\n\n\n\n<p class=\"wp-block-wd-paragraph wd-7ddc68f4\">Premium Express incluye los principales transportistas expr\u00e9s internacionales del mundo. Por ejemplo, Premium Express.<br>DHL\/UPS\/FEDEX\/ARAMEX\/EMS\/otros servicios dedicados de alta prioridad. Sin embargo, hay que pagar una tasa y el plazo de entrega es de 5-15 d\u00edas.<\/p>\n\n\n\n<h2 class=\"wp-block-wd-title title wd-fad94514\">Fecha estad\u00edstica:01-01-2026 a 15-03-2026<\/h2>\n\n\n\n<figure class=\"wp-block-table\"><table class=\"has-fixed-layout\"><tbody><tr><td class=\"has-text-align-center\" data-align=\"center\"><strong>D\u00edas de entrega completos con todos los pedidos<\/strong><\/td><td class=\"has-text-align-center\" data-align=\"center\"><strong>Porcentaje del total<\/strong><\/td><\/tr><tr><td class=\"has-text-align-center\" data-align=\"center\">T\u22643 D\u00edas<\/td><td class=\"has-text-align-center\" data-align=\"center\">0.00%<\/td><\/tr><tr><td class=\"has-text-align-center\" data-align=\"center\">3&lt;T\u22645 D\u00edas<\/td><td class=\"has-text-align-center\" data-align=\"center\">29.29%<\/td><\/tr><tr><td class=\"has-text-align-center\" data-align=\"center\">5&lt;T\u22647 D\u00edas<\/td><td class=\"has-text-align-center\" data-align=\"center\">41.42%<\/td><\/tr><tr><td class=\"has-text-align-center\" data-align=\"center\">7&lt;T\u226410 D\u00edas<\/td><td class=\"has-text-align-center\" data-align=\"center\">19.19%<\/td><\/tr><tr><td class=\"has-text-align-center\" data-align=\"center\">10&lt;T\u226415 D\u00edas<\/td><td class=\"has-text-align-center\" data-align=\"center\">10.10%<\/td><\/tr><tr><td class=\"has-text-align-center\" data-align=\"center\">15&lt;T\u226420 D\u00edas<\/td><td class=\"has-text-align-center\" data-align=\"center\">0.00%<\/td><\/tr><tr><td class=\"has-text-align-center\" data-align=\"center\">20&lt;T\u226430 D\u00edas<\/td><td class=\"has-text-align-center\" data-align=\"center\">0.00%<\/td><\/tr><tr><td class=\"has-text-align-center\" data-align=\"center\">T&gt;30 d\u00edas<\/td><td class=\"has-text-align-center\" data-align=\"center\">0.00%<\/td><\/tr><\/tbody><\/table><\/figure>\n\n\n\n<h2 class=\"wp-block-wd-title title wd-9d640aaa\"><strong>Proveedores log\u00edsticos<\/strong><\/h2>\n\n\n\n<div class=\"wp-block-wd-divider wd-style-line wd-391086be\"><\/div>\n\n\n\n<ul class=\"wp-block-list\">\n<li>Expreso Internacional<\/li>\n\n\n\n<li>L\u00ednea expr\u00e9s<\/li>\n\n\n\n<li>Servicio Postal Internacional<\/li>\n<\/ul>\n\n\n\n<h2 class=\"wp-block-wd-title title wd-fb29e88d\">Principalmente&nbsp;<strong>Transporte a\u00e9reo<\/strong><\/h2>\n\n\n\n<div class=\"wp-block-wd-divider wd-style-line wd-4ee258ec\"><\/div>\n\n\n\n<ul class=\"wp-block-list\">\n<li>No por transporte mar\u00edtimo<\/li>\n\n\n\n<li>No en tren<\/li>\n\n\n\n<li>No para el transporte en coche<\/li>\n<\/ul>\n\n\n\n<h2 class=\"wp-block-wd-title title wd-cc33b04d\"><strong>Seguimiento completo de enlaces<\/strong><\/h2>\n\n\n\n<div class=\"wp-block-wd-divider wd-style-line wd-84e4a988\"><\/div>\n\n\n\n<ul class=\"wp-block-list\">\n<li>R\u00e1pido despacho de aduanas<\/li>\n\n\n\n<li>Env\u00edo en 48 horas, normalmente<\/li>\n\n\n\n<li>Tramitaci\u00f3n oportuna del asunto<\/li>\n<\/ul>\n\n\n\n<p class=\"wp-block-wd-paragraph wd-a5052c11\">Para la mayor\u00eda de los productos, podemos ofrecer un servicio personalizado, pero la cantidad y el precio tendr\u00e1n ciertos requisitos, le invitamos a&nbsp;<a href=\"https:\/\/www.luleey.com\/es\/contact-us\/\"><mark>Contacto<\/mark><\/a>.<\/p>","protected":false},"excerpt":{"rendered":"<p>SUBCATEGOR\u00cdASUBCATEGOR\u00cdA VENTANA DE DEVOLUCI\u00d3N VENTANA DE CAMBIO PLAZO DE GARANT\u00cdA NOTAS ONU Y ONT 15 d\u00edas 30 d\u00edas 2 a\u00f1os Conmutador Ethernet 15<\/p>","protected":false},"author":1,"featured_media":0,"parent":0,"menu_order":0,"comment_status":"closed","ping_status":"closed","template":"","meta":{"footnotes":""},"class_list":["post-170","page","type-page","status-publish","hentry"],"_links":{"self":[{"href":"https:\/\/www.luleey.com\/es\/wp-json\/wp\/v2\/pages\/170","targetHints":{"allow":["GET"]}}],"collection":[{"href":"https:\/\/www.luleey.com\/es\/wp-json\/wp\/v2\/pages"}],"about":[{"href":"https:\/\/www.luleey.com\/es\/wp-json\/wp\/v2\/types\/page"}],"author":[{"embeddable":true,"href":"https:\/\/www.luleey.com\/es\/wp-json\/wp\/v2\/users\/1"}],"replies":[{"embeddable":true,"href":"https:\/\/www.luleey.com\/es\/wp-json\/wp\/v2\/comments?post=170"}],"version-history":[{"count":0,"href":"https:\/\/www.luleey.com\/es\/wp-json\/wp\/v2\/pages\/170\/revisions"}],"wp:attachment":[{"href":"https:\/\/www.luleey.com\/es\/wp-json\/wp\/v2\/media?parent=170"}],"curies":[{"name":"wp","href":"https:\/\/api.w.org\/{rel}","templated":true}]}}