{"id":12450,"date":"2024-07-19T00:47:10","date_gmt":"2024-07-18T16:47:10","guid":{"rendered":"https:\/\/www.luleey.com\/?post_type=product&#038;p=12450"},"modified":"2026-01-10T20:30:46","modified_gmt":"2026-01-10T12:30:46","slug":"1000m-mini-smf-sc-bidi-fiber-media-converter","status":"publish","type":"product","link":"https:\/\/www.luleey.com\/es\/producto\/1000m-mini-smf-sc-bidi-fiber-media-converter\/","title":{"rendered":"1000M mini SMF SC BIDI Fiber Media Converter"},"content":{"rendered":"<h4 data-spm-anchor-id=\"a2g0o.detail.1000023.i0.525da32aC35IUk\">Caracter\u00edsticas<\/h4>\n<ol>\n<li><span class=\"a-list-item\">Este es el convertidor de medios de fibra SMF BIDI Mini Gigabit: su soluci\u00f3n para una transmisi\u00f3n de datos eficaz y fiable. Este producto viene como un par, dise\u00f1ado para aplicaciones de Transceptor de Fibra \u00d3ptica A\/B. Con su peque\u00f1o tama\u00f1o de s\u00f3lo 69x37x22mm, es una gran opci\u00f3n de ahorro de espacio para configuraciones de red.<\/span><\/li>\n<li><span class=\"a-list-item\">Este minitransceptor Gigabit est\u00e1 equipado con una conexi\u00f3n de fibra \u00fanica SC 1,25G de 1 puerto y un convertidor de medios RJ45 10\/100\/1000Mbps de 1 puerto, lo que le permite conectarse a su red de forma r\u00e1pida y sin problemas. Tambi\u00e9n tiene un impresionante alcance de transmisi\u00f3n de 20 km, por lo que es ideal para transferencias de datos a larga distancia.<\/span><\/li>\n<li><span class=\"a-list-item\">Dispositivo \"plug and play\" que no requiere ninguna configuraci\u00f3n complicada. Basta con conectar el dispositivo y \u00a1listo!<\/span><\/li>\n<\/ol>\n<div class=\"a-column a-span6\">\n<h3>Especificaci\u00f3n<\/h3>\n<\/div>\n<div class=\"a-column a-span6 a-span-last\">\n<table width=\"701\">\n<tbody>\n<tr>\n<td width=\"229\">Modelo<\/td>\n<td width=\"472\">LL-BDMC1000<\/td>\n<\/tr>\n<tr>\n<td width=\"229\">Puerto Ethernet<\/td>\n<td width=\"472\">RJ45 100\/1000M adaptable<\/td>\n<\/tr>\n<tr>\n<td width=\"229\">Puerto de fibra<\/td>\n<td width=\"472\">SC UPC 1,25 Gb\/s<\/td>\n<\/tr>\n<tr>\n<td>SM\/MM<\/td>\n<td width=\"472\">Modo \u00fanico<\/td>\n<\/tr>\n<tr>\n<td width=\"229\">Longitud de onda de trabajo<\/td>\n<td width=\"472\">1310nm\/1550nm<\/td>\n<\/tr>\n<tr>\n<td width=\"229\">Temperatura de trabajo:<\/td>\n<td width=\"472\">0\u2103-50\u2103<\/td>\n<\/tr>\n<tr>\n<td width=\"229\">Temperatura de almacenamiento<\/td>\n<td width=\"472\">-20\u2103~70\u2103<\/td>\n<\/tr>\n<tr>\n<td width=\"229\">Distancia de transmisi\u00f3n<\/td>\n<td width=\"472\">20 km<\/td>\n<\/tr>\n<tr>\n<td width=\"229\">Entrada de alimentaci\u00f3n<\/td>\n<td width=\"472\">100-250 VAC\/50-60Hz\/DC5V-12V<\/td>\n<\/tr>\n<tr>\n<td width=\"229\">Talla<\/td>\n<td width=\"472\">69x37x22mm<\/td>\n<\/tr>\n<\/tbody>\n<\/table>\n<\/div>","protected":false},"excerpt":{"rendered":"<ol>\n<li><span class=\"a-list-item\">Peque\u00f1o tama\u00f1o, grandes ventajas: Este minitransceptor Gigabit viene en un par y re\u00fane montones de funciones en su dise\u00f1o compacto de 69*37*22 mm.<\/span><\/li>\n<li><span class=\"a-list-item\">Inmejorable conversor de medios: con 1 puerto de fibra simple SC 1,25G y 1 puerto RJ45 10\/100\/1000Mbps, este transceptor de fibra \u00f3ptica A\/B es una herramienta esencial para convertir se\u00f1ales de medios.<\/span><\/li>\n<li><span class=\"a-list-item\">Transmisi\u00f3n a larga distancia: Tanto si necesita conectar dispositivos a trav\u00e9s de un almac\u00e9n como a trav\u00e9s de la ciudad, este transceptor le tiene cubierto con un alcance de 20 km.<\/span><\/li>\n<li><span class=\"a-list-item\">Fabricado para durar: Gracias a su carcasa de aluminio y a la protecci\u00f3n interna contra sobretensiones, este transceptor est\u00e1 fabricado para soportar las condiciones m\u00e1s duras.<\/span><\/li>\n<li><span class=\"a-list-item\">Configuraci\u00f3n sin complicaciones: S\u00f3lo tiene que conectar este transceptor y estar\u00e1 listo para funcionar. Dise\u00f1ado para facilitar su uso, es la elecci\u00f3n perfecta para cualquiera que busque soluciones de conectividad sin complicaciones.<\/span><\/li>\n<li><span class=\"a-list-item\">Transceptor Gigabit BIDI: \u00a1Aumente la potencia de su red con nuestro transceptor Gigabit! Ahorre costes de fibra con el soporte tecnol\u00f3gico de BIDI.<\/span><\/li>\n<\/ol>","protected":false},"featured_media":12049,"comment_status":"open","ping_status":"closed","template":"","meta":[],"product_brand":[],"product_cat":[310],"product_tag":[224,250,259],"class_list":{"0":"post-12450","1":"product","2":"type-product","3":"status-publish","4":"has-post-thumbnail","6":"product_cat-copper-to-fiber-media-converters","7":"product_tag-fiber-converter","8":"product_tag-ll-bdmc1000","9":"product_tag-media-converter","11":"first","12":"instock","13":"featured","14":"shipping-taxable","15":"purchasable","16":"product-type-variable","17":"has-default-attributes"},"_links":{"self":[{"href":"https:\/\/www.luleey.com\/es\/wp-json\/wp\/v2\/product\/12450","targetHints":{"allow":["GET"]}}],"collection":[{"href":"https:\/\/www.luleey.com\/es\/wp-json\/wp\/v2\/product"}],"about":[{"href":"https:\/\/www.luleey.com\/es\/wp-json\/wp\/v2\/types\/product"}],"replies":[{"embeddable":true,"href":"https:\/\/www.luleey.com\/es\/wp-json\/wp\/v2\/comments?post=12450"}],"wp:featuredmedia":[{"embeddable":true,"href":"https:\/\/www.luleey.com\/es\/wp-json\/wp\/v2\/media\/12049"}],"wp:attachment":[{"href":"https:\/\/www.luleey.com\/es\/wp-json\/wp\/v2\/media?parent=12450"}],"wp:term":[{"taxonomy":"product_brand","embeddable":true,"href":"https:\/\/www.luleey.com\/es\/wp-json\/wp\/v2\/product_brand?post=12450"},{"taxonomy":"product_cat","embeddable":true,"href":"https:\/\/www.luleey.com\/es\/wp-json\/wp\/v2\/product_cat?post=12450"},{"taxonomy":"product_tag","embeddable":true,"href":"https:\/\/www.luleey.com\/es\/wp-json\/wp\/v2\/product_tag?post=12450"}],"curies":[{"name":"wp","href":"https:\/\/api.w.org\/{rel}","templated":true}]}}