{"id":12452,"date":"2024-07-19T00:47:11","date_gmt":"2024-07-18T16:47:11","guid":{"rendered":"https:\/\/www.luleey.com\/?post_type=product&#038;p=12452"},"modified":"2025-06-28T10:51:53","modified_gmt":"2025-06-28T02:51:53","slug":"gpon-olt-c-optical-module","status":"publish","type":"product","link":"https:\/\/www.luleey.com\/es\/producto\/gpon-olt-c-optical-module\/","title":{"rendered":"M\u00f3dulo \u00f3ptico GPON OLT C++"},"content":{"rendered":"<h3>Caracter\u00edsticas<\/h3>\n<ol>\n<li class=\"a-spacing-base\">El m\u00f3dulo GPON OLT C+++ presenta un tipo de encapsulaci\u00f3n SFP, lo que garantiza una alta compatibilidad con la mayor\u00eda de los dispositivos de red. Su alta potencia de salida, superior a 7db+, permite mantener una se\u00f1al fuerte y fiable a lo largo de 20km, lo que lo hace ideal para despliegues de red de mayor tama\u00f1o. Adem\u00e1s, GPON OLT C+++ es un m\u00f3dulo PON \u00f3ptico SFP, que soporta velocidades de transmisi\u00f3n de hasta 2,5G\/1,25G, por lo que es perfecto para aplicaciones de gran ancho de banda.<\/li>\n<li class=\"a-spacing-base\">Para garantizar el rendimiento y la fiabilidad \u00f3ptimos de su red, es compatible con las funciones de diagn\u00f3stico digital DDM, lo que le permite supervisar la potencia \u00f3ptica y la temperatura.Este m\u00f3dulo GPON OLT es compatible con los dispositivos de red m\u00e1s populares, como OLT BDCOM, HIOSO, VSOL, THINK, TPLINK y muchos m\u00e1s. Tanto si est\u00e1 actualizando una red existente como si est\u00e1 desplegando una nueva, el m\u00f3dulo GPON OLT C+++ es la soluci\u00f3n perfecta. Proporcionar\u00e1 a su red un alto rendimiento y estabilidad durante a\u00f1os. En conclusi\u00f3n, si est\u00e1 buscando una GPON OLT C+++ fiable y de alto rendimiento para su OLT, su fiabilidad y compatibilidad la convierten en la opci\u00f3n ideal para su red.<\/li>\n<\/ol>\n<h3>Especificaci\u00f3n<\/h3>\n<table width=\"790\">\n<tbody>\n<tr>\n<td width=\"229\">Modelo<\/td>\n<td width=\"561\">LL-GOC007\/LL-GOC008<\/td>\n<\/tr>\n<tr>\n<td>Caja de aleaci\u00f3n de zinc<\/td>\n<td>fuerte antiest\u00e1tica, reduce las interferencias, r\u00e1pida disipaci\u00f3n del calor<\/td>\n<\/tr>\n<tr>\n<td>Marca OLT compatible<\/td>\n<td>BDCOM HUAWEI ZTE FIBERHOME HIOSO VSOL Think TPLINK y m\u00e1s<\/td>\n<\/tr>\n<tr>\n<td>Conector<\/td>\n<td>SC\/PC<\/td>\n<\/tr>\n<tr>\n<td>Diagn\u00f3stico digital<\/td>\n<td>DDM<\/td>\n<\/tr>\n<tr>\n<td>Tasa de transferencia<\/td>\n<td>2,5G\/1,25G<\/td>\n<\/tr>\n<tr>\n<td>Distancia m\u00e1xima de transmisi\u00f3n<\/td>\n<td>20 km<\/td>\n<\/tr>\n<tr>\n<td width=\"229\">Tipo de envase<\/td>\n<td width=\"561\">SFP<\/td>\n<\/tr>\n<tr>\n<td width=\"229\">longitud de onda de env\u00edo<\/td>\n<td width=\"561\">1490 nm<\/td>\n<\/tr>\n<tr>\n<td width=\"229\">Longitud de onda de recepci\u00f3n<\/td>\n<td width=\"561\">1310nm<\/td>\n<\/tr>\n<\/tbody>\n<\/table>","protected":false},"excerpt":{"rendered":"<p><span class=\"a-list-item\">[Plug and Play]Our GPON OLT C+++ is built to last, offering long-term stability that guarantees reliable network connectivity with minimal downtime.<\/span><\/p>\n<p><span class=\"a-list-item\">[High Performance] Our GPON OLT C+++ supports transmission rates of up to 2.5G\/1.25G, delivering a seamless network experience that can handle anything you throw at it.<\/span><\/p>\n<p><span class=\"a-list-item\">[Reliable Diagnostic Tool]Supports DDM digital diagnostic functions, ensuring that you can easily identify any potential issues and troubleshoot them accordingly.<\/span><\/p>\n<p><span class=\"a-list-item\">[Long-Range Connectivity]With a maximum range of up to 20km, you can connect devices and users over long distances without any issues.<\/span><\/p>\n<p><span class=\"a-list-item\">[Reliable Diagnostic Tool]Supports DDM digital diagnostic functions, ensuring that you can easily identify any potential issues and troubleshoot them accordingly.<\/span><\/p>\n","protected":false},"featured_media":12495,"comment_status":"open","ping_status":"closed","template":"","meta":[],"product_brand":[],"product_cat":[317],"product_tag":[96,177,228,229],"class_list":{"0":"post-12452","1":"product","2":"type-product","3":"status-publish","4":"has-post-thumbnail","6":"product_cat-sfp-pon-module","7":"product_tag-10db","8":"product_tag-9db","9":"product_tag-gpon","10":"product_tag-gpon-olt","12":"first","13":"instock","14":"featured","15":"shipping-taxable","16":"purchasable","17":"product-type-variable","18":"has-default-attributes"},"_links":{"self":[{"href":"https:\/\/www.luleey.com\/es\/wp-json\/wp\/v2\/product\/12452","targetHints":{"allow":["GET"]}}],"collection":[{"href":"https:\/\/www.luleey.com\/es\/wp-json\/wp\/v2\/product"}],"about":[{"href":"https:\/\/www.luleey.com\/es\/wp-json\/wp\/v2\/types\/product"}],"replies":[{"embeddable":true,"href":"https:\/\/www.luleey.com\/es\/wp-json\/wp\/v2\/comments?post=12452"}],"wp:featuredmedia":[{"embeddable":true,"href":"https:\/\/www.luleey.com\/es\/wp-json\/wp\/v2\/media\/12495"}],"wp:attachment":[{"href":"https:\/\/www.luleey.com\/es\/wp-json\/wp\/v2\/media?parent=12452"}],"wp:term":[{"taxonomy":"product_brand","embeddable":true,"href":"https:\/\/www.luleey.com\/es\/wp-json\/wp\/v2\/product_brand?post=12452"},{"taxonomy":"product_cat","embeddable":true,"href":"https:\/\/www.luleey.com\/es\/wp-json\/wp\/v2\/product_cat?post=12452"},{"taxonomy":"product_tag","embeddable":true,"href":"https:\/\/www.luleey.com\/es\/wp-json\/wp\/v2\/product_tag?post=12452"}],"curies":[{"name":"wp","href":"https:\/\/api.w.org\/{rel}","templated":true}]}}