{"id":12455,"date":"2024-07-19T00:47:15","date_gmt":"2024-07-18T16:47:15","guid":{"rendered":"https:\/\/www.luleey.com\/?post_type=product&#038;p=12455"},"modified":"2025-02-22T11:46:23","modified_gmt":"2025-02-22T03:46:23","slug":"1000m-sfp-media-converter","status":"publish","type":"product","link":"https:\/\/www.luleey.com\/es\/producto\/1000m-sfp-media-converter\/","title":{"rendered":"Conversor de medios SFP 1000M"},"content":{"rendered":"<p>Este convertidor Gigabit Ethernet 10\/100\/1000M se utiliza en la transmisi\u00f3n de redes troncales y se emplea principalmente para enlaces de dispositivos Gigabit Ethernet. Convierte las se\u00f1ales Ethernet \u00f3ptico-el\u00e9ctricas entre la interfaz UTP 10\/100\/1000M (TX) y la toma SFP 1000M (FX). Seg\u00fan los requisitos de los clientes, este convertidor de medios admite fibras monomodo y multimodo con una distancia de transmisi\u00f3n de hasta 80 km para fibra monomodo y 550 m para fibra multimodo. Ampl\u00eda la distancia de transmisi\u00f3n gracias a su red de conversi\u00f3n fotoel\u00e9ctrica. El convertidor de medios aprovecha la tecnolog\u00eda de conexi\u00f3n inteligente para proporcionar autonegociaci\u00f3n, eliminando as\u00ed la necesidad de configurar o supervisar manualmente los ajustes.<\/p>\n<h3>Caracter\u00edsticas<\/h3>\n<ol>\n<li>Dise\u00f1o modular, plug and play<\/li>\n<li>Cumple las normas IEEE 10\/100Base-TX, IEEE 802.3ab 1000Base-T e IEEE 802.3z 1000Base-SX\/LX<\/li>\n<li>La funci\u00f3n de negociaci\u00f3n autom\u00e1tica permite a los puertos UTP seleccionar autom\u00e1ticamente 10\/100\/1000M y Full Duplex o Half Duplex<\/li>\n<li>Admite el cruce autom\u00e1tico de puertos de par trenzado<\/li>\n<li>El LED de alarma se ilumina para indicar un fallo de enlace; los LED de estado facilitan la supervisi\u00f3n del estado del dispositivo.<\/li>\n<\/ol>\n<h3>Especificaci\u00f3n<\/h3>\n<table width=\"717\">\n<tbody>\n<tr>\n<td>Modelo<\/td>\n<td>LL-SFPMC1000<\/td>\n<\/tr>\n<tr>\n<td>Nombre del producto<\/td>\n<td>Conversor de medios SFP 1000M<\/td>\n<\/tr>\n<tr>\n<td>Marca<\/td>\n<td>LuLeey<\/td>\n<\/tr>\n<tr>\n<td rowspan=\"6\" width=\"165\">Normas<\/td>\n<td width=\"552\">IEEE802.3 10Base-T<\/td>\n<\/tr>\n<tr>\n<td width=\"552\">IEEE802.3u 100Base-TX\/FX<\/td>\n<\/tr>\n<tr>\n<td width=\"552\">IEEE802.3z 1000Base-SX\/LX<\/td>\n<\/tr>\n<tr>\n<td width=\"552\">IEEE802.3x Control de flujo<\/td>\n<\/tr>\n<tr>\n<td width=\"552\">IEEE802.1p QoS<\/td>\n<\/tr>\n<tr>\n<td width=\"552\">\u00c1rbol de expansi\u00f3n IEEE802.1d<\/td>\n<\/tr>\n<tr>\n<td width=\"165\"><\/td>\n<td width=\"552\">Conector: RJ45<\/td>\n<\/tr>\n<tr>\n<td width=\"165\">Puerto Ethernet<\/td>\n<td width=\"552\">Velocidad de transmisi\u00f3n:10\/100\/1000M<\/td>\n<\/tr>\n<tr>\n<td width=\"165\"><\/td>\n<td width=\"552\">Distancia: 100 m<\/td>\n<\/tr>\n<tr>\n<td width=\"165\"><\/td>\n<td width=\"552\">Tipo UTP: UTP-5E o superior<\/td>\n<\/tr>\n<tr>\n<td rowspan=\"4\" width=\"165\">Puerto de fibra<\/td>\n<td width=\"552\">Conector:Ranura SFP<\/td>\n<\/tr>\n<tr>\n<td width=\"552\">Velocidad de datos: 1,25 Gbps<\/td>\n<\/tr>\n<tr>\n<td width=\"552\">Longitud de onda \u00f3ptica: 850 nm\/1310 nm\/1490 nm\/1550 nm<\/td>\n<\/tr>\n<tr>\n<td width=\"552\">Distancia: 550m\uff5e120km<\/td>\n<\/tr>\n<tr>\n<td rowspan=\"6\" width=\"165\">Rendimiento<\/td>\n<td width=\"552\">Tipo de procesamiento: Almacenamiento y reenv\u00edo<\/td>\n<\/tr>\n<tr>\n<td width=\"552\">Tama\u00f1o de la tabla MAC:4K\/6K\/8K<\/td>\n<\/tr>\n<tr>\n<td width=\"552\">Espacio en b\u00fafer: 500kbs\/1Mbit\/2Mbit<\/td>\n<\/tr>\n<tr>\n<td width=\"552\">Paquete Jumbo: 1518 bytes<\/td>\n<\/tr>\n<tr>\n<td width=\"552\">Ancho de banda trasero: 3,8G\/5,6G\/7,2G<\/td>\n<\/tr>\n<tr>\n<td width=\"552\">Tiempo de retardo: \uff1c150\u03bcs<\/td>\n<\/tr>\n<tr>\n<td rowspan=\"5\" width=\"165\">Potencia<\/td>\n<td width=\"552\">Tipo de alimentaci\u00f3n: alimentaci\u00f3n externa<\/td>\n<\/tr>\n<tr>\n<td width=\"552\">Voltaje de entrada: AC100V\uff5e240V 50\/60Hz<\/td>\n<\/tr>\n<tr>\n<td width=\"552\">Conector: Toma CC<\/td>\n<\/tr>\n<tr>\n<td width=\"552\">Tensi\u00f3n de trabajo: 5 V<\/td>\n<\/tr>\n<tr>\n<td width=\"552\">Consumo: 2,2W\uff5e3,5W<\/td>\n<\/tr>\n<tr>\n<td width=\"165\">MTBF<\/td>\n<td width=\"552\">100.000 horas<\/td>\n<\/tr>\n<tr>\n<td rowspan=\"3\" width=\"165\">Medio ambiente<\/td>\n<td width=\"552\">Temperatura de almacenamiento: -40\uff5e70\u2103<\/td>\n<\/tr>\n<tr>\n<td width=\"552\">Temperatura de funcionamiento: -10\uff5e55\u2103<\/td>\n<\/tr>\n<tr>\n<td width=\"552\">Humedad relativa: 5-90% ( sin condensaci\u00f3n)<\/td>\n<\/tr>\n<tr>\n<td rowspan=\"2\" width=\"165\">Estructuras mec\u00e1nicas<\/td>\n<td width=\"552\">Dimensiones: 215\u00d7107\u00d726mm<\/td>\n<\/tr>\n<tr>\n<td width=\"552\">Peso: 0,15<\/td>\n<\/tr>\n<tr>\n<td width=\"165\">OEM&amp;ODM<\/td>\n<td width=\"552\">Apoyo<\/td>\n<\/tr>\n<\/tbody>\n<\/table>","protected":false},"excerpt":{"rendered":"<ul class=\"a-unordered-list a-vertical a-spacing-mini\">\n<li class=\"a-spacing-small\"><span class=\"a-list-item\">Transmisi\u00f3n de datos de alta velocidad para aplicaciones de larga distancia con convertidor de medios SFP y 20 km de alcance en fibra monomodo.<\/span><\/li>\n<li class=\"a-spacing-small\"><span class=\"a-list-item\">Soporta transferencia de datos adaptable a tasas 10\/100\/1000, proporcionando una soluci\u00f3n vers\u00e1til para diferentes requisitos de red.Compatible con m\u00f3dulos SFP de diferentes marcas. Plug and Play.<\/span><\/li>\n<li class=\"a-spacing-small\"><span class=\"a-list-item\">Puerto SC de 1,25 G que proporciona una conectividad fiable a su red con soporte de fibra a Ethernet RJ45, garantiza una transmisi\u00f3n de datos r\u00e1pida y eficaz.<\/span><\/li>\n<li class=\"a-spacing-small\"><span class=\"a-list-item\">Dise\u00f1o compacto y de peque\u00f1o tama\u00f1o que facilita la instalaci\u00f3n y proporciona una integraci\u00f3n perfecta en las configuraciones de red existentes.<\/span><\/li>\n<li class=\"a-spacing-small\"><span class=\"a-list-item\">Caracter\u00edsticas Protecci\u00f3n contra rayos de tres niveles que garantiza que la transmisi\u00f3n permanezca estable e ininterrumpida, protegiendo los equipos de red sensibles.<\/span><\/li>\n<\/ul>","protected":false},"featured_media":12052,"comment_status":"open","ping_status":"closed","template":"","meta":[],"product_brand":[],"product_cat":[310],"product_tag":[84,224,301],"class_list":{"0":"post-12455","1":"product","2":"type-product","3":"status-publish","4":"has-post-thumbnail","6":"product_cat-copper-to-fiber-media-converters","7":"product_tag-1-25g","8":"product_tag-fiber-converter","9":"product_tag-rj45","11":"first","12":"instock","13":"shipping-taxable","14":"purchasable","15":"product-type-variable"},"_links":{"self":[{"href":"https:\/\/www.luleey.com\/es\/wp-json\/wp\/v2\/product\/12455","targetHints":{"allow":["GET"]}}],"collection":[{"href":"https:\/\/www.luleey.com\/es\/wp-json\/wp\/v2\/product"}],"about":[{"href":"https:\/\/www.luleey.com\/es\/wp-json\/wp\/v2\/types\/product"}],"replies":[{"embeddable":true,"href":"https:\/\/www.luleey.com\/es\/wp-json\/wp\/v2\/comments?post=12455"}],"wp:featuredmedia":[{"embeddable":true,"href":"https:\/\/www.luleey.com\/es\/wp-json\/wp\/v2\/media\/12052"}],"wp:attachment":[{"href":"https:\/\/www.luleey.com\/es\/wp-json\/wp\/v2\/media?parent=12455"}],"wp:term":[{"taxonomy":"product_brand","embeddable":true,"href":"https:\/\/www.luleey.com\/es\/wp-json\/wp\/v2\/product_brand?post=12455"},{"taxonomy":"product_cat","embeddable":true,"href":"https:\/\/www.luleey.com\/es\/wp-json\/wp\/v2\/product_cat?post=12455"},{"taxonomy":"product_tag","embeddable":true,"href":"https:\/\/www.luleey.com\/es\/wp-json\/wp\/v2\/product_tag?post=12455"}],"curies":[{"name":"wp","href":"https:\/\/api.w.org\/{rel}","templated":true}]}}