{"id":12458,"date":"2024-07-19T00:47:15","date_gmt":"2024-07-18T16:47:15","guid":{"rendered":"https:\/\/www.luleey.com\/?post_type=product&#038;p=12458"},"modified":"2025-06-22T15:28:27","modified_gmt":"2025-06-22T07:28:27","slug":"1000m-base-t-copper-100m-sfp-ge-t-ll-1bt100","status":"publish","type":"product","link":"https:\/\/www.luleey.com\/es\/producto\/1000m-base-t-copper-100m-sfp-ge-t-ll-1bt100\/","title":{"rendered":"1000M BASE-T COBRE 100m SFP-GE-T LL-1BT100"},"content":{"rendered":"<h3>Caracter\u00edsticas<\/h3>\n<ol>\n<li>El m\u00f3dulo sfp SFP-GE-RJ45 es compatible con una amplia gama de dispositivos de red, como conmutadores de fibra, routers, tarjetas de interfaz de red (NIC), NAS y convertidores de medios 1G.<\/li>\n<li>Materiales de alta calidad, aleaci\u00f3n de zinc, disipaci\u00f3n eficaz del calor. Enchufe chapado en oro engrosado para un rendimiento de transmisi\u00f3n estable y eficiente.<\/li>\n<li>Las funciones DDM (Digital Diagnostic Monitoring) te ayudan a controlar el estado y el rendimiento del m\u00f3dulo. Tambi\u00e9n puede identificar problemas en una fase temprana, para que puedas tomar medidas correctivas antes de que surjan problemas graves.<\/li>\n<li>SFP-GE-T Gigabit Copper SFP Port Module es un m\u00f3dulo convertidor de SFP a RJ45 de alta calidad que proporciona una conectividad fiable y de alta velocidad para sus dispositivos de red. Con velocidades que van desde 10\/100\/1000Mbps, este m\u00f3dulo es perfecto para aplicaciones exigentes que requieren un gran ancho de banda.Ampliamente compatible con marcas de equipos de red como Cisco, MikroTik, TPLINK, Ubiquiti, Unifi, QNAP, Asus, y ZTE.<\/li>\n<\/ol>\n<h3>Especificaci\u00f3n<\/h3>\n<table width=\"790\">\n<tbody>\n<tr>\n<td width=\"229\">Nombre del producto<\/td>\n<td width=\"561\">M\u00f3dulo de puertos Gigabit de cobre LL-1BT100<\/td>\n<\/tr>\n<tr>\n<td width=\"229\">Tipo de envase<\/td>\n<td width=\"561\">SFP<\/td>\n<\/tr>\n<tr>\n<td width=\"229\">Velocidad de transmisi\u00f3n<\/td>\n<td width=\"561\">10\/100\/1000Mbps<\/td>\n<\/tr>\n<tr>\n<td width=\"229\">Distancia de transmisi\u00f3n<\/td>\n<td width=\"561\">100m<\/td>\n<\/tr>\n<tr>\n<td width=\"229\">Tipo de cable<\/td>\n<td width=\"561\">Cat 5\/6 UTP<\/td>\n<\/tr>\n<tr>\n<td width=\"229\">Interfaz<\/td>\n<td width=\"561\">RJ45<\/td>\n<\/tr>\n<tr>\n<td width=\"229\">Diagn\u00f3stico digital<\/td>\n<td width=\"561\">DDM<\/td>\n<\/tr>\n<tr>\n<td width=\"229\">Temperatura de trabajo<\/td>\n<td width=\"561\">-20\u2103-70\u00b0\u2103<\/td>\n<\/tr>\n<tr>\n<td width=\"229\">Tensi\u00f3n de trabajo<\/td>\n<td width=\"561\">3.3V<\/td>\n<\/tr>\n<\/tbody>\n<\/table>\n<div class=\"a-column a-span6 a-span-last\"><\/div>","protected":false},"excerpt":{"rendered":"<ul class=\"a-unordered-list a-vertical a-spacing-mini\">\n<li class=\"a-spacing-mini\"><span class=\"a-list-item\">Conectividad de alta velocidad: El m\u00f3dulo de puerto SFP de cobre Gigabit SFP SFP-GE-RJ45 convierte SFP en RJ45 y admite una velocidad de transferencia de datos de 10\/100\/1000 Mbps.<\/span><\/li>\n<li class=\"a-spacing-mini\"><span class=\"a-list-item\">Monitorizaci\u00f3n sencilla: La funci\u00f3n DDM (Digital Diagnostics Monitoring) permite supervisar en tiempo real par\u00e1metros cr\u00edticos como la temperatura, la tensi\u00f3n y los niveles de potencia \u00f3ptica.<\/span><\/li>\n<li class=\"a-spacing-mini\"><span class=\"a-list-item\">Compatible con todas las marcas: el m\u00f3dulo sfp es compatible con todas las marcas, <strong>por defecto <\/strong>compatible con Cisco, MikroTik, TPLINK, Ubiquiti, UniFi, QNAP, ASUS y ZTE.<\/span><\/li>\n<li class=\"a-spacing-mini\"><span class=\"a-list-item\">Conectividad de largo alcance: Con un alcance de hasta 100 m, el SFP-GE-RJ45 proporciona una conectividad fiable para distancias largas.<\/span><\/li>\n<li class=\"a-spacing-mini\"><span class=\"a-list-item\">F\u00e1cil de instalar: El m\u00f3dulo puede instalarse r\u00e1pida y f\u00e1cilmente en dispositivos compatibles, lo que proporciona conectividad sin complicaciones a empresas y particulares.<\/span><\/li>\n<\/ul>","protected":false},"featured_media":12498,"comment_status":"open","ping_status":"closed","template":"","meta":[],"product_brand":[],"product_cat":[320],"product_tag":[88,249,278,837,318],"class_list":{"0":"post-12458","1":"product","2":"type-product","3":"status-publish","4":"has-post-thumbnail","6":"product_cat-sfp-t-1g-2-5g-10g","7":"product_tag-1000base-t","8":"product_tag-ll-1bt100","9":"product_tag-optical-module","10":"product_tag-sfp-module","11":"product_tag-sfp-to-rj45","13":"first","14":"instock","15":"shipping-taxable","16":"purchasable","17":"product-type-variable","18":"has-default-attributes"},"_links":{"self":[{"href":"https:\/\/www.luleey.com\/es\/wp-json\/wp\/v2\/product\/12458","targetHints":{"allow":["GET"]}}],"collection":[{"href":"https:\/\/www.luleey.com\/es\/wp-json\/wp\/v2\/product"}],"about":[{"href":"https:\/\/www.luleey.com\/es\/wp-json\/wp\/v2\/types\/product"}],"replies":[{"embeddable":true,"href":"https:\/\/www.luleey.com\/es\/wp-json\/wp\/v2\/comments?post=12458"}],"wp:featuredmedia":[{"embeddable":true,"href":"https:\/\/www.luleey.com\/es\/wp-json\/wp\/v2\/media\/12498"}],"wp:attachment":[{"href":"https:\/\/www.luleey.com\/es\/wp-json\/wp\/v2\/media?parent=12458"}],"wp:term":[{"taxonomy":"product_brand","embeddable":true,"href":"https:\/\/www.luleey.com\/es\/wp-json\/wp\/v2\/product_brand?post=12458"},{"taxonomy":"product_cat","embeddable":true,"href":"https:\/\/www.luleey.com\/es\/wp-json\/wp\/v2\/product_cat?post=12458"},{"taxonomy":"product_tag","embeddable":true,"href":"https:\/\/www.luleey.com\/es\/wp-json\/wp\/v2\/product_tag?post=12458"}],"curies":[{"name":"wp","href":"https:\/\/api.w.org\/{rel}","templated":true}]}}