{"id":12459,"date":"2024-07-19T00:47:16","date_gmt":"2024-07-18T16:47:16","guid":{"rendered":"https:\/\/www.luleey.com\/?post_type=product&#038;p=12459"},"modified":"2025-06-22T15:27:26","modified_gmt":"2025-06-22T07:27:26","slug":"2500m-base-t-100m-ll-25bt100","status":"publish","type":"product","link":"https:\/\/www.luleey.com\/es\/producto\/2500m-base-t-100m-ll-25bt100\/","title":{"rendered":"2500M BASE-T 100m LL-25BT100"},"content":{"rendered":"<div class=\"MachTrans__textWrap__1NtxT MachTrans__textWrapSmall__26E1Q\">\n<div class=\"MachTrans__text__duH8w\">\n<p><span style=\"font-family: arial, helvetica, sans-serif; font-size: 24px;\">Caracter\u00edsticas<\/span><\/p>\n<\/div>\n<\/div>\n<ol>\n<li class=\"a-spacing-base\"><span style=\"font-family: arial, helvetica, sans-serif;\">sfp a rj45. El SFP-2.5G-T es la soluci\u00f3n ideal para quienes desean ampliar las capacidades de su red. Este m\u00f3dulo \u00f3ptico de alta velocidad est\u00e1 dise\u00f1ado para proporcionar velocidades de transferencia de datos de hasta 2500M. Basta con conectar y listo para activar este m\u00f3dulo, por lo que es una adici\u00f3n sin complicaciones a su infraestructura de red.<\/span><\/li>\n<li class=\"a-spacing-base\"><span style=\"font-family: arial, helvetica, sans-serif;\">El m\u00f3dulo \u00f3ptico de cobre SFP a RJ45 es compatible con una gran variedad de dispositivos, <strong>incluyendo routers TPLINK Banana-Pi, tales como TP5480 TP57810 XDR5480 <\/strong>. La avanzada tecnolog\u00eda del m\u00f3dulo le permite admitir m\u00faltiples velocidades de transmisi\u00f3n, incluidas 2,5Gbase-T, 1000base-T y 100base-T en el puerto de l\u00ednea. puede utilizarse con una gran variedad de dispositivos de red, incluidos conmutadores y enrutadores.<\/span><\/li>\n<li class=\"a-spacing-base\"><span style=\"font-family: arial, helvetica, sans-serif;\">Una de las principales ventajas del SFP-2.5G-RJ45 es que tiene una distancia de transmisi\u00f3n de hasta 100 m. Esto lo hace mucho m\u00e1s vers\u00e1til que otros m\u00f3dulos \u00f3pticos similares.<\/span><\/li>\n<li class=\"a-spacing-base\"><span style=\"font-family: arial, helvetica, sans-serif;\">La compatibilidad del SFP-2.5G-RJ45 con los routers TPLINK Banana-Pi asegura que es una excelente opci\u00f3n para aquellos que buscan aumentar las capacidades de su red. Adem\u00e1s, vale la pena se\u00f1alar que el m\u00f3dulo es compatible con la mayor\u00eda de los dispositivos que utilizan la interfaz SFP. Esto hace que sea una adici\u00f3n vers\u00e1til y pr\u00e1ctico para cualquier configuraci\u00f3n de red.<\/span><\/li>\n<li class=\"a-spacing-base\"><span style=\"font-family: arial, helvetica, sans-serif;\">En conclusi\u00f3n, el SFP-2.5G-RJ45 es un m\u00f3dulo \u00f3ptico de alta velocidad f\u00e1cil de instalar y compatible con una amplia gama de dispositivos. Con su impresionante velocidad de 2500M y sus capacidades de transmisi\u00f3n de largo alcance, es la elecci\u00f3n perfecta para quienes buscan ampliar las capacidades de su red. Si desea mejorar la velocidad y fiabilidad de su red, el SFP-2.5G-RJ45 es una opci\u00f3n excelente.<\/span><\/li>\n<\/ol>\n<h3><span style=\"font-family: arial, helvetica, sans-serif;\">Especificaci\u00f3n<\/span><\/h3>\n<table class=\"a-bordered a-horizontal-stripes aplus-tech-spec-table\">\n<tbody>\n<tr>\n<td class=\"a-text-bold\"><span style=\"font-family: arial, helvetica, sans-serif;\">Temperatura de funcionamiento<\/span><\/td>\n<td><span style=\"font-family: arial, helvetica, sans-serif;\">0 a 70\u00b0C (32 a 158\u00b0F)<\/span><\/td>\n<\/tr>\n<tr>\n<td class=\"a-text-bold\"><span style=\"font-family: arial, helvetica, sans-serif;\">Distancia m\u00e1xima del cable<\/span><\/td>\n<td><span style=\"font-family: arial, helvetica, sans-serif;\">100M<\/span><\/td>\n<\/tr>\n<tr>\n<td class=\"a-text-bold\"><span style=\"font-family: arial, helvetica, sans-serif;\">Velocidad m\u00e1xima de datos<\/span><\/td>\n<td><span style=\"font-family: arial, helvetica, sans-serif;\">2,5 Gbps<\/span><\/td>\n<\/tr>\n<tr>\n<td class=\"a-text-bold\"><span style=\"font-family: arial, helvetica, sans-serif;\">Interfaz<\/span><\/td>\n<td><span style=\"font-family: arial, helvetica, sans-serif;\">SFP RJ45<\/span><\/td>\n<\/tr>\n<tr>\n<td class=\"a-text-bold\"><span style=\"font-family: arial, helvetica, sans-serif;\">Tensi\u00f3n de alimentaci\u00f3n<\/span><\/td>\n<td><span style=\"font-family: arial, helvetica, sans-serif;\">3.3v<\/span><\/td>\n<\/tr>\n<\/tbody>\n<\/table>","protected":false},"excerpt":{"rendered":"<ul class=\"a-unordered-list a-vertical a-spacing-mini\">\n<li class=\"a-spacing-mini\"><span class=\"a-list-item\">Velocidad de 2500M: Disfrute de velocidades de red ultrarr\u00e1pidas con este m\u00f3dulo \u00f3ptico SFP-2,5G-RJ45 que admite hasta 2,5Gbase-T y es compatible con redes 1000base-T y 100base-T.<\/span><\/li>\n<li class=\"a-spacing-mini\"><span class=\"a-list-item\">SFP-2.5G-T Compatible TPLINK Banana-PI: Este m\u00f3dulo SFP-2.5G-RJ45 est\u00e1 dise\u00f1ado para funcionar perfectamente con dispositivos TPLINK y Banana-PI para una conexi\u00f3n en red c\u00f3moda y fiable, sfp a rj45<\/span><\/li>\n<li class=\"a-spacing-mini\"><span class=\"a-list-item\">M\u00f3dulo \u00f3ptico 2500M BASE-T: Este m\u00f3dulo convierte los puertos SFP en puertos RJ45, lo que facilita la conexi\u00f3n de su dispositivo a una red de alta velocidad.<\/span><\/li>\n<li class=\"a-spacing-mini\"><span class=\"a-list-item\">Plug and Play: Disfrute de una instalaci\u00f3n r\u00e1pida y sencilla con este m\u00f3dulo SFP-2,5G-RJ45 plug and play, que no requiere software ni controladores adicionales.<\/span><\/li>\n<li><span class=\"a-list-item\">Compatible con todas las marcas: Este m\u00f3dulo es compatible con todas las marcas, <strong>por defecto <\/strong>compatible con Cisco, MikroTik, TPLINK, Ubiquiti, UniFi, QNAP, ASUS y ZTE<\/span><\/li>\n<\/ul>","protected":false},"featured_media":12503,"comment_status":"open","ping_status":"closed","template":"","meta":[],"product_brand":[],"product_cat":[320],"product_tag":[134,278,318,319],"class_list":{"0":"post-12459","1":"product","2":"type-product","3":"status-publish","4":"has-post-thumbnail","6":"product_cat-sfp-t-1g-2-5g-10g","7":"product_tag-2500m-base-t","8":"product_tag-optical-module","9":"product_tag-sfp-to-rj45","10":"product_tag-sfp-2-5g-t","12":"first","13":"instock","14":"shipping-taxable","15":"purchasable","16":"product-type-variable","17":"has-default-attributes"},"_links":{"self":[{"href":"https:\/\/www.luleey.com\/es\/wp-json\/wp\/v2\/product\/12459","targetHints":{"allow":["GET"]}}],"collection":[{"href":"https:\/\/www.luleey.com\/es\/wp-json\/wp\/v2\/product"}],"about":[{"href":"https:\/\/www.luleey.com\/es\/wp-json\/wp\/v2\/types\/product"}],"replies":[{"embeddable":true,"href":"https:\/\/www.luleey.com\/es\/wp-json\/wp\/v2\/comments?post=12459"}],"wp:featuredmedia":[{"embeddable":true,"href":"https:\/\/www.luleey.com\/es\/wp-json\/wp\/v2\/media\/12503"}],"wp:attachment":[{"href":"https:\/\/www.luleey.com\/es\/wp-json\/wp\/v2\/media?parent=12459"}],"wp:term":[{"taxonomy":"product_brand","embeddable":true,"href":"https:\/\/www.luleey.com\/es\/wp-json\/wp\/v2\/product_brand?post=12459"},{"taxonomy":"product_cat","embeddable":true,"href":"https:\/\/www.luleey.com\/es\/wp-json\/wp\/v2\/product_cat?post=12459"},{"taxonomy":"product_tag","embeddable":true,"href":"https:\/\/www.luleey.com\/es\/wp-json\/wp\/v2\/product_tag?post=12459"}],"curies":[{"name":"wp","href":"https:\/\/api.w.org\/{rel}","templated":true}]}}