{"id":12462,"date":"2024-07-19T00:47:18","date_gmt":"2024-07-18T16:47:18","guid":{"rendered":"https:\/\/www.luleey.com\/?post_type=product&#038;p=12462"},"modified":"2025-02-22T11:54:48","modified_gmt":"2025-02-22T03:54:48","slug":"mini-4-epon-olt-ll-vl204","status":"publish","type":"product","link":"https:\/\/www.luleey.com\/es\/producto\/mini-4-epon-olt-ll-vl204\/","title":{"rendered":"OLT EPON de 4 puertos, transmisi\u00f3n de 20KM, relaci\u00f3n de divisi\u00f3n 1:64, gesti\u00f3n web"},"content":{"rendered":"<h3>MINI 4 EPON OLT 1U 19 pulgadas<\/h3>\n<h3>Caracter\u00edsticas<\/h3>\n<ol>\n<li>Soporta Full Wier-Speed Forwarding16K tabla de direcciones MAC.<\/li>\n<li>funciones completas de gesti\u00f3n de red<\/li>\n<li>Soporta DBA flexible, control de velocidad de tr\u00e1fico ascendente y descendente.soporta lP ToS,IEEE802.1Q<\/li>\n<li>admiten la agregaci\u00f3n de puertos.<\/li>\n<li>Control del tr\u00e1fico basado en puertos, conformaci\u00f3n del tr\u00e1fico.<\/li>\n<li>soporta ONu, auto-discovery, y auto-registration.support la funci\u00f3n de prueba de bucle de retorno autom\u00e1tico.<\/li>\n<li>VLAN potentes caracter\u00edsticas, incluyendo VLAN Stacking,Trunk,Translation.support lGMP Funci\u00f3n<\/li>\n<li>admite gesti\u00f3n web, ACL \/Qos<\/li>\n<li>diagn\u00f3stico de enlaces \u00f3pticos: mecanismo de alerta completo<\/li>\n<li>Alta fiabilidad: admite doble fuente de alimentaci\u00f3n (fuente de alimentaci\u00f3n \u00fanica por defecto).Dimensi\u00f3n: casete 1U ahorra espacio, bajo consumo de energ\u00eda.<\/li>\n<li>Enlace ascendente: admite m\u00f3dulos el\u00e9ctricos y \u00f3pticos, puede configurarse de forma flexible seg\u00fan las distintas redes.<\/li>\n<li data-spm-anchor-id=\"a2g0o.detail.1000023.i0.18401V511V518k\">Capacidad: Cada PON soporta hasta 64 terminales, el dispositivo completo soporta hasta 256 ONUs bajo configuraci\u00f3n completa.<\/li>\n<\/ol>\n<h3>Especificaci\u00f3n<\/h3>\n<table class=\"has-title all magic-9\">\n<tbody>\n<tr>\n<td colspan=\"1\" rowspan=\"1\">\n<p class=\"magic-10\">Nombre del producto<\/p>\n<\/td>\n<td colspan=\"1\" rowspan=\"1\">\n<p class=\"magic-11\">4 GEPON OLT<\/p>\n<\/td>\n<\/tr>\n<tr>\n<td colspan=\"1\" rowspan=\"1\">\n<p class=\"magic-10\">Puerto PON<\/p>\n<\/td>\n<td colspan=\"1\" rowspan=\"1\">\n<p class=\"magic-11\">4 PX20, PX20+, PX20++, PX20+++<\/p>\n<\/td>\n<\/tr>\n<tr>\n<td colspan=\"1\" rowspan=\"1\">\n<p class=\"magic-10\">Puerto de enlace ascendente 1000M<\/p>\n<\/td>\n<td colspan=\"1\" rowspan=\"1\">\n<p class=\"magic-11\">4*10\/100\/1000M auto-negotiation<\/p>\n<\/td>\n<\/tr>\n<tr>\n<td colspan=\"1\" rowspan=\"1\">\n<p class=\"magic-10\">Relaci\u00f3n de divisi\u00f3n m\u00e1xima<\/p>\n<\/td>\n<td colspan=\"1\" rowspan=\"1\">\n<p class=\"magic-11\">1:64<\/p>\n<\/td>\n<\/tr>\n<tr>\n<td colspan=\"1\" rowspan=\"1\">\n<p class=\"magic-10\">Interfaz f\u00edsica<\/p>\n<\/td>\n<td colspan=\"1\" rowspan=\"1\">\n<p class=\"magic-11\">Ranuras SFP<\/p>\n<\/td>\n<\/tr>\n<tr>\n<td colspan=\"1\" rowspan=\"1\">\n<p class=\"magic-10\">Tipo de conector<\/p>\n<\/td>\n<td colspan=\"1\" rowspan=\"1\">\n<p class=\"magic-11\">1000BASE-PX20<\/p>\n<\/td>\n<\/tr>\n<tr>\n<td colspan=\"1\" rowspan=\"1\">\n<p class=\"magic-10\">Consumo de energ\u00eda<\/p>\n<\/td>\n<td colspan=\"1\" rowspan=\"1\">\n<p class=\"magic-11\">15W<\/p>\n<\/td>\n<\/tr>\n<tr>\n<td colspan=\"1\" rowspan=\"1\">\n<p class=\"magic-10\">Distancia de transmisi\u00f3n<\/p>\n<\/td>\n<td colspan=\"1\" rowspan=\"1\">\n<p class=\"magic-11\">20KM(PX20+), 40KM(PX20++)<\/p>\n<\/td>\n<\/tr>\n<tr>\n<td colspan=\"1\" rowspan=\"1\">\n<p class=\"magic-10\">Peso<\/p>\n<\/td>\n<td colspan=\"1\" rowspan=\"1\">\n<p class=\"magic-11\">2.0kg<\/p>\n<\/td>\n<\/tr>\n<tr>\n<td colspan=\"1\" rowspan=\"1\">\n<p class=\"magic-10\">Dimensiones<\/p>\n<\/td>\n<td colspan=\"1\" rowspan=\"1\">\n<p class=\"magic-11\" data-spm-anchor-id=\"a2700.wholesale.0.i29.6e2a1318PcXKiD\">225 mm*200 mm*43,6 mm<\/p>\n<\/td>\n<\/tr>\n<\/tbody>\n<\/table>\n<p>Temperatura de trabajo0 ~ +50\u00b0C<\/p>\n<p>Temperatura de almacenamiento-40 ~ +85\u00b0C<\/p>\n<p>Humedad relativa5 ~ 90% (sin acondicionamiento)<\/p>\n<p>Fuente de alimentaci\u00f3n CA: 90~264V, 47\/63Hz<\/p>\n<p>Consumo de energ\u00eda \uff1a15W<\/p>\n<p><img loading=\"lazy\" decoding=\"async\" class=\"alignnone size-full wp-image-5108\" src=\"https:\/\/www.luleey.com\/wp-content\/uploads\/2023\/07\/Scad88436d81a43fdad02e7b268ff5eb5L.jpg\" alt=\"EPON OLT\" width=\"703\" height=\"688\" title=\"\"><\/p>","protected":false},"excerpt":{"rendered":"<p><strong>Capacidad a prueba de futuro<\/strong> - OLT EPON Gestiona 256 ONUs con un alcance de 40KM para redes de campus\/ISP.<br \/>\n<strong>Automatizaci\u00f3n inteligente<\/strong> - Autorregistro de ONUs + monitorizaci\u00f3n del tr\u00e1fico en tiempo real v\u00eda web.<\/p>","protected":false},"featured_media":12507,"comment_status":"open","ping_status":"closed","template":"","meta":[],"product_brand":[],"product_cat":[361],"product_tag":[136,144,206],"class_list":{"0":"post-12462","1":"product","2":"type-product","3":"status-publish","4":"has-post-thumbnail","6":"product_cat-epon-olt","7":"product_tag-256-onu","8":"product_tag-4-epon","9":"product_tag-epon-olt","11":"first","12":"instock","13":"shipping-taxable","14":"purchasable","15":"product-type-variable","16":"has-default-attributes"},"_links":{"self":[{"href":"https:\/\/www.luleey.com\/es\/wp-json\/wp\/v2\/product\/12462","targetHints":{"allow":["GET"]}}],"collection":[{"href":"https:\/\/www.luleey.com\/es\/wp-json\/wp\/v2\/product"}],"about":[{"href":"https:\/\/www.luleey.com\/es\/wp-json\/wp\/v2\/types\/product"}],"replies":[{"embeddable":true,"href":"https:\/\/www.luleey.com\/es\/wp-json\/wp\/v2\/comments?post=12462"}],"wp:featuredmedia":[{"embeddable":true,"href":"https:\/\/www.luleey.com\/es\/wp-json\/wp\/v2\/media\/12507"}],"wp:attachment":[{"href":"https:\/\/www.luleey.com\/es\/wp-json\/wp\/v2\/media?parent=12462"}],"wp:term":[{"taxonomy":"product_brand","embeddable":true,"href":"https:\/\/www.luleey.com\/es\/wp-json\/wp\/v2\/product_brand?post=12462"},{"taxonomy":"product_cat","embeddable":true,"href":"https:\/\/www.luleey.com\/es\/wp-json\/wp\/v2\/product_cat?post=12462"},{"taxonomy":"product_tag","embeddable":true,"href":"https:\/\/www.luleey.com\/es\/wp-json\/wp\/v2\/product_tag?post=12462"}],"curies":[{"name":"wp","href":"https:\/\/api.w.org\/{rel}","templated":true}]}}