{"id":12469,"date":"2024-07-19T00:47:20","date_gmt":"2024-07-18T16:47:20","guid":{"rendered":"https:\/\/www.luleey.com\/?post_type=product&#038;p=12469"},"modified":"2025-06-28T10:51:41","modified_gmt":"2025-06-28T02:51:41","slug":"epon-olt-px20","status":"publish","type":"product","link":"https:\/\/www.luleey.com\/es\/producto\/epon-olt-px20\/","title":{"rendered":"M\u00f3dulo SFP EPON OLT, Clase EPON OLT PX20+++, Fibra 1.25Gbps, Compatible Huawei\/ZTE\/VSOL\/HIOSO"},"content":{"rendered":"<h3>Caracter\u00edsticas<\/h3>\n<ol>\n<li>DDM (monitorizaci\u00f3n de diagn\u00f3stico digital) sigue el protocolo multifuente SFF-8472 (formulado por el Comit\u00e9 SFF, una organizaci\u00f3n del sector) y es un medio de monitorizaci\u00f3n de par\u00e1metros en tiempo real para m\u00f3dulos \u00f3pticos. Permite a los usuarios supervisar los par\u00e1metros del m\u00f3dulo \u00f3ptico en tiempo real, incluida la potencia \u00f3ptica recibida, la potencia \u00f3ptica transmitida, la temperatura de funcionamiento, la tensi\u00f3n de la fuente de alimentaci\u00f3n y la corriente de polarizaci\u00f3n del l\u00e1ser.<\/li>\n<li>EPON OLT px20+++ compatibilidad con marcas de alta calidad. Este EPON GBIC es compatible con marcas l\u00edderes como BDCOM, TPLINK, Ubiquiti, hioso, vsol, y THINK, proporcionando un trabajo estable y eficaz... .<\/li>\n<li>Con una potencia superior a 7\/9dBm, proporciona un alcance y un rendimiento excepcionales con una distancia de transmisi\u00f3n m\u00e1xima de 20 km. Admite un m\u00f3dulo PON de fibra \u00f3ptica de 1,25 Gbps y un puerto SC, por lo que es ideal para fines de CATV o FTTH. Adem\u00e1s, es perfecto para construir redes a peque\u00f1a escala en diversos entornos, como campus, propiedades de alquiler o edificios de apartamentos.<\/li>\n<\/ol>\n<h3>Especificaci\u00f3n<\/h3>\n<div class=\"a-column a-span6 a-span-last\">\n<table width=\"790\">\n<tbody>\n<tr>\n<td width=\"229\">Modelo<\/td>\n<td width=\"561\">LL-px203<\/td>\n<\/tr>\n<tr>\n<td>Nombre del producto<\/td>\n<td>M\u00f3dulo EPON OLT SFP, EPON OLT PX20+++ Class<\/td>\n<\/tr>\n<tr>\n<td>Marca<\/td>\n<td>LuLeey<\/td>\n<\/tr>\n<tr>\n<td width=\"229\">Tipo de envase<\/td>\n<td width=\"561\">SFP<\/td>\n<\/tr>\n<tr>\n<td width=\"229\">Velocidad de transmisi\u00f3n<\/td>\n<td width=\"561\">1,25G\/1,25G<\/td>\n<\/tr>\n<tr>\n<td width=\"229\">Distancia m\u00e1xima de transmisi\u00f3n<\/td>\n<td width=\"561\">20 KM<\/td>\n<\/tr>\n<tr>\n<td width=\"229\">longitud de onda de env\u00edo<\/td>\n<td width=\"561\">1490 nm<\/td>\n<\/tr>\n<tr>\n<td width=\"229\">Longitud de onda de recepci\u00f3n<\/td>\n<td width=\"561\">1310nm<\/td>\n<\/tr>\n<tr>\n<td width=\"229\">Diagn\u00f3stico digital<\/td>\n<td width=\"561\">DDM<\/td>\n<\/tr>\n<tr>\n<td width=\"229\">Apagado<\/td>\n<td width=\"561\">7\/9dBm+<\/td>\n<\/tr>\n<\/tbody>\n<\/table>\n<\/div>","protected":false},"excerpt":{"rendered":"<ul class=\"a-unordered-list a-vertical a-spacing-mini\">\n<li class=\"a-spacing-mini\"><span class=\"a-list-item\">- Alta velocidad: este m\u00f3dulo EPON OLT px20+++ admite velocidades de transferencia de fibra \u00f3ptica de hasta 1,25 Gbps, lo que proporciona velocidades ultrarr\u00e1pidas para una transmisi\u00f3n de datos fluida.<\/span><\/li>\n<li class=\"a-spacing-mini\"><span class=\"a-list-item\">- Alcance ampliado: Con una distancia m\u00e1xima de transmisi\u00f3n de 20 km, puedes ampliar f\u00e1cilmente la cobertura de tu red sin comprometer el rendimiento.<\/span><\/li>\n<li class=\"a-spacing-mini\"><span class=\"a-list-item\">- Mejor se\u00f1al: Gracias a su avanzado dise\u00f1o, este m\u00f3dulo ofrece m\u00e1s de 7\/9db de potencia de se\u00f1al, garantizando conexiones m\u00e1s fuertes y fiables.<\/span><\/li>\n<li class=\"a-spacing-mini\"><span class=\"a-list-item\">- Compatibilidad de marcas:  Compatible con una amplia gama de marcas EPON OLT incluyendo BDCOM, TPLINK, Ubiquiti, y m\u00e1s, este m\u00f3dulo ofrece una integraci\u00f3n flexible con su infraestructura de red existente.<\/span><\/li>\n<li class=\"a-spacing-mini\"><span class=\"a-list-item\">- F\u00e1cil de usar: Con una c\u00f3moda interfaz de puerto SC y funcionalidad plug-and-play, este m\u00f3dulo es f\u00e1cil de configurar y utilizar con dispositivos EPON OLT, lo que reduce el tiempo de instalaci\u00f3n y las molestias.<\/span><\/li>\n<\/ul>","protected":false},"featured_media":12526,"comment_status":"open","ping_status":"closed","template":"","meta":[],"product_brand":[],"product_cat":[317],"product_tag":[177,998,205,206,996,294,997],"class_list":{"0":"post-12469","1":"product","2":"type-product","3":"status-publish","4":"has-post-thumbnail","6":"product_cat-sfp-pon-module","7":"product_tag-9db","8":"product_tag-carrier-grade-epon-module","9":"product_tag-epon","10":"product_tag-epon-olt","11":"product_tag-epon-olt-sfp-module","12":"product_tag-px20","13":"product_tag-px20-compatible-olt","15":"first","16":"instock","17":"featured","18":"shipping-taxable","19":"purchasable","20":"product-type-variable"},"_links":{"self":[{"href":"https:\/\/www.luleey.com\/es\/wp-json\/wp\/v2\/product\/12469","targetHints":{"allow":["GET"]}}],"collection":[{"href":"https:\/\/www.luleey.com\/es\/wp-json\/wp\/v2\/product"}],"about":[{"href":"https:\/\/www.luleey.com\/es\/wp-json\/wp\/v2\/types\/product"}],"replies":[{"embeddable":true,"href":"https:\/\/www.luleey.com\/es\/wp-json\/wp\/v2\/comments?post=12469"}],"wp:featuredmedia":[{"embeddable":true,"href":"https:\/\/www.luleey.com\/es\/wp-json\/wp\/v2\/media\/12526"}],"wp:attachment":[{"href":"https:\/\/www.luleey.com\/es\/wp-json\/wp\/v2\/media?parent=12469"}],"wp:term":[{"taxonomy":"product_brand","embeddable":true,"href":"https:\/\/www.luleey.com\/es\/wp-json\/wp\/v2\/product_brand?post=12469"},{"taxonomy":"product_cat","embeddable":true,"href":"https:\/\/www.luleey.com\/es\/wp-json\/wp\/v2\/product_cat?post=12469"},{"taxonomy":"product_tag","embeddable":true,"href":"https:\/\/www.luleey.com\/es\/wp-json\/wp\/v2\/product_tag?post=12469"}],"curies":[{"name":"wp","href":"https:\/\/api.w.org\/{rel}","templated":true}]}}