{"id":12478,"date":"2024-07-19T00:51:55","date_gmt":"2024-07-18T16:51:55","guid":{"rendered":"https:\/\/www.luleey.com\/?post_type=product&#038;p=12478"},"modified":"2025-01-03T10:03:00","modified_gmt":"2025-01-03T02:03:00","slug":"10g-sfp-dac-direct-attach-cable-passive-copper-cable","status":"publish","type":"product","link":"https:\/\/www.luleey.com\/es\/producto\/10g-sfp-dac-direct-attach-cable-passive-copper-cable\/","title":{"rendered":"10G SFP+ DAC Direct Attach Cable cable de cobre pasivo"},"content":{"rendered":"<h3>Caracter\u00edsticas<\/h3>\n<ol>\n<li>10G SFP+ DAC es un cable de cobre con conectores SFP+ en ambos extremos, que admite una velocidad m\u00e1xima de 10 Gb\/s y es compatible con versiones anteriores de 1 Gb\/s. A diferencia del m\u00f3dulo \u00f3ptico y el cable \u00f3ptico activo AOC, el cable DAC sfp transmite directamente se\u00f1ales el\u00e9ctricas a trav\u00e9s de hilos de cobre, mientras que el m\u00f3dulo \u00f3ptico y el cable \u00f3ptico activo AOC convierten las se\u00f1ales el\u00e9ctricas en se\u00f1ales \u00f3pticas para su transmisi\u00f3n.<\/li>\n<li class=\"MachTrans__textWrap__1NtxT MachTrans__textWrapSmall__26E1Q\">\n<div class=\"MachTrans__text__duH8w\">\n<p><span class=\"MachTrans__hl__6hdYK\">10G sfp dac soporta una longitud de cable de cobre pasivo de 7m. Debido al accionamiento puramente el\u00e9ctrico del DAC, la distancia de transmisi\u00f3n no suele ser muy larga, a menos que se trate de un cable activo. Tras a\u00f1adir un amplificador, la distancia de transmisi\u00f3n aumentar\u00e1.<\/span><\/p>\n<\/div>\n<\/li>\n<\/ol>\n<h3>Especificaci\u00f3n<\/h3>\n<table width=\"790\">\n<tbody>\n<tr>\n<td width=\"229\">Modelo<\/td>\n<td width=\"561\">\u00a0LL-10GDAC<\/td>\n<\/tr>\n<tr>\n<td>Velocidad de transmisi\u00f3n<\/td>\n<td>\u00a010G<\/td>\n<\/tr>\n<tr>\n<td>Distancia del cable<\/td>\n<td>\u00a00.5-7m<\/td>\n<\/tr>\n<tr>\n<td>Material del cable<\/td>\n<td>\u00a0PVC<\/td>\n<\/tr>\n<tr>\n<td>Forma de envasado<\/td>\n<td>\u00a0SFP+a SFP+<\/td>\n<\/tr>\n<tr>\n<td>Temperatura de trabajo<\/td>\n<td>\u00a00-70 \u2103<\/td>\n<\/tr>\n<tr>\n<td>Tipo de cable<\/td>\n<td>\u00a030AWG\/24AWG<\/td>\n<\/tr>\n<tr>\n<td>Fuente de alimentaci\u00f3n<\/td>\n<td>\u00a00.5W<\/td>\n<\/tr>\n<\/tbody>\n<\/table>","protected":false},"excerpt":{"rendered":"<p class=\"serp-title\"><mark>Cable DAC SFP+ 10G <\/mark><span class=\"\">el cable de alta velocidad es un cable sfp de uso com\u00fan para el cableado a\u00e9reo de centros de datos, utilizado para conectar peque\u00f1os conmutadores de acceso y servidores.<\/span><span class=\"\"> El cable de alta velocidad 10G sfp dac es una soluci\u00f3n de bajo coste para sustituir al m\u00f3dulo \u00f3ptico y al cable \u00f3ptico activo AOC. Tiene las ventajas de bajo consumo de energ\u00eda y bajo coste. Se utiliza para realizar interconexiones de alta velocidad a corta distancia y es una opci\u00f3n ideal para la conexi\u00f3n de servidores y conmutadores.<\/span><\/p>","protected":false},"featured_media":12534,"comment_status":"open","ping_status":"closed","template":"","meta":[],"product_brand":[],"product_cat":[355],"product_tag":[97,201,204,838,322],"class_list":{"0":"post-12478","1":"product","2":"type-product","3":"status-publish","4":"has-post-thumbnail","6":"product_cat-dac-cable-10g-25g-40g-100g","7":"product_tag-10g","8":"product_tag-dac","9":"product_tag-direct-attach-cable","10":"product_tag-sfp-cable","11":"product_tag-sfp","13":"first","14":"instock","15":"sale","16":"shipping-taxable","17":"purchasable","18":"product-type-variable"},"_links":{"self":[{"href":"https:\/\/www.luleey.com\/es\/wp-json\/wp\/v2\/product\/12478","targetHints":{"allow":["GET"]}}],"collection":[{"href":"https:\/\/www.luleey.com\/es\/wp-json\/wp\/v2\/product"}],"about":[{"href":"https:\/\/www.luleey.com\/es\/wp-json\/wp\/v2\/types\/product"}],"replies":[{"embeddable":true,"href":"https:\/\/www.luleey.com\/es\/wp-json\/wp\/v2\/comments?post=12478"}],"wp:featuredmedia":[{"embeddable":true,"href":"https:\/\/www.luleey.com\/es\/wp-json\/wp\/v2\/media\/12534"}],"wp:attachment":[{"href":"https:\/\/www.luleey.com\/es\/wp-json\/wp\/v2\/media?parent=12478"}],"wp:term":[{"taxonomy":"product_brand","embeddable":true,"href":"https:\/\/www.luleey.com\/es\/wp-json\/wp\/v2\/product_brand?post=12478"},{"taxonomy":"product_cat","embeddable":true,"href":"https:\/\/www.luleey.com\/es\/wp-json\/wp\/v2\/product_cat?post=12478"},{"taxonomy":"product_tag","embeddable":true,"href":"https:\/\/www.luleey.com\/es\/wp-json\/wp\/v2\/product_tag?post=12478"}],"curies":[{"name":"wp","href":"https:\/\/api.w.org\/{rel}","templated":true}]}}