{"id":12544,"date":"2024-07-19T00:53:04","date_gmt":"2024-07-18T16:53:04","guid":{"rendered":"https:\/\/www.luleey.com\/?post_type=product&#038;p=12544"},"modified":"2025-02-20T21:46:21","modified_gmt":"2025-02-20T13:46:21","slug":"optical-power-meter-red-laser-fiber-rj45-tester-light-rangefinder-ll-opm-vfl-li-y8","status":"publish","type":"product","link":"https:\/\/www.luleey.com\/es\/producto\/optical-power-meter-red-laser-fiber-rj45-tester-light-rangefinder-ll-opm-vfl-li-y8\/","title":{"rendered":"Medidor de Potencia \u00d3ptica +L\u00e1ser Rojo Fibra RJ45 Medidor de Alcance de Luz LL-OPM-VFL-Li-Y8"},"content":{"rendered":"<div class=\"title--wrap--Ms9Zv4A\">\n<h3 data-pl=\"product-title\" data-spm-anchor-id=\"a2g0o.detail.0.i16.53aay6ply6ples\">6 En 1 Medidor de Potencia \u00d3ptica Rojo de Alta Precisi\u00f3n Mini Red Fiber Pen 15 kilometros recargable de fibra \u00f3ptica RJ45 probador de luz tel\u00e9metro<\/h3>\n<p>&nbsp;<\/p>\n<\/div>\n<ul>\n<li>Longitud de onda: 800 a 1700<\/li>\n<li>Admite conector SC ST FC de 2,5 mm<\/li>\n<li>Rango de medici\u00f3n: -70~+3, -70~+10, -50~+26<\/li>\n<li>Longitud de onda est\u00e1ndar (nm): 850, 980, 1300, 1310, 1490, 1550, 1625<\/li>\n<li>Resoluci\u00f3n de visualizaci\u00f3n: visualizaci\u00f3n lineal: 0,1%, visualizaci\u00f3n logar\u00edtmica: 0,01dBm<\/li>\n<li>Longitud de onda de trabajo de la luz roja: 650 nm<\/li>\n<li>Incertidumbre: 5%<\/li>\n<li>Potencia de la luz roja: 5km, 15km (20km, 30km personalizables)<\/li>\n<li>Identificaci\u00f3n de frecuencia: 0, 270, 1000, 2000Hz<\/li>\n<li>Distancia de seguimiento RJ45: 200 metros<\/li>\n<li>Distancia de alcance del l\u00e1ser: 40 metros<\/li>\n<li>Tensi\u00f3n de entrada: 3~6V<\/li>\n<li>Tiempo de apagado autom\u00e1tico: 10 minutos<\/li>\n<li>Capacidad de la bater\u00eda: bater\u00eda de litio recargable de 1100 mAh<\/li>\n<li>Tiempo de funcionamiento continuo: unas 72 horas (medici\u00f3n de potencia \u00fanica)<\/li>\n<li>Tama\u00f1o del instrumento: 115*71*30 mm<\/li>\n<li>Tama\u00f1o del embalaje: 170*95*47 mm<\/li>\n<\/ul>\n<p>Presentamos el medidor de potencia \u00f3ptica 6 en 1: la herramienta definitiva para medir con precisi\u00f3n la potencia \u00f3ptica. Este dispositivo multifuncional est\u00e1 repleto de funciones y dise\u00f1ado para hacerle la vida m\u00e1s f\u00e1cil cuando se trata de pruebas de potencia \u00f3ptica.<\/p>\n<p>nuestro Medidor de potencia \u00f3ptica es capaz de proporcionar mediciones precisas en varias longitudes de onda. La gama de longitudes de onda est\u00e1ndar de 850, 980, 1300, 1310, 1490, 1550 y 1625 nm garantiza la compatibilidad con una amplia gama de sistemas \u00f3pticos.<\/p>\n<p>Equipado con una funci\u00f3n de prueba RJ45, nuestro vers\u00e1til medidor de potencia \u00f3ptica le permite medir sin esfuerzo los niveles de potencia \u00f3ptica en cables de red, garantizando una comunicaci\u00f3n eficaz.<\/p>\n<p>Nuestro medidor de potencia \u00f3ptica no s\u00f3lo destaca en su funci\u00f3n principal, sino que tambi\u00e9n cuenta con funciones adicionales que mejorar\u00e1n sus capacidades de prueba. La funci\u00f3n de iluminaci\u00f3n LED incorporada proporciona una visibilidad \u00f3ptima, lo que le permite trabajar de manera eficiente incluso en entornos con poca luz. Adem\u00e1s, nuestro producto ofrece funciones opcionales de localizador de redes y alcance l\u00e1ser, lo que ampl\u00eda a\u00fan m\u00e1s su versatilidad.<\/p>\n<p>Dise\u00f1ado para adaptarse a distintos conectores, nuestro medidor de potencia \u00f3ptica admite conectores SC, ST, FC y de 2,5 mm. Esta flexibilidad garantiza la compatibilidad con una amplia gama de sistemas \u00f3pticos, proporcionando comodidad y versatilidad para todas sus necesidades de medici\u00f3n de potencia \u00f3ptica.<\/p>\n<p>La bater\u00eda de litio recargable de 1100 mAh que incorpora nuestro medidor de potencia \u00f3ptica garantiza un mayor tiempo de uso. Con aproximadamente 72 horas de tiempo de trabajo continuo para una sola medici\u00f3n de potencia, puede realizar eficazmente sus pruebas de potencia \u00f3ptica sin preocuparse por quedarse sin energ\u00eda.<\/p>\n<p>Para ofrecerle una precisi\u00f3n inigualable y resultados fiables, nuestro medidor de potencia \u00f3ptica se somete a rigurosas pruebas y cumple las normas m\u00e1s exigentes del sector. Tenga la seguridad de que disfrutar\u00e1 de mediciones precisas en todo momento, lo que le permitir\u00e1 tomar decisiones informadas basadas en datos reales.<\/p>\n<p>Tanto si es un profesional de la industria \u00f3ptica como un aficionado con un gran inter\u00e9s en los sistemas \u00f3pticos, el medidor de potencia \u00f3ptica 6 en 1 es una herramienta esencial que no debe pasarse por alto. Invierta en este dispositivo fiable y repleto de funciones y eleve su experiencia en pruebas de potencia \u00f3ptica. P\u00eddalo ahora y compruebe la comodidad, precisi\u00f3n y versatilidad que le ofrece nuestro medidor de potencia \u00f3ptica.<\/p>","protected":false},"excerpt":{"rendered":"<p>*Fuente de luz roja<br \/>\n*Medidor \u00f3ptico de potencia<br \/>\n*Prueba RJ45<br \/>\n*Iluminaci\u00f3n LED<br \/>\n*Buscador de redes (opcional)<br \/>\n*Rango l\u00e1ser (opcional)<\/p>\n<p>- Mediciones de potencia precisas con el medidor de potencia \u00f3ptica 6 en 1, fuente de luz roja 650 nm 5 km\/15 km\/20 km\/30 km y longitudes de onda est\u00e1ndar de 850 nm a 1625 nm.<br \/>\n- Herramienta vers\u00e1til que no s\u00f3lo mide la potencia \u00f3ptica, sino que tambi\u00e9n dispone de comprobaci\u00f3n RJ45, iluminaci\u00f3n LED, buscador de redes (opcional) y alcance l\u00e1ser (opcional).<br \/>\n- Compatible con conectores SC, ST y FC de 2,5 mm, lo que proporciona comodidad y flexibilidad para diferentes aplicaciones \u00f3pticas.<br \/>\n- Bater\u00eda de larga duraci\u00f3n con una bater\u00eda de litio recargable de 1100mAh, que permite un tiempo de trabajo continuo de aproximadamente 72 horas para una sola medici\u00f3n de potencia.<br \/>\n- Una herramienta esencial para los profesionales de la industria \u00f3ptica, que ofrece mediciones precisas para diversas necesidades de potencia \u00f3ptica.<\/p>","protected":false},"featured_media":12581,"comment_status":"open","ping_status":"closed","template":"","meta":[],"product_brand":[],"product_cat":[363,789],"product_tag":[142,170,248,281,340],"class_list":{"0":"post-12544","1":"product","2":"type-product","3":"status-publish","4":"has-post-thumbnail","6":"product_cat-optical-power-meter-and-visual-fault-locator","7":"product_cat-visual-fault-locator","8":"product_tag-30km","9":"product_tag-6in1","10":"product_tag-lithium-battery","11":"product_tag-optical-power-meter","12":"product_tag-visual-fault-locator","14":"first","15":"instock","16":"sale","17":"shipping-taxable","18":"purchasable","19":"product-type-variable"},"_links":{"self":[{"href":"https:\/\/www.luleey.com\/es\/wp-json\/wp\/v2\/product\/12544","targetHints":{"allow":["GET"]}}],"collection":[{"href":"https:\/\/www.luleey.com\/es\/wp-json\/wp\/v2\/product"}],"about":[{"href":"https:\/\/www.luleey.com\/es\/wp-json\/wp\/v2\/types\/product"}],"replies":[{"embeddable":true,"href":"https:\/\/www.luleey.com\/es\/wp-json\/wp\/v2\/comments?post=12544"}],"wp:featuredmedia":[{"embeddable":true,"href":"https:\/\/www.luleey.com\/es\/wp-json\/wp\/v2\/media\/12581"}],"wp:attachment":[{"href":"https:\/\/www.luleey.com\/es\/wp-json\/wp\/v2\/media?parent=12544"}],"wp:term":[{"taxonomy":"product_brand","embeddable":true,"href":"https:\/\/www.luleey.com\/es\/wp-json\/wp\/v2\/product_brand?post=12544"},{"taxonomy":"product_cat","embeddable":true,"href":"https:\/\/www.luleey.com\/es\/wp-json\/wp\/v2\/product_cat?post=12544"},{"taxonomy":"product_tag","embeddable":true,"href":"https:\/\/www.luleey.com\/es\/wp-json\/wp\/v2\/product_tag?post=12544"}],"curies":[{"name":"wp","href":"https:\/\/api.w.org\/{rel}","templated":true}]}}