{"id":12565,"date":"2024-07-19T00:53:27","date_gmt":"2024-07-18T16:53:27","guid":{"rendered":"https:\/\/www.luleey.com\/?post_type=product&#038;p=12565"},"modified":"2025-01-14T11:33:08","modified_gmt":"2025-01-14T03:33:08","slug":"mini-fiber-catv-transmitter-two-way-output-210dbm","status":"publish","type":"product","link":"https:\/\/www.luleey.com\/es\/producto\/mini-fiber-catv-transmitter-two-way-output-210dbm\/","title":{"rendered":"Transmisor de CATV de fibra MINI Salida bidireccional 2*10dbm"},"content":{"rendered":"<p align=\"left\">1310\/1550nm transmisor con entrada \u00f3ptica dise\u00f1ada espec\u00edficamente para la red CATV FTTH. Su principal caracter\u00edstica es el bajo consumo de energ\u00eda, se\u00f1al \u00f3ptica de doble salida, con entrada \u00f3ptica y rf de entrada de dos v\u00edas, AGC \u00f3ptica de salida de nivel constante, peque\u00f1o volumen y alta fiabilidad. Adopta una carcasa de aleaci\u00f3n de aluminio, con circuito AGC de control \u00f3ptico incorporado, estructura compacta y fuente de alimentaci\u00f3n modular externa que hacen que la instalaci\u00f3n y la depuraci\u00f3n sean muy c\u00f3modas. Es un producto ideal para construir la red FTTH CATV.<\/p>\n<h3>Caracter\u00edsticas<\/h3>\n<ol>\n<li>Carcasa de aluminio fundido con buena dispersi\u00f3n del calor<\/li>\n<li>Adopta el m\u00f3dulo GaAs como m\u00f3dulo de amplificaci\u00f3n RF, el rango de recepci\u00f3n \u00f3ptica puede alcanzar 0~-15dbm, El rango de entrada rf es 75~85dbuv.<\/li>\n<li>M\u00f3dulo receptor \u00f3ptico AGC rango de control 0~-15dBm, nivel de salida se mantiene sin cambios.m\u00f3dulo de entrada RF AGC rango de control 75~85dbuv, nivel de salida se mantiene sin cambios.<\/li>\n<li data-spm-anchor-id=\"a2g0o.detail.1000023.i0.1668bCE6bCE6zU\">Dise\u00f1o de bajo consumo y consumo total \u22644w, La fuente de alimentaci\u00f3n puede ser directamente de entrada o alimentada desde la salida de rf. El rango de voltaje de la potencia de entrada es DC6~15V.<\/li>\n<li data-spm-anchor-id=\"a2g0o.detail.1000023.i1.1668bCE6bCE6zU\">Realice el puerto de entrada12v que alimenta la manera de la fuente de alimentaci\u00f3n<\/li>\n<li data-spm-anchor-id=\"a2g0o.detail.1000023.i1.1668bCE6bCE6zU\">distancia m\u00e1xima 15km<\/li>\n<\/ol>\n<h3>Especificaci\u00f3n<\/h3>\n<table width=\"867\" data-spm-anchor-id=\"a261y.7663282.descBanner.i16.b66544f2JIpbiy\">\n<tbody>\n<tr>\n<td width=\"211\"><span data-spm-anchor-id=\"a261y.7663282.descBanner.i19.b66544f2JIpbiy\">Art\u00edculo<\/span><\/td>\n<td width=\"387\">Par\u00e1metro<\/td>\n<td width=\"269\">Suplemento<\/td>\n<\/tr>\n<tr>\n<td width=\"211\">Modelo<\/td>\n<td width=\"387\">LL-CATV-T210<\/td>\n<td width=\"269\"><\/td>\n<\/tr>\n<tr>\n<td width=\"211\">MER(dB)<\/td>\n<td width=\"387\">\u226536<\/td>\n<td width=\"269\"><\/td>\n<\/tr>\n<tr>\n<td width=\"211\">MER(dB)<\/td>\n<td width=\"387\">&lt;1.0E-9<\/td>\n<td width=\"269\"><\/td>\n<\/tr>\n<tr>\n<td width=\"211\">CNR(dB)<\/td>\n<td width=\"387\">\u226551<\/td>\n<td width=\"269\">Pin=-2dBm<\/td>\n<\/tr>\n<tr>\n<td width=\"211\">CTB(dB)<\/td>\n<td width=\"387\">\u226565<\/td>\n<td width=\"269\">Pin=-2dBm<\/td>\n<\/tr>\n<tr>\n<td width=\"211\">CSO(dB)<\/td>\n<td width=\"387\">\u226562<\/td>\n<td width=\"269\">Pin=-2dBm<\/td>\n<\/tr>\n<tr>\n<td width=\"211\">Alimentaci\u00f3n (V)<\/td>\n<td width=\"387\">6~15VDC<\/td>\n<td width=\"269\"><\/td>\n<\/tr>\n<tr>\n<td width=\"211\">Consumo (W)<\/td>\n<td width=\"387\">\u22644(300mA)\/\u22644(500mA)\/\u22642(250mA)\/\u22644(500mA)<\/td>\n<td width=\"269\">+12VDC<\/td>\n<\/tr>\n<tr>\n<td width=\"211\">Temperatura de funcionamiento (\u2103)<\/td>\n<td width=\"387\">-20~+60<\/td>\n<td width=\"269\"><\/td>\n<\/tr>\n<tr>\n<td width=\"211\">Dimensiones (mm)<\/td>\n<td width=\"387\">178*88*40<\/td>\n<td width=\"269\"><\/td>\n<\/tr>\n<tr>\n<td width=\"211\">peso(g)<\/td>\n<td width=\"387\">365<\/td>\n<td width=\"269\"><\/td>\n<\/tr>\n<tr>\n<td colspan=\"3\" width=\"867\">\u00a0\u00a0\u00a0\u00a0\u00a0\u00a0\u00a0\u00a0\u00a0\u00a0\u00a0 M\u00f3dulo \u00f3ptico<\/td>\n<\/tr>\n<tr>\n<td width=\"211\">Longitud de onda \u00f3ptica (nm)<\/td>\n<td width=\"387\">1100~1600<\/td>\n<td width=\"269\"><\/td>\n<\/tr>\n<tr>\n<td width=\"211\">Rango de entrada \u00f3ptica (dBm)<\/td>\n<td width=\"387\">0~ -15<\/td>\n<td width=\"269\"><\/td>\n<\/tr>\n<tr>\n<td width=\"211\">Ancho de banda (MHz)<\/td>\n<td width=\"387\">47~1002<\/td>\n<td width=\"269\"><\/td>\n<\/tr>\n<tr>\n<td width=\"211\">Planitud(dB)<\/td>\n<td width=\"387\">\u00b10.75<\/td>\n<td width=\"269\"><\/td>\n<\/tr>\n<tr>\n<td width=\"211\">Nivel de prueba \u00f3ptica(OP.IN.TS)(dBuv)<\/td>\n<td width=\"387\">\u226575<\/td>\n<td width=\"269\">Pin:-15~+0dBm<\/td>\n<\/tr>\n<tr>\n<td width=\"211\">Rango de control AGC (dBm)<\/td>\n<td width=\"387\">0~-15<\/td>\n<td width=\"269\"><\/td>\n<\/tr>\n<tr>\n<td width=\"211\">P\u00e9rdida de retorno de salida (dB)<\/td>\n<td width=\"387\">\u226514<\/td>\n<td width=\"269\">47-1000MHz<\/td>\n<\/tr>\n<tr>\n<td width=\"211\">Impendancia de salida (\u03a9)<\/td>\n<td width=\"387\">75<\/td>\n<td width=\"269\"><\/td>\n<\/tr>\n<tr>\n<td colspan=\"3\" width=\"867\">\u00a0\u00a0\u00a0\u00a0\u00a0\u00a0\u00a0\u00a0\u00a0\u00a0\u00a0\u00a0 M\u00f3dulo transmisor de 1550 nm<\/td>\n<\/tr>\n<tr>\n<td width=\"211\">Potencia de salida<\/td>\n<td width=\"387\">2*10dbm<\/td>\n<td><\/td>\n<\/tr>\n<tr>\n<td width=\"211\">Nivel de entrada Rf (dbuv)<\/td>\n<td width=\"387\">75~85<\/td>\n<td><\/td>\n<\/tr>\n<tr>\n<td width=\"211\">Nivel de prueba Rf(RF.IN .TS)(dbuv)<\/td>\n<td width=\"387\">\u226578<\/td>\n<td><\/td>\n<\/tr>\n<\/tbody>\n<\/table>","protected":false},"excerpt":{"rendered":"<ol>\n<li>Transmisor de CATV Carcasa de aluminio fundido con buena dispersi\u00f3n del calor<\/li>\n<li>Adopta el m\u00f3dulo GaAs como m\u00f3dulo de amplificaci\u00f3n RF, el rango de recepci\u00f3n \u00f3ptica puede alcanzar 0~-15dbm, El rango de entrada rf es 75~85dbuv.<\/li>\n<li>M\u00f3dulo receptor \u00f3ptico AGC rango de control 0~-15dBm, nivel de salida se mantiene sin cambios.m\u00f3dulo de entrada RF AGC rango de control 75~85dbuv, nivel de salida se mantiene sin cambios.<\/li>\n<li>Dise\u00f1o de bajo consumo y consumo total \u22644w, La fuente de alimentaci\u00f3n puede ser directamente de entrada o alimentada desde la salida de rf. El rango de voltaje de la potencia de entrada es DC6~15V.<\/li>\n<li>Realice el puerto de entrada 12v que alimenta la manera de la fuente de alimentaci\u00f3n<\/li>\n<\/ol>","protected":false},"featured_media":12588,"comment_status":"open","ping_status":"closed","template":"","meta":[],"product_brand":[],"product_cat":[198],"product_tag":[108,112,114,123,195],"class_list":{"0":"post-12565","1":"product","2":"type-product","3":"status-publish","4":"has-post-thumbnail","6":"product_cat-catv-transmitter","7":"product_tag-1310nm","8":"product_tag-1550nm","9":"product_tag-15km","10":"product_tag-2-port","11":"product_tag-catv","13":"first","14":"instock","15":"shipping-taxable","16":"purchasable","17":"product-type-variable"},"_links":{"self":[{"href":"https:\/\/www.luleey.com\/es\/wp-json\/wp\/v2\/product\/12565","targetHints":{"allow":["GET"]}}],"collection":[{"href":"https:\/\/www.luleey.com\/es\/wp-json\/wp\/v2\/product"}],"about":[{"href":"https:\/\/www.luleey.com\/es\/wp-json\/wp\/v2\/types\/product"}],"replies":[{"embeddable":true,"href":"https:\/\/www.luleey.com\/es\/wp-json\/wp\/v2\/comments?post=12565"}],"wp:featuredmedia":[{"embeddable":true,"href":"https:\/\/www.luleey.com\/es\/wp-json\/wp\/v2\/media\/12588"}],"wp:attachment":[{"href":"https:\/\/www.luleey.com\/es\/wp-json\/wp\/v2\/media?parent=12565"}],"wp:term":[{"taxonomy":"product_brand","embeddable":true,"href":"https:\/\/www.luleey.com\/es\/wp-json\/wp\/v2\/product_brand?post=12565"},{"taxonomy":"product_cat","embeddable":true,"href":"https:\/\/www.luleey.com\/es\/wp-json\/wp\/v2\/product_cat?post=12565"},{"taxonomy":"product_tag","embeddable":true,"href":"https:\/\/www.luleey.com\/es\/wp-json\/wp\/v2\/product_tag?post=12565"}],"curies":[{"name":"wp","href":"https:\/\/api.w.org\/{rel}","templated":true}]}}