{"id":12574,"date":"2024-07-19T00:53:29","date_gmt":"2024-07-18T16:53:29","guid":{"rendered":"https:\/\/www.luleey.com\/?post_type=product&#038;p=12574"},"modified":"2025-01-21T14:09:16","modified_gmt":"2025-01-21T06:09:16","slug":"video-optical-converter-4-8-channel","status":"publish","type":"product","link":"https:\/\/www.luleey.com\/es\/producto\/video-optical-converter-4-8-channel\/","title":{"rendered":"Convertidor v\u00eddeo \u00f3ptico 4 8 canales"},"content":{"rendered":"<div>\n<div class=\"title--wrap--Ms9Zv4A\">\n<h3 data-pl=\"product-title\" data-spm-anchor-id=\"a2g0o.detail.0.i7.4fc0nIZxnIZx24\">1pair Pure VOOP 4-Way Digital Monitoring Optical Transceiver Single Mode FC 8 channels BNC Video Optical Converter 20Km<\/h3>\n<\/div>\n<h3>Caracter\u00edsticas<\/h3>\n<ol>\n<li>El convertidor \u00f3ptico de v\u00eddeo de 4 8 canales LL-BNC2FC es la soluci\u00f3n perfecta para todas sus necesidades de transmisi\u00f3n de v\u00eddeo. Tanto si lo necesita para transmisiones de radio y televisi\u00f3n, videovigilancia, ferrocarriles, monitorizaci\u00f3n el\u00e9ctrica de alta velocidad, seguridad, videoconferencias o comunidades inteligentes automatizadas, este fiable conversor le tiene cubierto.<\/li>\n<li>Dise\u00f1ado para ofrecer rendimiento y facilidad de uso, este conversor \u00f3ptico de v\u00eddeo le permite transmitir se\u00f1ales de v\u00eddeo de alta calidad sin p\u00e9rdida de calidad ni degradaci\u00f3n. Con su conversor \u00f3ptico de v\u00eddeo BNC de 8 canales, puede conectar f\u00e1cilmente varios dispositivos y supervisar las secuencias de v\u00eddeo con la m\u00e1xima claridad y precisi\u00f3n.<\/li>\n<li>Construido con una carcasa met\u00e1lica de alta calidad, este convertidor est\u00e1 hecho para durar. Su dise\u00f1o duradero garantiza que pueda soportar el desgaste diario, por lo que es adecuado para un uso a largo plazo. Adem\u00e1s, el f\u00e1cil proceso de instalaci\u00f3n permite una configuraci\u00f3n sin complicaciones, por lo que puede ponerse en marcha en poco tiempo. S\u00f3lo tiene que conectarlo y listo.<\/li>\n<li>Una de las caracter\u00edsticas m\u00e1s destacadas de este conversor \u00f3ptico de v\u00eddeo es su tecnolog\u00eda FC monomodo. Esta tecnolog\u00eda garantiza que las se\u00f1ales de v\u00eddeo se transmitan a largas distancias, de hasta 20 kil\u00f3metros, sin p\u00e9rdidas ni interferencias, lo que lo hace perfecto para su uso en instalaciones a gran escala o configuraciones de vigilancia.<\/li>\n<li>El transceptor \u00f3ptico de monitorizaci\u00f3n digital de 4 v\u00edas VOOP puro a\u00f1ade otro nivel de versatilidad a este convertidor. Con esta funci\u00f3n, puede conectar varios dispositivos de monitorizaci\u00f3n, lo que permite la monitorizaci\u00f3n de v\u00eddeo en tiempo real desde distintas ubicaciones simult\u00e1neamente.<\/li>\n<li>Tanto si es el propietario de una empresa que desea actualizar su sistema de videovigilancia como si es un entusiasta de la tecnolog\u00eda que busca mejorar su experiencia de videoconferencia, este convertidor \u00f3ptico de v\u00eddeo le cambiar\u00e1 las reglas del juego. Su avanzada tecnolog\u00eda, combinada con su robusta construcci\u00f3n, seguro que le impresionar\u00e1 y le ofrecer\u00e1 el rendimiento que usted exige.<\/li>\n<li>En conclusi\u00f3n, el convertidor \u00f3ptico de v\u00eddeo de 4 8 canales LL-BNC2FC es la soluci\u00f3n perfecta para cualquiera que necesite una transmisi\u00f3n de v\u00eddeo fiable y de alta calidad. Con su capacidad multicanal, carcasa met\u00e1lica duradera, f\u00e1cil instalaci\u00f3n, y la capacidad de transmitir se\u00f1ales de v\u00eddeo de hasta 20 kil\u00f3metros, este convertidor ofrece un rendimiento sin precedentes. Actualice hoy mismo su instalaci\u00f3n de videovigilancia o conferencia y experimente la diferencia con este excepcional producto.<\/li>\n<\/ol>\n<h3>Especificaci\u00f3n<\/h3>\n<\/div>\n<div>\n<div>\n<div>\n<div>\n<div id=\"offer-template-0\">\n<div>\n<table width=\"834\">\n<tbody>\n<tr>\n<td width=\"273\">Modelo<\/td>\n<td width=\"561\">LL-BNC2FC<\/td>\n<\/tr>\n<tr>\n<td>Temperatura de almacenamiento<\/td>\n<td>\u00a0-40~+70 grados Celsius<\/td>\n<\/tr>\n<tr>\n<td>Temperatura de trabajo<\/td>\n<td>\u00a00~+55 grados Celsius<\/td>\n<\/tr>\n<tr>\n<td>Interfaz del producto<\/td>\n<td>\u00a0Interfaz FC<\/td>\n<\/tr>\n<tr>\n<td>Talla<\/td>\n<td>\u00a0112*97*40mm<\/td>\n<\/tr>\n<tr>\n<td>Distancia de transmisi\u00f3n<\/td>\n<td>\u00a020 km<\/td>\n<\/tr>\n<\/tbody>\n<\/table>\n<\/div>\n<\/div>\n<\/div>\n<\/div>\n<\/div>\n<\/div>","protected":false},"excerpt":{"rendered":"<p>1.Convertidor \u00f3ptico de v\u00eddeo Adecuado para transmisi\u00f3n de radio y televisi\u00f3n, videovigilancia, ferrocarriles, control de energ\u00eda de alta velocidad, seguridad, videoconferencia, comunidades inteligentes automatizadas, etc.<br \/>\n2. Carcasa met\u00e1lica de alta calidad, duradera, f\u00e1cil de instalar, plug and play.<\/p>","protected":false},"featured_media":12120,"comment_status":"open","ping_status":"closed","template":"","meta":[],"product_brand":[],"product_cat":[358],"product_tag":[130,192,213,276],"class_list":{"0":"post-12574","1":"product","2":"type-product","3":"status-publish","4":"has-post-thumbnail","6":"product_cat-video-to-fiber-media-converters","7":"product_tag-20km","8":"product_tag-bnc","9":"product_tag-fc","10":"product_tag-optical-converter","12":"first","13":"instock","14":"sale","15":"shipping-taxable","16":"purchasable","17":"product-type-variable"},"_links":{"self":[{"href":"https:\/\/www.luleey.com\/es\/wp-json\/wp\/v2\/product\/12574","targetHints":{"allow":["GET"]}}],"collection":[{"href":"https:\/\/www.luleey.com\/es\/wp-json\/wp\/v2\/product"}],"about":[{"href":"https:\/\/www.luleey.com\/es\/wp-json\/wp\/v2\/types\/product"}],"replies":[{"embeddable":true,"href":"https:\/\/www.luleey.com\/es\/wp-json\/wp\/v2\/comments?post=12574"}],"wp:featuredmedia":[{"embeddable":true,"href":"https:\/\/www.luleey.com\/es\/wp-json\/wp\/v2\/media\/12120"}],"wp:attachment":[{"href":"https:\/\/www.luleey.com\/es\/wp-json\/wp\/v2\/media?parent=12574"}],"wp:term":[{"taxonomy":"product_brand","embeddable":true,"href":"https:\/\/www.luleey.com\/es\/wp-json\/wp\/v2\/product_brand?post=12574"},{"taxonomy":"product_cat","embeddable":true,"href":"https:\/\/www.luleey.com\/es\/wp-json\/wp\/v2\/product_cat?post=12574"},{"taxonomy":"product_tag","embeddable":true,"href":"https:\/\/www.luleey.com\/es\/wp-json\/wp\/v2\/product_tag?post=12574"}],"curies":[{"name":"wp","href":"https:\/\/api.w.org\/{rel}","templated":true}]}}