{"id":12593,"date":"2024-07-19T00:53:53","date_gmt":"2024-07-18T16:53:53","guid":{"rendered":"https:\/\/www.luleey.com\/?post_type=product&#038;p=12593"},"modified":"2025-04-09T09:11:43","modified_gmt":"2025-04-09T01:11:43","slug":"5g-optical-power-meter-1270nm-1577nm-optical-fiber-tester-ll-opm-li-g11","status":"publish","type":"product","link":"https:\/\/www.luleey.com\/es\/producto\/5g-optical-power-meter-1270nm-1577nm-optical-fiber-tester-ll-opm-li-g11\/","title":{"rendered":"Medidor de potencia \u00f3ptica 5G 1270nm 1577nm Probador de fibra \u00f3ptica LL-OPM-Li-G11"},"content":{"rendered":"<h3>Medidor de potencia \u00f3ptica 5G 1270nm 1577nm Probador de fibra \u00f3ptica LL-OPM-Li-G11<\/h3>\n<ul>\n<li>longitud de onda:800-1700<\/li>\n<li>Tipo de sonda:InGaAs<\/li>\n<li>Measurement Range:-70~6;-70~10;-50~26<\/li>\n<li>tolerancias:5%<\/li>\n<li>Standard wavelength:850\/980\/1270\/1300\/1310\/1490\/1550\/1577\/1625<\/li>\n<li>Tensi\u00f3n de carga: 5 V<\/li>\n<li>Corriente de carga:500 mA<\/li>\n<\/ul>\n<p>Presentamos nuestro medidor de potencia \u00f3ptica 5G avanzado y altamente eficiente, una herramienta imprescindible para mantener y optimizar las redes de fibra \u00f3ptica. Este vers\u00e1til medidor de potencia est\u00e1 equipado con tecnolog\u00eda y funciones de vanguardia, lo que lo convierte en el compa\u00f1ero perfecto para todas sus necesidades de pruebas de fibra \u00f3ptica.<\/p>\n<p>Construido con una sonda fiable de tipo InGaAs, este medidor de potencia garantiza mediciones de potencia exactas y precisas. La tecnolog\u00eda InGaAs mejora la sensibilidad y estabilidad del medidor, ofreciendo resultados fiables incluso en los entornos m\u00e1s exigentes. Esto permite una integraci\u00f3n perfecta en su infraestructura \u00f3ptica existente.<\/p>\n<p>Nuestro medidor de potencia \u00f3ptica 5G ofrece un amplio rango de medici\u00f3n, proporcion\u00e1ndole opciones de prueba flexibles. Con la posibilidad de elegir entre tres rangos de prueba diferentes (-70~6; -70~10; -50~26 dB), puede medir sin esfuerzo los niveles de potencia seg\u00fan los requisitos espec\u00edficos de su red.<\/p>\n<p>La gama de longitudes de onda que ofrece nuestro medidor de potencia es muy amplia y abarca nueve longitudes de onda diferentes (850\/980\/1270\/1300\/1310\/1490\/1550\/1577\/1625 nm). Esta amplia cobertura garantiza la compatibilidad con diversos sistemas de fibra \u00f3ptica y le permite medir con precisi\u00f3n los niveles de potencia en diferentes longitudes de onda.<\/p>\n<p>Para mayor comodidad, nuestro medidor de potencia \u00f3ptica 5G tiene una capacidad de 400 mA incorporada, lo que permite una alimentaci\u00f3n de larga duraci\u00f3n y periodos de prueba prolongados. Esto garantiza que pueda realizar mediciones de forma eficiente sin preocuparse por el rendimiento de la bater\u00eda o la recarga constante.<\/p>\n<p>El medidor de potencia tambi\u00e9n admite conectores SC\/FC\/ST, lo que proporciona una conectividad perfecta con sus dispositivos de fibra \u00f3ptica. Esta flexibilidad permite realizar conexiones sencillas y seguras, garantizando mediciones de potencia precisas sin interferencias ni p\u00e9rdidas de se\u00f1al.<\/p>\n<p>Fabricado con una carcasa de silicona, nuestro medidor de potencia no s\u00f3lo es duradero, sino que tambi\u00e9n ofrece un agarre c\u00f3modo y resistencia a los golpes. Su robusta construcci\u00f3n garantiza que el medidor pueda soportar los rigores del uso diario, por lo que es adecuado tanto para el trabajo de campo como para el laboratorio.<\/p>\n<p>En resumen, nuestro medidor de potencia \u00f3ptica 5G es un producto de alta calidad y repleto de funciones dise\u00f1ado para mejorar el rendimiento y la eficiencia de su red de fibra \u00f3ptica. Con su tipo de sonda InGaAs, amplio rango de medici\u00f3n, m\u00faltiples longitudes de onda, capacidad de 400 mA incorporada y compatibilidad con varios conectores, este medidor de potencia es una herramienta vers\u00e1til y esencial para cualquier profesional del sector de la fibra \u00f3ptica. Invierta en nuestro medidor de potencia \u00f3ptica 5G y eleve sus capacidades de comprobaci\u00f3n de redes a nuevas cotas.<\/p>","protected":false},"excerpt":{"rendered":"<p>\u2018- Medidor de potencia \u00f3ptica 5G Mediciones de potencia exactas y precisas con el tipo de sonda InGaAs para obtener resultados fiables.<br \/>\n- Tres rangos de prueba seleccionables (-70~6dB, -70~10dB, -50~26dB) permiten realizar pruebas vers\u00e1tiles y personalizables.<br \/>\n- La amplia gama de 9 longitudes de onda (850\/980\/1270\/1300\/1310\/1490\/1550\/1577\/1625) garantiza la compatibilidad con diversas redes \u00f3pticas.<br \/>\n- Bater\u00eda de 400 mA integrada para mayor comodidad y portabilidad durante las mediciones de campo.<br \/>\n- Admite conectores SC\/FC\/ST e incorpora una cubierta de silicona para una mayor durabilidad y facilidad de uso.<\/p>","protected":false},"featured_media":12620,"comment_status":"open","ping_status":"closed","template":"","meta":[],"product_brand":[],"product_cat":[363],"product_tag":[105,113,164,248,281],"class_list":{"0":"post-12593","1":"product","2":"type-product","3":"status-publish","4":"has-post-thumbnail","6":"product_cat-optical-power-meter-and-visual-fault-locator","7":"product_tag-1270nm","8":"product_tag-1577nm","9":"product_tag-5g","10":"product_tag-lithium-battery","11":"product_tag-optical-power-meter","13":"first","14":"instock","15":"sale","16":"featured","17":"shipping-taxable","18":"purchasable","19":"product-type-variable"},"_links":{"self":[{"href":"https:\/\/www.luleey.com\/es\/wp-json\/wp\/v2\/product\/12593","targetHints":{"allow":["GET"]}}],"collection":[{"href":"https:\/\/www.luleey.com\/es\/wp-json\/wp\/v2\/product"}],"about":[{"href":"https:\/\/www.luleey.com\/es\/wp-json\/wp\/v2\/types\/product"}],"replies":[{"embeddable":true,"href":"https:\/\/www.luleey.com\/es\/wp-json\/wp\/v2\/comments?post=12593"}],"wp:featuredmedia":[{"embeddable":true,"href":"https:\/\/www.luleey.com\/es\/wp-json\/wp\/v2\/media\/12620"}],"wp:attachment":[{"href":"https:\/\/www.luleey.com\/es\/wp-json\/wp\/v2\/media?parent=12593"}],"wp:term":[{"taxonomy":"product_brand","embeddable":true,"href":"https:\/\/www.luleey.com\/es\/wp-json\/wp\/v2\/product_brand?post=12593"},{"taxonomy":"product_cat","embeddable":true,"href":"https:\/\/www.luleey.com\/es\/wp-json\/wp\/v2\/product_cat?post=12593"},{"taxonomy":"product_tag","embeddable":true,"href":"https:\/\/www.luleey.com\/es\/wp-json\/wp\/v2\/product_tag?post=12593"}],"curies":[{"name":"wp","href":"https:\/\/api.w.org\/{rel}","templated":true}]}}