{"id":12601,"date":"2024-07-19T00:53:54","date_gmt":"2024-07-18T16:53:54","guid":{"rendered":"https:\/\/www.luleey.com\/?post_type=product&#038;p=12601"},"modified":"2024-12-15T22:28:57","modified_gmt":"2024-12-15T14:28:57","slug":"mini-agc-ftth-optical-receiver","status":"publish","type":"product","link":"https:\/\/www.luleey.com\/es\/producto\/mini-agc-ftth-optical-receiver\/","title":{"rendered":"Receptor \u00f3ptico MINI AGC FTTH"},"content":{"rendered":"<h3>El mini receptor \u00f3ptico AGC FTTH LL-OACG-1G est\u00e1 dise\u00f1ado para PON FTTH<\/h3>\n<p>Trabajando con una potencia \u00f3ptica de entrada extremadamente baja, LL-OACG-1G sigue generando excelentes se\u00f1ales de RF de banda ancha para los abonados dom\u00e9sticos.<\/p>\n<h3>Caracter\u00edsticas<\/h3>\n<ol>\n<li>Fotodiodo de alta linealidad<\/li>\n<li>Ancho de banda de 1 GHz<\/li>\n<li>Amplificador de GaAs de bajo ruido<\/li>\n<li>Carcasa compacta<\/li>\n<li>Entrada de alimentaci\u00f3n de 12 V CC<\/li>\n<\/ol>\n<p><img loading=\"lazy\" decoding=\"async\" class=\"alignnone size-full wp-image-5556\" src=\"https:\/\/www.luleey.com\/wp-content\/uploads\/2023\/07\/123.jpg\" alt=\"\" width=\"787\" height=\"642\" title=\"\"><\/p>\n<div class=\"Trans__text__2R-61\">\n<h3>Especificaci\u00f3n<\/h3>\n<\/div>\n<div class=\"Trans__tool__3zP13\">\n<div class=\"Trans__phmWrap__1mU_w\">\n<div class=\"Sound__soundBtn__1d159 Trans__soundBtn__2e6tk\"><\/div>\n<\/div>\n<\/div>\n<table width=\"834\">\n<tbody>\n<tr>\n<td width=\"273\">Modelo<\/td>\n<td width=\"561\">LL-OACG-1G<\/td>\n<\/tr>\n<tr>\n<td>Longitud de onda de la luz de entrada<\/td>\n<td>\u00a01290-1600 nm<\/td>\n<\/tr>\n<tr>\n<td>Potencia de la luz de trabajo<\/td>\n<td>\u00a0-15~+2dBm AGC<\/td>\n<\/tr>\n<tr>\n<td>Receptor \u00f3ptico<\/td>\n<td>\u00a0SC\/APC<\/td>\n<\/tr>\n<tr>\n<td>P\u00e9rdida de eco luminoso<\/td>\n<td>\u00a055 dB<\/td>\n<\/tr>\n<tr>\n<td>Ancho de banda RF<\/td>\n<td>\u00a040-1000MHz<\/td>\n<\/tr>\n<tr>\n<td>Conector RF<\/td>\n<td>\u00a0F Mujer<\/td>\n<\/tr>\n<tr>\n<td>Impedancia de salida RF<\/td>\n<td>\u00a075Q<\/td>\n<\/tr>\n<tr>\n<td>Nivel de salida RF<\/td>\n<td>\u00a086dBuV @ -15~+2dBm Entrada AGC<\/td>\n<\/tr>\n<tr>\n<td>Gama AGC<\/td>\n<td>\u00a01 dB<\/td>\n<\/tr>\n<tr>\n<td>Planitud RF<\/td>\n<td>\u00a0\u00b1 0,75 dB<\/td>\n<\/tr>\n<tr>\n<td>P\u00e9rdida de eco RF<\/td>\n<td>&gt;16 dB<\/td>\n<\/tr>\n<tr>\n<td>CNR<\/td>\n<td>&gt;50 dB @ -2dBm de entrada<\/td>\n<\/tr>\n<tr>\n<td>79 canales<\/td>\n<td>\u00a0\u2265 60 dB<\/td>\n<\/tr>\n<tr>\n<td>Canal CTB 79<\/td>\n<td>\u00a0\u2265 60 dB<\/td>\n<\/tr>\n<tr>\n<td>Alimentaci\u00f3n<\/td>\n<td>\u00a012 V CC<\/td>\n<\/tr>\n<tr>\n<td>Consumo de energ\u00eda<\/td>\n<td>&lt;2.8W<\/td>\n<\/tr>\n<tr>\n<td>Temperatura de trabajo<\/td>\n<td>\u00a0-10~+60 \u00b0C<\/td>\n<\/tr>\n<tr>\n<td>Temperatura de almacenamiento<\/td>\n<td>\u00a0-40~+85 \u2103<\/td>\n<\/tr>\n<tr>\n<td>Tama\u00f1o (largo * ancho * alto) (mm)<\/td>\n<td>\u00a080 \u00d762 \u00d7 29<\/td>\n<\/tr>\n<\/tbody>\n<\/table>\n<p>&nbsp;<\/p>","protected":false},"excerpt":{"rendered":"<p>Receptor \u00f3ptico AGC FTTH con fotodiodo de alta linealidad, ancho de banda de 1 GHz, amplificador de GaAs de bajo ruido, carcasa compacta, entrada de alimentaci\u00f3n de 12 V CC<\/p>\n<p>- Fotodiodo de alta linealidad: Asegura una recepci\u00f3n de se\u00f1al precisa y fiable, garantizando una excelente calidad de imagen y sonido en su red de fibra \u00f3ptica FTTH.<\/p>\n<p>- Ancho de banda de 1 GHz: admite transferencia de datos a alta velocidad y streaming ininterrumpido, lo que le permite disfrutar de experiencias digitales fluidas sin retrasos ni buffering.<\/p>\n<p>- Amplificador de GaAs de bajo ruido: Minimiza la distorsi\u00f3n de la se\u00f1al y las interferencias, ofreciendo audiovisuales claros y n\u00edtidos incluso en entornos con mucho ruido ambiente.<\/p>\n<p>- Carcasa compacta: El dise\u00f1o peque\u00f1o y elegante del receptor permite una instalaci\u00f3n sencilla y una colocaci\u00f3n discreta, por lo que es adecuado para cualquier configuraci\u00f3n dom\u00e9stica o de oficina.<\/p>\n<p>- Entrada de alimentaci\u00f3n de 12 V CC: Ofrece flexibilidad en la alimentaci\u00f3n del receptor, lo que permite la compatibilidad con diversas fuentes de alimentaci\u00f3n y garantiza un rendimiento constante.<\/p>\n<p>&nbsp;<\/p>","protected":false},"featured_media":12646,"comment_status":"open","ping_status":"closed","template":"","meta":[],"product_brand":[],"product_cat":[197],"product_tag":[89,179,195],"class_list":{"0":"post-12601","1":"product","2":"type-product","3":"status-publish","4":"has-post-thumbnail","6":"product_cat-catv-receiver","7":"product_tag-1000m","8":"product_tag-agc","9":"product_tag-catv","11":"first","12":"instock","13":"shipping-taxable","14":"purchasable","15":"product-type-variable"},"_links":{"self":[{"href":"https:\/\/www.luleey.com\/es\/wp-json\/wp\/v2\/product\/12601","targetHints":{"allow":["GET"]}}],"collection":[{"href":"https:\/\/www.luleey.com\/es\/wp-json\/wp\/v2\/product"}],"about":[{"href":"https:\/\/www.luleey.com\/es\/wp-json\/wp\/v2\/types\/product"}],"replies":[{"embeddable":true,"href":"https:\/\/www.luleey.com\/es\/wp-json\/wp\/v2\/comments?post=12601"}],"wp:featuredmedia":[{"embeddable":true,"href":"https:\/\/www.luleey.com\/es\/wp-json\/wp\/v2\/media\/12646"}],"wp:attachment":[{"href":"https:\/\/www.luleey.com\/es\/wp-json\/wp\/v2\/media?parent=12601"}],"wp:term":[{"taxonomy":"product_brand","embeddable":true,"href":"https:\/\/www.luleey.com\/es\/wp-json\/wp\/v2\/product_brand?post=12601"},{"taxonomy":"product_cat","embeddable":true,"href":"https:\/\/www.luleey.com\/es\/wp-json\/wp\/v2\/product_cat?post=12601"},{"taxonomy":"product_tag","embeddable":true,"href":"https:\/\/www.luleey.com\/es\/wp-json\/wp\/v2\/product_tag?post=12601"}],"curies":[{"name":"wp","href":"https:\/\/api.w.org\/{rel}","templated":true}]}}