{"id":12608,"date":"2024-07-19T00:53:55","date_gmt":"2024-07-18T16:53:55","guid":{"rendered":"https:\/\/www.luleey.com\/?post_type=product&#038;p=12608"},"modified":"2025-06-28T10:51:25","modified_gmt":"2025-06-28T02:51:25","slug":"1ge-catv-onu-xpon-gpon-epon-onu-1gecatvscapc","status":"publish","type":"product","link":"https:\/\/www.luleey.com\/es\/producto\/1ge-catv-onu-xpon-gpon-epon-onu-1gecatvscapc\/","title":{"rendered":"LL-XP1G1C,1GE CATV ONU XPON GPON\/EPON ONU 1GE+CATV+SCAPC"},"content":{"rendered":"<h3>Caracter\u00edsticas<\/h3>\n<ol>\n<li>ONU CATV 1GE de alto rendimiento - Conmutaci\u00f3n en modo EPON y GPON, compatible con ITU-T G.984.x e IEEE802.3ah<\/li>\n<li>Por defecto env\u00eda tipo SFU, si necesita HGU, por favor ind\u00edquelo al hacer el pedido<\/li>\n<li>Compatible con OLT Huawei\/ZTE\/Fiberhome\/VSOL\/HIOSO...<\/li>\n<li>Soporta autoidentificaci\u00f3n EPON y GPON<\/li>\n<li>Admite la funci\u00f3n de configuraci\u00f3n WEB<\/li>\n<li>Admite MDI\/ MDIX autom\u00e1tico en funcionamiento<\/li>\n<li>Soporta IGMP snooping<\/li>\n<li>Admite interfaz CATV para el servicio de v\u00eddeo<\/li>\n<li>Conectividad mejorada: Este 1GE CATV ONU conmuta sin esfuerzo entre los modos EPON y GPON, garantizando un rendimiento de red fiable y sin fisuras.<\/li>\n<li>Dise\u00f1o conforme al sector: Totalmente conforme con normativas t\u00e9cnicas como ITU-T G.984.x e IEEE802.3ah, lo que garantiza una compatibilidad \u00f3ptima y el cumplimiento de los est\u00e1ndares del sector.<\/li>\n<li>M\u00faltiples funcionalidades en una: Disfrute de la comodidad de un puerto Ethernet 1GE, 1 salida CATV y compatibilidad SCAPC, todo en un solo dispositivo.<\/li>\n<li>Transmisi\u00f3n de se\u00f1al superior: Disfrute de se\u00f1ales CATV de alta calidad con una p\u00e9rdida de se\u00f1al m\u00ednima, gracias a la precisa ingenier\u00eda de este 1GE CATV ONU.<\/li>\n<li>F\u00e1cil instalaci\u00f3n y gesti\u00f3n: Esta ONU ofrece una interfaz f\u00e1cil de usar para facilitar la instalaci\u00f3n y la gesti\u00f3n, lo que garantiza una experiencia sin complicaciones para usuarios de todos los niveles t\u00e9cnicos.<\/li>\n<\/ol>\n<h3>Especificaci\u00f3n<\/h3>\n<table id=\"tablepress-55\" class=\"tablepress tablepress-id-55 tablepress-responsive dataTable no-footer alignleft\" style=\"height: 792px; width: 75.3351%;\">\n<tbody class=\"row-hover\">\n<tr style=\"height: 24px;\">\n<td style=\"width: 33.4951%; text-align: center; height: 24px;\">Modelo<\/td>\n<td style=\"width: 129.288%; height: 24px;\">LL-XP1G1C<\/td>\n<\/tr>\n<tr style=\"height: 24px;\">\n<td style=\"width: 33.4951%; text-align: center; height: 24px;\">Marca<\/td>\n<td style=\"width: 129.288%; height: 24px;\">LuLeey<\/td>\n<\/tr>\n<tr class=\"row-3 odd\" style=\"height: 24px;\">\n<td class=\"column-1\" style=\"width: 33.4951%; height: 24px; text-align: center;\">Acceso a la se\u00f1al \u00f3ptica<\/td>\n<td class=\"column-2\" style=\"width: 129.288%; height: 24px;\">XPON = EPON\/GPON<\/td>\n<\/tr>\n<tr class=\"row-5 odd\" style=\"height: 24px;\">\n<td class=\"column-1\" style=\"width: 33.4951%; height: 24px; text-align: center;\">Indicador luminoso<\/td>\n<td class=\"column-2\" style=\"width: 129.288%; height: 24px;\">POWER\/PON\/LOS\/LAN\/CATV<\/td>\n<\/tr>\n<tr class=\"row-6 even\" style=\"height: 24px;\">\n<td class=\"column-1\" style=\"width: 33.4951%; height: 24px; text-align: center;\">Bot\u00f3n<\/td>\n<td class=\"column-2\" style=\"width: 129.288%; height: 24px;\">Bot\u00f3n de encendido, bot\u00f3n de reinicio<\/td>\n<\/tr>\n<tr class=\"row-8 even\" style=\"height: 24px;\">\n<td class=\"column-1\" style=\"width: 33.4951%; height: 24px; text-align: center;\">Entrada del adaptador de corriente<\/td>\n<td class=\"column-2\" style=\"width: 129.288%; height: 24px;\">100V\uff5e240V CA\uff0c50Hz\uff5e60Hz<\/td>\n<\/tr>\n<tr class=\"row-9 odd\" style=\"height: 24px;\">\n<td class=\"column-1\" style=\"width: 33.4951%; height: 24px; text-align: center;\">Requisitos de la fuente de alimentaci\u00f3n<\/td>\n<td class=\"column-2\" style=\"width: 129.288%; height: 24px;\">12 V CC\uff0c0,5 A<\/td>\n<\/tr>\n<tr class=\"row-10 even\" style=\"height: 24px;\">\n<td class=\"column-1\" style=\"width: 33.4951%; height: 24px; text-align: center;\">Consumo de energ\u00eda<\/td>\n<td class=\"column-2\" style=\"width: 129.288%; height: 24px;\">&lt;6w<\/td>\n<\/tr>\n<tr class=\"row-11 odd\" style=\"height: 24px;\">\n<td class=\"column-1\" style=\"width: 33.4951%; height: 24px; text-align: center;\">Temperatura de trabajo<\/td>\n<td class=\"column-2\" style=\"width: 129.288%; height: 24px;\">-10\u00b0C ~ +45\u00b0C<\/td>\n<\/tr>\n<tr class=\"row-2 even\" style=\"height: 24px;\">\n<td class=\"column-1\" style=\"width: 33.4951%; height: 24px; text-align: center;\">Talla<\/td>\n<td class=\"column-2\" style=\"width: 129.288%; height: 24px;\">90 mm (largo) \u00d790 mm (ancho) \u00d724 mm (alto)<\/td>\n<\/tr>\n<tr class=\"row-12 even\" style=\"height: 24px;\">\n<td class=\"column-1\" style=\"width: 33.4951%; height: 24px; text-align: center;\">Humedad ambiental<\/td>\n<td class=\"column-2\" style=\"width: 129.288%; height: 24px;\">5% ~ 95% (sin condensaci\u00f3n)<\/td>\n<\/tr>\n<tr class=\"row-13 odd\" style=\"height: 24px;\">\n<td class=\"column-1\" style=\"width: 162.783%; height: 24px;\" colspan=\"2\"><strong>Interfaz PON<\/strong><\/td>\n<\/tr>\n<tr class=\"row-14 even\" style=\"height: 24px;\">\n<td class=\"column-1\" style=\"width: 33.4951%; height: 24px; text-align: center;\">Puerto PON<\/td>\n<td class=\"column-2\" style=\"width: 129.288%; height: 24px;\">1 x SC\/APC<\/td>\n<\/tr>\n<tr class=\"row-15 odd\" style=\"height: 24px;\">\n<td class=\"column-1\" style=\"width: 33.4951%; height: 24px; text-align: center;\">Longitud de onda de trabajo<\/td>\n<td class=\"column-2\" style=\"width: 129.288%; height: 24px;\">arriba 1310nm\uff0cabajo 1490nm<\/td>\n<\/tr>\n<tr class=\"row-16 even\" style=\"height: 24px;\">\n<td class=\"column-1\" style=\"width: 33.4951%; height: 24px; text-align: center;\">TX Valor de potencia \u00f3ptica<\/td>\n<td class=\"column-2\" style=\"width: 129.288%; height: 24px;\">0,5\uff5e4dbm<\/td>\n<\/tr>\n<tr class=\"row-17 odd\" style=\"height: 24px;\">\n<td class=\"column-1\" style=\"width: 33.4951%; height: 24px; text-align: center;\">RX Sensibilidad de potencia \u00f3ptica<\/td>\n<td class=\"column-2\" style=\"width: 129.288%; height: 24px;\">\u00a0-27dBm<\/td>\n<\/tr>\n<tr class=\"row-18 even\" style=\"height: 24px;\">\n<td class=\"column-1\" style=\"width: 33.4951%; height: 24px; text-align: center;\">Distancia de transmisi\u00f3n<\/td>\n<td class=\"column-2\" style=\"width: 129.288%; height: 24px;\">0\uff5e20km<\/td>\n<\/tr>\n<tr class=\"row-19 odd\" style=\"height: 24px;\">\n<td class=\"column-1\" style=\"width: 33.4951%; height: 48px; text-align: center;\" rowspan=\"2\">Velocidad de transmisi\u00f3n<\/td>\n<td class=\"column-2\" style=\"width: 129.288%; height: 24px;\">GPON:Enlace ascendente 1,244Gbps\uff1bEnlace descendente 2,488Gbps<\/td>\n<\/tr>\n<tr class=\"row-20 even\" style=\"height: 24px;\">\n<td class=\"column-2\" style=\"width: 129.288%; height: 24px;\">EPON:Enlace ascendente 1,244Gbps\uff1bEnlace descendente 1,244Gbps<\/td>\n<\/tr>\n<tr class=\"row-21 odd\" style=\"height: 24px;\">\n<td class=\"column-1\" style=\"width: 162.783%; height: 24px;\" colspan=\"2\"><strong>Interfaz Ethernet<\/strong><\/td>\n<\/tr>\n<tr class=\"row-22 even\" style=\"height: 24px;\">\n<td class=\"column-1\" style=\"width: 33.4951%; height: 24px; text-align: center;\">Tipo de interfaz<\/td>\n<td class=\"column-2\" style=\"width: 129.288%; height: 24px;\">\u00a01 x RJ45<\/td>\n<\/tr>\n<tr class=\"row-23 odd\" style=\"height: 24px;\">\n<td class=\"column-1\" style=\"width: 33.4951%; height: 24px; text-align: center;\">Par\u00e1metros de interfaz<\/td>\n<td class=\"column-2\" style=\"width: 129.288%; height: 24px;\">\u00a01 x 10\/100\/1000Mbps interfaces Ethernet autoadaptables<\/td>\n<\/tr>\n<tr class=\"row-24 even\" style=\"height: 24px;\">\n<td class=\"column-1\" style=\"width: 162.783%; height: 24px;\" colspan=\"2\"><strong>Interfaz CATV<\/strong><\/td>\n<\/tr>\n<tr style=\"height: 24px;\">\n<td style=\"width: 33.4951%; text-align: center; height: 24px;\">Tipo de interfaz<\/td>\n<td style=\"width: 129.288%; height: 24px;\">1 puerto CATV<\/td>\n<\/tr>\n<tr class=\"row-25 odd\" style=\"height: 24px;\">\n<td class=\"column-1\" style=\"width: 33.4951%; height: 24px; text-align: center;\">Longitud de onda de recepci\u00f3n \u00f3ptica<\/td>\n<td class=\"column-2\" style=\"width: 129.288%; height: 24px;\">1550\u00b110nm<\/td>\n<\/tr>\n<tr class=\"row-26 even\" style=\"height: 24px;\">\n<td class=\"column-1\" style=\"width: 33.4951%; height: 24px; text-align: center;\">P\u00e9rdida por reflexi\u00f3n \u00f3ptica<\/td>\n<td class=\"column-2\" style=\"width: 129.288%; height: 24px;\">\u226545dBm<\/td>\n<\/tr>\n<tr class=\"row-27 odd\" style=\"height: 24px;\">\n<td class=\"column-1\" style=\"width: 33.4951%; height: 24px; text-align: center;\">RF, WDM, potencia \u00f3ptica<\/td>\n<td class=\"column-2\" style=\"width: 129.288%; height: 24px;\">+2~-15dBm<\/td>\n<\/tr>\n<tr class=\"row-28 even\" style=\"height: 24px;\">\n<td class=\"column-1\" style=\"width: 33.4951%; height: 24px; text-align: center;\">Gama de frecuencias RF<\/td>\n<td class=\"column-2\" style=\"width: 129.288%; height: 24px;\">47~1000MHz, salida RF<\/td>\n<\/tr>\n<tr class=\"row-29 odd\" style=\"height: 24px;\">\n<td class=\"column-1\" style=\"width: 33.4951%; height: 24px; text-align: center;\">impedancia<\/td>\n<td class=\"column-2\" style=\"width: 129.288%; height: 24px;\">75\u03a9<\/td>\n<\/tr>\n<tr class=\"row-30 even\" style=\"height: 24px;\">\n<td class=\"column-1\" style=\"width: 33.4951%; height: 24px; text-align: center;\">RF<\/td>\n<td class=\"column-2\" style=\"width: 129.288%; height: 24px;\">nivel de salida 78dBuV<\/td>\n<\/tr>\n<tr class=\"row-31 odd\" style=\"height: 24px;\">\n<td class=\"column-1\" style=\"width: 33.4951%; height: 24px; text-align: center;\">Gama AGC<\/td>\n<td class=\"column-2\" style=\"width: 129.288%; height: 24px;\">0~-12dBm<\/td>\n<\/tr>\n<tr class=\"row-32 even\" style=\"height: 24px;\">\n<td class=\"column-1\" style=\"width: 33.4951%; height: 24px; text-align: center;\">MER<\/td>\n<td class=\"column-2\" style=\"width: 129.288%; height: 24px;\">\u226532dB@-15dBm<\/td>\n<\/tr>\n<\/tbody>\n<\/table>","protected":false},"excerpt":{"rendered":"<p>1GE CATV ONU est\u00e1 dise\u00f1ado como soluciones CATV + FTTH<br \/>\n<span data-spm-anchor-id=\"a2700.details.0.i8.4d0f4ef4iOYT7H\">El LL-XP1G1C puede conmutar autom\u00e1ticamente entre los modos EPON y GPON cuando accede a la OLT EPON o GPON.<\/span><br \/>\nModo de autonegociaci\u00f3n MDI\/ MDIX<\/p>","protected":false},"featured_media":17819,"comment_status":"open","ping_status":"closed","template":"","meta":[],"product_brand":[],"product_cat":[348,197],"product_tag":[89,195,1016,344],"class_list":{"0":"post-12608","1":"product","2":"type-product","3":"status-publish","4":"has-post-thumbnail","6":"product_cat-1000m-gpon-epon-onu","7":"product_cat-catv-receiver","8":"product_tag-1000m","9":"product_tag-catv","10":"product_tag-ll-xp1g1c","11":"product_tag-xpon-onu","13":"first","14":"instock","15":"featured","16":"shipping-taxable","17":"purchasable","18":"product-type-variable"},"_links":{"self":[{"href":"https:\/\/www.luleey.com\/es\/wp-json\/wp\/v2\/product\/12608","targetHints":{"allow":["GET"]}}],"collection":[{"href":"https:\/\/www.luleey.com\/es\/wp-json\/wp\/v2\/product"}],"about":[{"href":"https:\/\/www.luleey.com\/es\/wp-json\/wp\/v2\/types\/product"}],"replies":[{"embeddable":true,"href":"https:\/\/www.luleey.com\/es\/wp-json\/wp\/v2\/comments?post=12608"}],"wp:featuredmedia":[{"embeddable":true,"href":"https:\/\/www.luleey.com\/es\/wp-json\/wp\/v2\/media\/17819"}],"wp:attachment":[{"href":"https:\/\/www.luleey.com\/es\/wp-json\/wp\/v2\/media?parent=12608"}],"wp:term":[{"taxonomy":"product_brand","embeddable":true,"href":"https:\/\/www.luleey.com\/es\/wp-json\/wp\/v2\/product_brand?post=12608"},{"taxonomy":"product_cat","embeddable":true,"href":"https:\/\/www.luleey.com\/es\/wp-json\/wp\/v2\/product_cat?post=12608"},{"taxonomy":"product_tag","embeddable":true,"href":"https:\/\/www.luleey.com\/es\/wp-json\/wp\/v2\/product_tag?post=12608"}],"curies":[{"name":"wp","href":"https:\/\/api.w.org\/{rel}","templated":true}]}}