{"id":12611,"date":"2024-07-19T00:53:56","date_gmt":"2024-07-18T16:53:56","guid":{"rendered":"https:\/\/www.luleey.com\/?post_type=product&#038;p=12611"},"modified":"2025-06-28T10:51:03","modified_gmt":"2025-06-28T02:51:03","slug":"fc-upc-to-lc-upc-single-mode-fiber-optic-adapter-2-5mm-to-1-25mm-ll-fcupc2lcupc","status":"publish","type":"product","link":"https:\/\/www.luleey.com\/es\/producto\/fc-upc-to-lc-upc-single-mode-fiber-optic-adapter-2-5mm-to-1-25mm-ll-fcupc2lcupc\/","title":{"rendered":"Adaptador de fibra \u00f3ptica monomodo FC\/UPC a LC\/UPC de 2,5 mm a 1,25 mm Convertidor LL-FCUPC2LCUPC"},"content":{"rendered":"<div class=\"title--wrap--Ms9Zv4A\">\n<h3>Caracter\u00edsticas<\/h3>\n<ol>\n<li class=\"specification--line--iUJOqof\">\n<div class=\"specification--prop--RejitI8\">\n<div class=\"specification--title--UbVeyic\">Tipo de fibra Monomodo<\/div>\n<\/div>\n<\/li>\n<li class=\"specification--line--iUJOqof\">\n<div class=\"specification--prop--RejitI8\">\n<div class=\"specification--title--UbVeyic\">P\u00e9rdida de inserci\u00f3n:&lt;=0,3 dB<\/div>\n<\/div>\n<\/li>\n<li class=\"specification--line--iUJOqof\">\n<div class=\"specification--prop--RejitI8\">\n<div class=\"specification--title--UbVeyic\">P\u00e9rdida de retorno:&lt;=50dB<\/div>\n<\/div>\n<\/li>\n<\/ol>\n<h3>Especificaci\u00f3n<\/h3>\n<table style=\"border-collapse: collapse; width: 100%;\">\n<tbody>\n<tr style=\"height: 53px;\">\n<td style=\"height: 53px; width: 35.2211%;\">Marca<\/td>\n<td style=\"height: 53px; width: 64.7013%;\">LuLeey<\/td>\n<\/tr>\n<tr style=\"height: 53px;\">\n<td style=\"height: 53px; width: 35.2211%;\" width=\"101\">Nombre del producto<\/td>\n<td style=\"height: 53px; width: 64.7013%;\" width=\"222\">Adaptador de fibra \u00f3ptica monomodo FC\/UPC a LC\/UPC de 2,5 mm a 1,25 mm LL-FCUPC2LCUPC<\/td>\n<\/tr>\n<tr style=\"height: 53px;\">\n<td style=\"height: 53px; width: 35.2211%;\">Tipo de adaptador<\/td>\n<td style=\"height: 53px; width: 64.7013%;\">Adaptador de fibra SM-9\/125<\/td>\n<\/tr>\n<tr>\n<td style=\"width: 35.2211%;\">Material<\/td>\n<td style=\"width: 64.7013%;\">n\u00facleo cer\u00e1mico<\/td>\n<\/tr>\n<tr>\n<td style=\"width: 35.2211%;\">Temperatura de funcionamiento<\/td>\n<td style=\"width: 64.7013%;\">-40\u2103~75\u2103<\/td>\n<\/tr>\n<tr style=\"height: 53px;\">\n<td style=\"height: 53px; width: 35.2211%;\">P\u00e9rdida de inserci\u00f3n<\/td>\n<td style=\"height: 53px; width: 64.7013%;\">\u22640,3dB<\/td>\n<\/tr>\n<tr style=\"height: 53px;\">\n<td style=\"height: 53px; width: 35.2211%;\">P\u00e9rdida de retorno<\/td>\n<td style=\"height: 53px; width: 64.7013%;\">\u226550dB<\/td>\n<\/tr>\n<tr style=\"height: 379px;\">\n<td style=\"height: 10px; width: 35.2211%;\">Escenarios de uso<\/td>\n<td style=\"height: 10px; width: 64.7013%;\">Instrumentos de fibra \u00f3ptica, equipos de comunicaci\u00f3n,<br \/>\nConversi\u00f3n de la interfaz del detector de fallos de fibra \u00f3ptica.<br \/>\nConversi\u00f3n de conectores de fibra \u00f3ptica.<br \/>\nPrueba de datos \u00f3pticos.<br \/>\nTransmisi\u00f3n \u00f3ptica de datos.<br \/>\nRedes de telecomunicaciones, radio y televisi\u00f3n<\/td>\n<\/tr>\n<\/tbody>\n<\/table>\n<h3 data-pl=\"product-title\" data-spm-anchor-id=\"a2g0o.detail.0.i11.238deU5GeU5Gff\"><\/h3>\n<\/div>","protected":false},"excerpt":{"rendered":"<p data-pl=\"product-title\" data-spm-anchor-id=\"a2g0o.detail.0.i11.238deU5GeU5Gff\">Localizador visual de fallos Medidor de potencia \u00f3ptica 2.5mm a 1.25mm FC\/UPC a LC\/UPC Adaptador h\u00edbrido monomodo de fibra \u00f3ptica<\/p>\n<p data-pl=\"product-title\" data-spm-anchor-id=\"a2g0o.detail.0.i11.238deU5GeU5Gff\">1. Mejore su soluci\u00f3n de problemas de red con este adaptador \u00f3ptico FC a LC, compatible tanto con el localizador visual de fallos como con el medidor de potencia \u00f3ptica, garantizando lecturas precisas y una r\u00e1pida detecci\u00f3n de problemas.<br \/>\n2. Convierta c\u00f3modamente sus cables de fibra \u00f3ptica con conectores de 2,5 mm en otros con conectores de 1,25 mm utilizando este adaptador h\u00edbrido FC a LC. Conecte sin problemas diferentes tipos de fibra sin necesidad de equipos adicionales.<br \/>\n3. Dise\u00f1ado para una integraci\u00f3n perfecta en sistemas de fibra \u00f3ptica monomodo, este adaptador mantiene una calidad de se\u00f1al \u00f3ptima durante la transmisi\u00f3n, reduciendo la p\u00e9rdida de se\u00f1al y garantizando una transferencia de datos fiable y r\u00e1pida.<br \/>\n4. Con una impresionante p\u00e9rdida de inserci\u00f3n de &lt;=0,3 dB, este adaptador \u00f3ptico garantiza una p\u00e9rdida m\u00ednima de se\u00f1al durante el acoplamiento del conector, lo que permite la m\u00e1xima eficacia en la transmisi\u00f3n de datos y una interrupci\u00f3n m\u00ednima de la red.<br \/>\n5. Consiga una pureza de se\u00f1al excepcional y minimice las reflexiones de se\u00f1al con una p\u00e9rdida de retorno de &lt;=50dB, garantizando una integridad de datos fiable y evitando la degradaci\u00f3n del rendimiento. Actualice sus conexiones de fibra \u00f3ptica con este adaptador de alta calidad.<\/p>","protected":false},"featured_media":12652,"comment_status":"open","ping_status":"closed","template":"","meta":[],"product_brand":[],"product_cat":[365],"product_tag":[217,221,246,325],"class_list":{"0":"post-12611","1":"product","2":"type-product","3":"status-publish","4":"has-post-thumbnail","6":"product_cat-optical-adapters-and-flange-connectors-and-attenuator","7":"product_tag-fc-upc","8":"product_tag-fiber-adapter","9":"product_tag-lc-upc","10":"product_tag-sm","12":"first","13":"instock","14":"featured","15":"shipping-taxable","16":"purchasable","17":"product-type-variable","18":"has-default-attributes"},"_links":{"self":[{"href":"https:\/\/www.luleey.com\/es\/wp-json\/wp\/v2\/product\/12611","targetHints":{"allow":["GET"]}}],"collection":[{"href":"https:\/\/www.luleey.com\/es\/wp-json\/wp\/v2\/product"}],"about":[{"href":"https:\/\/www.luleey.com\/es\/wp-json\/wp\/v2\/types\/product"}],"replies":[{"embeddable":true,"href":"https:\/\/www.luleey.com\/es\/wp-json\/wp\/v2\/comments?post=12611"}],"wp:featuredmedia":[{"embeddable":true,"href":"https:\/\/www.luleey.com\/es\/wp-json\/wp\/v2\/media\/12652"}],"wp:attachment":[{"href":"https:\/\/www.luleey.com\/es\/wp-json\/wp\/v2\/media?parent=12611"}],"wp:term":[{"taxonomy":"product_brand","embeddable":true,"href":"https:\/\/www.luleey.com\/es\/wp-json\/wp\/v2\/product_brand?post=12611"},{"taxonomy":"product_cat","embeddable":true,"href":"https:\/\/www.luleey.com\/es\/wp-json\/wp\/v2\/product_cat?post=12611"},{"taxonomy":"product_tag","embeddable":true,"href":"https:\/\/www.luleey.com\/es\/wp-json\/wp\/v2\/product_tag?post=12611"}],"curies":[{"name":"wp","href":"https:\/\/api.w.org\/{rel}","templated":true}]}}