{"id":12638,"date":"2024-07-19T00:54:20","date_gmt":"2024-07-18T16:54:20","guid":{"rendered":"https:\/\/www.luleey.com\/?post_type=product&#038;p=12638"},"modified":"2025-08-02T22:26:32","modified_gmt":"2025-08-02T14:26:32","slug":"8-pon-gpon-olt","status":"publish","type":"product","link":"https:\/\/www.luleey.com\/es\/producto\/8-pon-gpon-olt\/","title":{"rendered":"8 PON GPON OLT, LL-GPOLT-XE-G08"},"content":{"rendered":"<h3>Caracter\u00edsticas<\/h3>\n<ol data-spm-anchor-id=\"a2g0o.detail.1000023.i0.1472leN2leN24S\">\n<li>Admite una relaci\u00f3n espectral de 1:128<\/li>\n<li>Admite hasta 1024 ONU<\/li>\n<li>Soporta protocolos de enrutamiento como RIP\/OSPF<\/li>\n<li>Soporta la funci\u00f3n de enrutamiento est\u00e1tico IPV4\/IPV6<\/li>\n<li>Compatibilidad con la funci\u00f3n QinQ<\/li>\n<li>Rack 1U de 19 pulgadas<\/li>\n<li>Tama\u00f1o: 440mmx260mmx44mm<\/li>\n<li>8 * GPON SFP, 4 * 10GE\/GE SFP+, 4 * 10\/100\/1000MaseT<\/li>\n<li>Distancia de transmisi\u00f3n del puerto PON: 20 km<\/li>\n<li>Longitud de onda de trabajo del puerto PON: env\u00edo 1490nm. Acepta 1310nm<\/li>\n<li>Tipo de interfaz PON: Fibra monomodo SC 9\/125um<\/li>\n<li>Sensibilidad de recepci\u00f3n PON: -30dbm<\/li>\n<\/ol>\n<div class=\"structure-row\">\n<div class=\"col-left\" data-spm-anchor-id=\"a2700.details.0.i25.78ff2908MBBelt\">\n<div class=\"structure-row\">\n<h3>Especificaci\u00f3n<\/h3>\n<\/div>\n<div class=\"structure-row\">\n<div class=\"col-right\">\n<table width=\"776\">\n<tbody>\n<tr>\n<td>Marca<\/td>\n<td>LuLeey<\/td>\n<\/tr>\n<tr>\n<td>Modelo<\/td>\n<td>LL-GPOLT-XE-G08<\/td>\n<\/tr>\n<tr>\n<td width=\"239\">Caracter\u00edsticas de la interfaz PON<\/td>\n<td width=\"537\">Velocidad de transmisi\u00f3n del enlace descendente: 2,5 Gbps\/enlace ascendente: 1,25 Gbps<br \/>\nAdmite m\u00f3dulos de clase B+, clase C+GPON<br \/>\nSeguridad: Mecanismo de autenticaci\u00f3n ONU<\/td>\n<\/tr>\n<tr>\n<td>Normas<\/td>\n<td width=\"537\">ITU-T G.984\/G.988<br \/>\nIEEE 802.1D, \u00c1rbol de expansi\u00f3n<br \/>\nIEEE 802.1Q, VLAN<br \/>\nIEEE 802.1w, RSTP<br \/>\nIEEE 802.3ad LACP<br \/>\nEthernet -II<\/td>\n<\/tr>\n<tr>\n<td>QoS<\/td>\n<td width=\"537\">Control de flujo de contrapresi\u00f3n (semid\u00faplex)<br \/>\nControl de flujo IEEE 802.3x (d\u00faplex completo)<br \/>\nIEEE 802.1p, CoS<br \/>\nAlgoritmos de programaci\u00f3n de colas WRR, SP y FIFO<br \/>\nFunci\u00f3n de l\u00edmite de velocidad para enlace ascendente y descendente basada en cada ONU<br \/>\nApoya las funciones de DBA y SLA<\/td>\n<\/tr>\n<tr>\n<td>VLAN<\/td>\n<td width=\"537\">VLAN basada en puertos, 4K entradas en la tabla VLAN<br \/>\nQinQ y admite QinQ flexible<\/td>\n<\/tr>\n<tr>\n<td>Multidifusi\u00f3n<\/td>\n<td width=\"537\">Multidifusi\u00f3n L2<br \/>\nIGMP Snooping<br \/>\nSnooping MLD<\/td>\n<\/tr>\n<tr>\n<td>Fiabilidad<\/td>\n<td width=\"537\">Protocolo de detecci\u00f3n de enlaces unidireccionales para evitar bucles en el \u00e1rbol de supervivencia<br \/>\nRanura de expansi\u00f3n M\u00f3dulo \u00f3ptico GPON intercambiable en caliente<br \/>\nProtecci\u00f3n del camino \u00f3ptico GPON (clase b\/c, port\u00e1til, etc.)<br \/>\nAdmite la funci\u00f3n de detecci\u00f3n de ONU emisoras de luz an\u00f3malas, como la emisi\u00f3n de luz prolongada.<\/td>\n<\/tr>\n<tr>\n<td>Seguridad de las redes<\/td>\n<td width=\"537\">Limitar el n\u00famero m\u00e1ximo de usuarios por puerto<br \/>\nAislamiento portuario<br \/>\nControl de tormentas de mensajes<br \/>\nFunci\u00f3n de control de acceso ACL basada en el flujo de datos<br \/>\nCifrado de datos para la transmisi\u00f3n de puertos PON<\/td>\n<\/tr>\n<tr>\n<td>Gesti\u00f3n de la configuraci\u00f3n<\/td>\n<td width=\"537\">M\u00faltiples m\u00e9todos de gesti\u00f3n como CLI, SNMP, TELNET, etc.<br \/>\nActualizaci\u00f3n de software posible a trav\u00e9s de TFTP<br \/>\nSalida depuraci\u00f3n<\/td>\n<\/tr>\n<tr>\n<td>Propiedad f\u00edsica<\/td>\n<td width=\"537\">442,5 mm (ancho) x 304 mm (fondo) x 44 mm (alto)<br \/>\nInstalaci\u00f3n: Rack est\u00e1ndar de 19<\/td>\n<\/tr>\n<tr>\n<td>Requisitos medioambientales<\/td>\n<td width=\"537\">Entorno de trabajo: 0 \u2103~45 \u2103; 10% -85% sin condensaci\u00f3n<br \/>\nEntorno de almacenamiento: -40 \u2103~80 \u2103; 5% -95% sin condensaci\u00f3n.<\/td>\n<\/tr>\n<tr>\n<td>Fuente de alimentaci\u00f3n<\/td>\n<td width=\"537\">Tensi\u00f3n de entrada: AC90~264V, DC 36~72V<br \/>\nAdmite doble entrada de alimentaci\u00f3n, inserci\u00f3n mixta de fuentes de alimentaci\u00f3n de CA y CC e intercambio en caliente de m\u00f3dulos de alimentaci\u00f3n.<\/td>\n<\/tr>\n<\/tbody>\n<\/table>\n<\/div>\n<\/div>\n<\/div>\n<\/div>","protected":false},"excerpt":{"rendered":"<p>\u2018- Conexi\u00f3n en red eficiente: LL-GPOLT308 8GPON OLT admite una relaci\u00f3n espectral de 1:128, lo que permite conexiones estables y de alta velocidad para hasta 1024 ONUs.<br \/>\n- Conectividad vers\u00e1til: Equipada con 4 * puertos 10GE\/GE SFP+ y 4 * puertos de enlace ascendente 10\/100\/1000 RJ45, esta OLT ofrece opciones de conectividad flexibles para una integraci\u00f3n perfecta en cualquier configuraci\u00f3n de red.<br \/>\n- Rendimiento mejorado: La sensibilidad de recepci\u00f3n PON de -30dbm garantiza una excelente recepci\u00f3n de la se\u00f1al, lo que permite una transmisi\u00f3n de datos fiable e ininterrumpida.<br \/>\n- Rendimiento mejorado: La sensibilidad de recepci\u00f3n PON de -30dbm garantiza una excelente recepci\u00f3n de la se\u00f1al, lo que permite una transmisi\u00f3n de datos fiable e ininterrumpida.<br \/>\n- Instalaci\u00f3n simplificada: Esta OLT 8GPON est\u00e1 dise\u00f1ada para una instalaci\u00f3n sencilla y puede instalarse y configurarse r\u00e1pidamente para lograr una red eficiente sin complicaciones.<\/p>","protected":false},"featured_media":12675,"comment_status":"open","ping_status":"closed","template":"","meta":[],"product_brand":[],"product_cat":[360],"product_tag":[95,172,229,1089,269],"class_list":{"0":"post-12638","1":"product","2":"type-product","3":"status-publish","4":"has-post-thumbnail","6":"product_cat-gpon-olt","7":"product_tag-1024-onu","8":"product_tag-8-gpon","9":"product_tag-gpon-olt","10":"product_tag-ll-gpolt-xe-g08","11":"product_tag-olt","13":"first","14":"instock","15":"sale","16":"shipping-taxable","17":"purchasable","18":"product-type-variable","19":"has-default-attributes"},"_links":{"self":[{"href":"https:\/\/www.luleey.com\/es\/wp-json\/wp\/v2\/product\/12638","targetHints":{"allow":["GET"]}}],"collection":[{"href":"https:\/\/www.luleey.com\/es\/wp-json\/wp\/v2\/product"}],"about":[{"href":"https:\/\/www.luleey.com\/es\/wp-json\/wp\/v2\/types\/product"}],"replies":[{"embeddable":true,"href":"https:\/\/www.luleey.com\/es\/wp-json\/wp\/v2\/comments?post=12638"}],"wp:featuredmedia":[{"embeddable":true,"href":"https:\/\/www.luleey.com\/es\/wp-json\/wp\/v2\/media\/12675"}],"wp:attachment":[{"href":"https:\/\/www.luleey.com\/es\/wp-json\/wp\/v2\/media?parent=12638"}],"wp:term":[{"taxonomy":"product_brand","embeddable":true,"href":"https:\/\/www.luleey.com\/es\/wp-json\/wp\/v2\/product_brand?post=12638"},{"taxonomy":"product_cat","embeddable":true,"href":"https:\/\/www.luleey.com\/es\/wp-json\/wp\/v2\/product_cat?post=12638"},{"taxonomy":"product_tag","embeddable":true,"href":"https:\/\/www.luleey.com\/es\/wp-json\/wp\/v2\/product_tag?post=12638"}],"curies":[{"name":"wp","href":"https:\/\/api.w.org\/{rel}","templated":true}]}}