{"id":12662,"date":"2024-07-19T00:54:45","date_gmt":"2024-07-18T16:54:45","guid":{"rendered":"https:\/\/www.luleey.com\/?post_type=product&#038;p=12662"},"modified":"2025-02-20T22:32:55","modified_gmt":"2025-02-20T14:32:55","slug":"1x64-sc-apc-plc-splitter","status":"publish","type":"product","link":"https:\/\/www.luleey.com\/es\/producto\/1x64-sc-apc-plc-splitter\/","title":{"rendered":"1\u00d764 SC APC PLC Divisor"},"content":{"rendered":"<div>\n<div>\n<h3>Caracter\u00edsticas<\/h3>\n<p>1. <span class=\"tagify__tag-text\" contenteditable=\"true\">divisor sc\/apc<\/span> Nueva carcasa de resina sint\u00e9tica de pl\u00e1stico ABS, resistente a los impactos y al calor.<br \/>\n2. Alambre de alta calidad, alto rendimiento y protecci\u00f3n del medio ambiente La piel de PVC es resistente a los \u00e1cidos y \u00e1lcalis y duradera.<br \/>\n3. N\u00facleo de inserci\u00f3n de cer\u00e1mica de alto rendimiento, transmisi\u00f3n \u00f3ptica uniforme, buena estabilidad medioambiental.<\/p>\n<\/div>\n<\/div>\n<p>&nbsp;<\/p>\n<p>El divisor \u00f3ptico de gu\u00eda de ondas planar PLC (PLC Splitter) es un dispositivo integrado de distribuci\u00f3n de potencia \u00f3ptica de gu\u00eda de ondas basado en un sustrato de cuarzo. Al igual que un sistema de transmisi\u00f3n por cable coaxial, un sistema de red \u00f3ptica tambi\u00e9n necesita acoplar, bifurcar y distribuir se\u00f1ales \u00f3pticas. Necesita un divisor \u00f3ptico para lograrlo.<br \/>\nAplicaci\u00f3n<br \/>\nTipo de caja ABS: se instala en un bastidor est\u00e1ndar de 19 pulgadas; cuando la fibra se ramifica hacia el interior de la vivienda, el equipo de instalaci\u00f3n suministrado es la caja de transferencia de cable de fibra \u00f3ptica; cuando la fibra se ramifica hacia el interior de la vivienda, se instala el equipo especificado por el cliente.<br \/>\nVentajas<br \/>\n1) La p\u00e9rdida no es sensible a la longitud de onda de la luz transmitida, y puede satisfacer las necesidades de transmisi\u00f3n de diferentes longitudes de onda.<br \/>\n(2) La luz se distribuye uniformemente, y la se\u00f1al puede distribuirse uniformemente a los usuarios.<br \/>\n(3) La estructura es compacta y el volumen es peque\u00f1o, se puede instalar directamente en las diversas cajas de transferencia existentes, y no se requiere un dise\u00f1o especial para dejar un gran espacio de instalaci\u00f3n.<br \/>\n(4) Hay muchos canales de derivaci\u00f3n para un solo dispositivo, que pueden llegar a m\u00e1s de 16 canales.<br \/>\n(5) El coste de los canales m\u00faltiples es bajo. Cuantas m\u00e1s sucursales, m\u00e1s evidente es la ventaja en costes.<\/p>\n<h3>Especificaci\u00f3n<\/h3>\n<table width=\"834\">\n<tbody>\n<tr>\n<td width=\"273\">Tama\u00f1o de la caja<\/td>\n<td width=\"561\">\u00a0100*80*10mm<\/td>\n<\/tr>\n<tr>\n<td>Temperatura de almacenamiento<\/td>\n<td>\u00a0-40~85 \u2103<\/td>\n<\/tr>\n<tr>\n<td>Temperatura de trabajo<\/td>\n<td>\u00a0-40~85 \u2103<\/td>\n<\/tr>\n<tr>\n<td>Tipo de conector<\/td>\n<td>\u00a0SC\/APC<\/td>\n<\/tr>\n<tr>\n<td>Longitud de onda de trabajo<\/td>\n<td>\u00a01260~1650nm<\/td>\n<\/tr>\n<\/tbody>\n<\/table>","protected":false},"excerpt":{"rendered":"<div>\n<div>1. <span class=\"tagify__tag-text\" contenteditable=\"true\">Divisor PLC<\/span> Nueva carcasa de resina sint\u00e9tica de pl\u00e1stico ABS, resistente a los impactos y al calor.<br \/>\n2. Alambre de alta calidad, alto rendimiento y protecci\u00f3n del medio ambiente La piel de PVC es resistente a los \u00e1cidos y \u00e1lcalis y duradera.<br \/>\n3. N\u00facleo de inserci\u00f3n de cer\u00e1mica de alto rendimiento, transmisi\u00f3n \u00f3ptica uniforme, buena estabilidad medioambiental.<\/div>\n<\/div>\n<div>\n<div>\n<div>\n<div>\n<div id=\"offer-template-0\">\n<ul>\n<li>Tama\u00f1o de la caja: 100*80*10 mm<\/li>\n<li>Temperatura de almacenamiento: -40~85 \u2103<\/li>\n<li>Temperatura de trabajo: -40~85 \u2103<\/li>\n<li>Tipo de conector: SC\/APC<\/li>\n<li data-spm-anchor-id=\"a2g0o.detail.1000023.i0.fae1E0h8E0h8i7\">Longitud de onda de trabajo: 1260~1650nm<\/li>\n<\/ul>\n<\/div>\n<\/div>\n<\/div>\n<\/div>\n<\/div>","protected":false},"featured_media":12146,"comment_status":"open","ping_status":"closed","template":"","meta":[],"product_brand":[],"product_cat":[366],"product_tag":[121,306,326],"class_list":{"0":"post-12662","1":"product","2":"type-product","3":"status-publish","4":"has-post-thumbnail","6":"product_cat-optical-splitters-and-splitter-box","7":"product_tag-1x64","8":"product_tag-sc-apc","9":"product_tag-splitter","11":"first","12":"instock","13":"shipping-taxable","14":"purchasable","15":"product-type-variable"},"_links":{"self":[{"href":"https:\/\/www.luleey.com\/es\/wp-json\/wp\/v2\/product\/12662","targetHints":{"allow":["GET"]}}],"collection":[{"href":"https:\/\/www.luleey.com\/es\/wp-json\/wp\/v2\/product"}],"about":[{"href":"https:\/\/www.luleey.com\/es\/wp-json\/wp\/v2\/types\/product"}],"replies":[{"embeddable":true,"href":"https:\/\/www.luleey.com\/es\/wp-json\/wp\/v2\/comments?post=12662"}],"wp:featuredmedia":[{"embeddable":true,"href":"https:\/\/www.luleey.com\/es\/wp-json\/wp\/v2\/media\/12146"}],"wp:attachment":[{"href":"https:\/\/www.luleey.com\/es\/wp-json\/wp\/v2\/media?parent=12662"}],"wp:term":[{"taxonomy":"product_brand","embeddable":true,"href":"https:\/\/www.luleey.com\/es\/wp-json\/wp\/v2\/product_brand?post=12662"},{"taxonomy":"product_cat","embeddable":true,"href":"https:\/\/www.luleey.com\/es\/wp-json\/wp\/v2\/product_cat?post=12662"},{"taxonomy":"product_tag","embeddable":true,"href":"https:\/\/www.luleey.com\/es\/wp-json\/wp\/v2\/product_tag?post=12662"}],"curies":[{"name":"wp","href":"https:\/\/api.w.org\/{rel}","templated":true}]}}