{"id":12664,"date":"2024-07-19T00:54:45","date_gmt":"2024-07-18T16:54:45","guid":{"rendered":"https:\/\/www.luleey.com\/?post_type=product&#038;p=12664"},"modified":"2024-10-11T09:07:36","modified_gmt":"2024-10-11T01:07:36","slug":"fc-apc-to-lc-apc-single-mode-2-5mm-to-1-25mm-ll-fcapc2lcapc","status":"publish","type":"product","link":"https:\/\/www.luleey.com\/es\/producto\/fc-apc-to-lc-apc-single-mode-2-5mm-to-1-25mm-ll-fcapc2lcapc\/","title":{"rendered":"Convertidor FC\/APC a LC\/APC monomodo de 2,5 mm a 1,25 mm LL-FCAPC2LCAPC"},"content":{"rendered":"<div class=\"title--wrap--Ms9Zv4A\">\n<h3>Caracter\u00edsticas<\/h3>\n<ol>\n<li><span class=\"\">N\u00facleo cer\u00e1mico, rendimiento estable<\/span><\/li>\n<li><span class=\"\">Admite 1000 repeticiones de inserci\u00f3n y extracci\u00f3n, reutilizable<\/span><\/li>\n<li><span class=\"\">Par\u00e1metros reales para evitar p\u00e9rdidas<\/span><\/li>\n<\/ol>\n<h3>Especificaci\u00f3n<\/h3>\n<table width=\"588\">\n<tbody>\n<tr>\n<td>Marca<\/td>\n<td>LuLeey<\/td>\n<\/tr>\n<tr>\n<td width=\"229\">Nombre del producto<\/td>\n<td width=\"359\">FC\/APC a LC\/APC monomodo de 2,5 mm a 1,25 mm LL-FCAPC2LCAPC<\/td>\n<\/tr>\n<tr>\n<td width=\"229\">Conector<\/td>\n<td>SCUPC SCAPC<\/td>\n<\/tr>\n<tr>\n<td>SM\/MM<\/td>\n<td width=\"359\">Modo \u00fanico<\/td>\n<\/tr>\n<tr>\n<td>Longitud de onda de trabajo<\/td>\n<td>1200nm~1600nm<\/td>\n<\/tr>\n<tr>\n<td>P\u00e9rdida de inserci\u00f3n<\/td>\n<td>&lt; 0,3 dB<\/td>\n<\/tr>\n<tr>\n<td width=\"229\">P\u00e9rdida de retorno<\/td>\n<td>\u226550db<\/td>\n<\/tr>\n<tr>\n<td>Material de la manga<\/td>\n<td>cer\u00e1mica<\/td>\n<\/tr>\n<tr>\n<td>Tiempos de inserci\u00f3n y desconexi\u00f3n<\/td>\n<td>&gt;1000<\/td>\n<\/tr>\n<tr>\n<td>Temperatura de trabajo<\/td>\n<td>-40\u2103~75\u2103<\/td>\n<\/tr>\n<tr>\n<td>Temperatura de almacenamiento<\/td>\n<td>-55\u2103~85\u2103<\/td>\n<\/tr>\n<tr>\n<td width=\"229\">Aplicaci\u00f3n<\/td>\n<td width=\"359\">Sistemas FTTX Soluciones CCTV<\/td>\n<\/tr>\n<tr>\n<td width=\"229\">Escenarios de aplicaci\u00f3n<\/td>\n<td width=\"359\">FTTH, FTTB, FTTX, Soluci\u00f3n de red<\/td>\n<\/tr>\n<tr>\n<td>Humedad<\/td>\n<td>95%RH<\/td>\n<\/tr>\n<\/tbody>\n<\/table>\n<h3 data-pl=\"product-title\" data-spm-anchor-id=\"a2g0o.detail.0.i11.238deU5GeU5Gff\"><\/h3>\n<\/div>","protected":false},"excerpt":{"rendered":"<p data-pl=\"product-title\" data-spm-anchor-id=\"a2g0o.detail.0.i11.238deU5GeU5Gff\">Localizador visual de fallos Medidor de potencia \u00f3ptica 2.5mm a 1.25mm FC\/APC a LC\/APC Adaptador h\u00edbrido monomodo de fibra \u00f3ptica<\/p>\n<p data-pl=\"product-title\" data-spm-anchor-id=\"a2g0o.detail.0.i11.238deU5GeU5Gff\">1. Mejore su soluci\u00f3n de problemas de red con este adaptador \u00f3ptico FC a LC, compatible tanto con el localizador visual de fallos como con el medidor de potencia \u00f3ptica, garantizando lecturas precisas y una r\u00e1pida detecci\u00f3n de problemas.<br \/>\n2. Convierta c\u00f3modamente sus cables de fibra \u00f3ptica con conectores de 2,5 mm en otros con conectores de 1,25 mm utilizando este adaptador h\u00edbrido FC a LC. Conecte sin problemas diferentes tipos de fibra sin necesidad de equipos adicionales.<br \/>\n3. Dise\u00f1ado para una integraci\u00f3n perfecta en sistemas de fibra \u00f3ptica monomodo, este adaptador mantiene una calidad de se\u00f1al \u00f3ptima durante la transmisi\u00f3n, reduciendo la p\u00e9rdida de se\u00f1al y garantizando una transferencia de datos fiable y r\u00e1pida.<br \/>\n4. Con una impresionante p\u00e9rdida de inserci\u00f3n de &lt;=0,3 dB, este adaptador \u00f3ptico garantiza una p\u00e9rdida m\u00ednima de se\u00f1al durante el acoplamiento del conector, lo que permite la m\u00e1xima eficacia en la transmisi\u00f3n de datos y una interrupci\u00f3n m\u00ednima de la red.<br \/>\n5. Consiga una pureza de se\u00f1al excepcional y minimice las reflexiones de se\u00f1al con una p\u00e9rdida de retorno de &lt;=50dB, garantizando una integridad de datos fiable y evitando la degradaci\u00f3n del rendimiento. Actualice sus conexiones de fibra \u00f3ptica con este adaptador de alta calidad.<\/p>","protected":false},"featured_media":12689,"comment_status":"open","ping_status":"closed","template":"","meta":[],"product_brand":[],"product_cat":[365],"product_tag":[214,221,247,325],"class_list":{"0":"post-12664","1":"product","2":"type-product","3":"status-publish","4":"has-post-thumbnail","6":"product_cat-optical-adapters-and-flange-connectors-and-attenuator","7":"product_tag-fc-apc","8":"product_tag-fiber-adapter","9":"product_tag-lc-apc","10":"product_tag-sm","12":"first","13":"instock","14":"shipping-taxable","15":"purchasable","16":"product-type-variable","17":"has-default-attributes"},"_links":{"self":[{"href":"https:\/\/www.luleey.com\/es\/wp-json\/wp\/v2\/product\/12664","targetHints":{"allow":["GET"]}}],"collection":[{"href":"https:\/\/www.luleey.com\/es\/wp-json\/wp\/v2\/product"}],"about":[{"href":"https:\/\/www.luleey.com\/es\/wp-json\/wp\/v2\/types\/product"}],"replies":[{"embeddable":true,"href":"https:\/\/www.luleey.com\/es\/wp-json\/wp\/v2\/comments?post=12664"}],"wp:featuredmedia":[{"embeddable":true,"href":"https:\/\/www.luleey.com\/es\/wp-json\/wp\/v2\/media\/12689"}],"wp:attachment":[{"href":"https:\/\/www.luleey.com\/es\/wp-json\/wp\/v2\/media?parent=12664"}],"wp:term":[{"taxonomy":"product_brand","embeddable":true,"href":"https:\/\/www.luleey.com\/es\/wp-json\/wp\/v2\/product_brand?post=12664"},{"taxonomy":"product_cat","embeddable":true,"href":"https:\/\/www.luleey.com\/es\/wp-json\/wp\/v2\/product_cat?post=12664"},{"taxonomy":"product_tag","embeddable":true,"href":"https:\/\/www.luleey.com\/es\/wp-json\/wp\/v2\/product_tag?post=12664"}],"curies":[{"name":"wp","href":"https:\/\/api.w.org\/{rel}","templated":true}]}}