{"id":12667,"date":"2024-07-19T00:54:46","date_gmt":"2024-07-18T16:54:46","guid":{"rendered":"https:\/\/www.luleey.com\/?post_type=product&#038;p=12667"},"modified":"2025-06-28T10:50:51","modified_gmt":"2025-06-28T02:50:51","slug":"2-5g-lc-optical-module-support-bidi-smf-sfp","status":"publish","type":"product","link":"https:\/\/www.luleey.com\/es\/producto\/2-5g-lc-optical-module-support-bidi-smf-sfp\/","title":{"rendered":"M\u00f3dulo \u00f3ptico LC 2,5G BIDI SMF SFP"},"content":{"rendered":"<h3>Caracter\u00edsticas<\/h3>\n<ol>\n<li>Presentamos el m\u00f3dulo SMF SFP LC 2,5G: \u00a1la soluci\u00f3n definitiva para la transmisi\u00f3n de alta velocidad a largas distancias! Con una velocidad de transmisi\u00f3n de 2,5G, este m\u00f3dulo garantiza una transferencia de datos ultrarr\u00e1pida, por lo que resulta ideal para diversas aplicaciones de red.<\/li>\n<li>Con una longitud de onda de 1310 nm\/1550 nm, este m\u00f3dulo garantiza una transmisi\u00f3n de datos estable y fiable a una distancia m\u00e1xima de 1 km. Tanto si necesitas conectar dispositivos en una peque\u00f1a oficina como si quieres abarcar varios edificios, este m\u00f3dulo es la soluci\u00f3n perfecta.<\/li>\n<li>Dise\u00f1ado en un c\u00f3modo formato de embalaje SFP, este m\u00f3dulo es incre\u00edblemente f\u00e1cil de instalar y compatible con una amplia gama de conectores de fibra \u00f3ptica, concretamente conectores LC. Esta versatilidad permite una integraci\u00f3n perfecta en la infraestructura de red existente, eliminando cualquier problema de compatibilidad.<\/li>\n<li>Una de las caracter\u00edsticas m\u00e1s destacadas de este m\u00f3dulo es su compatibilidad con la transmisi\u00f3n bidireccional, lo que lo convierte en una soluci\u00f3n rentable para las configuraciones de red de una sola fibra. Esto te permite transmitir y recibir datos en una sola fibra, ahorr\u00e1ndote la molestia y el coste de instalar fibras separadas para cada direcci\u00f3n.<\/li>\n<li>Este m\u00f3dulo, que funciona en un amplio rango de temperaturas de 0~+70\u2103, garantiza un rendimiento fiable incluso en entornos dif\u00edciles. No importa la fluctuaci\u00f3n de temperatura, este m\u00f3dulo se mantiene constante, garantizando una transmisi\u00f3n de datos ininterrumpida en todo momento.<\/li>\n<li>Al ser compatible con marcas l\u00edderes como Huawei, H3C, Cisco, Ruijie, Juniper, TP LINK, ZTE, UniFi y Ubiquiti, puede confiar en su perfecta integraci\u00f3n en su infraestructura existente. Ahorre tiempo y dinero con este m\u00f3dulo vers\u00e1til que funciona a la perfecci\u00f3n con su marca preferida.<\/li>\n<li>En conclusi\u00f3n, el m\u00f3dulo SMF SFP LC 2,5G es la elecci\u00f3n perfecta para cualquiera que busque capacidades de transmisi\u00f3n de datos de alta velocidad y larga distancia. Gracias a sus s\u00f3lidas caracter\u00edsticas, como la compatibilidad bidireccional, el amplio rango de temperaturas y la compatibilidad con marcas de red de renombre, este m\u00f3dulo garantiza un rendimiento y una fiabilidad excepcionales.<\/li>\n<\/ol>\n<h3>Especificaci\u00f3n<\/h3>\n<table style=\"width: 57.6983%; height: 288px;\" width=\"790\">\n<tbody>\n<tr style=\"height: 24px;\">\n<td style=\"height: 24px;\" width=\"229\">M\u00f3dulo<\/td>\n<td style=\"height: 24px;\" width=\"561\">LL-SFP-SM-LC-2500<\/td>\n<\/tr>\n<tr style=\"height: 24px;\">\n<td style=\"height: 24px;\">Velocidad de transmisi\u00f3n<\/td>\n<td style=\"height: 24px;\">2.5G<\/td>\n<\/tr>\n<tr style=\"height: 24px;\">\n<td style=\"height: 24px;\">Longitud de onda<\/td>\n<td style=\"height: 24px;\">1310nm\/1550nm<\/td>\n<\/tr>\n<tr style=\"height: 48px;\">\n<td style=\"height: 48px;\">Distancia m\u00e1xima de transmisi\u00f3n<\/td>\n<td style=\"height: 48px;\">1km\/5km\/10km\/20km<\/td>\n<\/tr>\n<tr style=\"height: 24px;\">\n<td style=\"height: 24px;\">Forma de envasado<\/td>\n<td style=\"height: 24px;\">SFP<\/td>\n<\/tr>\n<tr style=\"height: 48px;\">\n<td style=\"height: 48px;\">Soporte para conectores de fibra \u00f3ptica<\/td>\n<td style=\"height: 48px;\">\u00a0LC<\/td>\n<\/tr>\n<tr style=\"height: 24px;\">\n<td style=\"height: 24px;\">Apoyar al BIDI<\/td>\n<td style=\"height: 24px;\">S\u00ed<\/td>\n<\/tr>\n<tr style=\"height: 24px;\">\n<td style=\"height: 24px;\">Soporta temperatura de trabajo<\/td>\n<td style=\"height: 24px;\">0~+70 \u2103<\/td>\n<\/tr>\n<tr style=\"height: 48px;\">\n<td style=\"height: 48px;\">Marcas compatibles<\/td>\n<td style=\"height: 48px;\">marcas completas, como Huawei, H3C, Cisco, Ruijie, Juniper, TP LINK, ZTE, UniFi, Ubiquiti<\/td>\n<\/tr>\n<\/tbody>\n<\/table>","protected":false},"excerpt":{"rendered":"<p>\u2018- Transmisi\u00f3n de alta velocidad: Este m\u00f3dulo SFP 2,5G LC admite una velocidad de transmisi\u00f3n de 2,5G, lo que garantiza una transferencia de datos r\u00e1pida y fiable para sus necesidades de red.<br \/>\n- Alcance de larga distancia: Con una distancia m\u00e1xima de transmisi\u00f3n de 1 km, este m\u00f3dulo permite una conectividad perfecta en zonas m\u00e1s amplias.<br \/>\n- Amplia Compatibilidad: Funciona con conectores de fibra \u00f3ptica populares como LC, por lo que es compatible con varias marcas como Huawei, Cisco, Juniper y m\u00e1s.<br \/>\n- Resistencia a la temperatura: Dise\u00f1ado para soportar una amplia gama de temperaturas, este m\u00f3dulo funciona sin problemas entre 0 \u00b0C y +70 \u00b0C.<br \/>\n- Soporte BIDI: Disfruta de comunicaci\u00f3n bidireccional con este m\u00f3dulo, que permite una transmisi\u00f3n de datos eficiente en ambas direcciones.<\/p>","protected":false},"featured_media":12692,"comment_status":"open","ping_status":"closed","template":"","meta":[],"product_brand":[],"product_cat":[321],"product_tag":[124,191,245,263,278],"class_list":{"0":"post-12667","1":"product","2":"type-product","3":"status-publish","4":"has-post-thumbnail","6":"product_cat-sfp-sfp-1g-2-5g-5g-10g","7":"product_tag-2-5g","8":"product_tag-bidi","9":"product_tag-lc","10":"product_tag-mm","11":"product_tag-optical-module","13":"first","14":"instock","15":"featured","16":"shipping-taxable","17":"purchasable","18":"product-type-variable","19":"has-default-attributes"},"_links":{"self":[{"href":"https:\/\/www.luleey.com\/es\/wp-json\/wp\/v2\/product\/12667","targetHints":{"allow":["GET"]}}],"collection":[{"href":"https:\/\/www.luleey.com\/es\/wp-json\/wp\/v2\/product"}],"about":[{"href":"https:\/\/www.luleey.com\/es\/wp-json\/wp\/v2\/types\/product"}],"replies":[{"embeddable":true,"href":"https:\/\/www.luleey.com\/es\/wp-json\/wp\/v2\/comments?post=12667"}],"wp:featuredmedia":[{"embeddable":true,"href":"https:\/\/www.luleey.com\/es\/wp-json\/wp\/v2\/media\/12692"}],"wp:attachment":[{"href":"https:\/\/www.luleey.com\/es\/wp-json\/wp\/v2\/media?parent=12667"}],"wp:term":[{"taxonomy":"product_brand","embeddable":true,"href":"https:\/\/www.luleey.com\/es\/wp-json\/wp\/v2\/product_brand?post=12667"},{"taxonomy":"product_cat","embeddable":true,"href":"https:\/\/www.luleey.com\/es\/wp-json\/wp\/v2\/product_cat?post=12667"},{"taxonomy":"product_tag","embeddable":true,"href":"https:\/\/www.luleey.com\/es\/wp-json\/wp\/v2\/product_tag?post=12667"}],"curies":[{"name":"wp","href":"https:\/\/api.w.org\/{rel}","templated":true}]}}