{"id":12671,"date":"2024-07-19T00:54:47","date_gmt":"2024-07-18T16:54:47","guid":{"rendered":"https:\/\/www.luleey.com\/?post_type=product&#038;p=12671"},"modified":"2025-06-28T10:50:41","modified_gmt":"2025-06-28T02:50:41","slug":"100g-qsfp28-mmf-mpo-module-100m-qsfp28-100g-sr4","status":"publish","type":"product","link":"https:\/\/www.luleey.com\/es\/producto\/100g-qsfp28-mmf-mpo-module-100m-qsfp28-100g-sr4\/","title":{"rendered":"M\u00f3dulo 100G QSFP28 MMF MPO 100m QSFP28-100G-SR4"},"content":{"rendered":"<h3>Caracter\u00edsticas<\/h3>\n<ol>\n<li>El m\u00f3dulo 100G MMF QSFP28 est\u00e1 dise\u00f1ado para proporcionar conectividad de alta velocidad y fiable para sus necesidades de red. Con una velocidad de 4 * 25G, garantiza una transmisi\u00f3n de datos eficiente, por lo que es perfecto para aplicaciones exigentes.<\/li>\n<li>Con una longitud de onda de 850 nm, este m\u00f3dulo ofrece un excelente rendimiento y compatibilidad con varios tipos de fibra. Es compatible con fibras MPO multimodo, lo que permite una integraci\u00f3n perfecta en la infraestructura de red existente. Tanto si necesita conectar servidores, conmutadores o routers, este m\u00f3dulo es compatible con marcas populares como Huawei, H3C, Cisco, Ruijie, Juniper, TP LINK, ZTE, UniFi y Ubiquiti.<\/li>\n<li>La distancia m\u00e1xima de transmisi\u00f3n de 100 m hace que este m\u00f3dulo sea adecuado para conexiones de corto y medio alcance. Tanto si tiene una peque\u00f1a oficina, un centro de datos o una red de nivel empresarial, puede confiar en este m\u00f3dulo para garantizar una comunicaci\u00f3n estable y r\u00e1pida.<\/li>\n<li>La forma de embalaje QSFP28 garantiza una f\u00e1cil instalaci\u00f3n y compatibilidad con los puertos QSFP28. Simplemente conecte este m\u00f3dulo al puerto de su dispositivo y estar\u00e1 listo para funcionar. Es una soluci\u00f3n sin complicaciones que le ahorra tiempo y esfuerzo durante la instalaci\u00f3n.<\/li>\n<li>Este m\u00f3dulo est\u00e1 dise\u00f1ado para soportar una amplia gama de temperaturas de funcionamiento, de 0 a +70 \u2103. Puede soportar diversas condiciones ambientales, lo que garantiza un rendimiento estable incluso en situaciones exigentes. No importa el clima ni la ubicaci\u00f3n, este m\u00f3dulo ofrecer\u00e1 una conectividad constante y fiable.<\/li>\n<li>El m\u00f3dulo 100G MMF QSFP28 ofrece un rendimiento de alta calidad y est\u00e1 fabricado para durar. Cumple las normas del sector, lo que le garantiza un producto fiable y duradero. Es una soluci\u00f3n rentable que proporciona un valor excepcional a su inversi\u00f3n.<\/li>\n<\/ol>\n<h3>Especificaci\u00f3n<\/h3>\n<table width=\"790\">\n<tbody>\n<tr>\n<td width=\"229\">M\u00f3dulo<\/td>\n<td width=\"561\">\u00a0QSFP28-100G-SR4<\/td>\n<\/tr>\n<tr>\n<td>Velocidad<\/td>\n<td>\u00a04 * 25G<\/td>\n<\/tr>\n<tr>\n<td>Longitud de onda<\/td>\n<td>\u00a0850nm<\/td>\n<\/tr>\n<tr>\n<td>Distancia m\u00e1xima de transmisi\u00f3n<\/td>\n<td>\u00a0100m<\/td>\n<\/tr>\n<tr>\n<td>Forma de envasado<\/td>\n<td>\u00a0QSFP28<\/td>\n<\/tr>\n<tr>\n<td>Tipo de fibra compatible<\/td>\n<td>\u00a0MPO multimodo<\/td>\n<\/tr>\n<tr>\n<td>Soporta temperatura de trabajo<\/td>\n<td>\u00a00~+70 \u2103<\/td>\n<\/tr>\n<tr>\n<td>Marcas compatibles<\/td>\n<td>\u00a0como Huawei, H3C, Cisco, Ruijie, Juniper, TP LINK, ZTE, UniFi, Ubiquiti, Mikrotik<\/td>\n<\/tr>\n<\/tbody>\n<\/table>","protected":false},"excerpt":{"rendered":"<p>\u2018- Transmisi\u00f3n de alta velocidad: Con una velocidad de 4 * 25G, este MMF <span class=\"tagify__tag-text\" contenteditable=\"true\">100G QSFP28<\/span> garantiza una transmisi\u00f3n de datos r\u00e1pida y eficaz.<br \/>\n- Cobertura a larga distancia: Con una distancia m\u00e1xima de transmisi\u00f3n de 100 m, este m\u00f3dulo ofrece una conectividad fiable incluso a larga distancia.<br \/>\n- F\u00e1cil instalaci\u00f3n: La forma de embalaje QSFP28 hace que sea f\u00e1cil de instalar y conectar a su configuraci\u00f3n de red.<br \/>\n- Compatibilidad flexible: Este m\u00f3dulo es compatible con varias marcas como Huawei, H3C, Cisco, Ruijie, Juniper, TP LINK, ZTE, UniFi, <em>Mikrotik<\/em>, y Ubiquiti, garantizando una integraci\u00f3n perfecta con su infraestructura de red existente.<br \/>\n- Rendimiento fiable: Dise\u00f1ado para admitir el tipo de fibra MPO multimodo y una temperatura de trabajo de 0~+70 \u2103, este m\u00f3dulo garantiza un rendimiento estable y constante en diversos entornos.<\/p>","protected":false},"featured_media":12693,"comment_status":"open","ping_status":"closed","template":"","meta":[],"product_brand":[],"product_cat":[297],"product_tag":[91,92,263,264,278,296],"class_list":{"0":"post-12671","1":"product","2":"type-product","3":"status-publish","4":"has-post-thumbnail","6":"product_cat-qsfp28-qsfp-sfp28-100g-40g-25g","7":"product_tag-100g","8":"product_tag-100m","9":"product_tag-mm","10":"product_tag-mpo","11":"product_tag-optical-module","12":"product_tag-qsfp28","14":"first","15":"instock","16":"featured","17":"shipping-taxable","18":"purchasable","19":"product-type-variable","20":"has-default-attributes"},"_links":{"self":[{"href":"https:\/\/www.luleey.com\/es\/wp-json\/wp\/v2\/product\/12671","targetHints":{"allow":["GET"]}}],"collection":[{"href":"https:\/\/www.luleey.com\/es\/wp-json\/wp\/v2\/product"}],"about":[{"href":"https:\/\/www.luleey.com\/es\/wp-json\/wp\/v2\/types\/product"}],"replies":[{"embeddable":true,"href":"https:\/\/www.luleey.com\/es\/wp-json\/wp\/v2\/comments?post=12671"}],"wp:featuredmedia":[{"embeddable":true,"href":"https:\/\/www.luleey.com\/es\/wp-json\/wp\/v2\/media\/12693"}],"wp:attachment":[{"href":"https:\/\/www.luleey.com\/es\/wp-json\/wp\/v2\/media?parent=12671"}],"wp:term":[{"taxonomy":"product_brand","embeddable":true,"href":"https:\/\/www.luleey.com\/es\/wp-json\/wp\/v2\/product_brand?post=12671"},{"taxonomy":"product_cat","embeddable":true,"href":"https:\/\/www.luleey.com\/es\/wp-json\/wp\/v2\/product_cat?post=12671"},{"taxonomy":"product_tag","embeddable":true,"href":"https:\/\/www.luleey.com\/es\/wp-json\/wp\/v2\/product_tag?post=12671"}],"curies":[{"name":"wp","href":"https:\/\/api.w.org\/{rel}","templated":true}]}}