{"id":12673,"date":"2024-07-19T00:54:47","date_gmt":"2024-07-18T16:54:47","guid":{"rendered":"https:\/\/www.luleey.com\/?post_type=product&#038;p=12673"},"modified":"2025-06-22T15:21:17","modified_gmt":"2025-06-22T07:21:17","slug":"25g-sfp28-mmf-dual-lc-optical-module-300m-sfp28-25g-sr","status":"publish","type":"product","link":"https:\/\/www.luleey.com\/es\/producto\/25g-sfp28-mmf-dual-lc-optical-module-300m-sfp28-25g-sr\/","title":{"rendered":"M\u00f3dulo \u00f3ptico 25G SFP28 MMF Dual LC 300m SFP28-25G-SR"},"content":{"rendered":"<h3>Caracter\u00edsticas<\/h3>\n<ol>\n<li>Presentamos el m\u00f3dulo 25G MMF SFP28, la soluci\u00f3n perfecta para la transmisi\u00f3n de datos a alta velocidad. Con una velocidad de 25G, este m\u00f3dulo garantiza una transferencia de datos ultrarr\u00e1pida, por lo que resulta ideal para diversas aplicaciones de red. Tanto si est\u00e1 creando un centro de datos como mejorando su infraestructura de red, este m\u00f3dulo SFP28 garantiza un rendimiento fiable y eficiente.<\/li>\n<li>Dise\u00f1ado con tecnolog\u00eda de vanguardia, este m\u00f3dulo funciona a una longitud de onda de 850 nm, lo que permite una conectividad perfecta en distancias cortas. La distancia m\u00e1xima de transmisi\u00f3n de 300 m garantiza una r\u00e1pida transferencia de datos sin p\u00e9rdida ni degradaci\u00f3n de la se\u00f1al. Este nivel de rendimiento es crucial para tareas exigentes que requieren una transmisi\u00f3n de datos r\u00e1pida y fiable, como el streaming de v\u00eddeo, la computaci\u00f3n en la nube y la virtualizaci\u00f3n.<\/li>\n<li>El formato de embalaje SFP28 facilita la instalaci\u00f3n y el despliegue, proporcionando una soluci\u00f3n sin complicaciones para sus necesidades de red. Este factor de forma est\u00e1 ampliamente reconocido y es compatible con marcas l\u00edderes del sector, como Huawei, H3C, Cisco, Ruijie, Juniper, TP LINK, ZTE, UniFi, Ubiquiti y Mikrotik. Gracias a esta compatibilidad, este m\u00f3dulo se integra perfectamente en la infraestructura de red existente, garantizando una comunicaci\u00f3n fluida y fiable entre los distintos dispositivos.<\/li>\n<li>Este m\u00f3dulo 25G MMF SFP28 admite conectores de fibra LC duales, un tipo muy utilizado que garantiza una transmisi\u00f3n eficaz y una baja p\u00e9rdida de se\u00f1al. Dise\u00f1ado para cumplir las normas m\u00e1s exigentes del sector, este m\u00f3dulo garantiza un rendimiento y una fiabilidad excelentes, lo que le permite lograr una eficiencia de red \u00f3ptima.<\/li>\n<li>Con un amplio rango de temperaturas de funcionamiento de -45 \u2103 a +85 \u2103, este m\u00f3dulo puede soportar condiciones extremas, lo que lo hace adecuado para diversos entornos. Tanto si necesita desplegarlo en un centro de datos, una sala de telecomunicaciones o una instalaci\u00f3n en exteriores, este m\u00f3dulo mantendr\u00e1 su red funcionando sin problemas y de forma constante.<\/li>\n<\/ol>\n<h3>Especificaci\u00f3n<\/h3>\n<table width=\"790\">\n<tbody>\n<tr>\n<td width=\"229\">M\u00f3dulo<\/td>\n<td width=\"561\">SFP28-25G-SR<\/td>\n<\/tr>\n<tr>\n<td>Tarifa<\/td>\n<td>25G<\/td>\n<\/tr>\n<tr>\n<td>Longitud de onda<\/td>\n<td>850nm<\/td>\n<\/tr>\n<tr>\n<td>Distancia m\u00e1xima de transmisi\u00f3n<\/td>\n<td>300m<\/td>\n<\/tr>\n<tr>\n<td>Forma de envasado<\/td>\n<td>SFP28<\/td>\n<\/tr>\n<tr>\n<td>Tipo de fibra compatible<\/td>\n<td>LC dual<\/td>\n<\/tr>\n<tr>\n<td>Soporta temperatura de trabajo<\/td>\n<td>-45 \u2103~+85 \u2103<\/td>\n<\/tr>\n<tr>\n<td>Marcas compatibles<\/td>\n<td>como Huawei, H3C, Cisco, Ruijie, Juniper, TP LINK, ZTE, UniFi, Ubiquiti, Mikrotik<\/td>\n<\/tr>\n<\/tbody>\n<\/table>\n<p>&nbsp;<\/p>","protected":false},"excerpt":{"rendered":"<p>1. Rendimiento de alta velocidad: Este m\u00f3dulo 25G MMF SFP28 ofrece una velocidad de 25G, garantizando una transmisi\u00f3n de datos r\u00e1pida y eficiente para su red.<br \/>\n2. Alcance de larga distancia: Con una distancia m\u00e1xima de transmisi\u00f3n de 300 m, este m\u00f3dulo proporciona una conectividad fiable en toda la configuraci\u00f3n de la red.<br \/>\n3. F\u00e1cil instalaci\u00f3n: La forma de embalaje de este m\u00f3dulo es SFP28, lo que permite una instalaci\u00f3n sencilla y sin complicaciones en dispositivos compatibles.<br \/>\n4. Amplia compatibilidad: Este m\u00f3dulo admite varios tipos de fibra y es compatible con marcas populares como Huawei, Cisco y Juniper, entre otras.<br \/>\n5. Rendimiento fiable: Dise\u00f1ado para funcionar a temperaturas extremas que oscilan entre -45\u2103 y +85\u2103, este m\u00f3dulo garantiza un funcionamiento estable e ininterrumpido de la red independientemente de las condiciones ambientales.<\/p>","protected":false},"featured_media":12716,"comment_status":"open","ping_status":"closed","template":"","meta":[],"product_brand":[],"product_cat":[297],"product_tag":[137,140,245,263,278,324],"class_list":{"0":"post-12673","1":"product","2":"type-product","3":"status-publish","4":"has-post-thumbnail","6":"product_cat-qsfp28-qsfp-sfp28-100g-40g-25g","7":"product_tag-25g","8":"product_tag-300m","9":"product_tag-lc","10":"product_tag-mm","11":"product_tag-optical-module","12":"product_tag-sfp28","14":"first","15":"instock","16":"shipping-taxable","17":"purchasable","18":"product-type-variable","19":"has-default-attributes"},"_links":{"self":[{"href":"https:\/\/www.luleey.com\/es\/wp-json\/wp\/v2\/product\/12673","targetHints":{"allow":["GET"]}}],"collection":[{"href":"https:\/\/www.luleey.com\/es\/wp-json\/wp\/v2\/product"}],"about":[{"href":"https:\/\/www.luleey.com\/es\/wp-json\/wp\/v2\/types\/product"}],"replies":[{"embeddable":true,"href":"https:\/\/www.luleey.com\/es\/wp-json\/wp\/v2\/comments?post=12673"}],"wp:featuredmedia":[{"embeddable":true,"href":"https:\/\/www.luleey.com\/es\/wp-json\/wp\/v2\/media\/12716"}],"wp:attachment":[{"href":"https:\/\/www.luleey.com\/es\/wp-json\/wp\/v2\/media?parent=12673"}],"wp:term":[{"taxonomy":"product_brand","embeddable":true,"href":"https:\/\/www.luleey.com\/es\/wp-json\/wp\/v2\/product_brand?post=12673"},{"taxonomy":"product_cat","embeddable":true,"href":"https:\/\/www.luleey.com\/es\/wp-json\/wp\/v2\/product_cat?post=12673"},{"taxonomy":"product_tag","embeddable":true,"href":"https:\/\/www.luleey.com\/es\/wp-json\/wp\/v2\/product_tag?post=12673"}],"curies":[{"name":"wp","href":"https:\/\/api.w.org\/{rel}","templated":true}]}}