{"id":12807,"date":"2024-07-19T00:56:48","date_gmt":"2024-07-18T16:56:48","guid":{"rendered":"https:\/\/www.luleey.com\/?post_type=product&#038;p=12807"},"modified":"2025-08-02T22:26:13","modified_gmt":"2025-08-02T14:26:13","slug":"4-epon-olt-10g-4-sfpuplink-port","status":"publish","type":"product","link":"https:\/\/www.luleey.com\/es\/producto\/4-epon-olt-10g-4-sfpuplink-port\/","title":{"rendered":"4 EPON OLT 10G * 4 puertos SFP+uplink, LL-EPOLT-XE-E04"},"content":{"rendered":"<div class=\"title--wrap--Ms9Zv4A\">\n<h3>Caracter\u00edsticas<\/h3>\n<ol>\n<li>Cumple el protocolo IE802.3ah EPON<\/li>\n<li>Apoyo al DBA Asignaci\u00f3n de ancho de banda<\/li>\n<li>Admite OAM est\u00e1ndar y OAM ampliado<\/li>\n<li>Admite la gesti\u00f3n de autenticaci\u00f3n de ONU<\/li>\n<li>Admite la configuraci\u00f3n y gesti\u00f3n de ONU<\/li>\n<li>Soporta filtrado de datos ACL<\/li>\n<li>Soporta SNMP, TELNET, puerto serie local y gesti\u00f3n WEB<\/li>\n<li>Admite detecci\u00f3n de potencia \u00f3ptica<\/li>\n<li>Soporta VLAN TRUNX RSTP IGMP QOS<\/li>\n<li>Gesti\u00f3n de usuarios de registros de alarmas<\/li>\n<\/ol>\n<p><a href=\"https:\/\/www.luleey.com\/es\/ll-epolt304-epon-olt-web-user-manual\/\">LL-EPOLT304 EPON OLT WEB MANUAL DE USUARIO<\/a><\/p>\n<h3>Especificaci\u00f3n<\/h3>\n<\/div>\n<table width=\"790\">\n<tbody>\n<tr>\n<td>Marca<\/td>\n<td>LuLeey<\/td>\n<\/tr>\n<tr>\n<td width=\"229\">Modelo<\/td>\n<td width=\"561\">LL-EPOLT-XE-E04<\/td>\n<\/tr>\n<tr>\n<td>Estante<\/td>\n<td>\u00a0Caja de 19 pulgadas<\/td>\n<\/tr>\n<tr>\n<td>Puerto Ethernet superior<\/td>\n<td>\u00a04 x 10\/100\/1000M adaptable<\/td>\n<\/tr>\n<tr>\n<td>Puerto SFP+ ascendente<\/td>\n<td>\u00a04 x 10G SFP<\/td>\n<\/tr>\n<tr>\n<td>Puerto PON<\/td>\n<td>\u00a04 puertos EPON de 1,25 Gbps<\/td>\n<\/tr>\n<tr>\n<td>M\u00e1xima relaci\u00f3n espectral de un \u00fanico puerto PON<\/td>\n<td>1:64<\/td>\n<\/tr>\n<tr>\n<td>Clientes m\u00e1ximos<\/td>\n<td>256<\/td>\n<\/tr>\n<tr>\n<td>Puerto de gesti\u00f3n<\/td>\n<td>\u00a01\u00d710\/100\/1000M puerto Ethernet adaptable, 1xCONCOLE puerto local<\/td>\n<\/tr>\n<tr>\n<td>Distancia de transmisi\u00f3n del puerto PON<\/td>\n<td>\u00a020 km<\/td>\n<\/tr>\n<tr>\n<td>Longitud de onda de trabajo del puerto PON<\/td>\n<td>\u00a0enviando 1490nm. Acepta 1310nm<\/td>\n<\/tr>\n<tr>\n<td>Tipo de interfaz PON<\/td>\n<td>\u00a0Fibra monomodo SC 9\/125um<\/td>\n<\/tr>\n<tr>\n<td>Sensibilidad de recepci\u00f3n PON<\/td>\n<td>\u00a0-30dbm<\/td>\n<\/tr>\n<tr>\n<td>Talla<\/td>\n<td>\u00a0442 * 20 * 44mm<\/td>\n<\/tr>\n<tr>\n<td>Alimentaci\u00f3n<\/td>\n<td>\u00a0CA 100-240 V, 50\/60 Hz<\/td>\n<\/tr>\n<tr>\n<td>Potencia m\u00e1xima<\/td>\n<td>\u00a035W<\/td>\n<\/tr>\n<tr>\n<td>Temperatura de trabajo<\/td>\n<td>\u00a0-10~45 grados Celsius<\/td>\n<\/tr>\n<tr>\n<td>Temperatura de almacenamiento<\/td>\n<td>\u00a0-40~85 grados Celsius<\/td>\n<\/tr>\n<tr>\n<td>Humedad relativa<\/td>\n<td>\u00a05-90% sin condensaci\u00f3n<\/td>\n<\/tr>\n<\/tbody>\n<\/table>\n<p>&nbsp;<\/p>","protected":false},"excerpt":{"rendered":"<p data-pl=\"product-title\" data-spm-anchor-id=\"a2g0o.detail.0.i1.616dRPt4RPt4oM\">10G * 4 puertos SFP+uplink, 4EPON OLT, conmutador de fibra L3, gesti\u00f3n WEB, ONU desbloqueada, compatible con HUAWEI ZTE VSOL y otras ONTs<\/p>\n<p>1. Detecci\u00f3n de potencia \u00f3ptica<br \/>\n2,VLAN TRUNX RSTP IGMP QOS<br \/>\n3. Configuraci\u00f3n y gesti\u00f3n de la ONU<br \/>\n4. Registros de alarmas de gesti\u00f3n de usuarios<\/p>","protected":false},"featured_media":12824,"comment_status":"open","ping_status":"closed","template":"","meta":[],"product_brand":[],"product_cat":[361],"product_tag":[97,136,144,206,1090,322],"class_list":{"0":"post-12807","1":"product","2":"type-product","3":"status-publish","4":"has-post-thumbnail","6":"product_cat-epon-olt","7":"product_tag-10g","8":"product_tag-256-onu","9":"product_tag-4-epon","10":"product_tag-epon-olt","11":"product_tag-ll-epolt-xe-e04","12":"product_tag-sfp","14":"first","15":"instock","16":"sale","17":"shipping-taxable","18":"purchasable","19":"product-type-variable","20":"has-default-attributes"},"_links":{"self":[{"href":"https:\/\/www.luleey.com\/es\/wp-json\/wp\/v2\/product\/12807","targetHints":{"allow":["GET"]}}],"collection":[{"href":"https:\/\/www.luleey.com\/es\/wp-json\/wp\/v2\/product"}],"about":[{"href":"https:\/\/www.luleey.com\/es\/wp-json\/wp\/v2\/types\/product"}],"replies":[{"embeddable":true,"href":"https:\/\/www.luleey.com\/es\/wp-json\/wp\/v2\/comments?post=12807"}],"wp:featuredmedia":[{"embeddable":true,"href":"https:\/\/www.luleey.com\/es\/wp-json\/wp\/v2\/media\/12824"}],"wp:attachment":[{"href":"https:\/\/www.luleey.com\/es\/wp-json\/wp\/v2\/media?parent=12807"}],"wp:term":[{"taxonomy":"product_brand","embeddable":true,"href":"https:\/\/www.luleey.com\/es\/wp-json\/wp\/v2\/product_brand?post=12807"},{"taxonomy":"product_cat","embeddable":true,"href":"https:\/\/www.luleey.com\/es\/wp-json\/wp\/v2\/product_cat?post=12807"},{"taxonomy":"product_tag","embeddable":true,"href":"https:\/\/www.luleey.com\/es\/wp-json\/wp\/v2\/product_tag?post=12807"}],"curies":[{"name":"wp","href":"https:\/\/api.w.org\/{rel}","templated":true}]}}