{"id":12810,"date":"2024-07-19T00:56:48","date_gmt":"2024-07-18T16:56:48","guid":{"rendered":"https:\/\/www.luleey.com\/?post_type=product&#038;p=12810"},"modified":"2025-01-21T10:57:50","modified_gmt":"2025-01-21T02:57:50","slug":"8-epon-olt-10g-4-sfp-uplink-port","status":"publish","type":"product","link":"https:\/\/www.luleey.com\/es\/producto\/8-epon-olt-10g-4-sfp-uplink-port\/","title":{"rendered":"8 EPON OLT 10G * 4 puertos de enlace ascendente SFP"},"content":{"rendered":"<div class=\"title--wrap--Ms9Zv4A\">\n<h3 data-pl=\"product-title\" data-spm-anchor-id=\"a2g0o.detail.0.i1.616dRPt4RPt4oM\">8 EPON OLT 10G * 4 puertos SFP+uplink<\/h3>\n<\/div>\n<h3>Caracter\u00edsticas<\/h3>\n<ol>\n<li>Conmutador de fibra L3<\/li>\n<li>Gesti\u00f3n WEB<\/li>\n<li>ONU desbloqueada<\/li>\n<li>compatible con HUAWEI ZTE VSOL y otras ONTs<\/li>\n<\/ol>\n<h3>Especificaci\u00f3n<\/h3>\n<table width=\"790\">\n<tbody>\n<tr>\n<td width=\"229\">Modelo<\/td>\n<td width=\"561\">LL-EPOLT308<\/td>\n<\/tr>\n<tr>\n<td rowspan=\"6\">Detalles del puerto<\/td>\n<td>8*Puerto EPON<\/td>\n<\/tr>\n<tr>\n<td>4*1G\/10GE SFP<\/td>\n<\/tr>\n<tr>\n<td>4*10\/100\/1000M Base-T<\/td>\n<\/tr>\n<tr>\n<td>1 puerto de gesti\u00f3n<\/td>\n<\/tr>\n<tr>\n<td>Consola: USB-C, RJ45<\/td>\n<\/tr>\n<tr>\n<td>1 puerto USB<\/td>\n<\/tr>\n<tr>\n<td rowspan=\"8\">Caracter\u00edsticas PON<\/td>\n<td>Cumple la norma IEEE 802.3ah EPON<\/td>\n<\/tr>\n<tr>\n<td>Cumple la norma CTC3.0 de China Telecom<\/td>\n<\/tr>\n<tr>\n<td>Soporta transmisi\u00f3n de 20KM<\/td>\n<\/tr>\n<tr>\n<td>Admite una proporci\u00f3n de divisi\u00f3n de 1:64<\/td>\n<\/tr>\n<tr>\n<td>Soporta 128Bits de enlace ascendente y descendente triple agitaci\u00f3n funci\u00f3n de cifrado<\/td>\n<\/tr>\n<tr>\n<td>Admite funciones de gesti\u00f3n OAM est\u00e1ndar y OAM ampliada<\/td>\n<\/tr>\n<tr>\n<td>Soporta actualizaci\u00f3n de software ONU por lotes, actualizaci\u00f3n programada, actualizaci\u00f3n en tiempo real<\/td>\n<\/tr>\n<tr>\n<td>Admite detecci\u00f3n de potencia \u00f3ptica de puertos PON<\/td>\n<\/tr>\n<tr>\n<td rowspan=\"3\">Funciones VLAN<\/td>\n<td>Admite 4K VLAN 802.1Q<\/td>\n<\/tr>\n<tr>\n<td>Admite VLAN basada en puerto, MAC y protocolo<\/td>\n<\/tr>\n<tr>\n<td>Admite la funci\u00f3n VLAN de doble etiqueta, QinQ est\u00e1tica basada en puertos y funciones QinQ flexibles.<\/td>\n<\/tr>\n<tr>\n<td rowspan=\"4\">Caracter\u00edsticas MAC<\/td>\n<td>Soporta 16K entradas de tabla de direcciones MAC<\/td>\n<\/tr>\n<tr>\n<td>Admite la configuraci\u00f3n est\u00e1tica de la direcci\u00f3n MAC<\/td>\n<\/tr>\n<tr>\n<td>Admite la funci\u00f3n de filtrado de direcciones MAC de agujero negro<\/td>\n<\/tr>\n<tr>\n<td>Admite l\u00edmite de direcciones MAC de puerto<\/td>\n<\/tr>\n<tr>\n<td rowspan=\"3\">Protocolo de red en anillo de capa 2<\/td>\n<td>Soporta STP\/RSTP\/MSTP<\/td>\n<\/tr>\n<tr>\n<td>Admite el protocolo de protecci\u00f3n de red en anillo Ethernet ERPS<\/td>\n<\/tr>\n<tr>\n<td>Soporta Loopback-detection detecci\u00f3n de loopback de puerto<\/td>\n<\/tr>\n<tr>\n<td rowspan=\"3\">control de puertos<\/td>\n<td>Admite control bidireccional del ancho de banda<\/td>\n<\/tr>\n<tr>\n<td>Soporta supresi\u00f3n de tormentas en puertos<\/td>\n<\/tr>\n<tr>\n<td>Admite el reenv\u00edo de tramas Jumbo 9K<\/td>\n<\/tr>\n<tr>\n<td rowspan=\"3\">agregaci\u00f3n de puertos<\/td>\n<td>Admite agregaci\u00f3n est\u00e1tica de enlaces<\/td>\n<\/tr>\n<tr>\n<td>Soporta LACP din\u00e1mico<\/td>\n<\/tr>\n<tr>\n<td>Cada grupo de agregaci\u00f3n admite hasta 8 puertos<\/td>\n<\/tr>\n<tr>\n<td rowspan=\"4\">Funci\u00f3n multidifusi\u00f3n<\/td>\n<td>Soporta IGMP Snooping, soporta fast leave<\/td>\n<\/tr>\n<tr>\n<td>Soporta MLD Snooping<\/td>\n<\/tr>\n<tr>\n<td>Admite VLAN multidifusi\u00f3n<\/td>\n<\/tr>\n<tr>\n<td>Admite multidifusi\u00f3n de capa 3 IGMP\/PIM-DM\/PIM-SM<\/td>\n<\/tr>\n<tr>\n<td rowspan=\"2\">espejo<\/td>\n<td>Compatible con duplicaci\u00f3n de puertos<\/td>\n<\/tr>\n<tr>\n<td>Compatible con la duplicaci\u00f3n de secuencias<\/td>\n<\/tr>\n<tr>\n<td rowspan=\"3\">ACL<\/td>\n<td>Admite ACL est\u00e1ndar y ampliadas<\/td>\n<\/tr>\n<tr>\n<td>Admite pol\u00edtica ACL basada en intervalo de tiempo (Time Range)<\/td>\n<\/tr>\n<tr>\n<td>Proporciona clasificaci\u00f3n de flujos y definici\u00f3n de flujos basados en informaci\u00f3n de cabecera IP como direcci\u00f3n MAC de origen\/destino, VLAN, 802.1p, ToS, DSCP, direcci\u00f3n IP de origen\/destino, n\u00famero de puerto L4, tipo de protocolo, etc.<\/td>\n<\/tr>\n<tr>\n<td rowspan=\"4\">QoS<\/td>\n<td>Admite la funci\u00f3n de l\u00edmite de caudal basada en el caudal de servicio personalizado<\/td>\n<\/tr>\n<tr>\n<td>Admite la duplicaci\u00f3n y redirecci\u00f3n de paquetes en funci\u00f3n de los flujos de servicio definidos por el usuario.<\/td>\n<\/tr>\n<tr>\n<td>Admite el marcado de prioridad de flujo de servicio personalizado y admite 802.1P, prioridad DSCP Capacidad de remarcado<\/td>\n<\/tr>\n<tr>\n<td>Soporta la funci\u00f3n de programaci\u00f3n de prioridades basada en puertos, soporta algoritmos de programaci\u00f3n de colas como SP\/WRR\/SP+WRR<\/td>\n<\/tr>\n<tr>\n<td rowspan=\"11\">seguridad<\/td>\n<td>Gesti\u00f3n jer\u00e1rquica de usuarios y protecci\u00f3n por contrase\u00f1a<\/td>\n<\/tr>\n<tr>\n<td>Admite autenticaci\u00f3n IEEE 802.1X\/autenticaci\u00f3n centralizada de direcciones MAC<\/td>\n<\/tr>\n<tr>\n<td>Admite autenticaci\u00f3n Radius&amp;TACACS<\/td>\n<\/tr>\n<tr>\n<td>Soporta el n\u00famero de aprendizaje de direcciones MAC, soporta la funci\u00f3n de agujero negro MAC<\/td>\n<\/tr>\n<tr>\n<td>Soporta SSH 2.0, proporciona un canal cifrado seguro para el inicio de sesi\u00f3n del usuario.<\/td>\n<\/tr>\n<tr>\n<td>Soporta gesti\u00f3n de encriptaci\u00f3n SNMP v3<\/td>\n<\/tr>\n<tr>\n<td>Soporta aislamiento de puertos, aislamiento por hardware de paquetes entre puertos<\/td>\n<\/tr>\n<tr>\n<td>Soporta la supresi\u00f3n de la tasa de paquetes de difusi\u00f3n<\/td>\n<\/tr>\n<tr>\n<td>Soporta IP Source Guard para crear autom\u00e1ticamente la tabla de vinculaci\u00f3n IP+MAC+Puerto+VLAN, y soporta la entrada manual en la tabla de vinculaci\u00f3n.<\/td>\n<\/tr>\n<tr>\n<td>Admite la supresi\u00f3n autom\u00e1tica de los ataques de inundaci\u00f3n ARP y la protecci\u00f3n contra la suplantaci\u00f3n de identidad ARP.<\/td>\n<\/tr>\n<tr>\n<td>Capa de control de soporte para prevenir varios ataques DOS y ataques de virus contra la CPU<\/td>\n<\/tr>\n<tr>\n<td rowspan=\"5\">funci\u00f3n de tres niveles<\/td>\n<td>Apoyar el aprendizaje y el envejecimiento de los RAT<\/td>\n<\/tr>\n<tr>\n<td>Admite la creaci\u00f3n de interfaces VLAN de nivel 3 y la configuraci\u00f3n de direcciones IPv4\/IPv6 est\u00e1ticas.<\/td>\n<\/tr>\n<tr>\n<td>Admite la configuraci\u00f3n de enrutamiento est\u00e1tico<\/td>\n<\/tr>\n<tr>\n<td>Soporta la funci\u00f3n de protocolo RIP\/OSPF<\/td>\n<\/tr>\n<tr>\n<td>Soporta la funci\u00f3n de protocolo VRRP<\/td>\n<\/tr>\n<tr>\n<td rowspan=\"11\">Gesti\u00f3n del sistema<\/td>\n<td>Admite configuraci\u00f3n de l\u00ednea de comandos Consola\/Telnet\/SSH2.0<\/td>\n<\/tr>\n<tr>\n<td>Gesti\u00f3n de la configuraci\u00f3n del navegador WEB<\/td>\n<\/tr>\n<tr>\n<td>Gesti\u00f3n de carga y descarga de archivos mediante FTP y TFTP<\/td>\n<\/tr>\n<tr>\n<td>Soporta SNMP V1\/V2\/V3<\/td>\n<\/tr>\n<tr>\n<td>Compatible con RMON<\/td>\n<\/tr>\n<tr>\n<td>Soporta reloj SNTP<\/td>\n<\/tr>\n<tr>\n<td>Registro de trabajo del sistema de apoyo<\/td>\n<\/tr>\n<tr>\n<td>Soporta el protocolo LLDP Neighbor Device Discovery<\/td>\n<\/tr>\n<tr>\n<td>Soporta 802.3ah Ethernet OAM<\/td>\n<\/tr>\n<tr>\n<td>Soporta la funci\u00f3n Syslog RFC 3164<\/td>\n<\/tr>\n<tr>\n<td>Soporte Ping y Traceroute<\/td>\n<\/tr>\n<tr>\n<td rowspan=\"2\">humedad ambiental<\/td>\n<td>Humedad ambiente de funcionamiento: 10% a 95% (sin condensaci\u00f3n)<\/td>\n<\/tr>\n<tr>\n<td>Humedad ambiente de almacenamiento: 10 % ~ 95% (sin condensaci\u00f3n)<\/td>\n<\/tr>\n<tr>\n<td rowspan=\"3\">suministro el\u00e9ctrico<\/td>\n<td>CA: 240 V 47\/63 Hz;<\/td>\n<\/tr>\n<tr>\n<td>CC: entrada 36V ~ 75V;<\/td>\n<\/tr>\n<tr>\n<td>Consumo de energ\u00eda 38W ~49W<\/td>\n<\/tr>\n<tr>\n<td>Dimensiones (An*Al*F)<\/td>\n<td>440mm *44mm* 260mm<\/td>\n<\/tr>\n<\/tbody>\n<\/table>","protected":false},"excerpt":{"rendered":"<p>8EPON OLT 4SFP+ es un equipo OLT EPON tipo caja de capacidad media altamente integrado para operadores, ISP, empresas y aplicaciones de campus. El producto sigue la norma t\u00e9cnica IEEE802.3ah y cumple los requisitos para OLT EPON en \u300aYD\/T 1475-2006 Requisitos t\u00e9cnicos de redes de acceso - Red \u00f3ptica pasiva basada en Ethernet (EPON)\u300b, buena apertura, fuerte compatibilidad, alta fiabilidad y funciones de software completas. Este dispositivo puede utilizarse ampliamente en el acceso FTTH de operadores, acceso a redes privadas, acceso a parques gubernamentales y empresariales, acceso a redes de campus y otras construcciones de redes de acceso.<\/p>","protected":false},"featured_media":12852,"comment_status":"open","ping_status":"closed","template":"","meta":[],"product_brand":[],"product_cat":[361],"product_tag":[97,160,171,206,322],"class_list":{"0":"post-12810","1":"product","2":"type-product","3":"status-publish","4":"has-post-thumbnail","6":"product_cat-epon-olt","7":"product_tag-10g","8":"product_tag-512-onu","9":"product_tag-8-epon","10":"product_tag-epon-olt","11":"product_tag-sfp","13":"first","14":"instock","15":"sale","16":"shipping-taxable","17":"purchasable","18":"product-type-variable","19":"has-default-attributes"},"_links":{"self":[{"href":"https:\/\/www.luleey.com\/es\/wp-json\/wp\/v2\/product\/12810","targetHints":{"allow":["GET"]}}],"collection":[{"href":"https:\/\/www.luleey.com\/es\/wp-json\/wp\/v2\/product"}],"about":[{"href":"https:\/\/www.luleey.com\/es\/wp-json\/wp\/v2\/types\/product"}],"replies":[{"embeddable":true,"href":"https:\/\/www.luleey.com\/es\/wp-json\/wp\/v2\/comments?post=12810"}],"wp:featuredmedia":[{"embeddable":true,"href":"https:\/\/www.luleey.com\/es\/wp-json\/wp\/v2\/media\/12852"}],"wp:attachment":[{"href":"https:\/\/www.luleey.com\/es\/wp-json\/wp\/v2\/media?parent=12810"}],"wp:term":[{"taxonomy":"product_brand","embeddable":true,"href":"https:\/\/www.luleey.com\/es\/wp-json\/wp\/v2\/product_brand?post=12810"},{"taxonomy":"product_cat","embeddable":true,"href":"https:\/\/www.luleey.com\/es\/wp-json\/wp\/v2\/product_cat?post=12810"},{"taxonomy":"product_tag","embeddable":true,"href":"https:\/\/www.luleey.com\/es\/wp-json\/wp\/v2\/product_tag?post=12810"}],"curies":[{"name":"wp","href":"https:\/\/api.w.org\/{rel}","templated":true}]}}