{"id":12836,"date":"2024-07-19T00:57:22","date_gmt":"2024-07-18T16:57:22","guid":{"rendered":"https:\/\/www.luleey.com\/?post_type=product&#038;p=12836"},"modified":"2025-01-14T11:32:23","modified_gmt":"2025-01-14T03:32:23","slug":"gigabit-etherbet-fiber-switch-2xsc-4xrj45-3km-20km-media-converter","status":"publish","type":"product","link":"https:\/\/www.luleey.com\/es\/producto\/gigabit-etherbet-fiber-switch-2xsc-4xrj45-3km-20km-media-converter\/","title":{"rendered":"Gigabit Etherbet Fiber Switch 2xSC 4xRJ45 3km 20km convertidor de medios"},"content":{"rendered":"<h3>Conmutador de fibra Etherbet Gigabit 2xSC 4xRJ45<\/h3>\n<p>Modelo: LL-4GE2SC-3KM \/ LL-4GE2SC-20KM<\/p>\n<p><strong><span class=\"\">Par\u00e1metros \u00f3pticos:<\/span><\/strong><\/p>\n<ul>\n<li><span class=\"\">Puerto \u00f3ptico: 100M FX\/1000M X adaptable<\/span><\/li>\n<li>modo \u00fanico<\/li>\n<li>SC UPC<\/li>\n<li>Longitud de onda de trabajo: 1310\/1550 (nm)<\/li>\n<li>Distancia de transmisi\u00f3n: 3km\/20km<\/li>\n<li data-spm-anchor-id=\"a2g0o.detail.1000023.i0.26cadjDTdjDTf8\">potencia de salida: -8~-3dbm<\/li>\n<\/ul>\n<p><strong><span class=\"\">Par\u00e1metros Ethernet<\/span><\/strong><\/p>\n<ul>\n<li><span class=\"\">Puerto Ethernet: 10\/100\/1000Mbps adaptable<\/span><\/li>\n<li>Indicador luminoso del puerto Ethernet: Naranja indica que funciona a 1000M, s\u00f3lo verde indica que funciona a 100M.<\/li>\n<\/ul>\n<p><strong><span class=\"MachTrans__hl__6hdYK\">Otros par\u00e1metros<\/span><\/strong><\/p>\n<ul>\n<li>Alimentaci\u00f3n de entrada: 5-12v<\/li>\n<li data-spm-anchor-id=\"a2g0o.detail.1000023.i3.26cadjDTdjDTf8\">Tama\u00f1o: 158*89*27mm<\/li>\n<\/ul>\n<p><strong>Escenarios de aplicaci\u00f3n<\/strong><\/p>\n<p>supervisi\u00f3n de seguridad, oficinas, cableado de salas de ordenadores, radiodifusi\u00f3n y televisi\u00f3n, energ\u00eda integral, ciudades inteligentes, transporte inteligente, f\u00e1bricas inteligentes, tr\u00e1nsito ferroviario, minas inteligentes y otros entornos industriales.<\/p>","protected":false},"excerpt":{"rendered":"<div class=\"title--wrap--Ms9Zv4A\">\n<p data-pl=\"product-title\" data-spm-anchor-id=\"a2g0o.detail.0.i5.26cadjDTdjDTf8\">10\/100\/1000M 4 Port Ethernet 2SC Gigabit Etherbet Fiber Switch 20km 1550-1310nm Transceiver Single Mode Media Converter<\/p>\n<\/div>","protected":false},"featured_media":12858,"comment_status":"open","ping_status":"closed","template":"","meta":[],"product_brand":[],"product_cat":[356],"product_tag":[166,208,301,305],"class_list":{"0":"post-12836","1":"product","2":"type-product","3":"status-publish","4":"has-post-thumbnail","6":"product_cat-unmanaged-switches","7":"product_tag-6-port","8":"product_tag-ethernet-switch","9":"product_tag-rj45","10":"product_tag-sc","12":"first","13":"instock","14":"shipping-taxable","15":"purchasable","16":"product-type-variable"},"_links":{"self":[{"href":"https:\/\/www.luleey.com\/es\/wp-json\/wp\/v2\/product\/12836","targetHints":{"allow":["GET"]}}],"collection":[{"href":"https:\/\/www.luleey.com\/es\/wp-json\/wp\/v2\/product"}],"about":[{"href":"https:\/\/www.luleey.com\/es\/wp-json\/wp\/v2\/types\/product"}],"replies":[{"embeddable":true,"href":"https:\/\/www.luleey.com\/es\/wp-json\/wp\/v2\/comments?post=12836"}],"wp:featuredmedia":[{"embeddable":true,"href":"https:\/\/www.luleey.com\/es\/wp-json\/wp\/v2\/media\/12858"}],"wp:attachment":[{"href":"https:\/\/www.luleey.com\/es\/wp-json\/wp\/v2\/media?parent=12836"}],"wp:term":[{"taxonomy":"product_brand","embeddable":true,"href":"https:\/\/www.luleey.com\/es\/wp-json\/wp\/v2\/product_brand?post=12836"},{"taxonomy":"product_cat","embeddable":true,"href":"https:\/\/www.luleey.com\/es\/wp-json\/wp\/v2\/product_cat?post=12836"},{"taxonomy":"product_tag","embeddable":true,"href":"https:\/\/www.luleey.com\/es\/wp-json\/wp\/v2\/product_tag?post=12836"}],"curies":[{"name":"wp","href":"https:\/\/api.w.org\/{rel}","templated":true}]}}