{"id":12839,"date":"2024-07-19T00:57:23","date_gmt":"2024-07-18T16:57:23","guid":{"rendered":"https:\/\/www.luleey.com\/?post_type=product&#038;p=12839"},"modified":"2024-12-25T14:26:33","modified_gmt":"2024-12-25T06:26:33","slug":"gigabit-etherbet-fiber-switch-2xsc-8xrj45-3km-20km-media-converter","status":"publish","type":"product","link":"https:\/\/www.luleey.com\/es\/producto\/gigabit-etherbet-fiber-switch-2xsc-8xrj45-3km-20km-media-converter\/","title":{"rendered":"Gigabit Etherbet Fiber Switch 2xSC 8xRJ45 3km 20km convertidor de medios"},"content":{"rendered":"<p>Modelo: LL-8GE2SC-20KM<\/p>\n<p><strong><span class=\"\">Par\u00e1metros \u00f3pticos:<\/span><\/strong><\/p>\n<ul>\n<li>Velocidad de transmisi\u00f3n:1,25 Gbps<\/li>\n<li><span style=\"font-size: 16px;\">2 puertos SC<\/span><\/li>\n<li><span class=\"\">Puerto \u00f3ptico: 100M FX\/1000M X adaptable<\/span><\/li>\n<li>modo \u00fanico<\/li>\n<li>SC UPC<\/li>\n<li>Longitud de onda de trabajo: 1310\/1550 (nm)<\/li>\n<li>Distancia de transmisi\u00f3n: 3km\/20km<\/li>\n<li>potencia de salida: -8~-3dbm<\/li>\n<\/ul>\n<p><strong><span class=\"\">Par\u00e1metros Ethernet<\/span><\/strong><\/p>\n<ul>\n<li>8 puertos RJ45<\/li>\n<li>Distancia: 100 m<\/li>\n<li><span class=\"\">Puerto Ethernet: 10\/100\/1000Mbps adaptable<\/span><\/li>\n<li>IEEE802.3 10Base-T<\/li>\n<li>IEEE802.3u 100Base-TX\/FX<\/li>\n<li>IEEE802.3z 1000Base-SX\/LX<\/li>\n<li>IEEE802.3x Control de flujo<\/li>\n<li>IEEE802.1p QoS<\/li>\n<li>\u00c1rbol de expansi\u00f3n IEEE802.1d<\/li>\n<\/ul>\n<p><strong><span class=\"MachTrans__hl__6hdYK\">Otros par\u00e1metros<\/span><\/strong><\/p>\n<ul>\n<li>Potencia de entrada:<\/li>\n<li>Tipo de alimentaci\u00f3n: alimentaci\u00f3n externa<\/li>\n<li>Voltaje de entrada: AC100V\uff5e240V 50\/60Hz<\/li>\n<li>Conector: Toma CC<\/li>\n<li>Tensi\u00f3n de funcionamiento: 5-12 V<\/li>\n<li data-spm-anchor-id=\"a2g0o.detail.1000023.i9.7c6f7rxL7rxLkP\">Consumo: 2,2W\uff5e3,5W<\/li>\n<li>Tama\u00f1o: 196*87*27mm<\/li>\n<li>Temperatura de almacenamiento: -40\uff5e70\u2103<\/li>\n<li>Temperatura de funcionamiento: -10\uff5e55\u2103<\/li>\n<li>Humedad relativa: 5-90% ( sin condensaci\u00f3n)<\/li>\n<\/ul>\n<p><strong>Escenarios de aplicaci\u00f3n<\/strong><\/p>\n<p>supervisi\u00f3n de seguridad, oficinas, cableado de salas de ordenadores, radiodifusi\u00f3n y televisi\u00f3n, energ\u00eda integral, ciudades inteligentes, transporte inteligente, f\u00e1bricas inteligentes, tr\u00e1nsito ferroviario, minas inteligentes y otros entornos industriales.<\/p>","protected":false},"excerpt":{"rendered":"<p class=\"serp-title\">Gigabit\u00a0<mark>Interruptor de fibra Etherbet<\/mark>\u00a0conmutador monomodo de 2 puertos \u00f3pticos 8 Ethernet transceptor de fibra \u00f3ptica interfaz SC convertidor fotoel\u00e9ctrico<\/p>","protected":false},"featured_media":12859,"comment_status":"open","ping_status":"closed","template":"","meta":[],"product_brand":[],"product_cat":[356],"product_tag":[85,208,301,305],"class_list":{"0":"post-12839","1":"product","2":"type-product","3":"status-publish","4":"has-post-thumbnail","6":"product_cat-unmanaged-switches","7":"product_tag-10-port","8":"product_tag-ethernet-switch","9":"product_tag-rj45","10":"product_tag-sc","12":"first","13":"instock","14":"shipping-taxable","15":"purchasable","16":"product-type-variable"},"_links":{"self":[{"href":"https:\/\/www.luleey.com\/es\/wp-json\/wp\/v2\/product\/12839","targetHints":{"allow":["GET"]}}],"collection":[{"href":"https:\/\/www.luleey.com\/es\/wp-json\/wp\/v2\/product"}],"about":[{"href":"https:\/\/www.luleey.com\/es\/wp-json\/wp\/v2\/types\/product"}],"replies":[{"embeddable":true,"href":"https:\/\/www.luleey.com\/es\/wp-json\/wp\/v2\/comments?post=12839"}],"wp:featuredmedia":[{"embeddable":true,"href":"https:\/\/www.luleey.com\/es\/wp-json\/wp\/v2\/media\/12859"}],"wp:attachment":[{"href":"https:\/\/www.luleey.com\/es\/wp-json\/wp\/v2\/media?parent=12839"}],"wp:term":[{"taxonomy":"product_brand","embeddable":true,"href":"https:\/\/www.luleey.com\/es\/wp-json\/wp\/v2\/product_brand?post=12839"},{"taxonomy":"product_cat","embeddable":true,"href":"https:\/\/www.luleey.com\/es\/wp-json\/wp\/v2\/product_cat?post=12839"},{"taxonomy":"product_tag","embeddable":true,"href":"https:\/\/www.luleey.com\/es\/wp-json\/wp\/v2\/product_tag?post=12839"}],"curies":[{"name":"wp","href":"https:\/\/api.w.org\/{rel}","templated":true}]}}