{"id":12860,"date":"2024-07-19T00:57:50","date_gmt":"2024-07-18T16:57:50","guid":{"rendered":"https:\/\/www.luleey.com\/?post_type=product&#038;p=12860"},"modified":"2025-10-25T13:53:37","modified_gmt":"2025-10-25T05:53:37","slug":"2-5g-gpon-epon-onull-xz110","status":"publish","type":"product","link":"https:\/\/www.luleey.com\/es\/producto\/2-5g-gpon-epon-onull-xz110\/","title":{"rendered":"2,5G GPON\/EPON ONU LL-XZ110"},"content":{"rendered":"<p><span style=\"color: #ff00ff;\"><a style=\"color: #ff00ff;\" href=\"https:\/\/www.luleey.com\/es\/2-5g-gpon-epon-onu-ll-xz110-web-management\/\">c\u00f3mo utilizarlo<\/a><\/span><\/p>\n<h3>Caracter\u00edsticas<\/h3>\n<ol>\n<li>Soporta modificaciones de par\u00e1metros como SN\/ONUID\/VENDORID\/MAC\/LOID...<\/li>\n<li>Admite l\u00edmite de velocidad de puerto y control de ancho de banda<\/li>\n<li>Totalmente compatible con las normas IEEE802.3ah e ITU-U G.984<\/li>\n<li>Admite una distancia de transmisi\u00f3n de hasta 20 km<\/li>\n<li>Admite cifrado de datos, supresi\u00f3n de difusi\u00f3n, configuraci\u00f3n de VLAN, etc.<\/li>\n<li>Admite la asignaci\u00f3n din\u00e1mica de ancho de banda (DBA)<\/li>\n<li>Admite detecci\u00f3n autom\u00e1tica de ONU\/detecci\u00f3n de enlaces\/actualizaci\u00f3n remota de software<\/li>\n<li>Soporta configuraci\u00f3n de reenv\u00edo de puertos<\/li>\n<li>Alarma de corte de corriente<\/li>\n<li>Soporta configuraci\u00f3n QoS<\/li>\n<li>Aislamiento de puertos<\/li>\n<li>Admite ajustes de protecci\u00f3n contra incendios<\/li>\n<li>Soporte ACL<\/li>\n<li>Soporta el m\u00e9todo de gesti\u00f3n TR069<\/li>\n<li>Admite PPPoE\/Servidor DHCP\/IPTV\/NAT<\/li>\n<\/ol>\n<h3>Especificaci\u00f3n<\/h3>\n<table width=\"598\">\n<tbody>\n<tr>\n<td width=\"211\">Modelo<\/td>\n<td width=\"387\">LL-XZ110<\/td>\n<\/tr>\n<tr>\n<td>Fichas<\/td>\n<td>RTL9601DVA<\/td>\n<\/tr>\n<tr>\n<td>Puerto Ethernet<\/td>\n<td width=\"387\">Auto MDI\/MDI-X<br \/>\n1*10\/100\/1000\/2500M<br \/>\n1*10\/100\/1000M<br \/>\nCable de 100 m Distancia m\u00e1xima<\/td>\n<\/tr>\n<tr>\n<td>Puerto PON<\/td>\n<td width=\"387\">Auto GPON\/EPON<br \/>\nSC-UPC<br \/>\nDistancia m\u00e1xima de fibra de 20 km<\/td>\n<\/tr>\n<tr>\n<td>EN GPON<\/td>\n<td>SUBE 1,25G \/ BAJA 2,5G<\/td>\n<\/tr>\n<tr>\n<td>EN EPON<\/td>\n<td>SUBE 1,25G \/ BAJA 1,25G<\/td>\n<\/tr>\n<tr>\n<td>Sensibilidad del receptor<\/td>\n<td>-7dbm~-28dbm<\/td>\n<\/tr>\n<tr>\n<td>Tama\u00f1o del producto<\/td>\n<td>132x83x30mm<\/td>\n<\/tr>\n<tr>\n<td>Temperatura de funcionamiento<\/td>\n<td>-10\u2103~60\u2103<\/td>\n<\/tr>\n<tr>\n<td>Adaptador de corriente<\/td>\n<td>DC 12V 2.1\u00d75..5mm<\/td>\n<\/tr>\n<tr>\n<td>Gesti\u00f3n de productos<\/td>\n<td>WEB\/TELNET\/TR069\/OMCI\/OAM<\/td>\n<\/tr>\n<\/tbody>\n<\/table>","protected":false},"excerpt":{"rendered":"<p>c\u00f3mo usar Caracter\u00edsticas Soporta modificaciones de par\u00e1metros como SN\/ONUID\/VENDORID\/MAC\/LOID... Soporta l\u00edmite de velocidad de puerto y control de ancho de banda Totalmente compatible con<\/p>","protected":false},"featured_media":12903,"comment_status":"open","ping_status":"closed","template":"","meta":[],"product_brand":[],"product_cat":[350],"product_tag":[126,230,254,344,346],"class_list":{"0":"post-12860","1":"product","2":"type-product","3":"status-publish","4":"has-post-thumbnail","6":"product_cat-2-5g-gpon-epon-onu","7":"product_tag-2-5g-onu","8":"product_tag-gpon-onu","9":"product_tag-ll-xz110","10":"product_tag-xpon-onu","11":"product_tag-z110","13":"first","14":"outofstock","15":"sale","16":"shipping-taxable","17":"purchasable","18":"product-type-variable"},"_links":{"self":[{"href":"https:\/\/www.luleey.com\/es\/wp-json\/wp\/v2\/product\/12860","targetHints":{"allow":["GET"]}}],"collection":[{"href":"https:\/\/www.luleey.com\/es\/wp-json\/wp\/v2\/product"}],"about":[{"href":"https:\/\/www.luleey.com\/es\/wp-json\/wp\/v2\/types\/product"}],"replies":[{"embeddable":true,"href":"https:\/\/www.luleey.com\/es\/wp-json\/wp\/v2\/comments?post=12860"}],"wp:featuredmedia":[{"embeddable":true,"href":"https:\/\/www.luleey.com\/es\/wp-json\/wp\/v2\/media\/12903"}],"wp:attachment":[{"href":"https:\/\/www.luleey.com\/es\/wp-json\/wp\/v2\/media?parent=12860"}],"wp:term":[{"taxonomy":"product_brand","embeddable":true,"href":"https:\/\/www.luleey.com\/es\/wp-json\/wp\/v2\/product_brand?post=12860"},{"taxonomy":"product_cat","embeddable":true,"href":"https:\/\/www.luleey.com\/es\/wp-json\/wp\/v2\/product_cat?post=12860"},{"taxonomy":"product_tag","embeddable":true,"href":"https:\/\/www.luleey.com\/es\/wp-json\/wp\/v2\/product_tag?post=12860"}],"curies":[{"name":"wp","href":"https:\/\/api.w.org\/{rel}","templated":true}]}}