{"id":12867,"date":"2024-07-19T00:57:51","date_gmt":"2024-07-18T16:57:51","guid":{"rendered":"https:\/\/www.luleey.com\/?post_type=product&#038;p=12867"},"modified":"2024-12-17T10:45:45","modified_gmt":"2024-12-17T02:45:45","slug":"12-port-10g-switch-layer-3-management-ethernet-switch","status":"publish","type":"product","link":"https:\/\/www.luleey.com\/es\/producto\/12-port-10g-switch-layer-3-management-ethernet-switch\/","title":{"rendered":"Conmutador 10G de 12 puertos Conmutador Ethernet de gesti\u00f3n de capa 3"},"content":{"rendered":"<h3>Caracter\u00edsticas<\/h3>\n<ol>\n<li>Velocidad de transmisi\u00f3n 10G<\/li>\n<li>12 puertos 10 Gigabit SFP+, conmutador 10gb<\/li>\n<li>Admite enrutamiento de 3 capas<\/li>\n<li>Aspecto met\u00e1lico, dise\u00f1o de disipaci\u00f3n t\u00e9rmica<\/li>\n<li>Ventilador de graves integrado<\/li>\n<li>Admite protocolos como enrutamiento, DHCP, VLAN, ACL, QOS, etc.<\/li>\n<li>Servicios de apoyo como protecci\u00f3n de la red en anillo y supresi\u00f3n de tormentas<\/li>\n<li>Soporta servicios de gesti\u00f3n WEB\/LLDP\/CLI\/SNMP<\/li>\n<\/ol>\n<h3>Especificaci\u00f3n<\/h3>\n<table style=\"border-collapse: collapse; width: 64.7191%; height: 1439px;\">\n<tbody>\n<tr style=\"height: 45px;\">\n<td style=\"width: 21.3858%; height: 45px;\">Modelo<\/td>\n<td style=\"width: 66.8981%; height: 45px;\" width=\"284\">LL-L3MES-SW-10G-12SFP+<\/td>\n<\/tr>\n<tr style=\"height: 46px;\">\n<td style=\"width: 21.3858%; height: 46px;\">\u00a0Puerto<\/td>\n<td style=\"width: 66.8981%; height: 46px;\" width=\"739\">12 sfp+<\/td>\n<\/tr>\n<tr style=\"height: 106px;\">\n<td style=\"width: 21.3858%; height: 106px;\">Protocolo de red<\/td>\n<td style=\"width: 66.8981%; height: 106px;\">IEEE802.3 IEEE802.3u IEEE802.3ab IEEE802.3z IEEE802.3ae IEEE802.3x IEEE802.3az IEEE802.3ad IEEE802.1AB IEEE802.1D IEEE802.1w IE802.1s IEEE802.1Q IE802.1p IEEE802.1X<\/td>\n<\/tr>\n<tr style=\"height: 46px;\">\n<td style=\"width: 21.3858%; height: 46px;\">Ancho de banda del backplane<\/td>\n<td style=\"width: 66.8981%; height: 46px;\">240 Gbps<\/td>\n<\/tr>\n<tr style=\"height: 46px;\">\n<td style=\"width: 21.3858%; height: 46px;\">Tasa de reenv\u00edo de paquetes<\/td>\n<td style=\"width: 66.8981%; height: 46px;\">178,56Mpps<\/td>\n<\/tr>\n<tr style=\"height: 46px;\">\n<td style=\"width: 21.3858%; height: 46px;\">Direcci\u00f3n MAC<\/td>\n<td style=\"width: 66.8981%; height: 46px;\">32K<\/td>\n<\/tr>\n<tr style=\"height: 46px;\">\n<td style=\"width: 21.3858%; height: 46px;\">Modo de reenv\u00edo<\/td>\n<td style=\"width: 66.8981%; height: 46px;\">Almacenar y reenviar<\/td>\n<\/tr>\n<tr style=\"height: 46px;\">\n<td style=\"width: 21.3858%; height: 46px;\">Medio de fibra \u00f3ptica<\/td>\n<td style=\"width: 66.8981%; height: 46px;\">fibra multimodo: 50\/125, 62,5\/125, 100\/140UM,<\/td>\n<\/tr>\n<tr style=\"height: 46px;\">\n<td style=\"width: 21.3858%; height: 46px;\">Fibra monomodo<\/td>\n<td style=\"width: 66.8981%; height: 46px;\">8\/125, 8,7\/125, 9\/125, 10\/125UM<\/td>\n<\/tr>\n<tr style=\"height: 46px;\">\n<td style=\"width: 21.3858%; height: 46px;\">Especificaciones de tama\u00f1o<\/td>\n<td style=\"width: 66.8981%; height: 46px;\">\u00a0440 * 205 * 44mm<\/td>\n<\/tr>\n<tr style=\"height: 46px;\">\n<td style=\"width: 21.3858%; height: 46px;\">Tensi\u00f3n de alimentaci\u00f3n<\/td>\n<td style=\"width: 66.8981%; height: 46px;\">\u00a0CA 100-240V 50\/60Hz<\/td>\n<\/tr>\n<tr style=\"height: 46px;\">\n<td style=\"width: 21.3858%; height: 46px;\">Indicador luminoso:<\/td>\n<td style=\"width: 66.8981%; height: 46px;\">PWR encendido: dispositivo encendido, no encendido: dispositivo no encendido<\/p>\n<p>SYS encendido: sistema normal, parpadeando: reinicio del sistema<\/p>\n<p>10G encendido: Enlace 10G<\/p>\n<p>Link\/ACT encendido: enlace conectado, parpadeando: transmisi\u00f3n de datos, no encendido: enlace no conectado<\/td>\n<\/tr>\n<tr style=\"height: 46px;\">\n<td style=\"width: 21.3858%; height: 46px;\">Entorno de trabajo<\/td>\n<td style=\"width: 66.8981%; height: 46px;\">Temperatura de trabajo: -10~50 \u2103<\/p>\n<p>Temperatura de almacenamiento: -40~70 \u2103<\/p>\n<p>Humedad de trabajo: 10%~90%, sin condensaci\u00f3n<\/p>\n<p>Humedad de almacenamiento: 5%~90%, sin condensaci\u00f3n<\/td>\n<\/tr>\n<\/tbody>\n<\/table>","protected":false},"excerpt":{"rendered":"<p>Conmutador 10g Conmutador Ethernet de gesti\u00f3n con 12 puertos, puerto 10G SFP+, funci\u00f3n de gesti\u00f3n de red de 3 capas, fuente de alimentaci\u00f3n integrada con protecci\u00f3n contra rayos 6KV, conmutador 10gb<\/p>","protected":false},"featured_media":12905,"comment_status":"open","ping_status":"closed","template":"","meta":[],"product_brand":[],"product_cat":[258],"product_tag":[97,102,208,244],"class_list":{"0":"post-12867","1":"product","2":"type-product","3":"status-publish","4":"has-post-thumbnail","6":"product_cat-managed-switches","7":"product_tag-10g","8":"product_tag-12-port","9":"product_tag-ethernet-switch","10":"product_tag-l3-managed","12":"first","13":"instock","14":"sale","15":"shipping-taxable","16":"purchasable","17":"product-type-variable"},"_links":{"self":[{"href":"https:\/\/www.luleey.com\/es\/wp-json\/wp\/v2\/product\/12867","targetHints":{"allow":["GET"]}}],"collection":[{"href":"https:\/\/www.luleey.com\/es\/wp-json\/wp\/v2\/product"}],"about":[{"href":"https:\/\/www.luleey.com\/es\/wp-json\/wp\/v2\/types\/product"}],"replies":[{"embeddable":true,"href":"https:\/\/www.luleey.com\/es\/wp-json\/wp\/v2\/comments?post=12867"}],"wp:featuredmedia":[{"embeddable":true,"href":"https:\/\/www.luleey.com\/es\/wp-json\/wp\/v2\/media\/12905"}],"wp:attachment":[{"href":"https:\/\/www.luleey.com\/es\/wp-json\/wp\/v2\/media?parent=12867"}],"wp:term":[{"taxonomy":"product_brand","embeddable":true,"href":"https:\/\/www.luleey.com\/es\/wp-json\/wp\/v2\/product_brand?post=12867"},{"taxonomy":"product_cat","embeddable":true,"href":"https:\/\/www.luleey.com\/es\/wp-json\/wp\/v2\/product_cat?post=12867"},{"taxonomy":"product_tag","embeddable":true,"href":"https:\/\/www.luleey.com\/es\/wp-json\/wp\/v2\/product_tag?post=12867"}],"curies":[{"name":"wp","href":"https:\/\/api.w.org\/{rel}","templated":true}]}}