{"id":12869,"date":"2024-07-19T00:57:52","date_gmt":"2024-07-18T16:57:52","guid":{"rendered":"https:\/\/www.luleey.com\/?post_type=product&#038;p=12869"},"modified":"2025-08-02T22:29:59","modified_gmt":"2025-08-02T14:29:59","slug":"1-pon-gpon-olt","status":"publish","type":"product","link":"https:\/\/www.luleey.com\/es\/producto\/1-pon-gpon-olt\/","title":{"rendered":"1 PON GPON OLT, LL-GPOLT-G01"},"content":{"rendered":"<div class=\"title--wrap--Ms9Zv4A\">\n<h3>Caracter\u00edsticas<\/h3>\n<ol>\n<li>1 PON GPON OLT m\u00e1x. 128 Clientes<\/li>\n<li>Admite DBA flexible y control de tr\u00e1fico ascendente y descendente<\/li>\n<li>Admite reconocimiento autom\u00e1tico, detecci\u00f3n autom\u00e1tica y autorizaci\u00f3n de la ONU<\/li>\n<li>Admite VLAN<\/li>\n<li>Admite multidifusi\u00f3n e IGMP snooping<\/li>\n<li data-spm-anchor-id=\"a2g0o.detail.1000023.i1.745aNgYHNgYHlS\">Memoria Flash: 32 MB<\/li>\n<li>DDR: 512 MB<\/li>\n<li>Funci\u00f3n PON: soporta registro autom\u00e1tico, lista blanca y negra de ONU, configuraci\u00f3n DBA<\/li>\n<li>Software de gesti\u00f3n: CLI\/WEB\/SNMP\/NMS<\/li>\n<li data-spm-anchor-id=\"a2g0o.detail.1000023.i2.745aNgYHNgYHlS\">Soporta IGMP Snooping\/proxy, y aislamiento de puertos<\/li>\n<\/ol>\n<div class=\"structure-row\">\n<div class=\"col-left\" data-spm-anchor-id=\"a2700.details.0.i25.78ff2908MBBelt\">\n<div class=\"structure-row\">\n<h3>Especificaci\u00f3n<\/h3>\n<table width=\"754\">\n<tbody>\n<tr>\n<td width=\"236\">Modelo<\/td>\n<td width=\"518\">LL-GPOLT-G01<\/td>\n<\/tr>\n<tr>\n<td>Tipo de dispositivo<\/td>\n<td>GPON OLT<\/td>\n<\/tr>\n<tr>\n<td>Puerto GPON<\/td>\n<td>1x GPON<\/td>\n<\/tr>\n<tr>\n<td>Puerto SFP<\/td>\n<td>1x SFP<\/td>\n<\/tr>\n<tr>\n<td>Puerto Ethernet<\/td>\n<td>4x 10\/100\/1000M<\/td>\n<\/tr>\n<tr>\n<td>Puerto de gesti\u00f3n<\/td>\n<td>1 puerto de consola<\/td>\n<\/tr>\n<tr>\n<td>Proporci\u00f3n de divisi\u00f3n<\/td>\n<td>1:128<\/td>\n<\/tr>\n<tr>\n<td>Flash<\/td>\n<td>32 MB<\/td>\n<\/tr>\n<tr>\n<td>DDR<\/td>\n<td>512 MB<\/td>\n<\/tr>\n<tr>\n<td>Talla<\/td>\n<td>186mm x157mm x39mm<\/td>\n<\/tr>\n<tr>\n<td>Normas<\/td>\n<td width=\"518\">IEEE802.3\uff0810Base-T\uff09<br \/>\nIEEE802.3u\uff08100Base-TX\uff09<br \/>\nIEEE802.3z\uff081000BASE-X\uff09<br \/>\nIEEE802.3ab\uff081000Base-T\uff09<br \/>\nIEEE802.1Q\uff08VLAN\uff09<\/td>\n<\/tr>\n<tr>\n<td>Medio ambiente<\/td>\n<td width=\"518\">Entorno de trabajo: -10C~55 \u2103<br \/>\nEntorno de almacenamiento: -40 \u2103~80 \u2103<br \/>\nHumedad de almacenamiento: 5%~95% (sin condensaci\u00f3n)<\/td>\n<\/tr>\n<tr>\n<td>Potencia<\/td>\n<td>12 V CC<\/td>\n<\/tr>\n<tr>\n<td>Funci\u00f3n PON<\/td>\n<td width=\"518\">Admite el registro autom\u00e1tico<br \/>\nLista blanca y lista negra de la ONU<br \/>\nConfiguraci\u00f3n DBA<\/td>\n<\/tr>\n<tr>\n<td>Configuraci\u00f3n y gesti\u00f3n<\/td>\n<td width=\"518\">CLI, WEB, SNMP\/NMS<br \/>\nComponentes y firmware<br \/>\ns\u00edmbolo del sistema<br \/>\nSoporta Ping y funci\u00f3n de desconexi\u00f3n<br \/>\nApoyo a la gesti\u00f3n de registros y polic\u00eda<\/td>\n<\/tr>\n<tr>\n<td>Funci\u00f3n L2<\/td>\n<td width=\"518\">Admite VLAN<br \/>\nSoporta IGMP Snooping\/proxy<br \/>\nAislamiento de puertos<\/td>\n<\/tr>\n<\/tbody>\n<\/table>\n<\/div>\n<\/div>\n<\/div>\n<\/div>","protected":false},"excerpt":{"rendered":"<p>G01 es una serie de GPON OLT en caja. El sistema tiene buena estabilidad y alta fiabilidad. Soporta m\u00faltiples m\u00e9todos de gesti\u00f3n como CLI, WEB y SNMP. El producto proporciona 1 interfaz GPON de enlace descendente, 4 * interfaz Ethernet de enlace ascendente 1000base-T y 1 interfaz SFP+ de enlace ascendente. Adecuado para zonas poco pobladas, remotas y sensibles a los costes, parques industriales inteligentes, edificios comerciales, FTTR, etc. Cada puerto GPON admite una relaci\u00f3n de segmentaci\u00f3n m\u00e1xima de 1:128, admite un m\u00e1ximo de 128 usuarios GPON y admite distintos tipos de ONU en diferentes redes.<\/p>","protected":false},"featured_media":17974,"comment_status":"open","ping_status":"closed","template":"","meta":[],"product_brand":[],"product_cat":[360],"product_tag":[83,106,227,229],"class_list":{"0":"post-12869","1":"product","2":"type-product","3":"status-publish","4":"has-post-thumbnail","6":"product_cat-gpon-olt","7":"product_tag-1-gpon","8":"product_tag-128-onu","9":"product_tag-g01","10":"product_tag-gpon-olt","12":"first","13":"instock","14":"shipping-taxable","15":"purchasable","16":"product-type-variable","17":"has-default-attributes"},"_links":{"self":[{"href":"https:\/\/www.luleey.com\/es\/wp-json\/wp\/v2\/product\/12869","targetHints":{"allow":["GET"]}}],"collection":[{"href":"https:\/\/www.luleey.com\/es\/wp-json\/wp\/v2\/product"}],"about":[{"href":"https:\/\/www.luleey.com\/es\/wp-json\/wp\/v2\/types\/product"}],"replies":[{"embeddable":true,"href":"https:\/\/www.luleey.com\/es\/wp-json\/wp\/v2\/comments?post=12869"}],"wp:featuredmedia":[{"embeddable":true,"href":"https:\/\/www.luleey.com\/es\/wp-json\/wp\/v2\/media\/17974"}],"wp:attachment":[{"href":"https:\/\/www.luleey.com\/es\/wp-json\/wp\/v2\/media?parent=12869"}],"wp:term":[{"taxonomy":"product_brand","embeddable":true,"href":"https:\/\/www.luleey.com\/es\/wp-json\/wp\/v2\/product_brand?post=12869"},{"taxonomy":"product_cat","embeddable":true,"href":"https:\/\/www.luleey.com\/es\/wp-json\/wp\/v2\/product_cat?post=12869"},{"taxonomy":"product_tag","embeddable":true,"href":"https:\/\/www.luleey.com\/es\/wp-json\/wp\/v2\/product_tag?post=12869"}],"curies":[{"name":"wp","href":"https:\/\/api.w.org\/{rel}","templated":true}]}}