{"id":12871,"date":"2024-07-19T00:57:52","date_gmt":"2024-07-18T16:57:52","guid":{"rendered":"https:\/\/www.luleey.com\/?post_type=product&#038;p=12871"},"modified":"2025-07-17T09:24:25","modified_gmt":"2025-07-17T01:24:25","slug":"sc-apc-optical-fiber-ftth-connector","status":"publish","type":"product","link":"https:\/\/www.luleey.com\/es\/producto\/sc-apc-optical-fiber-ftth-connector\/","title":{"rendered":"SC APC Conector de fibra \u00f3ptica FTTH"},"content":{"rendered":"<h3>Caracter\u00edsticas<\/h3>\n<ol>\n<li>Conector FTTH,Baja p\u00e9rdida de inserci\u00f3n,Alta p\u00e9rdida de retorno<\/li>\n<li>Simplex, Duplex, Quad disponible<\/li>\n<li>Buen rendimiento sostenido<\/li>\n<li>Uso de bajo coste, uso de buen rendimiento<\/li>\n<li>Instalaci\u00f3n r\u00e1pida<\/li>\n<\/ol>\n<p><strong>Aplicaci\u00f3n<\/strong><\/p>\n<ul>\n<li>\n<p data-spm-anchor-id=\"a2g0o.detail.1000023.i5.1539lRTZlRTZje\">Distribuci\u00f3n de la fibra<\/p>\n<\/li>\n<li>LAN y WAN<\/li>\n<li>Aplicaciones FTTH<\/li>\n<li>CATV<\/li>\n<li>Equipos de ensayo<\/li>\n<li>\n<p data-spm-anchor-id=\"a2g0o.detail.1000023.i4.1539lRTZlRTZje\">Sistemas de telecomunicaciones<\/p>\n<\/li>\n<\/ul>\n<h3>Especificaci\u00f3n<\/h3>\n<table width=\"413\">\n<tbody>\n<tr>\n<td width=\"173\">Modelo<\/td>\n<td width=\"240\">LL-QC-55-SCAPC<\/td>\n<\/tr>\n<tr>\n<td>P\u00e9rdida de inserci\u00f3n<\/td>\n<td>inferior o igual a 0,3 dB<\/td>\n<\/tr>\n<tr>\n<td>P\u00e9rdida de retorno<\/td>\n<td>igual o superior a 50 dB<\/td>\n<\/tr>\n<tr>\n<td>Longitud<\/td>\n<td>55 mm<\/td>\n<\/tr>\n<tr>\n<td>Temperatura de funcionamiento<\/td>\n<td>-40~+85 grados Celsius<\/td>\n<\/tr>\n<tr>\n<td>Reutilice<\/td>\n<td>Ayuda<\/td>\n<\/tr>\n<tr>\n<td>Prueba est\u00e1ndar<\/td>\n<td>para ca\u00edda, tensi\u00f3n, vibraci\u00f3n y torsi\u00f3n.<\/td>\n<\/tr>\n<\/tbody>\n<\/table>","protected":false},"excerpt":{"rendered":"<p>FTTH Conector SC APC Cable de Fibra \u00d3ptica Conector R\u00e1pido Adaptador de Conexi\u00f3n R\u00e1pida en Fr\u00edo para Red FTTH\/CATV<\/p>","protected":false},"featured_media":12911,"comment_status":"open","ping_status":"closed","template":"","meta":[],"product_brand":[],"product_cat":[368],"product_tag":[277,306],"class_list":{"0":"post-12871","1":"product","2":"type-product","3":"status-publish","4":"has-post-thumbnail","6":"product_cat-quick-connector-and-connector-panel","7":"product_tag-optical-fiber-connector","8":"product_tag-sc-apc","10":"first","11":"instock","12":"shipping-taxable","13":"purchasable","14":"product-type-variable","15":"has-default-attributes"},"_links":{"self":[{"href":"https:\/\/www.luleey.com\/es\/wp-json\/wp\/v2\/product\/12871","targetHints":{"allow":["GET"]}}],"collection":[{"href":"https:\/\/www.luleey.com\/es\/wp-json\/wp\/v2\/product"}],"about":[{"href":"https:\/\/www.luleey.com\/es\/wp-json\/wp\/v2\/types\/product"}],"replies":[{"embeddable":true,"href":"https:\/\/www.luleey.com\/es\/wp-json\/wp\/v2\/comments?post=12871"}],"wp:featuredmedia":[{"embeddable":true,"href":"https:\/\/www.luleey.com\/es\/wp-json\/wp\/v2\/media\/12911"}],"wp:attachment":[{"href":"https:\/\/www.luleey.com\/es\/wp-json\/wp\/v2\/media?parent=12871"}],"wp:term":[{"taxonomy":"product_brand","embeddable":true,"href":"https:\/\/www.luleey.com\/es\/wp-json\/wp\/v2\/product_brand?post=12871"},{"taxonomy":"product_cat","embeddable":true,"href":"https:\/\/www.luleey.com\/es\/wp-json\/wp\/v2\/product_cat?post=12871"},{"taxonomy":"product_tag","embeddable":true,"href":"https:\/\/www.luleey.com\/es\/wp-json\/wp\/v2\/product_tag?post=12871"}],"curies":[{"name":"wp","href":"https:\/\/api.w.org\/{rel}","templated":true}]}}