{"id":12893,"date":"2024-07-19T00:58:16","date_gmt":"2024-07-18T16:58:16","guid":{"rendered":"https:\/\/www.luleey.com\/?post_type=product&#038;p=12893"},"modified":"2024-12-17T10:48:37","modified_gmt":"2024-12-17T02:48:37","slug":"24-port-2-5g-poe-ethernet-switch-l3-layers-management-switch","status":"publish","type":"product","link":"https:\/\/www.luleey.com\/es\/producto\/24-port-2-5g-poe-ethernet-switch-l3-layers-management-switch\/","title":{"rendered":"Conmutador Ethernet de 24 puertos 2,5G POE Conmutador de gesti\u00f3n de capas L3"},"content":{"rendered":"<h3><span style=\"font-family: arial, helvetica, sans-serif;\">Caracter\u00edsticas<\/span><\/h3>\n<ol>\n<li style=\"font-size: 16px;\"><span style=\"font-family: arial, helvetica, sans-serif;\">Velocidad de transmisi\u00f3n de 2,5G, conmutador Ethernet de 2,5G\u00a0<\/span><\/li>\n<li style=\"font-size: 16px;\"><span style=\"font-family: arial, helvetica, sans-serif;\">Soporta 10G SFP+, switch 10gb<\/span><\/li>\n<li style=\"font-size: 16px;\"><span style=\"font-family: arial, helvetica, sans-serif;\">Admite la gesti\u00f3n de redes de tres capas<\/span><\/li>\n<li style=\"font-size: 16px;\"><span style=\"font-family: arial, helvetica, sans-serif;\">M\u00faltiples protocolos de enrutamiento, capas L3 Conmutador de gesti\u00f3n<\/span><\/li>\n<li style=\"font-size: 16px;\"><span style=\"font-family: arial, helvetica, sans-serif;\">16M de cach\u00e9<\/span><\/li>\n<li style=\"font-size: 16px;\"><span style=\"font-family: arial, helvetica, sans-serif;\">Protecci\u00f3n contra rayos 4KV<\/span><\/li>\n<li style=\"font-size: 16px;\"><span style=\"font-family: arial, helvetica, sans-serif;\">Resistencia a altas y bajas temperaturas<\/span><\/li>\n<li><span style=\"font-family: arial, helvetica, sans-serif;\">POE Ethernet Switch 400W PoE de potencia de salida, 1-4 puertos m\u00e1x. hasta 90W PoE de potencia de salida\uff0c5-9 puertos m\u00e1x. hasta 30W PoE de potencia de salida<\/span><\/li>\n<\/ol>\n<h3><span style=\"font-family: arial, helvetica, sans-serif;\">Especificaci\u00f3n<\/span><\/h3>\n<table style=\"border-collapse: collapse; width: 64.7191%; height: 876px;\">\n<tbody>\n<tr style=\"height: 45px;\">\n<td style=\"width: 21.3858%; height: 45px;\"><span style=\"font-family: arial, helvetica, sans-serif;\">Modelo<\/span><\/td>\n<td style=\"width: 75.6944%; height: 45px;\" width=\"284\"><span style=\"font-family: arial, helvetica, sans-serif;\">LL-L3MES-SW-2.5G-24POE-6SFP+<\/span><\/td>\n<\/tr>\n<tr style=\"height: 46px;\">\n<td style=\"width: 21.3858%; height: 46px;\"><span style=\"font-family: arial, helvetica, sans-serif;\">\u00a0Puerto<\/span><\/td>\n<td style=\"width: 75.6944%; height: 46px;\" width=\"739\"><span style=\"font-family: arial, helvetica, sans-serif;\">24 puertos Ethernet PoE 100\/1000\/2500M<\/span><br \/>\n<span style=\"font-family: arial, helvetica, sans-serif;\">6 puertos SFP<\/span><br \/>\n<span style=\"font-family: arial, helvetica, sans-serif;\">1 puerto de consola<\/span><\/td>\n<\/tr>\n<tr style=\"height: 106px;\">\n<td style=\"width: 21.3858%; height: 106px;\"><span style=\"font-family: arial, helvetica, sans-serif;\">Protocolo de red<\/span><\/td>\n<td style=\"width: 75.6944%; height: 106px;\"><span style=\"font-family: arial, helvetica, sans-serif;\">IEEE802.3<\/span><br \/>\n<span style=\"font-family: arial, helvetica, sans-serif;\">IEEE802.3u<\/span><br \/>\n<span style=\"font-family: arial, helvetica, sans-serif;\">IEEE 802.3ab<\/span><br \/>\n<span style=\"font-family: arial, helvetica, sans-serif;\">IEEE802.3z<\/span><br \/>\n<span style=\"font-family: arial, helvetica, sans-serif;\">IEEE 802.3ae<\/span><br \/>\n<span style=\"font-family: arial, helvetica, sans-serif;\">IEEE802.3x<\/span><br \/>\n<span style=\"font-family: arial, helvetica, sans-serif;\">IEEE 802.3az<\/span><br \/>\n<span style=\"font-family: arial, helvetica, sans-serif;\">IEEE 802.3ad<\/span><br \/>\n<span style=\"font-family: arial, helvetica, sans-serif;\">IEEE 802.1AB LLDP\/LLDP MED<\/span><br \/>\n<span style=\"font-family: arial, helvetica, sans-serif;\">Protocolo de \u00e1rbol de expansi\u00f3n IEEE 802.1D<\/span><br \/>\n<span style=\"font-family: arial, helvetica, sans-serif;\">IEEE 802.1W RSTP<\/span><br \/>\n<span style=\"font-family: arial, helvetica, sans-serif;\">IEEE 802.1s MSTP<\/span><br \/>\n<span style=\"font-family: arial, helvetica, sans-serif;\">IEEE802.1Q<\/span><br \/>\n<span style=\"font-family: arial, helvetica, sans-serif;\">IEEE 802.1p<\/span><br \/>\n<span style=\"font-family: arial, helvetica, sans-serif;\">IEEE802.1X<\/span><\/td>\n<\/tr>\n<tr style=\"height: 261px;\">\n<td style=\"width: 21.3858%; height: 261px;\"><span style=\"font-family: arial, helvetica, sans-serif;\">Rendimiento<\/span><\/td>\n<td style=\"width: 75.6944%; height: 261px;\"><span style=\"font-family: arial, helvetica, sans-serif;\">Ancho de banda del backplane: 240 Gbps<\/span><br \/>\n<span style=\"font-family: arial, helvetica, sans-serif;\">Velocidad de reenv\u00edo de paquetes: 178,56Mpps<\/span><br \/>\n<span style=\"font-family: arial, helvetica, sans-serif;\">Memoria DDR: 512 MByte<\/span><br \/>\n<span style=\"font-family: arial, helvetica, sans-serif;\">Flash: 32 MByte<\/span><br \/>\n<span style=\"font-family: arial, helvetica, sans-serif;\">Tabla de direcciones MAC: 32K<\/span><br \/>\n<span style=\"font-family: arial, helvetica, sans-serif;\">Cach\u00e9 del paquete: 16Mbit<\/span><br \/>\n<span style=\"font-family: arial, helvetica, sans-serif;\">Cuadro gigante: 10K bytes<\/span><br \/>\n<span style=\"font-family: arial, helvetica, sans-serif;\">VLAN: VLAN rango 1-4094, VLAN activa m\u00e1xima es 4K<\/span><\/td>\n<\/tr>\n<tr style=\"height: 50px;\">\n<td style=\"width: 21.3858%; height: 50px;\"><span style=\"font-family: arial, helvetica, sans-serif;\">Tensi\u00f3n de alimentaci\u00f3n<\/span><\/td>\n<td style=\"width: 75.6944%; height: 50px;\"><span style=\"font-family: arial, helvetica, sans-serif;\">Tensi\u00f3n de trabajo: AC100-240V, 50\/60Hz<\/span><br \/>\n<span style=\"font-family: arial, helvetica, sans-serif;\">Fuente de alimentaci\u00f3n: DC54 V7.69A , 12V5A<\/span><br \/>\n<span style=\"font-family: arial, helvetica, sans-serif;\">Salida POE: 400 W como m\u00e1ximo<\/span><\/td>\n<\/tr>\n<tr style=\"height: 46px;\">\n<td style=\"width: 21.3858%; height: 46px;\"><span style=\"font-family: arial, helvetica, sans-serif;\">Estructura f\u00edsica<\/span><\/td>\n<td style=\"width: 75.6944%; height: 46px;\"><span style=\"font-family: arial, helvetica, sans-serif;\">Instalaci\u00f3n: Instalaci\u00f3n en rack 1U est\u00e1ndar, instalaci\u00f3n de sobremesa<\/span><br \/>\n<span style=\"font-family: arial, helvetica, sans-serif;\">Tama\u00f1o del producto (LXWXH): 440 x 281 x 44MM <\/span><span style=\"font-family: arial, helvetica, sans-serif;\">Tama\u00f1o del embalaje (LXWXH): 500 x 365 x 85MM<\/span><\/td>\n<\/tr>\n<tr style=\"height: 46px;\">\n<td style=\"width: 21.3858%; height: 46px;\">Funci\u00f3n L3<\/td>\n<td style=\"width: 75.6944%; height: 46px;\">Enrutamiento, RIP, OSPF, IPV4, IPV6<\/td>\n<\/tr>\n<tr style=\"height: 46px;\">\n<td style=\"width: 21.3858%; height: 46px;\">Funci\u00f3n L2<\/td>\n<td style=\"width: 75.6944%; height: 46px;\">Configuraci\u00f3n de puertos, agregaci\u00f3n de rutas, control de r\u00e1fagas, duplicaci\u00f3n de puertos, seguridad de puertos, aislamiento de puertos, limitaci\u00f3n de velocidad de puertos, pruebas en carretera, VLAN, direcci\u00f3n MAC, generaci\u00f3n, LLDP, reproducci\u00f3n, QOS.<\/td>\n<\/tr>\n<tr style=\"height: 46px;\">\n<td style=\"width: 21.3858%; height: 46px;\"><span style=\"font-family: arial, helvetica, sans-serif;\">Indicador luminoso:<\/span><\/td>\n<td style=\"width: 75.6944%; height: 46px;\"><span style=\"font-family: arial, helvetica, sans-serif;\">PWR (luz de alimentaci\u00f3n), SYS (luz de sistema), luz de alimentaci\u00f3n PoE Link\/ACT (luz de datos), PoE (luz indicadora PoE) Luz de puerto SFP<\/span><\/td>\n<\/tr>\n<tr style=\"height: 46px;\">\n<td style=\"width: 21.3858%; height: 46px;\"><span style=\"font-family: arial, helvetica, sans-serif;\">Entorno de trabajo<\/span><\/td>\n<td style=\"width: 75.6944%; height: 46px;\"><span style=\"font-family: arial, helvetica, sans-serif;\">Temperatura de trabajo: -10~50 \u2103<\/span><\/p>\n<p><span style=\"font-family: arial, helvetica, sans-serif;\">Temperatura de almacenamiento: -40~70 \u2103<\/span><\/p>\n<p><span style=\"font-family: arial, helvetica, sans-serif;\">Humedad de trabajo: 10%~90%, sin condensaci\u00f3n<\/span><\/p>\n<p><span style=\"font-family: arial, helvetica, sans-serif;\">Humedad de almacenamiento: 5%~90%, sin condensaci\u00f3n<\/span><\/td>\n<\/tr>\n<\/tbody>\n<\/table>\n<p>&nbsp;<\/p>","protected":false},"excerpt":{"rendered":"<p><span style=\"font-family: arial, helvetica, sans-serif;\">El conmutador de gesti\u00f3n proporciona 24\u00d7100\/1000\/2500M puertos POE adaptables, 6x 10Gb SFP+ conmutador de puertos 10gb, y 1 puerto de consola; Una estrategia de control de seguridad integral y la pol\u00edtica de protecci\u00f3n de la CPU (pol\u00edtica CPUProtect) mejoran la tolerancia a fallos, garantizando un funcionamiento estable de la red y el equilibrio de carga de los enlaces; El dispositivo admite la prevenci\u00f3n autom\u00e1tica de ataques DoS y SNMP, IEEE802.1, protocolos spanning tree y fast spanning tree, agregaci\u00f3n de enlaces y otras funciones. Las funciones avanzadas de seguridad y calidad de servicio (QoS) se pueden utilizar como conmutadores de capa central, distribuida o de acceso con alta densidad de puertos y facilidad de gesti\u00f3n.<\/span><\/p>","protected":false},"featured_media":12935,"comment_status":"open","ping_status":"closed","template":"","meta":[],"product_brand":[],"product_cat":[258,290],"product_tag":[124,132,208,244,289,322],"class_list":{"0":"post-12893","1":"product","2":"type-product","3":"status-publish","4":"has-post-thumbnail","6":"product_cat-managed-switches","7":"product_cat-poe-switches","8":"product_tag-2-5g","9":"product_tag-24-port","10":"product_tag-ethernet-switch","11":"product_tag-l3-managed","12":"product_tag-poe","13":"product_tag-sfp","15":"first","16":"instock","17":"shipping-taxable","18":"purchasable","19":"product-type-variable"},"_links":{"self":[{"href":"https:\/\/www.luleey.com\/es\/wp-json\/wp\/v2\/product\/12893","targetHints":{"allow":["GET"]}}],"collection":[{"href":"https:\/\/www.luleey.com\/es\/wp-json\/wp\/v2\/product"}],"about":[{"href":"https:\/\/www.luleey.com\/es\/wp-json\/wp\/v2\/types\/product"}],"replies":[{"embeddable":true,"href":"https:\/\/www.luleey.com\/es\/wp-json\/wp\/v2\/comments?post=12893"}],"wp:featuredmedia":[{"embeddable":true,"href":"https:\/\/www.luleey.com\/es\/wp-json\/wp\/v2\/media\/12935"}],"wp:attachment":[{"href":"https:\/\/www.luleey.com\/es\/wp-json\/wp\/v2\/media?parent=12893"}],"wp:term":[{"taxonomy":"product_brand","embeddable":true,"href":"https:\/\/www.luleey.com\/es\/wp-json\/wp\/v2\/product_brand?post=12893"},{"taxonomy":"product_cat","embeddable":true,"href":"https:\/\/www.luleey.com\/es\/wp-json\/wp\/v2\/product_cat?post=12893"},{"taxonomy":"product_tag","embeddable":true,"href":"https:\/\/www.luleey.com\/es\/wp-json\/wp\/v2\/product_tag?post=12893"}],"curies":[{"name":"wp","href":"https:\/\/api.w.org\/{rel}","templated":true}]}}