{"id":12897,"date":"2024-07-19T00:58:16","date_gmt":"2024-07-18T16:58:16","guid":{"rendered":"https:\/\/www.luleey.com\/?post_type=product&#038;p=12897"},"modified":"2025-01-14T11:32:04","modified_gmt":"2025-01-14T03:32:04","slug":"4-port-2-5g-ethernet-switch-sfp-unmanaged-switch","status":"publish","type":"product","link":"https:\/\/www.luleey.com\/es\/producto\/4-port-2-5g-ethernet-switch-sfp-unmanaged-switch\/","title":{"rendered":"Conmutador Ethernet SFP+ no gestionado de 4 puertos 2,5G"},"content":{"rendered":"<h3>Caracter\u00edsticas<\/h3>\n<ol>\n<li>Puerto Ethernet de alta velocidad: 4 puertos adaptables 10M\/100M\/1000M\/2,5G<\/li>\n<li>Versi\u00f3n POE opcional: admite el protocolo est\u00e1ndar 802.3AF\/AT, con una potencia m\u00e1xima de 30 W en un solo puerto, lo que ayuda a desplegar redes de seguridad.<\/li>\n<li>Reenv\u00edo de alta velocidad: La integraci\u00f3n interna de la cach\u00e9 de alta capacidad reduce eficazmente la latencia de reenv\u00edo de datos, y todos los puertos pueden lograr un reenv\u00edo de velocidad de l\u00ednea no bloqueante.<\/li>\n<li>Eficaz disipaci\u00f3n del calor: material met\u00e1lico, rejillas de ventilaci\u00f3n de doble cara<\/li>\n<li>Plug and Play: Dependiendo del tipo de cable de red insertado, se puede realizar autom\u00e1ticamente el cambio MDI\/MDIX y se puede negociar autom\u00e1ticamente la eficiencia de los puertos sin necesidad de configuraci\u00f3n.<\/li>\n<li>Velocidad de puertos: 4 puertos de 2,5 Gbps, 2 puertos de enlace ascendente SFP+ de 10 G<\/li>\n<li>Consumo de energ\u00eda de la m\u00e1quina: \u226412W DC12V 1.0A<\/li>\n<\/ol>\n<p><strong>Protecci\u00f3n contra rayos 4KT<\/strong><br \/>\n1. La carcasa del conmutador Ethernet 2.5G est\u00e1 fabricada con l\u00e1minas met\u00e1licas de alta calidad y tiene un efecto de protecci\u00f3n contra rayos de alta resistencia.<br \/>\n2. Puede utilizarse incluso al aire libre en condiciones meteorol\u00f3gicas adversas.<\/p>\n<p><strong>Plug and play, sin necesidad de configuraci\u00f3n<\/strong><br \/>\n1. No requiere ajustes, admite el intercambio en caliente<br \/>\n2. Conecte la fibra \u00f3ptica y el cable de red para utilizar<\/p>\n<p><strong>Amplia gama de aplicaciones<\/strong><br \/>\n1.Hospital<br \/>\n2.Empresa<br \/>\n3. Escuela<br \/>\n4. Supermercado<br \/>\n5. Familia<\/p>\n<h3>Especificaci\u00f3n<\/h3>\n<table width=\"790\">\n<tbody>\n<tr>\n<td>Modelo<\/td>\n<td>LL-ESNM-425GE2SFP+<\/td>\n<\/tr>\n<tr>\n<td width=\"229\">Entrada de alimentaci\u00f3n<\/td>\n<td width=\"561\">\u00a0CA 100-240V<\/td>\n<\/tr>\n<tr>\n<td>Tasa de reenv\u00edo de paquetes<\/td>\n<td>\u00a044,64 Mbps<\/td>\n<\/tr>\n<tr>\n<td>Direcci\u00f3n MAC<\/td>\n<td>\u00a04K<\/td>\n<\/tr>\n<tr>\n<td>Ancho de banda del backplane<\/td>\n<td>\u00a060 Gbps<\/td>\n<\/tr>\n<tr>\n<td>Modo de avance<\/td>\n<td>\u00a0almacenar y reenviar<\/td>\n<\/tr>\n<tr>\n<td>Protocolo de red<\/td>\n<td>\u00a0IEEE802.3 IEEE802.3u IEEE802.3x IEEE802.3ab IEEE802.3bz<\/td>\n<\/tr>\n<tr>\n<td>Requisitos de los medios de red<\/td>\n<td>\u00a010\/100\/1000BASE-TX,Cat 6 y superior par trenzado no apantallado<\/td>\n<\/tr>\n<tr>\n<td>Distancia de transmisi\u00f3n del cable de red<\/td>\n<td>\u00a0inferior o igual a 100 metros<\/td>\n<\/tr>\n<tr>\n<td>Funciones de los puertos de red<\/td>\n<td>\u00a0reenv\u00edo r\u00e1pido, aprendizaje y envejecimiento autom\u00e1ticos de MAC, control de flujo full-duplex IEEE802.3X y control de flujo half-duplex Backpressure<\/td>\n<\/tr>\n<tr>\n<td>Temperatura de trabajo<\/td>\n<td>\u00a0-10\u2103~55\u2103<\/td>\n<\/tr>\n<tr>\n<td>Temperatura de almacenamiento<\/td>\n<td>\u00a0-40\u2103~85\u2103<\/td>\n<\/tr>\n<tr>\n<td>Talla<\/td>\n<td>\u00a0133mm*67mm*33mm(versi\u00f3n de 4 puertos)<\/td>\n<\/tr>\n<\/tbody>\n<\/table>","protected":false},"excerpt":{"rendered":"<p>Conmutador Ethernet 2,5G, el reenv\u00edo a velocidad de l\u00ednea es m\u00e1s fluido<br \/>\n1. Adoptar un mecanismo de reenv\u00edo rural e integrar internamente una cach\u00e9 de alta capacidad.<br \/>\n2. Reducir eficazmente el retraso en el reenv\u00edo de datos y mejorar la eficiencia del reenv\u00edo.<br \/>\n3. Todos los puertos implementan el reenv\u00edo a velocidad de l\u00ednea sin bloqueo, lo que hace m\u00e1s fluida la transmisi\u00f3n de datos.<\/p>","protected":false},"featured_media":12280,"comment_status":"open","ping_status":"closed","template":"","meta":[],"product_brand":[],"product_cat":[356],"product_tag":[124,153,208,322],"class_list":{"0":"post-12897","1":"product","2":"type-product","3":"status-publish","4":"has-post-thumbnail","6":"product_cat-unmanaged-switches","7":"product_tag-2-5g","8":"product_tag-4port","9":"product_tag-ethernet-switch","10":"product_tag-sfp","12":"first","13":"instock","14":"sale","15":"shipping-taxable","16":"purchasable","17":"product-type-variable"},"_links":{"self":[{"href":"https:\/\/www.luleey.com\/es\/wp-json\/wp\/v2\/product\/12897","targetHints":{"allow":["GET"]}}],"collection":[{"href":"https:\/\/www.luleey.com\/es\/wp-json\/wp\/v2\/product"}],"about":[{"href":"https:\/\/www.luleey.com\/es\/wp-json\/wp\/v2\/types\/product"}],"replies":[{"embeddable":true,"href":"https:\/\/www.luleey.com\/es\/wp-json\/wp\/v2\/comments?post=12897"}],"wp:featuredmedia":[{"embeddable":true,"href":"https:\/\/www.luleey.com\/es\/wp-json\/wp\/v2\/media\/12280"}],"wp:attachment":[{"href":"https:\/\/www.luleey.com\/es\/wp-json\/wp\/v2\/media?parent=12897"}],"wp:term":[{"taxonomy":"product_brand","embeddable":true,"href":"https:\/\/www.luleey.com\/es\/wp-json\/wp\/v2\/product_brand?post=12897"},{"taxonomy":"product_cat","embeddable":true,"href":"https:\/\/www.luleey.com\/es\/wp-json\/wp\/v2\/product_cat?post=12897"},{"taxonomy":"product_tag","embeddable":true,"href":"https:\/\/www.luleey.com\/es\/wp-json\/wp\/v2\/product_tag?post=12897"}],"curies":[{"name":"wp","href":"https:\/\/api.w.org\/{rel}","templated":true}]}}