{"id":12976,"date":"2024-07-19T00:59:33","date_gmt":"2024-07-18T16:59:33","guid":{"rendered":"https:\/\/www.luleey.com\/?post_type=product&#038;p=12976"},"modified":"2025-02-20T22:25:17","modified_gmt":"2025-02-20T14:25:17","slug":"plc-splitter-1x2-sc-apc-upc","status":"publish","type":"product","link":"https:\/\/www.luleey.com\/es\/producto\/plc-splitter-1x2-sc-apc-upc\/","title":{"rendered":"PLC Divisor 1\u00d72 SC APC \/ UPC"},"content":{"rendered":"<p><span style=\"font-size: 1.5em; font-weight: bold;\">Especificaci\u00f3n<\/span><\/p>\n<div class=\"MachTrans__textWrap__1NtxT\">\n<div class=\"MachTrans__textWrap__1NtxT\">\n<table style=\"width: 100%; height: 636px;\" width=\"834\">\n<tbody>\n<tr style=\"height: 53px;\">\n<td style=\"height: 53px;\" width=\"273\">Modelo<\/td>\n<td style=\"height: 53px;\" width=\"561\">1\u00d72-0,9MM-SC APC PLC Divisor<\/td>\n<\/tr>\n<tr style=\"height: 53px;\">\n<td style=\"height: 53px;\">Tipo de divisor<\/td>\n<td style=\"height: 53px;\">Divisor PLC<\/td>\n<\/tr>\n<tr style=\"height: 53px;\">\n<td style=\"height: 53px;\">Uso para<\/td>\n<td style=\"height: 53px;\">fibra \u00f3ptica<\/td>\n<\/tr>\n<tr style=\"height: 53px;\">\n<td style=\"height: 53px;\">Red<\/td>\n<td style=\"height: 53px;\">Lan inal\u00e1mbrica, wifi, 4g<\/td>\n<\/tr>\n<tr style=\"height: 53px;\">\n<td style=\"height: 53px;\">Longitud de onda operativa (nm)<\/td>\n<td style=\"height: 53px;\">1260~1650<\/td>\n<\/tr>\n<tr style=\"height: 53px;\">\n<td style=\"height: 53px;\">Tipo de fibra<\/td>\n<td style=\"height: 53px;\">SMF-28e o especificado por el cliente<\/td>\n<\/tr>\n<tr style=\"height: 53px;\">\n<td style=\"height: 53px;\">OEM<\/td>\n<td style=\"height: 53px;\">Aceptable<\/td>\n<\/tr>\n<tr style=\"height: 53px;\">\n<td style=\"height: 53px;\">Marca del chip divisor<\/td>\n<td style=\"height: 53px;\">PPI<\/td>\n<\/tr>\n<tr style=\"height: 53px;\">\n<td style=\"height: 53px;\">Paquete<\/td>\n<td style=\"height: 53px;\">Caja o bolsa<\/td>\n<\/tr>\n<tr style=\"height: 53px;\">\n<td style=\"height: 53px;\">Tipo de conector<\/td>\n<td style=\"height: 53px;\">SC APC \/SC UPC<\/td>\n<\/tr>\n<tr style=\"height: 53px;\">\n<td style=\"height: 53px;\">Aplicaci\u00f3n<\/td>\n<td style=\"height: 53px;\">Telecomunicaciones<\/td>\n<\/tr>\n<tr style=\"height: 53px;\">\n<td style=\"height: 53px;\">Ratio de divisi\u00f3n<\/td>\n<td style=\"height: 53px;\">1\u00d74 <strong>1\u00d72<\/strong> 1\u00d78 1\u00d716 1\u00d732<\/td>\n<\/tr>\n<\/tbody>\n<\/table>\n<\/div>\n<div class=\"MachTrans__text__duH8w\">\n<table style=\"width: 100%;\" border=\"0\" cellspacing=\"0\" cellpadding=\"0\">\n<tbody>\n<tr>\n<td style=\"width: 99.883%;\" colspan=\"14\"><span data-spm-anchor-id=\"a2g0o.detail.1000023.i1.71976ad1iBaGbp\">11xN (con conector)<\/span><\/td>\n<\/tr>\n<tr>\n<td style=\"width: 21.6058%;\" colspan=\"2\">\n<p data-spm-anchor-id=\"a2g0o.detail.1000023.i0.71976ad1iBaGbp\">(N\u00famero de canales)<\/p>\n<\/td>\n<td style=\"width: 5.9176%;\"><strong>1\u00d72<\/strong><\/td>\n<td style=\"width: 5.9176%;\">1\u00d74<\/td>\n<td style=\"width: 6.29213%;\">1\u00d78<\/td>\n<td style=\"width: 6.59176%;\">1\u00d716<\/td>\n<td style=\"width: 7.19101%;\">1\u00d732<\/td>\n<td style=\"width: 6.81648%;\">1\u00d764<\/td>\n<td style=\"width: 6.14232%;\">2\u00d72<\/td>\n<td style=\"width: 6.14232%;\">2\u00d74<\/td>\n<td style=\"width: 6.36704%;\">2\u00d78<\/td>\n<td style=\"width: 6.81648%;\">2\u00d716<\/td>\n<td style=\"width: 7.0412%;\">2\u00d732<\/td>\n<td style=\"width: 7.0412%;\">2\u00d764<\/td>\n<\/tr>\n<tr>\n<td style=\"width: 21.6058%;\" colspan=\"2\">(Longitud de onda operativa)<\/td>\n<td style=\"width: 71.236%;\" colspan=\"11\">1260 a 1650<\/td>\n<td style=\"width: 7.0412%;\"><\/td>\n<\/tr>\n<tr>\n<td style=\"width: 21.6058%;\" colspan=\"2\">Nivel P P\u00e9rdida de Inserci\u00f3n<\/td>\n<td style=\"width: 5.9176%;\">4<\/td>\n<td style=\"width: 5.9176%;\">7.4<\/td>\n<td style=\"width: 6.29213%;\">10.5<\/td>\n<td style=\"width: 6.59176%;\">13.7<\/td>\n<td style=\"width: 7.19101%;\">17<\/td>\n<td style=\"width: 6.81648%;\">20.3<\/td>\n<td style=\"width: 6.14232%;\">4.4<\/td>\n<td style=\"width: 6.14232%;\">7.6<\/td>\n<td style=\"width: 6.36704%;\">10.8<\/td>\n<td style=\"width: 6.81648%;\">14.1<\/td>\n<td style=\"width: 7.0412%;\">17.4<\/td>\n<td style=\"width: 7.0412%;\">20.7<\/td>\n<\/tr>\n<tr>\n<td style=\"width: 21.6058%;\" colspan=\"2\">Nivel S P\u00e9rdida de inserci\u00f3n<\/td>\n<td style=\"width: 5.9176%;\">4.2<\/td>\n<td style=\"width: 5.9176%;\">7.6<\/td>\n<td style=\"width: 6.29213%;\">10.7<\/td>\n<td style=\"width: 6.59176%;\">14<\/td>\n<td style=\"width: 7.19101%;\">17.3<\/td>\n<td style=\"width: 6.81648%;\">20.7<\/td>\n<td style=\"width: 6.14232%;\">4.6<\/td>\n<td style=\"width: 6.14232%;\">7.9<\/td>\n<td style=\"width: 6.36704%;\">11.2<\/td>\n<td style=\"width: 6.81648%;\">15<\/td>\n<td style=\"width: 7.0412%;\">18.1<\/td>\n<td style=\"width: 7.0412%;\">21.7<\/td>\n<\/tr>\n<tr>\n<td style=\"width: 21.6058%;\" colspan=\"2\">(Uniformidad)<\/td>\n<td style=\"width: 5.9176%;\">0.4<\/td>\n<td style=\"width: 5.9176%;\">0.6<\/td>\n<td style=\"width: 6.29213%;\">0.8<\/td>\n<td style=\"width: 6.59176%;\">1<\/td>\n<td style=\"width: 7.19101%;\">1.2<\/td>\n<td style=\"width: 6.81648%;\">1.6<\/td>\n<td style=\"width: 6.14232%;\">0.8<\/td>\n<td style=\"width: 6.14232%;\">1<\/td>\n<td style=\"width: 6.36704%;\">1.2<\/td>\n<td style=\"width: 6.81648%;\">1.5<\/td>\n<td style=\"width: 7.0412%;\">1.8<\/td>\n<td style=\"width: 7.0412%;\">2<\/td>\n<\/tr>\n<tr>\n<td style=\"width: 21.6058%;\" colspan=\"2\">(PDL)<\/td>\n<td style=\"width: 5.9176%;\">0.2<\/td>\n<td style=\"width: 5.9176%;\" data-spm-anchor-id=\"a2g0o.detail.1000023.i2.33868oAq8oAqiX\">0.3<\/td>\n<td style=\"width: 6.29213%;\">0.3<\/td>\n<td style=\"width: 6.59176%;\">0.3<\/td>\n<td style=\"width: 7.19101%;\">0.3<\/td>\n<td style=\"width: 6.81648%;\">0.5<\/td>\n<td style=\"width: 6.14232%;\">0.3<\/td>\n<td style=\"width: 6.14232%;\">0.3<\/td>\n<td style=\"width: 6.36704%;\">0.3<\/td>\n<td style=\"width: 6.81648%;\">0.3<\/td>\n<td style=\"width: 7.0412%;\">0.3<\/td>\n<td style=\"width: 7.0412%;\">0.5<\/td>\n<\/tr>\n<tr>\n<td style=\"width: 21.6058%;\" colspan=\"2\">(P\u00e9rdida de retorno)<\/td>\n<td style=\"width: 78.2772%;\" colspan=\"12\">m\u00e1s del 55<\/td>\n<\/tr>\n<tr>\n<td style=\"width: 21.6058%;\" colspan=\"2\">(Directividad)<\/td>\n<td style=\"width: 78.2772%;\" colspan=\"12\">m\u00e1s del 55<\/td>\n<\/tr>\n<tr>\n<td style=\"width: 21.6058%;\" colspan=\"2\">(Tipo de fibra)<\/td>\n<td style=\"width: 78.2772%;\" colspan=\"12\">UIT G657A<\/td>\n<\/tr>\n<tr>\n<td style=\"width: 21.6058%;\" colspan=\"2\">(Temperatura de funcionamiento)<\/td>\n<td style=\"width: 78.2772%;\" colspan=\"12\">-40 a 85\u2103<\/td>\n<\/tr>\n<tr>\n<td style=\"width: 21.6058%;\" colspan=\"2\">(Longitud de la coleta)<\/td>\n<td style=\"width: 78.2772%;\" colspan=\"12\">1m(por defecto) o personalizado<\/td>\n<\/tr>\n<\/tbody>\n<\/table>\n<p>&nbsp;<\/p>\n<\/div>\n<\/div>","protected":false},"excerpt":{"rendered":"<p>La funci\u00f3n de un PLC (Divisor \u00d3ptico Pasivo) en una red \u00f3ptica es dividir la se\u00f1al \u00f3ptica de un \u00fanico puerto de entrada en m\u00faltiples puertos de salida.El divisor PLC es un componente \u00f3ptico pasivo clave que permite la distribuci\u00f3n y enrutamiento eficientes de se\u00f1ales \u00f3pticas en redes de comunicaci\u00f3n de fibra \u00f3ptica, apoyando la prestaci\u00f3n de servicios a m\u00faltiples usuarios a trav\u00e9s de una infraestructura compartida.<\/p>","protected":false},"featured_media":12990,"comment_status":"open","ping_status":"closed","template":"","meta":[],"product_brand":[],"product_cat":[366],"product_tag":[118,306,308,326],"class_list":{"0":"post-12976","1":"product","2":"type-product","3":"status-publish","4":"has-post-thumbnail","6":"product_cat-optical-splitters-and-splitter-box","7":"product_tag-1x2","8":"product_tag-sc-apc","9":"product_tag-sc-upc","10":"product_tag-splitter","12":"first","13":"instock","14":"shipping-taxable","15":"purchasable","16":"product-type-variable"},"_links":{"self":[{"href":"https:\/\/www.luleey.com\/es\/wp-json\/wp\/v2\/product\/12976","targetHints":{"allow":["GET"]}}],"collection":[{"href":"https:\/\/www.luleey.com\/es\/wp-json\/wp\/v2\/product"}],"about":[{"href":"https:\/\/www.luleey.com\/es\/wp-json\/wp\/v2\/types\/product"}],"replies":[{"embeddable":true,"href":"https:\/\/www.luleey.com\/es\/wp-json\/wp\/v2\/comments?post=12976"}],"wp:featuredmedia":[{"embeddable":true,"href":"https:\/\/www.luleey.com\/es\/wp-json\/wp\/v2\/media\/12990"}],"wp:attachment":[{"href":"https:\/\/www.luleey.com\/es\/wp-json\/wp\/v2\/media?parent=12976"}],"wp:term":[{"taxonomy":"product_brand","embeddable":true,"href":"https:\/\/www.luleey.com\/es\/wp-json\/wp\/v2\/product_brand?post=12976"},{"taxonomy":"product_cat","embeddable":true,"href":"https:\/\/www.luleey.com\/es\/wp-json\/wp\/v2\/product_cat?post=12976"},{"taxonomy":"product_tag","embeddable":true,"href":"https:\/\/www.luleey.com\/es\/wp-json\/wp\/v2\/product_tag?post=12976"}],"curies":[{"name":"wp","href":"https:\/\/api.w.org\/{rel}","templated":true}]}}