{"id":12984,"date":"2024-07-19T00:59:35","date_gmt":"2024-07-18T16:59:35","guid":{"rendered":"https:\/\/www.luleey.com\/?post_type=product&#038;p=12984"},"modified":"2025-07-28T10:06:35","modified_gmt":"2025-07-28T02:06:35","slug":"ll-s2-rechargeable-fiber-optic-identifier","status":"publish","type":"product","link":"https:\/\/www.luleey.com\/es\/producto\/ll-s2-rechargeable-fiber-optic-identifier\/","title":{"rendered":"Identificador de fibra \u00f3ptica recargable LL-S2"},"content":{"rendered":"<h3>Caracter\u00edsticas<\/h3>\n<ol>\n<li>Trabajo con una sola pulsaci\u00f3n<\/li>\n<li>Pantalla en color<\/li>\n<li>Indicaci\u00f3n de la direcci\u00f3n de la fibra, visualizaci\u00f3n de la direcci\u00f3n izquierda y derecha<\/li>\n<li>Fijaci\u00f3n universal de fibra \u00f3ptica, \u03a63mm, \u03a62mm \u03a6900\u03bcm, \u03a6250\u03bcm.<\/li>\n<li>Soporta monomodo y multimodo<\/li>\n<li>Soporta 270Hz, 1kHz, 2kHz<\/li>\n<li>Soporta iluminaci\u00f3n LED<\/li>\n<li>Soporta VFL, fuente de luz roja de detecci\u00f3n de fallos<\/li>\n<li>Dise\u00f1o del cuerpo a prueba de ca\u00eddas<\/li>\n<\/ol>\n<h3>Especificaci\u00f3n<\/h3>\n<table width=\"413\">\n<tbody>\n<tr>\n<td width=\"173\">Modelo<\/td>\n<td width=\"240\">LL-S2<\/td>\n<\/tr>\n<tr>\n<td>Longitud de onda de funcionamiento (nm)<\/td>\n<td>\u00a0850 a 1700<\/td>\n<\/tr>\n<tr>\n<td>Tipo de sonda<\/td>\n<td>\u00a0InGaAs<\/td>\n<\/tr>\n<tr>\n<td>Tipo de motor<\/td>\n<td>\u00a0Motor CC<\/td>\n<\/tr>\n<tr>\n<td>Mostrar<\/td>\n<td>\u00a0Pantalla en color FTF de 2,4 pulgadas<\/td>\n<\/tr>\n<tr>\n<td>Tipo de adaptador (mm)<\/td>\n<td>\u00a0\u03a63mm, \u03a62mm \u03a6900\u03bcm, \u03a6250\u03bcm<\/td>\n<\/tr>\n<tr>\n<td>Frecuencia de modulaci\u00f3n (Hz)<\/td>\n<td>CW,270,1K,2K<\/td>\n<\/tr>\n<tr>\n<td>Indicaci\u00f3n del sentido de la se\u00f1al<\/td>\n<td>\u00a0Izquierda\/Derecha, parte superior de la pantalla, indicaci\u00f3n de direcci\u00f3n<\/td>\n<\/tr>\n<tr>\n<td>Rango de comprobaci\u00f3n de la se\u00f1al (dBm, CW\/0,9 mm)<\/td>\n<td>\u00a0-40~+10(1550nm)-30~+10(1310nm)<\/td>\n<\/tr>\n<tr>\n<td>Rango de comprobaci\u00f3n de la potencia de la se\u00f1al<\/td>\n<td>\u00a0-40~+10<\/td>\n<\/tr>\n<tr>\n<td>Rango de comprobaci\u00f3n de frecuencia (dBm, media)<\/td>\n<td>\u00a0-35~+10<\/td>\n<\/tr>\n<tr>\n<td>P\u00e9rdida de inserci\u00f3n (dBm, t\u00edpica)<\/td>\n<td>\u00a00,8(1310nm), 2,5(1550nm)<\/td>\n<\/tr>\n<tr>\n<td>Alimentaci\u00f3n<\/td>\n<td>\u00a0Bater\u00eda de litio recargable<\/td>\n<\/tr>\n<tr>\n<td>Tensi\u00f3n de carga (V)<\/td>\n<td>5<\/td>\n<\/tr>\n<tr>\n<td>Corriente de carga(A)<\/td>\n<td>\u00a0&lt;1.6<\/td>\n<\/tr>\n<tr>\n<td>Corriente de desconexi\u00f3n (\u03bcA)<\/td>\n<td>18<\/td>\n<\/tr>\n<tr>\n<td>Tiempo de funcionamiento (carga completa)<\/td>\n<td>\u00a0\u2265600 veces<\/td>\n<\/tr>\n<tr>\n<td>Capacidad de la bater\u00eda de iones de litio (mAh)<\/td>\n<td>800<\/td>\n<\/tr>\n<tr>\n<td>Temperatura de funcionamiento (\u2103)<\/td>\n<td>\u00a0-10~60<\/td>\n<\/tr>\n<tr>\n<td>Temperatura de almacenamiento (\u2103)<\/td>\n<td>\u00a0-25~70<\/td>\n<\/tr>\n<tr>\n<td>Desconexi\u00f3n autom\u00e1tica (min)<\/td>\n<td>10<\/td>\n<\/tr>\n<tr>\n<td>Tama\u00f1o (mm)<\/td>\n<td>\u00a0160*50*35<\/td>\n<\/tr>\n<\/tbody>\n<\/table>","protected":false},"excerpt":{"rendered":"<p>LL-S2=Identificador de Fibra \u00d3ptica+VFL+Fijaci\u00f3n de Fibra \u00d3ptica 4 en 1+LED+Bater\u00eda de Litio+Carga USD+Pantalla en color HD+Bot\u00f3n de un toque<\/p>","protected":false},"featured_media":12356,"comment_status":"open","ping_status":"closed","template":"","meta":[],"product_brand":[],"product_cat":[369],"product_tag":[225,248,252],"class_list":{"0":"post-12984","1":"product","2":"type-product","3":"status-publish","4":"has-post-thumbnail","6":"product_cat-fiber-optic-identifier-and-tdr-and-vdsl-testers","7":"product_tag-fiber-optic-identifier","8":"product_tag-lithium-battery","9":"product_tag-ll-s2","11":"first","12":"instock","13":"shipping-taxable","14":"purchasable","15":"product-type-simple"},"_links":{"self":[{"href":"https:\/\/www.luleey.com\/es\/wp-json\/wp\/v2\/product\/12984","targetHints":{"allow":["GET"]}}],"collection":[{"href":"https:\/\/www.luleey.com\/es\/wp-json\/wp\/v2\/product"}],"about":[{"href":"https:\/\/www.luleey.com\/es\/wp-json\/wp\/v2\/types\/product"}],"replies":[{"embeddable":true,"href":"https:\/\/www.luleey.com\/es\/wp-json\/wp\/v2\/comments?post=12984"}],"wp:featuredmedia":[{"embeddable":true,"href":"https:\/\/www.luleey.com\/es\/wp-json\/wp\/v2\/media\/12356"}],"wp:attachment":[{"href":"https:\/\/www.luleey.com\/es\/wp-json\/wp\/v2\/media?parent=12984"}],"wp:term":[{"taxonomy":"product_brand","embeddable":true,"href":"https:\/\/www.luleey.com\/es\/wp-json\/wp\/v2\/product_brand?post=12984"},{"taxonomy":"product_cat","embeddable":true,"href":"https:\/\/www.luleey.com\/es\/wp-json\/wp\/v2\/product_cat?post=12984"},{"taxonomy":"product_tag","embeddable":true,"href":"https:\/\/www.luleey.com\/es\/wp-json\/wp\/v2\/product_tag?post=12984"}],"curies":[{"name":"wp","href":"https:\/\/api.w.org\/{rel}","templated":true}]}}