{"id":13028,"date":"2024-07-19T01:00:26","date_gmt":"2024-07-18T17:00:26","guid":{"rendered":"https:\/\/www.luleey.com\/?post_type=product&#038;p=13028"},"modified":"2025-09-17T23:55:13","modified_gmt":"2025-09-17T15:55:13","slug":"fc-square-bare-fiber-adapter-flange-temporary-splice-otdr-test-bare-fiber-coupler","status":"publish","type":"product","link":"https:\/\/www.luleey.com\/es\/producto\/fc-square-bare-fiber-adapter-flange-temporary-splice-otdr-test-bare-fiber-coupler\/","title":{"rendered":"FC Cuadrado de fibra desnuda Adaptador Brida Empalme Temporal OTDR Prueba de fibra desnuda Acoplador Convertidor"},"content":{"rendered":"<div class=\"title--wrap--Ms9Zv4A\"><\/div>\n<h3>Caracter\u00edsticas<\/h3>\n<ol>\n<li>Estructura de conector, f\u00e1cil de usar.<\/li>\n<li>Los m\u00f3dulos de enchufe y conector pueden sustituirse.<\/li>\n<li>El di\u00e1metro del orificio de inserci\u00f3n puede personalizarse.<\/li>\n<li>Cumplimiento de las normas IEC y ROHS.<\/li>\n<li>Funcionamiento m\u00e1s de 10000 veces.<\/li>\n<li>Alta precisi\u00f3n de las dimensiones mec\u00e1nicas.<\/li>\n<\/ol>\n<h3>Especificaci\u00f3n<\/h3>\n<table style=\"width: 100%; height: 538px;\" width=\"323\">\n<tbody>\n<tr>\n<td>Marca<\/td>\n<td>LuLeey<\/td>\n<\/tr>\n<tr style=\"height: 53px;\">\n<td style=\"height: 53px;\" width=\"101\">Modelo<\/td>\n<td style=\"height: 53px;\" width=\"222\">FC Adaptador cuadrado de fibra desnuda<\/td>\n<\/tr>\n<tr style=\"height: 53px;\">\n<td style=\"height: 53px;\">Tipo de adaptador<\/td>\n<td style=\"height: 53px;\">FC<\/td>\n<\/tr>\n<tr style=\"height: 53px;\">\n<td style=\"height: 53px;\">P\u00e9rdida de inserci\u00f3n<\/td>\n<td style=\"height: 53px;\">\u22640,2dB<\/td>\n<\/tr>\n<tr style=\"height: 379px;\">\n<td style=\"height: 379px;\">Tama\u00f1o del di\u00e1metro del orificio de inserci\u00f3n<\/td>\n<td style=\"height: 379px;\">60u<br \/>\n80u<br \/>\n100u<br \/>\n126u<br \/>\n130u<br \/>\n150u<br \/>\n200u<br \/>\n250u<br \/>\n300u<br \/>\n400u<br \/>\n550u<br \/>\n600u<\/td>\n<\/tr>\n<\/tbody>\n<\/table>","protected":false},"excerpt":{"rendered":"<p>El adaptador \u00f3ptico de fibra desnuda FC cuadrado es una herramienta auxiliar sencilla para pruebas de fibra \u00f3ptica. La f\u00e9rula del adaptador de fibra desnuda y la fibra \u00f3ptica a trav\u00e9s del agujero est\u00e1n libres de pegamento epoxi y cualquier medio, que es f\u00e1cil de insertar, sacar y repetir m\u00faltiples usos de la fibra desnuda. Y tiene menor p\u00e9rdida de inserci\u00f3n.<\/p>\n<p align=\"left\" data-spm-anchor-id=\"a2g0o.detail.1000023.i0.4d2cypM0ypM0kd\">El adaptador de fibra desnuda FC permite realizar r\u00e1pida y f\u00e1cilmente conexiones FC temporales de fibras monomodo. Este adaptador es muy \u00fatil para conectar fibras a medidores de potencia. reflect\u00f3metros \u00f3pticos de dominio temporal (OTDR) y una gran variedad de otros instrumentos, lo que permite realizar pruebas funcionales in situ sin tener que acoplar un conector permanente.<\/p>\n<div><\/div>\n<div><\/div>\n<div><\/div>\n<div><\/div>\n<p>&nbsp;<\/p>","protected":false},"featured_media":13055,"comment_status":"open","ping_status":"closed","template":"","meta":[],"product_brand":[],"product_cat":[365],"product_tag":[186,213,275],"class_list":{"0":"post-13028","1":"product","2":"type-product","3":"status-publish","4":"has-post-thumbnail","6":"product_cat-optical-adapters-and-flange-connectors-and-attenuator","7":"product_tag-bare-fiber","8":"product_tag-fc","9":"product_tag-optical-adapter","11":"first","12":"instock","13":"shipping-taxable","14":"purchasable","15":"product-type-variable"},"_links":{"self":[{"href":"https:\/\/www.luleey.com\/es\/wp-json\/wp\/v2\/product\/13028","targetHints":{"allow":["GET"]}}],"collection":[{"href":"https:\/\/www.luleey.com\/es\/wp-json\/wp\/v2\/product"}],"about":[{"href":"https:\/\/www.luleey.com\/es\/wp-json\/wp\/v2\/types\/product"}],"replies":[{"embeddable":true,"href":"https:\/\/www.luleey.com\/es\/wp-json\/wp\/v2\/comments?post=13028"}],"wp:featuredmedia":[{"embeddable":true,"href":"https:\/\/www.luleey.com\/es\/wp-json\/wp\/v2\/media\/13055"}],"wp:attachment":[{"href":"https:\/\/www.luleey.com\/es\/wp-json\/wp\/v2\/media?parent=13028"}],"wp:term":[{"taxonomy":"product_brand","embeddable":true,"href":"https:\/\/www.luleey.com\/es\/wp-json\/wp\/v2\/product_brand?post=13028"},{"taxonomy":"product_cat","embeddable":true,"href":"https:\/\/www.luleey.com\/es\/wp-json\/wp\/v2\/product_cat?post=13028"},{"taxonomy":"product_tag","embeddable":true,"href":"https:\/\/www.luleey.com\/es\/wp-json\/wp\/v2\/product_tag?post=13028"}],"curies":[{"name":"wp","href":"https:\/\/api.w.org\/{rel}","templated":true}]}}