{"id":13109,"date":"2024-07-19T01:01:22","date_gmt":"2024-07-18T17:01:22","guid":{"rendered":"https:\/\/www.luleey.com\/?post_type=product&#038;p=13109"},"modified":"2025-02-20T22:26:26","modified_gmt":"2025-02-20T14:26:26","slug":"headless-plc-fibre-optic-splitter-no-connector-mini-plc-steel-tube-1x16","status":"publish","type":"product","link":"https:\/\/www.luleey.com\/es\/producto\/headless-plc-fibre-optic-splitter-no-connector-mini-plc-steel-tube-1x16\/","title":{"rendered":"Divisor de fibra \u00f3ptica PLC sin cabeza, sin conector, minitubo de acero PLC, 1\u00d716"},"content":{"rendered":"<h3>Caracter\u00edsticas<\/h3>\n<ol>\n<li>Excelente mec\u00e1nica, tama\u00f1o peque\u00f1o.<\/li>\n<li>Alta fiabilidad.<\/li>\n<li>Baja p\u00e9rdida de inserci\u00f3n y baja p\u00e9rdida dependiente de la polarizaci\u00f3n.<\/li>\n<li>Gran n\u00famero de canales.<\/li>\n<li>Excelente estabilidad medioambiental y amplio uso.<\/li>\n<li>Escenarios de uso:FTTx(GPON\/BPON\/EPON).Televisi\u00f3n por cable (CATV).Redes de \u00e1rea local (LAN).Equipos de prueba.Redes \u00f3pticas pasivas (PON).<\/li>\n<\/ol>\n<h3>Especificaci\u00f3n<\/h3>\n<table width=\"1323\">\n<tbody>\n<tr>\n<td width=\"211\">Nombre del producto<\/td>\n<td colspan=\"7\" width=\"1112\">Divisor de fibra \u00f3ptica PLC sin cabezal<\/td>\n<\/tr>\n<tr>\n<td>Nombre del modelo<\/td>\n<td colspan=\"7\">LL-headless-PLC-SPLITTER<\/td>\n<\/tr>\n<tr>\n<td>Marca<\/td>\n<td colspan=\"7\">LuLeey<\/td>\n<\/tr>\n<tr>\n<td>Longitud de onda operativa<\/td>\n<td colspan=\"7\">1260~1650(nm)<\/td>\n<\/tr>\n<tr>\n<td>Tipo de fibra<\/td>\n<td colspan=\"7\">G657A1<\/td>\n<\/tr>\n<tr>\n<td>Configuraci\u00f3n de puertos<\/td>\n<td>1\u00d72<\/td>\n<td>1\u00d74<\/td>\n<td>1\u00d78<\/td>\n<td>1\u00d716<\/td>\n<td>1\u00d732<\/td>\n<td>1\u00d764<\/td>\n<td>1\u00d7128<\/td>\n<\/tr>\n<tr>\n<td>P\u00e9rdida de inserci\u00f3n (dB)<\/td>\n<td>3.8\/4.0<\/td>\n<td>7.1\/7.3<\/td>\n<td>10.2\/10.5<\/td>\n<td>13.5\/13.7<\/td>\n<td>16.5\/16.9<\/td>\n<td>20.5\/21.0<\/td>\n<td>23.8\/24.2<\/td>\n<\/tr>\n<tr>\n<td>Uniformidad de p\u00e9rdidas (dB)<\/td>\n<td>0.4<\/td>\n<td>0.6<\/td>\n<td>0.8<\/td>\n<td>1.2<\/td>\n<td>1.5<\/td>\n<td>2<\/td>\n<td>2.5<\/td>\n<\/tr>\n<tr>\n<td>P\u00e9rdidas en funci\u00f3n de la polarizaci\u00f3n (dB)<\/td>\n<td>0.2<\/td>\n<td>0.2<\/td>\n<td>0.2<\/td>\n<td>0.25<\/td>\n<td>0.3<\/td>\n<td>0.35<\/td>\n<td>0.4<\/td>\n<\/tr>\n<tr>\n<td>P\u00e9rdidas en funci\u00f3n de la longitud de onda (dB)<\/td>\n<td>0.3<\/td>\n<td>0.3<\/td>\n<td>0.3<\/td>\n<td>0.5<\/td>\n<td>0.5<\/td>\n<td>0.5<\/td>\n<td>0.5<\/td>\n<\/tr>\n<tr>\n<td>P\u00e9rdidas en funci\u00f3n de la temperatura (-40~85 ) (dB)<\/td>\n<td>0.4<\/td>\n<td>0.4<\/td>\n<td>0.4<\/td>\n<td>0.5<\/td>\n<td>0.5<\/td>\n<td>0.5<\/td>\n<td>0.5<\/td>\n<\/tr>\n<tr>\n<td>P\u00e9rdida de retorno (dB)<\/td>\n<td colspan=\"7\">55\/50<\/td>\n<\/tr>\n<tr>\n<td>Directividad (dB)<\/td>\n<td colspan=\"7\">&gt; 55<\/td>\n<\/tr>\n<tr>\n<td>Temperatura de funcionamiento y almacenamiento (\u00b0C)<\/td>\n<td colspan=\"7\">-40-80<\/td>\n<\/tr>\n<\/tbody>\n<\/table>","protected":false},"excerpt":{"rendered":"<p>El divisor de fibra \u00f3ptica PLC sin cabeza es un dispositivo integrado de distribuci\u00f3n de potencia \u00f3ptica de gu\u00eda de ondas basado en sustrato de cuarzo, de peque\u00f1o tama\u00f1o, amplia gama de longitudes de onda operativas, alta fiabilidad, buena uniformidad, etc., especialmente adecuado para redes \u00f3pticas pasivas (EPON, BPON, GPON, etc.) en la conexi\u00f3n entre la oficina local y el equipo terminal y para lograr la divisi\u00f3n de se\u00f1ales \u00f3pticas, actualmente disponible en dos tipos: 1 \u00d7 N y 2 \u00d7 N. 1 \u00d7 N y 2 \u00d7 N divisores dividir uniformemente la se\u00f1al \u00f3ptica de una entrada \u00fanica o doble a m\u00faltiples salidas, o revertir el trabajo de m\u00faltiples se\u00f1ales \u00f3pticas convergieron en un n\u00famero de outlets.Currently hay dos tipos de 1 \u00d7 N y 2 \u00d7 N. 1 \u00d7 N y 2 \u00d7 N divisor ser\u00e1 uniforme se\u00f1al \u00f3ptica de una entrada \u00fanica o doble dividido uniformemente en m\u00faltiples salidas, o revertir el trabajo de m\u00faltiples se\u00f1ales \u00f3pticas en una fibra \u00fanica o doble.<\/p>","protected":false},"featured_media":13124,"comment_status":"open","ping_status":"closed","template":"","meta":[],"product_brand":[],"product_cat":[366],"product_tag":[117,234,274,288],"class_list":{"0":"post-13109","1":"product","2":"type-product","3":"status-publish","4":"has-post-thumbnail","6":"product_cat-optical-splitters-and-splitter-box","7":"product_tag-1x16","8":"product_tag-headless-splitter","9":"product_tag-optic-splitter","10":"product_tag-plc-splitter","12":"first","13":"instock","14":"shipping-taxable","15":"purchasable","16":"product-type-variable"},"_links":{"self":[{"href":"https:\/\/www.luleey.com\/es\/wp-json\/wp\/v2\/product\/13109","targetHints":{"allow":["GET"]}}],"collection":[{"href":"https:\/\/www.luleey.com\/es\/wp-json\/wp\/v2\/product"}],"about":[{"href":"https:\/\/www.luleey.com\/es\/wp-json\/wp\/v2\/types\/product"}],"replies":[{"embeddable":true,"href":"https:\/\/www.luleey.com\/es\/wp-json\/wp\/v2\/comments?post=13109"}],"wp:featuredmedia":[{"embeddable":true,"href":"https:\/\/www.luleey.com\/es\/wp-json\/wp\/v2\/media\/13124"}],"wp:attachment":[{"href":"https:\/\/www.luleey.com\/es\/wp-json\/wp\/v2\/media?parent=13109"}],"wp:term":[{"taxonomy":"product_brand","embeddable":true,"href":"https:\/\/www.luleey.com\/es\/wp-json\/wp\/v2\/product_brand?post=13109"},{"taxonomy":"product_cat","embeddable":true,"href":"https:\/\/www.luleey.com\/es\/wp-json\/wp\/v2\/product_cat?post=13109"},{"taxonomy":"product_tag","embeddable":true,"href":"https:\/\/www.luleey.com\/es\/wp-json\/wp\/v2\/product_tag?post=13109"}],"curies":[{"name":"wp","href":"https:\/\/api.w.org\/{rel}","templated":true}]}}