{"id":13121,"date":"2024-07-19T01:01:25","date_gmt":"2024-07-18T17:01:25","guid":{"rendered":"https:\/\/www.luleey.com\/?post_type=product&#038;p=13121"},"modified":"2024-12-14T22:38:36","modified_gmt":"2024-12-14T14:38:36","slug":"fiber-optic-fusion-splicer-heat-shrink-tubing-double-needle","status":"publish","type":"product","link":"https:\/\/www.luleey.com\/es\/producto\/fiber-optic-fusion-splicer-heat-shrink-tubing-double-needle\/","title":{"rendered":"Fusionadora de fibra \u00f3ptica Tubo termorretr\u00e1ctil, doble aguja"},"content":{"rendered":"<h3>Caracter\u00edsticas<\/h3>\n<ol>\n<li>Dise\u00f1o de chafl\u00e1n de aguja de acero: evita da\u00f1ar la pared interior del manguito de fusi\u00f3n t\u00e9rmica, antiest\u00e1tico, pared antiadherente, fuerte protecci\u00f3n.<\/li>\n<li>Resistencia a la temperatura y a la humedad: Despu\u00e9s de la contracci\u00f3n por calor de la tuber\u00eda de fusi\u00f3n en caliente, tiene buenas caracter\u00edsticas de resistencia a altas temperaturas y resistencia a la humedad.<\/li>\n<li>No obstruye la transmisi\u00f3n por fibra \u00f3ptica.<\/li>\n<li>Proteja el punto de empalme, mejore la practicidad.<\/li>\n<li>Funcionamiento sencillo, reduce los da\u00f1os a la fibra \u00f3ptica durante la instalaci\u00f3n.<\/li>\n<li>Manguito de fusi\u00f3n en caliente transparente, el estado de empalme de la fibra \u00f3ptica se puede ver de un vistazo.<\/li>\n<li>R\u00e1pida velocidad de retracci\u00f3n, construcci\u00f3n c\u00f3moda y r\u00e1pida.<\/li>\n<li>Agujas de acero inoxidable 304, no se oxidan<\/li>\n<li>Tubo termorretr\u00e1ctil para empalme por fusi\u00f3n de fibra \u00f3ptica con doble aguja<\/li>\n<\/ol>\n<h3>Especificaci\u00f3n<\/h3>\n<table style=\"width: 1334px;\" width=\"323\">\n<tbody>\n<tr>\n<td style=\"width: 481px;\" width=\"101\">Nombre<\/td>\n<td style=\"width: 853px;\" width=\"222\">Fusionadora de fibra \u00f3ptica de doble aguja Tubo termorretr\u00e1ctil<\/td>\n<\/tr>\n<tr>\n<td style=\"width: 481px;\">Modelo<\/td>\n<td style=\"width: 853px;\">Tubo termorretr\u00e1ctil LL-D<\/td>\n<\/tr>\n<tr>\n<td style=\"width: 481px;\">Marca<\/td>\n<td style=\"width: 853px;\">\u00a0LuLeey<\/td>\n<\/tr>\n<tr>\n<td style=\"width: 481px;\">Material de la aguja de acero<\/td>\n<td style=\"width: 853px;\">\u00a0Acero inoxidable SUS 304<\/td>\n<\/tr>\n<tr>\n<td style=\"width: 481px;\">Especificaci\u00f3n de la aguja de acero<\/td>\n<td style=\"width: 853px;\">\u00a0di\u00e1metro 1,2 mm<\/td>\n<\/tr>\n<tr>\n<td style=\"width: 481px;\">Longitud de la aguja de acero<\/td>\n<td style=\"width: 853px;\">\u00a055 mm<\/td>\n<\/tr>\n<tr>\n<td style=\"width: 481px;\">Material del tubo<\/td>\n<td style=\"width: 853px;\">\u00a0material PE de protecci\u00f3n medioambiental<\/td>\n<\/tr>\n<tr>\n<td style=\"width: 481px;\">Longitud del tubo<\/td>\n<td style=\"width: 853px;\">\u00a060 mm<\/td>\n<\/tr>\n<tr>\n<td style=\"width: 481px;\">Di\u00e1metro exterior de la pared<\/td>\n<td style=\"width: 853px;\">\u00a05,5 mm<\/td>\n<\/tr>\n<tr>\n<td style=\"width: 481px;\">Di\u00e1metro interior de la pared<\/td>\n<td style=\"width: 853px;\">\u00a03,8 mm<\/td>\n<\/tr>\n<tr>\n<td style=\"width: 481px;\">Color<\/td>\n<td style=\"width: 853px;\">\u00a0transparente<\/td>\n<\/tr>\n<tr>\n<td style=\"width: 481px;\">Temperatura de trabajo<\/td>\n<td style=\"width: 853px;\">\u00a0-55~105\u2103<\/td>\n<\/tr>\n<\/tbody>\n<\/table>","protected":false},"excerpt":{"rendered":"<p>El dise\u00f1o de chafl\u00e1n de aguja de acero es crucial para proteger la pared interior del tubo termorretr\u00e1ctil durante el empalme de fibra \u00f3ptica. Nuestro dise\u00f1o garantiza propiedades antiest\u00e1ticas y antiadherentes de la pared, proporcionando una fuerte protecci\u00f3n sin obstruir la transmisi\u00f3n de la fibra \u00f3ptica. El tubo termorretr\u00e1ctil para empalme por fusi\u00f3n de fibra \u00f3ptica, una vez termorretr\u00e1ctil, presenta una excelente resistencia a la temperatura y a la humedad, salvaguardando el punto de empalme y mejorando la practicidad. Con un funcionamiento sencillo y una r\u00e1pida velocidad de retracci\u00f3n, nuestros manguitos termorretr\u00e1ctiles transparentes permiten una construcci\u00f3n c\u00f3moda y r\u00e1pida, al tiempo que facilitan la visibilidad del estado del empalme de fibra \u00f3ptica. Adem\u00e1s, las agujas de acero inoxidable 304 garantizan la resistencia a la oxidaci\u00f3n, asegurando a\u00fan m\u00e1s la integridad del proceso de empalme.<\/p>","protected":false},"featured_media":13131,"comment_status":"open","ping_status":"closed","template":"","meta":[],"product_brand":[],"product_cat":[790],"product_tag":[226,235],"class_list":{"0":"post-13121","1":"product","2":"type-product","3":"status-publish","4":"has-post-thumbnail","6":"product_cat-fiber-optic-fusion-splicer","7":"product_tag-fusion-splicer","8":"product_tag-heat-shrink-tubing","10":"first","11":"instock","12":"shipping-taxable","13":"purchasable","14":"product-type-variable"},"_links":{"self":[{"href":"https:\/\/www.luleey.com\/es\/wp-json\/wp\/v2\/product\/13121","targetHints":{"allow":["GET"]}}],"collection":[{"href":"https:\/\/www.luleey.com\/es\/wp-json\/wp\/v2\/product"}],"about":[{"href":"https:\/\/www.luleey.com\/es\/wp-json\/wp\/v2\/types\/product"}],"replies":[{"embeddable":true,"href":"https:\/\/www.luleey.com\/es\/wp-json\/wp\/v2\/comments?post=13121"}],"wp:featuredmedia":[{"embeddable":true,"href":"https:\/\/www.luleey.com\/es\/wp-json\/wp\/v2\/media\/13131"}],"wp:attachment":[{"href":"https:\/\/www.luleey.com\/es\/wp-json\/wp\/v2\/media?parent=13121"}],"wp:term":[{"taxonomy":"product_brand","embeddable":true,"href":"https:\/\/www.luleey.com\/es\/wp-json\/wp\/v2\/product_brand?post=13121"},{"taxonomy":"product_cat","embeddable":true,"href":"https:\/\/www.luleey.com\/es\/wp-json\/wp\/v2\/product_cat?post=13121"},{"taxonomy":"product_tag","embeddable":true,"href":"https:\/\/www.luleey.com\/es\/wp-json\/wp\/v2\/product_tag?post=13121"}],"curies":[{"name":"wp","href":"https:\/\/api.w.org\/{rel}","templated":true}]}}