{"id":14391,"date":"2024-08-07T22:34:49","date_gmt":"2024-08-07T14:34:49","guid":{"rendered":"https:\/\/www.luleey.com\/?post_type=product&#038;p=14391"},"modified":"2025-09-12T22:46:35","modified_gmt":"2025-09-12T14:46:35","slug":"110-impact-punch-down-tool-with-110-blade","status":"publish","type":"product","link":"https:\/\/www.luleey.com\/es\/producto\/110-impact-punch-down-tool-with-110-blade\/","title":{"rendered":"Punz\u00f3n de impacto 110 con cuchilla 110"},"content":{"rendered":"<p>Cable de red m\u00f3dulo de red batidor de cable panel de salida 110 cuadro de distribuci\u00f3n crimpadora de l\u00ednea telef\u00f3nica cortador de cable multifuncional<\/p>\n<h3>Caracter\u00edsticas<\/h3>\n<ol>\n<li>Cable de red m\u00f3dulo de red batidor de cable panel de salida 110 cuadro de distribuci\u00f3n crimpadora de l\u00ednea telef\u00f3nica cortadora de cable multifuncionalDoble cabezal de corte.<\/li>\n<li>Acero de alta calidad.<\/li>\n<li>Elimina f\u00e1cilmente los cables no deseados.<\/li>\n<li>La estructura de la herramienta se divide en un cuerpo principal con un mecanismo de impacto en el interior y un cuerpo giratorio con control de presi\u00f3n de impacto ajustable.<\/li>\n<li>en el sentido de las agujas del reloj a la presi\u00f3n indicada H =15+.2kgs para insertar cable m\u00e1s grande en el bloque de terminales, o a la presi\u00f3n indicada L=10+2 kgs para cable est\u00e1ndar. La parte giratoria es irreversible.<\/li>\n<li>El almacenamiento en la parte superior de la herramienta es para almacenar una pieza de hoja de repuesto<\/li>\n<li>Todas las cuchillas son intercambiables y reversibles. Las cuchillas son f\u00e1ciles de cambiar.<\/li>\n<\/ol>\n<h3>Especificaci\u00f3n<\/h3>\n<table width=\"598\">\n<tbody>\n<tr>\n<td width=\"211\">Marca<\/td>\n<td width=\"387\">LuLeey<\/td>\n<\/tr>\n<tr>\n<td>Nombre del producto<\/td>\n<td>Punz\u00f3n de impacto 110<\/td>\n<\/tr>\n<tr>\n<td width=\"211\">Cuchilla desmontable<\/td>\n<td>Ayuda<\/td>\n<\/tr>\n<tr>\n<td>Material del asa<\/td>\n<td>ABS<\/td>\n<\/tr>\n<tr>\n<td width=\"211\">Regulaci\u00f3n de la presi\u00f3n<\/td>\n<td>Ayuda<\/td>\n<\/tr>\n<tr>\n<td width=\"211\">Ranura de almacenamiento para cuchilla<\/td>\n<td>Ayuda<\/td>\n<\/tr>\n<tr>\n<td width=\"211\">Material de la cuchilla<\/td>\n<td>Acero con alto contenido en carbono<\/td>\n<\/tr>\n<tr>\n<td width=\"211\">Doble hoja<\/td>\n<td>Ayuda<\/td>\n<\/tr>\n<tr>\n<td>Talla<\/td>\n<td>170x31mm<\/td>\n<\/tr>\n<\/tbody>\n<\/table>","protected":false},"excerpt":{"rendered":"<ol>\n<li>Las herramientas de punzonado cortan y terminan el cable en un panel de conexiones 110 o una toma Keystone.<\/li>\n<li>La cuchilla extra\u00edble de la herramienta de punzonado Ethernet de impacto con casquillos giratorios y de bloqueo puede guardarse en el cuerpo de la herramienta para su transporte.<\/li>\n<li>Ajustes de fuerza de impacto ajustables (Lo\/Hi) para la terminaci\u00f3n del cable en una toma, bloque o panel de conexiones con terminales IDC 110.<\/li>\n<li>Clavija Keystone compatible con cables de red o de voz Cat 5, Cat 5e, Cat 6, Cat 6A, Cat 7 y Cat 8; se combina con un soporte de clavija Keystone para una instalaci\u00f3n segura.<\/li>\n<li>Herramienta de bloqueo 110 con acci\u00f3n de resorte para un asiento y terminaci\u00f3n del cable r\u00e1pidos y sin esfuerzo, con cuchilla reversible de corte\/perforaci\u00f3n<\/li>\n<\/ol>","protected":false},"featured_media":14392,"comment_status":"open","ping_status":"closed","template":"","meta":[],"product_brand":[],"product_cat":[352],"product_tag":[404,403],"class_list":{"0":"post-14391","1":"product","2":"type-product","3":"status-publish","4":"has-post-thumbnail","6":"product_cat-copper-tools","7":"product_tag-110-block-tool","8":"product_tag-impact-punch-down-tool","10":"first","11":"instock","12":"shipping-taxable","13":"purchasable","14":"product-type-simple"},"_links":{"self":[{"href":"https:\/\/www.luleey.com\/es\/wp-json\/wp\/v2\/product\/14391","targetHints":{"allow":["GET"]}}],"collection":[{"href":"https:\/\/www.luleey.com\/es\/wp-json\/wp\/v2\/product"}],"about":[{"href":"https:\/\/www.luleey.com\/es\/wp-json\/wp\/v2\/types\/product"}],"replies":[{"embeddable":true,"href":"https:\/\/www.luleey.com\/es\/wp-json\/wp\/v2\/comments?post=14391"}],"wp:featuredmedia":[{"embeddable":true,"href":"https:\/\/www.luleey.com\/es\/wp-json\/wp\/v2\/media\/14392"}],"wp:attachment":[{"href":"https:\/\/www.luleey.com\/es\/wp-json\/wp\/v2\/media?parent=14391"}],"wp:term":[{"taxonomy":"product_brand","embeddable":true,"href":"https:\/\/www.luleey.com\/es\/wp-json\/wp\/v2\/product_brand?post=14391"},{"taxonomy":"product_cat","embeddable":true,"href":"https:\/\/www.luleey.com\/es\/wp-json\/wp\/v2\/product_cat?post=14391"},{"taxonomy":"product_tag","embeddable":true,"href":"https:\/\/www.luleey.com\/es\/wp-json\/wp\/v2\/product_tag?post=14391"}],"curies":[{"name":"wp","href":"https:\/\/api.w.org\/{rel}","templated":true}]}}